{"id":982,"date":"2021-05-04T19:10:22","date_gmt":"2021-05-04T17:10:22","guid":{"rendered":"https:\/\/www.ganeshadreamstore.centreganesha.com\/store\/?post_type=product&#038;p=982"},"modified":"2025-11-28T10:02:11","modified_gmt":"2025-11-28T09:02:11","slug":"boule-de-relaxation-en-bois-massif","status":"publish","type":"product","link":"https:\/\/ganeshadreamstore.centreganesha.com\/store\/produit\/boule-de-relaxation-en-bois-massif\/","title":{"rendered":"Boule de relaxation en bois massif"},"content":{"rendered":"<h4 class=\"product-title-text\" data-spm-anchor-id=\"a2g0o.detail.1000016.i5.28c9795f4ji3Hp\">2 Boules de relaxation en bois massif (balles de Baoding chinoises), pour Fitness, exercice de d\u00e9tente ou de renforcement musculaire des doigts, th\u00e9rapie de Relaxation et de Stress, boule de Massage des mains.<\/h4>\n<p>Livr\u00e9 avec son sac de rangement.<\/p>\n<p>Taille : 5cm chaque balle<\/p>\n","protected":false},"excerpt":{"rendered":"<h4 class=\"product-title-text\" data-spm-anchor-id=\"a2g0o.detail.1000016.i5.28c9795f4ji3Hp\"><\/h4>\n","protected":false},"featured_media":985,"template":"","meta":{"jetpack_post_was_ever_published":false,"jetpack_publicize_message":"","jetpack_publicize_feature_enabled":true,"jetpack_social_post_already_shared":false,"jetpack_social_options":{"image_generator_settings":{"template":"highway","default_image_id":0,"font":"","enabled":false},"version":2}},"product_brand":[],"product_cat":[145],"product_tag":[208,207,209,211,210],"class_list":{"0":"post-982","1":"product","2":"type-product","3":"status-publish","4":"has-post-thumbnail","6":"product_cat-sante","7":"product_tag-balles-de-baoding","8":"product_tag-boules-de-relaxation","9":"product_tag-detente","10":"product_tag-massage-des-mains","11":"product_tag-relaxation","13":"first","14":"instock","15":"shipping-taxable","16":"purchasable","17":"product-type-simple"},"jetpack_publicize_connections":[],"jetpack_sharing_enabled":true,"jetpack_likes_enabled":true,"jetpack-related-posts":[{"id":978,"url":"https:\/\/ganeshadreamstore.centreganesha.com\/store\/produit\/rouleau-de-massage-des-pieds\/","url_meta":{"origin":982,"position":0},"title":"Rouleau de massage des pieds","author":"Centre Ganesha","date":"4 mai 2021","format":false,"excerpt":"Rouleau de Massage des pieds, outil de Massage des tissus profonds, soulage le Stress, active les zones r\u00e9flexes des pieds. Masseur de pieds en bois,\u00a0 simple mais tr\u00e8s efficace. Fabriqu\u00e9 en bois massif, il suffit de rouler votre pied sur le rouleau et de laisser les diff\u00e9rentes cr\u00eates masser profond\u00e9ment\u2026","rel":"","context":"Article similaire","block_context":{"text":"Article similaire","link":""},"img":{"alt_text":"","src":"https:\/\/i0.wp.com\/ganeshadreamstore.centreganesha.com\/store\/wp-content\/uploads\/2021\/05\/masseur.jpg?fit=432%2C413&ssl=1&resize=350%2C200","width":350,"height":200},"classes":[]},{"id":88,"url":"https:\/\/ganeshadreamstore.centreganesha.com\/store\/produit\/boite-en-bois-indien-sculptee-et-decoree-avec-des-incrustations-de-laiton\/","url_meta":{"origin":982,"position":1},"title":"bo\u00eete en bois indien sculpt\u00e9e et d\u00e9cor\u00e9e avec des incrustations de laiton","author":"Centre Ganesha","date":"24 d\u00e9cembre 2017","format":false,"excerpt":"Boite en bois indien d\u00e9cor laiton d'une belle taille (15cm x 10cm) pour ranger courrier, bijoux ou bien d'autres petites choses...","rel":"","context":"Article similaire","block_context":{"text":"Article similaire","link":""},"img":{"alt_text":"","src":"https:\/\/i0.wp.com\/ganeshadreamstore.centreganesha.com\/store\/wp-content\/uploads\/2017\/12\/boite-en-bois-d%C3%A9cor-laiton-2.jpg?fit=1000%2C1000&ssl=1&resize=350%2C200","width":350,"height":200,"srcset":"https:\/\/i0.wp.com\/ganeshadreamstore.centreganesha.com\/store\/wp-content\/uploads\/2017\/12\/boite-en-bois-d%C3%A9cor-laiton-2.jpg?fit=1000%2C1000&ssl=1&resize=350%2C200 1x, https:\/\/i0.wp.com\/ganeshadreamstore.centreganesha.com\/store\/wp-content\/uploads\/2017\/12\/boite-en-bois-d%C3%A9cor-laiton-2.jpg?fit=1000%2C1000&ssl=1&resize=525%2C300 1.5x, https:\/\/i0.wp.com\/ganeshadreamstore.centreganesha.com\/store\/wp-content\/uploads\/2017\/12\/boite-en-bois-d%C3%A9cor-laiton-2.jpg?fit=1000%2C1000&ssl=1&resize=700%2C400 2x"},"classes":[]},{"id":145,"url":"https:\/\/ganeshadreamstore.centreganesha.com\/store\/produit\/boite-tirelire-en-bois-incrustee-de-laiton\/","url_meta":{"origin":982,"position":2},"title":"Bo\u00eete tirelire en bois incrust\u00e9e de laiton","author":"Centre Ganesha","date":"24 d\u00e9cembre 2017","format":false,"excerpt":"Une belle Tirelire octogonale indienne en bois avec d\u00e9corations et fermeture en m\u00e9tal laiton dor\u00e9. Inscription \"Bank\" sur le dessus. Dimensions: largeur 10 cm, hauteur 14 cm.","rel":"","context":"Article similaire","block_context":{"text":"Article similaire","link":""},"img":{"alt_text":"","src":"https:\/\/i0.wp.com\/ganeshadreamstore.centreganesha.com\/store\/wp-content\/uploads\/2017\/12\/boite-en-bois-tirelire.jpg?fit=513%2C748&ssl=1&resize=350%2C200","width":350,"height":200},"classes":[]},{"id":137,"url":"https:\/\/ganeshadreamstore.centreganesha.com\/store\/produit\/boite-porte-encens-avec-reserve-en-santal\/","url_meta":{"origin":982,"position":3},"title":"Bo\u00eete porte-encens avec r\u00e9serve en santal","author":"Centre Ganesha","date":"24 d\u00e9cembre 2017","format":false,"excerpt":"Boite porte encens en bois avec r\u00e9serve Les motifs de d\u00e9coration peuvent changer suivant les arrivages. Parfait pour la plupart des tailles de b\u00e2tonnets , jusqu'\u00e0 28 cm.","rel":"","context":"Article similaire","block_context":{"text":"Article similaire","link":""},"img":{"alt_text":"","src":"https:\/\/i0.wp.com\/ganeshadreamstore.centreganesha.com\/store\/wp-content\/uploads\/2017\/12\/boite-porte-encens.jpg?fit=398%2C285&ssl=1&resize=350%2C200","width":350,"height":200},"classes":[]},{"id":1421,"url":"https:\/\/ganeshadreamstore.centreganesha.com\/store\/produit\/fleur-de-vie-en-bois\/","url_meta":{"origin":982,"position":4},"title":"Fleur de vie en bois","author":"Centre Ganesha","date":"26 d\u00e9cembre 2021","format":false,"excerpt":"G\u00e9om\u00e9trie sacr\u00e9e : Fleur de Vie Cette fleur de vie en bois et d\u00e9coup\u00e9e au laser vous apportera tous les bienfaits de son onde de forme. \u00c9paisseur: 5mm\u00a0 Taille: diam\u00e8tre: 14cm","rel":"","context":"Article similaire","block_context":{"text":"Article similaire","link":""},"img":{"alt_text":"","src":"https:\/\/i0.wp.com\/ganeshadreamstore.centreganesha.com\/store\/wp-content\/uploads\/2021\/12\/fleur-de-vie-en-bois.jpg?fit=346%2C346&ssl=1&resize=350%2C200","width":350,"height":200},"classes":[]},{"id":254,"url":"https:\/\/ganeshadreamstore.centreganesha.com\/store\/produit\/bracelet-magnetique-en-cuivre-antique\/","url_meta":{"origin":982,"position":5},"title":"Bracelet magn\u00e9tique en cuivre antique","author":"Centre Ganesha","date":"25 d\u00e9cembre 2017","format":false,"excerpt":"Ce bracelet magn\u00e9tique en cuivre antique allie raffinement\u00a0et source d\u2019\u00e9quilibre. Les 6 aimants int\u00e9gr\u00e9s \"1400 gauss\"\u00a0sont de la nouvelle g\u00e9n\u00e9ration d\u2019aimants permanents (terres rares, non d\u00e9saimantable)","rel":"","context":"Article similaire","block_context":{"text":"Article similaire","link":""},"img":{"alt_text":"","src":"https:\/\/i0.wp.com\/ganeshadreamstore.centreganesha.com\/store\/wp-content\/uploads\/2017\/12\/bracelet-magnetique-channah3.jpg?fit=794%2C700&ssl=1&resize=350%2C200","width":350,"height":200,"srcset":"https:\/\/i0.wp.com\/ganeshadreamstore.centreganesha.com\/store\/wp-content\/uploads\/2017\/12\/bracelet-magnetique-channah3.jpg?fit=794%2C700&ssl=1&resize=350%2C200 1x, https:\/\/i0.wp.com\/ganeshadreamstore.centreganesha.com\/store\/wp-content\/uploads\/2017\/12\/bracelet-magnetique-channah3.jpg?fit=794%2C700&ssl=1&resize=525%2C300 1.5x, https:\/\/i0.wp.com\/ganeshadreamstore.centreganesha.com\/store\/wp-content\/uploads\/2017\/12\/bracelet-magnetique-channah3.jpg?fit=794%2C700&ssl=1&resize=700%2C400 2x"},"classes":[]}],"_links":{"self":[{"href":"https:\/\/ganeshadreamstore.centreganesha.com\/store\/wp-json\/wp\/v2\/product\/982","targetHints":{"allow":["GET"]}}],"collection":[{"href":"https:\/\/ganeshadreamstore.centreganesha.com\/store\/wp-json\/wp\/v2\/product"}],"about":[{"href":"https:\/\/ganeshadreamstore.centreganesha.com\/store\/wp-json\/wp\/v2\/types\/product"}],"wp:featuredmedia":[{"embeddable":true,"href":"https:\/\/ganeshadreamstore.centreganesha.com\/store\/wp-json\/wp\/v2\/media\/985"}],"wp:attachment":[{"href":"https:\/\/ganeshadreamstore.centreganesha.com\/store\/wp-json\/wp\/v2\/media?parent=982"}],"wp:term":[{"taxonomy":"product_brand","embeddable":true,"href":"https:\/\/ganeshadreamstore.centreganesha.com\/store\/wp-json\/wp\/v2\/product_brand?post=982"},{"taxonomy":"product_cat","embeddable":true,"href":"https:\/\/ganeshadreamstore.centreganesha.com\/store\/wp-json\/wp\/v2\/product_cat?post=982"},{"taxonomy":"product_tag","embeddable":true,"href":"https:\/\/ganeshadreamstore.centreganesha.com\/store\/wp-json\/wp\/v2\/product_tag?post=982"}],"curies":[{"name":"wp","href":"https:\/\/api.w.org\/{rel}","templated":true}]}}