{"id":978,"date":"2021-05-04T17:53:37","date_gmt":"2021-05-04T15:53:37","guid":{"rendered":"https:\/\/www.ganeshadreamstore.centreganesha.com\/store\/?post_type=product&#038;p=978"},"modified":"2021-05-04T17:53:37","modified_gmt":"2021-05-04T15:53:37","slug":"rouleau-de-massage-des-pieds","status":"publish","type":"product","link":"https:\/\/ganeshadreamstore.centreganesha.com\/store\/produit\/rouleau-de-massage-des-pieds\/","title":{"rendered":"Rouleau de massage des pieds"},"content":{"rendered":"<h4 class=\"product-title-text\" data-spm-anchor-id=\"a2g0o.detail.1000016.i2.1bd83b3dBvxa84\">Rouleau de Massage des pieds, outil de Massage des tissus profonds, soulage le Stress, active les zones r\u00e9flexes des pieds.<\/h4>\n<h4 class=\"product-title-text\" data-spm-anchor-id=\"a2g0o.detail.1000016.i2.1bd83b3dBvxa84\">Masseur de pieds en bois,\u00a0 simple mais tr\u00e8s efficace.<br \/>\nFabriqu\u00e9 en bois massif, il suffit de rouler votre pied sur le rouleau et de laisser les diff\u00e9rentes cr\u00eates masser profond\u00e9ment dans les diff\u00e9rentes parties de votre pied.<br \/>\nMassage des tissus profonds, p\u00e9trit et stimule, offre relaxation, soulagement du stress dans les pieds et le corps<br \/>\nLe rouleau en caoutchouc \u00e0 chaque extr\u00e9mit\u00e9 assure une prise ferme et une conduite en douceur, facile \u00e0 utiliser sur toute surface plane,<br \/>\nParfait pour les pieds fatigu\u00e9s, les coureurs, les probl\u00e8mes de pieds diab\u00e9tiques, la fasciite plantaire.<\/h4>\n<p>Mati\u00e8re : Bois<\/p>\n<p>Dimensions: 21cm de long sur 4cm de diam\u00e8tre.<\/p>\n","protected":false},"excerpt":{"rendered":"<p>Rouleau de Massage des pieds, outil de Massage des tissus profonds, soulage le Stress, active les zones r\u00e9flexes des pieds. Masseur de pieds en bois,\u00a0 simple mais tr\u00e8s efficace. Fabriqu\u00e9 en bois massif, il suffit de rouler votre pied sur le rouleau et de laisser les diff\u00e9rentes cr\u00eates masser profond\u00e9ment dans les diff\u00e9rentes parties de [&hellip;]<\/p>\n","protected":false},"featured_media":979,"template":"","meta":{"jetpack_post_was_ever_published":false,"jetpack_publicize_message":"","jetpack_publicize_feature_enabled":true,"jetpack_social_post_already_shared":false,"jetpack_social_options":{"image_generator_settings":{"template":"highway","default_image_id":0,"font":"","enabled":false},"version":2}},"product_brand":[],"product_cat":[145],"product_tag":[146],"class_list":{"0":"post-978","1":"product","2":"type-product","3":"status-publish","4":"has-post-thumbnail","6":"product_cat-sante","7":"product_tag-masseur","9":"first","10":"instock","11":"sale","12":"shipping-taxable","13":"purchasable","14":"product-type-simple"},"jetpack_publicize_connections":[],"jetpack_sharing_enabled":true,"jetpack_likes_enabled":true,"jetpack-related-posts":[{"id":1471,"url":"https:\/\/ganeshadreamstore.centreganesha.com\/store\/produit\/semelles-magnetiques\/","url_meta":{"origin":978,"position":0},"title":"Semelles magn\u00e9tiques","author":"Centre Ganesha","date":"9 mars 2023","format":false,"excerpt":"Semelles en silicone munis de 8 aimants\u00a0 magn\u00e9tiques sous forme de pierres de refroidissement, douces et lisses tr\u00e8s confortables.","rel":"","context":"Article similaire","block_context":{"text":"Article similaire","link":""},"img":{"alt_text":"","src":"https:\/\/i0.wp.com\/ganeshadreamstore.centreganesha.com\/store\/wp-content\/uploads\/2023\/03\/semelle-magnetique2.jpg?fit=572%2C700&ssl=1&resize=350%2C200","width":350,"height":200,"srcset":"https:\/\/i0.wp.com\/ganeshadreamstore.centreganesha.com\/store\/wp-content\/uploads\/2023\/03\/semelle-magnetique2.jpg?fit=572%2C700&ssl=1&resize=350%2C200 1x, https:\/\/i0.wp.com\/ganeshadreamstore.centreganesha.com\/store\/wp-content\/uploads\/2023\/03\/semelle-magnetique2.jpg?fit=572%2C700&ssl=1&resize=525%2C300 1.5x"},"classes":[]},{"id":348,"url":"https:\/\/ganeshadreamstore.centreganesha.com\/store\/produit\/carte-de-reflexologie\/","url_meta":{"origin":978,"position":1},"title":"Carte de reflexologie","author":"Centre Ganesha","date":"25 d\u00e9cembre 2017","format":false,"excerpt":"Ces 4 cartes de r\u00e9flexoth\u00e9rapie sont des outils pour pratiquer la r\u00e9flexologie. R\u00e9alis\u00e9es par une th\u00e9rapeute exp\u00e9riment\u00e9e, seules les zones essentielles \u00e0 traiter sont\u00a0cartographi\u00e9es. Sur le recto, vous avez la carte proprement dite et au verso le mode d'emploi. Format 21 cm X 29.7 cm sur carton brillant Auteur :\u2026","rel":"","context":"Article similaire","block_context":{"text":"Article similaire","link":""},"img":{"alt_text":"","src":"https:\/\/i0.wp.com\/ganeshadreamstore.centreganesha.com\/store\/wp-content\/uploads\/2017\/12\/carte-reflexe-oreille-recto-scaled.jpg?fit=1200%2C900&ssl=1&resize=350%2C200","width":350,"height":200,"srcset":"https:\/\/i0.wp.com\/ganeshadreamstore.centreganesha.com\/store\/wp-content\/uploads\/2017\/12\/carte-reflexe-oreille-recto-scaled.jpg?fit=1200%2C900&ssl=1&resize=350%2C200 1x, https:\/\/i0.wp.com\/ganeshadreamstore.centreganesha.com\/store\/wp-content\/uploads\/2017\/12\/carte-reflexe-oreille-recto-scaled.jpg?fit=1200%2C900&ssl=1&resize=525%2C300 1.5x, https:\/\/i0.wp.com\/ganeshadreamstore.centreganesha.com\/store\/wp-content\/uploads\/2017\/12\/carte-reflexe-oreille-recto-scaled.jpg?fit=1200%2C900&ssl=1&resize=700%2C400 2x, https:\/\/i0.wp.com\/ganeshadreamstore.centreganesha.com\/store\/wp-content\/uploads\/2017\/12\/carte-reflexe-oreille-recto-scaled.jpg?fit=1200%2C900&ssl=1&resize=1050%2C600 3x"},"classes":[]},{"id":1139,"url":"https:\/\/ganeshadreamstore.centreganesha.com\/store\/produit\/amulette-en-obsidienne-noire\/","url_meta":{"origin":978,"position":2},"title":"Amulette en obsidienne noire","author":"Centre Ganesha","date":"8 mai 2021","format":false,"excerpt":"L\u2019obsidienne noire est r\u00e9put\u00e9e pour \u00eatre bonne pour la sant\u00e9 si elle est sur le chakra pertinent. Elle peut aider \u00e0 la digestion, r\u00e9soudre certains probl\u00e8mes digestifs, soulager les douleurs au niveau de la v\u00e9sicule biliaire, stabiliser la tension art\u00e9rielle et am\u00e9liorer la sant\u00e9 cardiaque. La pierre va vous apporter\u2026","rel":"","context":"Article similaire","block_context":{"text":"Article similaire","link":""},"img":{"alt_text":"","src":"https:\/\/i0.wp.com\/ganeshadreamstore.centreganesha.com\/store\/wp-content\/uploads\/2021\/05\/amulette-obsidienne2.jpg?fit=445%2C442&ssl=1&resize=350%2C200","width":350,"height":200},"classes":[]},{"id":760,"url":"https:\/\/ganeshadreamstore.centreganesha.com\/store\/produit\/collier-pendentif-sacre-shri-yantra-abondance\/","url_meta":{"origin":978,"position":3},"title":"Collier pendentif sacr\u00e9 Shri Yantra, \u00ab\u00a0Abondance\u00a0\u00bb","author":"Centre Ganesha","date":"7 janvier 2018","format":false,"excerpt":"Collier pendentif sacr\u00e9 Shri Yantra \"Abondance\" Ce symbole sacr\u00e9 est mont\u00e9 sur un verre de tr\u00e8s haute qualit\u00e9. Le Shri Yantra est l'un des Yantras les plus puissants au monde symbolisant la cr\u00e9ation de l'Univers. Am\u00e9liorez votre prosp\u00e9rit\u00e9\u00a0avec la puissance de la g\u00e9om\u00e9trie sacr\u00e9e.","rel":"","context":"Article similaire","block_context":{"text":"Article similaire","link":""},"img":{"alt_text":"","src":"https:\/\/i0.wp.com\/ganeshadreamstore.centreganesha.com\/store\/wp-content\/uploads\/2018\/01\/pendentif-sri-yantra-abondance.jpg?fit=389%2C392&ssl=1&resize=350%2C200","width":350,"height":200},"classes":[]},{"id":1421,"url":"https:\/\/ganeshadreamstore.centreganesha.com\/store\/produit\/fleur-de-vie-en-bois\/","url_meta":{"origin":978,"position":4},"title":"Fleur de vie en bois","author":"Centre Ganesha","date":"26 d\u00e9cembre 2021","format":false,"excerpt":"G\u00e9om\u00e9trie sacr\u00e9e : Fleur de Vie Cette fleur de vie en bois et d\u00e9coup\u00e9e au laser vous apportera tous les bienfaits de son onde de forme. \u00c9paisseur: 5mm\u00a0 Taille: diam\u00e8tre: 14cm","rel":"","context":"Article similaire","block_context":{"text":"Article similaire","link":""},"img":{"alt_text":"","src":"https:\/\/i0.wp.com\/ganeshadreamstore.centreganesha.com\/store\/wp-content\/uploads\/2021\/12\/fleur-de-vie-en-bois.jpg?fit=346%2C346&ssl=1&resize=350%2C200","width":350,"height":200},"classes":[]},{"id":246,"url":"https:\/\/ganeshadreamstore.centreganesha.com\/store\/produit\/bracelet-magnetique-aux-pierres-roses-pour-femme\/","url_meta":{"origin":978,"position":5},"title":"Bracelet magnetique aux pierres roses pour femme","author":"Centre Ganesha","date":"25 d\u00e9cembre 2017","format":false,"excerpt":"Ce magnifique\u00a0bracelet magn\u00e9tique femme\u00a0de magn\u00e9toth\u00e9rapie \u00a0se coordonne avec toutes vos tenues ! Un beau bracelet de m\u00e9decine naturelle aux\u00a0pierres mauves\u00a0en zirconium. Chaque maillon pr\u00e9sente en contact avec la peau, des aimants de samarium d\u00e9livrent 1200 Gauss sur votre corps pour votre bien \u00eatre. \u00a0","rel":"","context":"Article similaire","block_context":{"text":"Article similaire","link":""},"img":{"alt_text":"","src":"https:\/\/i0.wp.com\/ganeshadreamstore.centreganesha.com\/store\/wp-content\/uploads\/2017\/12\/bracelet-magn%C3%A9tique-femme-rose4.jpg?fit=772%2C621&ssl=1&resize=350%2C200","width":350,"height":200,"srcset":"https:\/\/i0.wp.com\/ganeshadreamstore.centreganesha.com\/store\/wp-content\/uploads\/2017\/12\/bracelet-magn%C3%A9tique-femme-rose4.jpg?fit=772%2C621&ssl=1&resize=350%2C200 1x, https:\/\/i0.wp.com\/ganeshadreamstore.centreganesha.com\/store\/wp-content\/uploads\/2017\/12\/bracelet-magn%C3%A9tique-femme-rose4.jpg?fit=772%2C621&ssl=1&resize=525%2C300 1.5x, https:\/\/i0.wp.com\/ganeshadreamstore.centreganesha.com\/store\/wp-content\/uploads\/2017\/12\/bracelet-magn%C3%A9tique-femme-rose4.jpg?fit=772%2C621&ssl=1&resize=700%2C400 2x"},"classes":[]}],"_links":{"self":[{"href":"https:\/\/ganeshadreamstore.centreganesha.com\/store\/wp-json\/wp\/v2\/product\/978","targetHints":{"allow":["GET"]}}],"collection":[{"href":"https:\/\/ganeshadreamstore.centreganesha.com\/store\/wp-json\/wp\/v2\/product"}],"about":[{"href":"https:\/\/ganeshadreamstore.centreganesha.com\/store\/wp-json\/wp\/v2\/types\/product"}],"wp:featuredmedia":[{"embeddable":true,"href":"https:\/\/ganeshadreamstore.centreganesha.com\/store\/wp-json\/wp\/v2\/media\/979"}],"wp:attachment":[{"href":"https:\/\/ganeshadreamstore.centreganesha.com\/store\/wp-json\/wp\/v2\/media?parent=978"}],"wp:term":[{"taxonomy":"product_brand","embeddable":true,"href":"https:\/\/ganeshadreamstore.centreganesha.com\/store\/wp-json\/wp\/v2\/product_brand?post=978"},{"taxonomy":"product_cat","embeddable":true,"href":"https:\/\/ganeshadreamstore.centreganesha.com\/store\/wp-json\/wp\/v2\/product_cat?post=978"},{"taxonomy":"product_tag","embeddable":true,"href":"https:\/\/ganeshadreamstore.centreganesha.com\/store\/wp-json\/wp\/v2\/product_tag?post=978"}],"curies":[{"name":"wp","href":"https:\/\/api.w.org\/{rel}","templated":true}]}}