{"id":96,"date":"2017-12-24T19:07:52","date_gmt":"2017-12-24T18:07:52","guid":{"rendered":"http:\/\/www.ganeshadreamstore.centreganesha.com\/store\/?post_type=product&#038;p=96"},"modified":"2025-11-28T09:53:41","modified_gmt":"2025-11-28T08:53:41","slug":"boite-indienne-en-papier-mache","status":"publish","type":"product","link":"https:\/\/ganeshadreamstore.centreganesha.com\/store\/produit\/boite-indienne-en-papier-mache\/","title":{"rendered":"Bo\u00eete Indienne en papier m\u00e2ch\u00e9"},"content":{"rendered":"","protected":false},"excerpt":{"rendered":"<p>Cette magnifique bo\u00eete traditionnelle indienne de fabrication artisanale en papier m\u00e2ch\u00e9 trouvera sa place pour ranger vos bijoux, vos pillules ou vos secrets&#8230; sur une commode ou un meuble&#8230;pour le plaisir des yeux avec ses jolis dessins fleuris et color\u00e9s.<\/p>\n<p>Chaque bo\u00eete est unique et vous avez le choix entre 4 tendances de couleurs : rose, bleue, mauve et rouge.<\/p>\n<p>Taille : 8 cm de diam\u00e8tre et 4,5 cm de hauteur.<\/p>\n","protected":false},"featured_media":106,"template":"","meta":{"jetpack_post_was_ever_published":false,"jetpack_publicize_message":"","jetpack_publicize_feature_enabled":true,"jetpack_social_post_already_shared":false,"jetpack_social_options":{"image_generator_settings":{"template":"highway","default_image_id":0,"font":"","enabled":false},"version":2}},"product_brand":[],"product_cat":[153],"product_tag":[39],"class_list":{"0":"post-96","1":"product","2":"type-product","3":"status-publish","4":"has-post-thumbnail","6":"product_cat-utilitaires","7":"product_tag-boite-en-papier-mache-indienne","9":"first","10":"instock","11":"shipping-taxable","12":"purchasable","13":"product-type-variable"},"jetpack_publicize_connections":[],"jetpack_sharing_enabled":true,"jetpack_likes_enabled":true,"jetpack-related-posts":[{"id":88,"url":"https:\/\/ganeshadreamstore.centreganesha.com\/store\/produit\/boite-en-bois-indien-sculptee-et-decoree-avec-des-incrustations-de-laiton\/","url_meta":{"origin":96,"position":0},"title":"bo\u00eete en bois indien sculpt\u00e9e et d\u00e9cor\u00e9e avec des incrustations de laiton","author":"Centre Ganesha","date":"24 d\u00e9cembre 2017","format":false,"excerpt":"Boite en bois indien d\u00e9cor laiton d'une belle taille (15cm x 10cm) pour ranger courrier, bijoux ou bien d'autres petites choses...","rel":"","context":"Article similaire","block_context":{"text":"Article similaire","link":""},"img":{"alt_text":"","src":"https:\/\/i0.wp.com\/ganeshadreamstore.centreganesha.com\/store\/wp-content\/uploads\/2017\/12\/boite-en-bois-d%C3%A9cor-laiton-2.jpg?fit=1000%2C1000&ssl=1&resize=350%2C200","width":350,"height":200,"srcset":"https:\/\/i0.wp.com\/ganeshadreamstore.centreganesha.com\/store\/wp-content\/uploads\/2017\/12\/boite-en-bois-d%C3%A9cor-laiton-2.jpg?fit=1000%2C1000&ssl=1&resize=350%2C200 1x, https:\/\/i0.wp.com\/ganeshadreamstore.centreganesha.com\/store\/wp-content\/uploads\/2017\/12\/boite-en-bois-d%C3%A9cor-laiton-2.jpg?fit=1000%2C1000&ssl=1&resize=525%2C300 1.5x, https:\/\/i0.wp.com\/ganeshadreamstore.centreganesha.com\/store\/wp-content\/uploads\/2017\/12\/boite-en-bois-d%C3%A9cor-laiton-2.jpg?fit=1000%2C1000&ssl=1&resize=700%2C400 2x"},"classes":[]},{"id":145,"url":"https:\/\/ganeshadreamstore.centreganesha.com\/store\/produit\/boite-tirelire-en-bois-incrustee-de-laiton\/","url_meta":{"origin":96,"position":1},"title":"Bo\u00eete tirelire en bois incrust\u00e9e de laiton","author":"Centre Ganesha","date":"24 d\u00e9cembre 2017","format":false,"excerpt":"Une belle Tirelire octogonale indienne en bois avec d\u00e9corations et fermeture en m\u00e9tal laiton dor\u00e9. Inscription \"Bank\" sur le dessus. Dimensions: largeur 10 cm, hauteur 14 cm.","rel":"","context":"Article similaire","block_context":{"text":"Article similaire","link":""},"img":{"alt_text":"","src":"https:\/\/i0.wp.com\/ganeshadreamstore.centreganesha.com\/store\/wp-content\/uploads\/2017\/12\/boite-en-bois-tirelire.jpg?fit=513%2C748&ssl=1&resize=350%2C200","width":350,"height":200},"classes":[]},{"id":1519,"url":"https:\/\/ganeshadreamstore.centreganesha.com\/store\/produit\/generateur-dondes-schumann-de-guerison\/","url_meta":{"origin":96,"position":2},"title":"G\u00e9n\u00e9rateur d&rsquo;ondes Schumann de gu\u00e9rison","author":"Centre Ganesha","date":"5 octobre 2025","format":false,"excerpt":"G\u00e9n\u00e9rateur d'ondes de gu\u00e9rison r\u00e9glable de 0.01 Hz \u00e0 10000 Hz. Syst\u00e8me de fr\u00e9quences de bio-gu\u00e9rison.","rel":"","context":"Article similaire","block_context":{"text":"Article similaire","link":""},"img":{"alt_text":"","src":"https:\/\/i0.wp.com\/www.ganeshadreamstore.centreganesha.com\/store\/wp-content\/uploads\/2025\/10\/generateur-ondes-295x300.jpg?resize=350%2C200","width":350,"height":200},"classes":[]},{"id":137,"url":"https:\/\/ganeshadreamstore.centreganesha.com\/store\/produit\/boite-porte-encens-avec-reserve-en-santal\/","url_meta":{"origin":96,"position":3},"title":"Bo\u00eete porte-encens avec r\u00e9serve en santal","author":"Centre Ganesha","date":"24 d\u00e9cembre 2017","format":false,"excerpt":"Boite porte encens en bois avec r\u00e9serve Les motifs de d\u00e9coration peuvent changer suivant les arrivages. Parfait pour la plupart des tailles de b\u00e2tonnets , jusqu'\u00e0 28 cm.","rel":"","context":"Article similaire","block_context":{"text":"Article similaire","link":""},"img":{"alt_text":"","src":"https:\/\/i0.wp.com\/ganeshadreamstore.centreganesha.com\/store\/wp-content\/uploads\/2017\/12\/boite-porte-encens.jpg?fit=398%2C285&ssl=1&resize=350%2C200","width":350,"height":200},"classes":[]},{"id":1139,"url":"https:\/\/ganeshadreamstore.centreganesha.com\/store\/produit\/amulette-en-obsidienne-noire\/","url_meta":{"origin":96,"position":4},"title":"Amulette en obsidienne noire","author":"Centre Ganesha","date":"8 mai 2021","format":false,"excerpt":"L\u2019obsidienne noire est r\u00e9put\u00e9e pour \u00eatre bonne pour la sant\u00e9 si elle est sur le chakra pertinent. Elle peut aider \u00e0 la digestion, r\u00e9soudre certains probl\u00e8mes digestifs, soulager les douleurs au niveau de la v\u00e9sicule biliaire, stabiliser la tension art\u00e9rielle et am\u00e9liorer la sant\u00e9 cardiaque. La pierre va vous apporter\u2026","rel":"","context":"Article similaire","block_context":{"text":"Article similaire","link":""},"img":{"alt_text":"","src":"https:\/\/i0.wp.com\/ganeshadreamstore.centreganesha.com\/store\/wp-content\/uploads\/2021\/05\/amulette-obsidienne2.jpg?fit=445%2C442&ssl=1&resize=350%2C200","width":350,"height":200},"classes":[]},{"id":82,"url":"https:\/\/ganeshadreamstore.centreganesha.com\/store\/produit\/batons-de-cristal-de-roche-pour-la-guerison-ou-le-fenshui\/","url_meta":{"origin":96,"position":5},"title":"B\u00e2tons de cristal de roche pour la gu\u00e9rison ou le fenshui","author":"Centre Ganesha","date":"24 d\u00e9cembre 2017","format":false,"excerpt":"100 gr de b\u00e2tons de cristal de roche pour vous permettre d'harmoniser votre environnement ou votre sant\u00e9. Le b\u00e2ton de gu\u00e9rison est un \u00a0v\u00e9ritable amplificateur, \u00e9metteur et r\u00e9cepteur d'ondes \u00e9lectromagn\u00e9tiques, il vous aide \u00e0 vous connecter avec votre \u00eatre int\u00e9rieur ,\u00e0 \u00a0amplifier la m\u00e9ditation et la r\u00e9ceptivit\u00e9 psychique. V\u00e9ritable antenne\u2026","rel":"","context":"Article similaire","block_context":{"text":"Article similaire","link":""},"img":{"alt_text":"","src":"https:\/\/i0.wp.com\/ganeshadreamstore.centreganesha.com\/store\/wp-content\/uploads\/2017\/12\/b%C3%A2tons-de-cristal-de-roche.jpg?fit=495%2C494&ssl=1&resize=350%2C200","width":350,"height":200},"classes":[]}],"_links":{"self":[{"href":"https:\/\/ganeshadreamstore.centreganesha.com\/store\/wp-json\/wp\/v2\/product\/96","targetHints":{"allow":["GET"]}}],"collection":[{"href":"https:\/\/ganeshadreamstore.centreganesha.com\/store\/wp-json\/wp\/v2\/product"}],"about":[{"href":"https:\/\/ganeshadreamstore.centreganesha.com\/store\/wp-json\/wp\/v2\/types\/product"}],"wp:featuredmedia":[{"embeddable":true,"href":"https:\/\/ganeshadreamstore.centreganesha.com\/store\/wp-json\/wp\/v2\/media\/106"}],"wp:attachment":[{"href":"https:\/\/ganeshadreamstore.centreganesha.com\/store\/wp-json\/wp\/v2\/media?parent=96"}],"wp:term":[{"taxonomy":"product_brand","embeddable":true,"href":"https:\/\/ganeshadreamstore.centreganesha.com\/store\/wp-json\/wp\/v2\/product_brand?post=96"},{"taxonomy":"product_cat","embeddable":true,"href":"https:\/\/ganeshadreamstore.centreganesha.com\/store\/wp-json\/wp\/v2\/product_cat?post=96"},{"taxonomy":"product_tag","embeddable":true,"href":"https:\/\/ganeshadreamstore.centreganesha.com\/store\/wp-json\/wp\/v2\/product_tag?post=96"}],"curies":[{"name":"wp","href":"https:\/\/api.w.org\/{rel}","templated":true}]}}