{"id":921,"date":"2019-12-28T17:14:56","date_gmt":"2019-12-28T16:14:56","guid":{"rendered":"http:\/\/www.ganeshadreamstore.centreganesha.com\/store\/?post_type=product&#038;p=921"},"modified":"2025-11-20T15:48:12","modified_gmt":"2025-11-20T14:48:12","slug":"lunettes-stenope-a-petits-trous-pour-ameliorer-la-vision-dite-lunettes-a-grille-yoga-des-yeux","status":"publish","type":"product","link":"https:\/\/ganeshadreamstore.centreganesha.com\/store\/produit\/lunettes-stenope-a-petits-trous-pour-ameliorer-la-vision-dite-lunettes-a-grille-yoga-des-yeux\/","title":{"rendered":"Lunettes st\u00e9nop\u00e9 \u00e0 petits trous pour am\u00e9liorer la vision dite lunettes \u00e0 grille (yoga des yeux)"},"content":{"rendered":"<p><span class=\"embed-youtube\" style=\"text-align:center; display: block;\"><iframe loading=\"lazy\" class=\"youtube-player\" width=\"980\" height=\"552\" src=\"https:\/\/www.youtube.com\/embed\/XMaiXxMVK1g?version=3&#038;rel=1&#038;showsearch=0&#038;showinfo=1&#038;iv_load_policy=1&#038;fs=1&#038;hl=fr-FR&#038;autohide=2&#038;wmode=transparent\" allowfullscreen=\"true\" style=\"border:0;\" sandbox=\"allow-scripts allow-same-origin allow-popups allow-presentation allow-popups-to-escape-sandbox\"><\/iframe><\/span><\/p>\n","protected":false},"excerpt":{"rendered":"<p><em><strong>Cette lunette a \u00e9t\u00e9 invent\u00e9 en Inde par un m\u00e9decin indien pour palier aux probl\u00e8mes des indiens \u00e0 avoir acc\u00e8s \u00e0 des lunettes.<\/strong><\/em><\/p>\n<p><em>Ces lunettes vous rectifient la vue<\/em><em><strong>\u00a0&#8230;\u00a0<\/strong><\/em><\/p>\n<p><em><strong>SANS AUCUN VERRE CORRECTEUR\u00a0!!!<\/strong><\/em><br \/>\n<em>Gr\u00e2ce \u00e0 l&rsquo;effet appel\u00e9<\/em><strong><em>\u00a0\u00ab\u00a0St\u00e9nope\u00efque\u00a0\u00bb<\/em><\/strong><\/p>\n<p><strong><em>Elle fonctionne pour:<\/em><\/strong><\/p>\n<p><em>L&rsquo;Astigmatisme,<\/em><\/p>\n<p><em>La Myopie,<\/em><\/p>\n<p><em>La Presbytie,\u00a0<\/em><\/p>\n<p><i>L\u2019Hyperm\u00e9tropie\u00a0<\/i><\/p>\n<p><i>Les lunettes \u00e0 st\u00e9nop\u00e9 obligent les yeux \u00e0 faire de petits mouvements permettant la FOCALISATION, c&rsquo;est \u00e0 dire UNE VISION PR\u00c9CISE\u00a0et PLUS NETTE du d\u00e9tail.\u00a0<\/i><\/p>\n<p><span style=\"background-color: #666699;\"><strong>LE PRINCIPE DES LUNETTES A\u00a0ST\u00c9NOP\u00c9<\/strong><\/span><\/p>\n<p><strong>Les lunettes \u00e0\u00a0STENOPE assouplissent le muscle oculaire, r\u00e9habituent l&rsquo;\u0153il \u00e0 travailler naturellement, soulagent les migraines oculaires et entretiennent votre vue : comment ?<\/strong><\/p>\n<p><strong>Les lunettes \u00e0 grille pr\u00e9sentent un maillage form\u00e9 de trous, sans aucun verre ni loupe. Ses grilles pr\u00e9sentent une courbure concave convexe assurant la convergence des ondes lumineuses.\u00a0<\/strong><\/p>\n<p><strong>Les images apparaissent plus nettes, mieux d\u00e9finies, plus contrast\u00e9es. La perception des couleurs augmente et les reflets lumineux g\u00eanants diminuent gr\u00e2ce \u00e0 la forme particuli\u00e8re des orifices.<\/strong><\/p>\n<p><strong>Ces lunettes soulagent l&rsquo;\u0153il en compensant le ph\u00e9nom\u00e8ne de fixation de l&rsquo;\u0153il. En effet, avec les lunettes traditionnelles et les \u00e9crans num\u00e9riques, l&rsquo;\u0153il a tendance \u00e0 ne plus faire d&rsquo;effort, \u00e0 \u00eatre statique. Cette fixit\u00e9 de l&rsquo;\u0153il rigidifie le muscle oculaire et limite peu \u00e0 peu la capacit\u00e9 naturelle de l&rsquo;\u0153il \u00e0 faire des mises au point.<\/strong><\/p>\n<p><strong>Les lunettes \u00e0 st\u00e9nop\u00e9 assouplissent le muscle oculaire, r\u00e9habituent l&rsquo;\u0153il \u00e0 travailler naturellement et soulagent les migraines oculaires.\u00a0<\/strong><\/p>\n<p><span style=\"background-color: #666699;\"><strong>QUELS SONT LES B\u00c9N\u00c9FICES ?<\/strong><\/span><\/p>\n<div class=\"grid-item small--one-whole one-quarter text\">\n<div class=\"grid-item-padding\">\n<div class=\"block-text\">\n<div class=\"block-text\">\n<p><strong>R\u00e9\u00e9duque la vue en douceur<\/strong><\/p>\n<p>En associant quotidiennement ces lunettes avec quelques pratiques occulaires, vous \u00eates sur\u00a0<strong>le bon chemin<\/strong>\u00a0pour commencer \u00e0\u00a0<strong>am\u00e9liorer votre vision\u00a0<\/strong><\/p>\n<\/div>\n<\/div>\n<\/div>\n<\/div>\n<div class=\"grid-item small--one-whole one-quarter text\">\n<div class=\"grid-item-padding\">\n<div class=\"block-text\">\n<div class=\"block-text\">\n<p><strong>Quelques minutes par jour&#8230;<\/strong><\/p>\n<p>suffisent pour commencer \u00e0\u00a0<strong>faire travailler vos yeux.<\/strong>\u00a0Graduellement, augmentez la dur\u00e9e d&rsquo;utilisation quotidienne jusqu&rsquo;\u00e0 30 minutes pour obtenir\u00a0<strong>des r\u00e9sultats optimaux<\/strong><\/p>\n<\/div>\n<\/div>\n<\/div>\n<\/div>\n<div class=\"grid-item small--one-whole one-quarter text\">\n<div class=\"grid-item-padding\">\n<div class=\"block-text\">\n<div class=\"block-text\">\n<p><strong>Pour une vie plus ZEN<\/strong><\/p>\n<p>Les lunettes vous\u00a0<strong>d\u00e9tendent<\/strong>\u00a0les yeux et participent \u00e0 la\u00a0<strong>diminution du\u00a0<\/strong><strong>stress<\/strong>\u00a0g\u00e9n\u00e9ral de votre corps<\/p>\n<\/div>\n<\/div>\n<\/div>\n<\/div>\n<div class=\"grid-item small--one-whole one-quarter text\">\n<div class=\"grid-item-padding\">\n<div class=\"block-text\">\n<div class=\"block-text\">\n<p><strong>Prend soin de votre avenir<\/strong><\/p>\n<p>Elles\u00a0<strong>am\u00e9liorent<\/strong>\u00a0et\u00a0<strong>pr\u00e9viennent<\/strong>\u00a0les probl\u00e8mes d\u2019accommodation visuelle li\u00e9s au\u00a0<strong>temps qui passe<\/strong>, que ce soit pour la presbytie, la myopie, l&rsquo;astigmatisme ou l&rsquo;hyperm\u00e9tropie.<\/p>\n<p><strong>Pour la lecture<\/strong><\/p>\n<p><strong>R\u00e9\u00e9duquez petit \u00e0 petit votre vue<\/strong>\u00a0en utilisant les lunettes au d\u00e9part\u00a010-15 minutes par jour pendant votre\u00a0<strong>lecture<\/strong><\/p>\n<p><strong>Pour les \u00e9crans<\/strong><\/p>\n<p>Laissant passer moins de lumi\u00e8re bleue, les lunettes \u00e0 st\u00e9nop\u00e9 peuvent \u00eatre utilis\u00e9es comme lunettes de repos pour\u00a0<strong>l&rsquo;ordinateur<\/strong>,\u00a0<strong>la<\/strong>\u00a0<strong>tablette<\/strong>\u00a0ou\u00a0<strong>le<\/strong>\u00a0<strong>smartphone.<\/strong><\/p>\n<p><strong>Pour vos soir\u00e9es TV<\/strong><\/p>\n<p>En plus de vous offrir une correction\u00a0<strong>totalement naturelle, c<\/strong>es lunettes vont vous apporter\u00a0<strong>une relaxation suppl\u00e9mentaire<\/strong>\u00a0depuis votre canap\u00e9 apr\u00e8s avoir pass\u00e9<strong>\u00a0une dure journ\u00e9e.<\/strong><\/p>\n<p>&nbsp;<\/p>\n<p><strong>Pour profiter de la nature<\/strong><\/p>\n<p>Les Lunettes \u00e0 St\u00e9nop\u00e9 sont un formidable accessoire pour vous\u00a0<strong>relaxer \u00e0 l\u2019ext\u00e9rieur<\/strong>, vous promener \u00e0 l&rsquo;air libre et\u00a0<strong>profiter\u00a0<\/strong><em>(avec mod\u00e9ration)<\/em><strong>\u00a0du soleil<\/strong>.<\/p>\n<p><strong><em>ESSAYEZ-LES, CA MARCHE VRAIMENT !!!<\/em><\/strong><\/p>\n<p><strong><em>COMMANDEZ VOS LUNETTES MAINTENANT<\/em><\/strong><em><strong>\u00a0!!!<\/strong><\/em><\/p>\n<\/div>\n<\/div>\n<\/div>\n<\/div>\n","protected":false},"featured_media":923,"template":"","meta":{"jetpack_post_was_ever_published":false,"jetpack_publicize_message":"","jetpack_publicize_feature_enabled":true,"jetpack_social_post_already_shared":true,"jetpack_social_options":{"image_generator_settings":{"template":"highway","default_image_id":0,"font":"","enabled":false},"version":2}},"product_brand":[],"product_cat":[145],"product_tag":[140,142,141,143],"class_list":{"0":"post-921","1":"product","2":"type-product","3":"status-publish","4":"has-post-thumbnail","6":"product_cat-sante","7":"product_tag-lunettes","8":"product_tag-lunettes-a-grille","9":"product_tag-lunettes-stenope","10":"product_tag-yoga-des-yeux","12":"first","13":"instock","14":"sale","15":"shipping-taxable","16":"purchasable","17":"product-type-variable"},"jetpack_publicize_connections":[],"jetpack_sharing_enabled":true,"jetpack_likes_enabled":true,"jetpack-related-posts":[{"id":1501,"url":"https:\/\/ganeshadreamstore.centreganesha.com\/store\/produit\/lunettes-de-soleil-vintage-cazal-modele-954\/","url_meta":{"origin":921,"position":0},"title":"Lunettes de soleil vintage Cazal mod\u00e8le 954","author":"Centre Ganesha","date":"25 septembre 2025","format":false,"excerpt":"Lunettes de soleil unisexe Cazal mod\u00e8le 954, vintage, uniques et introuvables actuellement. Ces lunettes sont ind\u00e9modables, modernes dans leur design.","rel":"","context":"Article similaire","block_context":{"text":"Article similaire","link":""},"img":{"alt_text":"","src":"https:\/\/i0.wp.com\/ganeshadreamstore.centreganesha.com\/store\/wp-content\/uploads\/2025\/09\/cazal9.jpg?fit=887%2C560&ssl=1&resize=350%2C200","width":350,"height":200,"srcset":"https:\/\/i0.wp.com\/ganeshadreamstore.centreganesha.com\/store\/wp-content\/uploads\/2025\/09\/cazal9.jpg?fit=887%2C560&ssl=1&resize=350%2C200 1x, https:\/\/i0.wp.com\/ganeshadreamstore.centreganesha.com\/store\/wp-content\/uploads\/2025\/09\/cazal9.jpg?fit=887%2C560&ssl=1&resize=525%2C300 1.5x, https:\/\/i0.wp.com\/ganeshadreamstore.centreganesha.com\/store\/wp-content\/uploads\/2025\/09\/cazal9.jpg?fit=887%2C560&ssl=1&resize=700%2C400 2x"},"classes":[]},{"id":70,"url":"https:\/\/ganeshadreamstore.centreganesha.com\/store\/produit\/100g-de-pierres-damethyste-pour-la-guerison-ou-le-fenshui\/","url_meta":{"origin":921,"position":1},"title":"100g de Pierres d&rsquo;amethyste pour la guerison ou le fenshui","author":"Centre Ganesha","date":"24 d\u00e9cembre 2017","format":false,"excerpt":"100gr de Pierres d'am\u00e9thyste polie pour la gu\u00e9rison ou le fenshui Les vertus de l\u2019am\u00e9thyste sont apaisantes et purifiantes.\u00a0Elle \u00e9vacue le stress, calme l\u2019insomnie et favorise la concentration et la m\u00e9ditation.\u00a0C\u2019est une pierre tr\u00e8s b\u00e9n\u00e9fique pour le mental, qui permet de trouver l\u2019\u00e9quilibre et la s\u00e9r\u00e9nit\u00e9.\u00a0L\u00e9onard de Vinci \u00e9crivait d\u2019ailleurs\u2026","rel":"","context":"Article similaire","block_context":{"text":"Article similaire","link":""},"img":{"alt_text":"","src":"https:\/\/i0.wp.com\/ganeshadreamstore.centreganesha.com\/store\/wp-content\/uploads\/2017\/12\/pierre-dam%C3%A9thyste.jpg?fit=1000%2C1002&ssl=1&resize=350%2C200","width":350,"height":200,"srcset":"https:\/\/i0.wp.com\/ganeshadreamstore.centreganesha.com\/store\/wp-content\/uploads\/2017\/12\/pierre-dam%C3%A9thyste.jpg?fit=1000%2C1002&ssl=1&resize=350%2C200 1x, https:\/\/i0.wp.com\/ganeshadreamstore.centreganesha.com\/store\/wp-content\/uploads\/2017\/12\/pierre-dam%C3%A9thyste.jpg?fit=1000%2C1002&ssl=1&resize=525%2C300 1.5x, https:\/\/i0.wp.com\/ganeshadreamstore.centreganesha.com\/store\/wp-content\/uploads\/2017\/12\/pierre-dam%C3%A9thyste.jpg?fit=1000%2C1002&ssl=1&resize=700%2C400 2x"},"classes":[]},{"id":246,"url":"https:\/\/ganeshadreamstore.centreganesha.com\/store\/produit\/bracelet-magnetique-aux-pierres-roses-pour-femme\/","url_meta":{"origin":921,"position":2},"title":"Bracelet magnetique aux pierres roses pour femme","author":"Centre Ganesha","date":"25 d\u00e9cembre 2017","format":false,"excerpt":"Ce magnifique\u00a0bracelet magn\u00e9tique femme\u00a0de magn\u00e9toth\u00e9rapie \u00a0se coordonne avec toutes vos tenues ! Un beau bracelet de m\u00e9decine naturelle aux\u00a0pierres mauves\u00a0en zirconium. Chaque maillon pr\u00e9sente en contact avec la peau, des aimants de samarium d\u00e9livrent 1200 Gauss sur votre corps pour votre bien \u00eatre. \u00a0","rel":"","context":"Article similaire","block_context":{"text":"Article similaire","link":""},"img":{"alt_text":"","src":"https:\/\/i0.wp.com\/ganeshadreamstore.centreganesha.com\/store\/wp-content\/uploads\/2017\/12\/bracelet-magn%C3%A9tique-femme-rose4.jpg?fit=772%2C621&ssl=1&resize=350%2C200","width":350,"height":200,"srcset":"https:\/\/i0.wp.com\/ganeshadreamstore.centreganesha.com\/store\/wp-content\/uploads\/2017\/12\/bracelet-magn%C3%A9tique-femme-rose4.jpg?fit=772%2C621&ssl=1&resize=350%2C200 1x, https:\/\/i0.wp.com\/ganeshadreamstore.centreganesha.com\/store\/wp-content\/uploads\/2017\/12\/bracelet-magn%C3%A9tique-femme-rose4.jpg?fit=772%2C621&ssl=1&resize=525%2C300 1.5x, https:\/\/i0.wp.com\/ganeshadreamstore.centreganesha.com\/store\/wp-content\/uploads\/2017\/12\/bracelet-magn%C3%A9tique-femme-rose4.jpg?fit=772%2C621&ssl=1&resize=700%2C400 2x"},"classes":[]},{"id":270,"url":"https:\/\/ganeshadreamstore.centreganesha.com\/store\/produit\/bracelet-magnetique-pour-femme\/","url_meta":{"origin":921,"position":3},"title":"Bracelet magn\u00e9tique pour femme","author":"Centre Ganesha","date":"25 d\u00e9cembre 2017","format":false,"excerpt":"Ce magnifique\u00a0bracelet magn\u00e9tique femme\u00a0de magn\u00e9toth\u00e9rapie \u00a0se coordonne avec toutes vos tenues! Un beau bracelet de m\u00e9decine naturelle. Chaque maillon pr\u00e9sente en contact avec la peau, des aimants de samarium d\u00e9livrent 1200 Gauss sur votre corps pour votre bien \u00eatre. Les bracelets magn\u00e9tiques ont trois actions essentielles : - Ils vous\u2026","rel":"","context":"Article similaire","block_context":{"text":"Article similaire","link":""},"img":{"alt_text":"","src":"https:\/\/i0.wp.com\/ganeshadreamstore.centreganesha.com\/store\/wp-content\/uploads\/2017\/12\/bracelet-magn%C3%A9tique.jpg?fit=1000%2C1000&ssl=1&resize=350%2C200","width":350,"height":200,"srcset":"https:\/\/i0.wp.com\/ganeshadreamstore.centreganesha.com\/store\/wp-content\/uploads\/2017\/12\/bracelet-magn%C3%A9tique.jpg?fit=1000%2C1000&ssl=1&resize=350%2C200 1x, https:\/\/i0.wp.com\/ganeshadreamstore.centreganesha.com\/store\/wp-content\/uploads\/2017\/12\/bracelet-magn%C3%A9tique.jpg?fit=1000%2C1000&ssl=1&resize=525%2C300 1.5x, https:\/\/i0.wp.com\/ganeshadreamstore.centreganesha.com\/store\/wp-content\/uploads\/2017\/12\/bracelet-magn%C3%A9tique.jpg?fit=1000%2C1000&ssl=1&resize=700%2C400 2x"},"classes":[]},{"id":1101,"url":"https:\/\/ganeshadreamstore.centreganesha.com\/store\/produit\/tasse-en-cuivre-pour-votre-sante-et-votre-immunite\/","url_meta":{"origin":921,"position":4},"title":"Tasse en cuivre pour votre sant\u00e9 et votre immunit\u00e9.","author":"Centre Ganesha","date":"6 mai 2021","format":false,"excerpt":"Voici Pourquoi Vous Devriez Boire Dans Une Tasse En Cuivre Le cuivre est un oligo\u00e9l\u00e9ment qui se retrouve apr\u00e8s son ingestion dans le foie, le c\u0153ur, le muscle squelettique, etc. Ce min\u00e9ral a de nombreux bienfaits sur la sant\u00e9\u00a0: nettoie les reins, lutte contre les bact\u00e9ries nocives, ralentit le vieillissement,\u2026","rel":"","context":"Article similaire","block_context":{"text":"Article similaire","link":""},"img":{"alt_text":"","src":"https:\/\/i0.wp.com\/ganeshadreamstore.centreganesha.com\/store\/wp-content\/uploads\/2021\/05\/tasse-cuivre.jpg?fit=443%2C430&ssl=1&resize=350%2C200","width":350,"height":200},"classes":[]},{"id":1471,"url":"https:\/\/ganeshadreamstore.centreganesha.com\/store\/produit\/semelles-magnetiques\/","url_meta":{"origin":921,"position":5},"title":"Semelles magn\u00e9tiques","author":"Centre Ganesha","date":"9 mars 2023","format":false,"excerpt":"Semelles en silicone munis de 8 aimants\u00a0 magn\u00e9tiques sous forme de pierres de refroidissement, douces et lisses tr\u00e8s confortables.","rel":"","context":"Article similaire","block_context":{"text":"Article similaire","link":""},"img":{"alt_text":"","src":"https:\/\/i0.wp.com\/ganeshadreamstore.centreganesha.com\/store\/wp-content\/uploads\/2023\/03\/semelle-magnetique2.jpg?fit=572%2C700&ssl=1&resize=350%2C200","width":350,"height":200,"srcset":"https:\/\/i0.wp.com\/ganeshadreamstore.centreganesha.com\/store\/wp-content\/uploads\/2023\/03\/semelle-magnetique2.jpg?fit=572%2C700&ssl=1&resize=350%2C200 1x, https:\/\/i0.wp.com\/ganeshadreamstore.centreganesha.com\/store\/wp-content\/uploads\/2023\/03\/semelle-magnetique2.jpg?fit=572%2C700&ssl=1&resize=525%2C300 1.5x"},"classes":[]}],"_links":{"self":[{"href":"https:\/\/ganeshadreamstore.centreganesha.com\/store\/wp-json\/wp\/v2\/product\/921","targetHints":{"allow":["GET"]}}],"collection":[{"href":"https:\/\/ganeshadreamstore.centreganesha.com\/store\/wp-json\/wp\/v2\/product"}],"about":[{"href":"https:\/\/ganeshadreamstore.centreganesha.com\/store\/wp-json\/wp\/v2\/types\/product"}],"wp:featuredmedia":[{"embeddable":true,"href":"https:\/\/ganeshadreamstore.centreganesha.com\/store\/wp-json\/wp\/v2\/media\/923"}],"wp:attachment":[{"href":"https:\/\/ganeshadreamstore.centreganesha.com\/store\/wp-json\/wp\/v2\/media?parent=921"}],"wp:term":[{"taxonomy":"product_brand","embeddable":true,"href":"https:\/\/ganeshadreamstore.centreganesha.com\/store\/wp-json\/wp\/v2\/product_brand?post=921"},{"taxonomy":"product_cat","embeddable":true,"href":"https:\/\/ganeshadreamstore.centreganesha.com\/store\/wp-json\/wp\/v2\/product_cat?post=921"},{"taxonomy":"product_tag","embeddable":true,"href":"https:\/\/ganeshadreamstore.centreganesha.com\/store\/wp-json\/wp\/v2\/product_tag?post=921"}],"curies":[{"name":"wp","href":"https:\/\/api.w.org\/{rel}","templated":true}]}}