{"id":902,"date":"2019-12-13T13:46:37","date_gmt":"2019-12-13T12:46:37","guid":{"rendered":"http:\/\/www.ganeshadreamstore.centreganesha.com\/store\/?post_type=product&#038;p=902"},"modified":"2021-05-06T14:05:14","modified_gmt":"2021-05-06T12:05:14","slug":"bracelet-equilibre-des-7-chakras-en-jaspe","status":"publish","type":"product","link":"https:\/\/ganeshadreamstore.centreganesha.com\/store\/produit\/bracelet-equilibre-des-7-chakras-en-jaspe\/","title":{"rendered":"Bracelet \u00ab\u00a0\u00e9quilibre\u00a0\u00bb des 7 chakras en jaspe"},"content":{"rendered":"","protected":false},"excerpt":{"rendered":"<p>Ce superbe\u00a0<strong>Bracelet \u00ab Equilibre \u00bb des 7 Chakras en pierres semi-pr\u00e9cieuses naturelles de jasper et cuir v\u00e9ritable<\/strong>\u00a0est une cr\u00e9ation alliant toutes les couleurs correspondants aux chakras. Les pierres de Jaspe ont \u00e9t\u00e9 soigneusement taill\u00e9es dans une forme b\u00e2ton et l\u2019assemblage a enti\u00e8rement \u00e9t\u00e9 r\u00e9alis\u00e9 \u00e0 la main pour que votre bijou soit parfaitement unique. La forme b\u00e2ton des pierres permet d\u2019obtenir un bracelet de type manchette de grande \u00e9l\u00e9gance.<\/p>\n<p>Le Jaspe est r\u00e9put\u00e9 pour \u00eatre une pierre de gu\u00e9rison et d\u2019ancrage apportant une grande protection. Elle est tr\u00e8s pris\u00e9e des chamanes qui la consid\u00e8rent comme \u00e9tant particuli\u00e8rement sacr\u00e9e pour les vertus th\u00e9rapeutiques qu\u2019elle procure. Elle favorise la stabilit\u00e9 int\u00e9rieure en luttant contre le stress, l\u2019anxi\u00e9t\u00e9 et les diverses peurs, mais elle combat aussi les \u00e9nergies n\u00e9gatives. Elle est apaisante sur le plan physique ainsi que sur le plan \u00e9motionnel et mental. Elle \u00e9claircit l\u2019esprit pour am\u00e9liorer la m\u00e9ditation tout en aidant les chakras \u00e0 se r\u00e9\u00e9quilibrer pour une meilleure harmonie.<\/p>\n<p>Acqu\u00e9rir ce magnifique\u00a0Bracelet \u00ab Equilibre \u00bb des 7 Chakras en pierres semi-pr\u00e9cieuses naturelles de jasper et cuir\u00a0am\u00e9liorera votre stabilit\u00e9 int\u00e9rieure, favorisera votre bien-\u00eatre et sera superbement \u00e9l\u00e9gant \u00e0 votre poignet. Cliquez vite sur \u00ab Ajouter au panier \u00bb pour le recevoir d\u00e8s maintenant.<\/p>\n<p>Longueur:\u00a0<span class=\"sku-title-value\">17-20 CM<\/span><\/p>\n","protected":false},"featured_media":903,"template":"","meta":{"jetpack_post_was_ever_published":false,"jetpack_publicize_message":"","jetpack_publicize_feature_enabled":true,"jetpack_social_post_already_shared":true,"jetpack_social_options":{"image_generator_settings":{"template":"highway","default_image_id":0,"font":"","enabled":false},"version":2}},"product_brand":[],"product_cat":[18],"product_tag":[47,45],"class_list":{"0":"post-902","1":"product","2":"type-product","3":"status-publish","4":"has-post-thumbnail","6":"product_cat-bijoux","7":"product_tag-7-chakras","8":"product_tag-bracelet-de-guerison","10":"first","11":"instock","12":"sale","13":"shipping-taxable","14":"purchasable","15":"product-type-simple"},"jetpack_publicize_connections":[],"jetpack_sharing_enabled":true,"jetpack_likes_enabled":true,"jetpack-related-posts":[{"id":524,"url":"https:\/\/ganeshadreamstore.centreganesha.com\/store\/produit\/pendule-en-pierre-pour-les-7-chakras\/","url_meta":{"origin":902,"position":0},"title":"Pendule  en pierre pour les 7 chakras","author":"Centre Ganesha","date":"25 d\u00e9cembre 2017","format":false,"excerpt":"Ce\u00a0Pendule \"Pierres des 7 Chakras\"\u00a0vous permettra de d\u00e9tecter\u00a0les centres \u00e9nerg\u00e9tique de votre corps selon la\u00a0m\u00e9thode de la radiesth\u00e9sie. Il vous donnera des informations sur l'emplacement et l'\u00e9quilibre de chaque Chakra. Savoir o\u00f9 se situent vos d\u00e9s\u00e9quilibres \u00e9nerg\u00e9tiques est la premi\u00e8re \u00e9tape pour pouvoir les traiter. D\u00e9tecter les d\u00e9s\u00e9quilibres \u00e9nerg\u00e9tiques des\u2026","rel":"","context":"Article similaire","block_context":{"text":"Article similaire","link":""},"img":{"alt_text":"","src":"https:\/\/i0.wp.com\/ganeshadreamstore.centreganesha.com\/store\/wp-content\/uploads\/2017\/12\/pendule-7-chakras2.jpg?fit=709%2C688&ssl=1&resize=350%2C200","width":350,"height":200,"srcset":"https:\/\/i0.wp.com\/ganeshadreamstore.centreganesha.com\/store\/wp-content\/uploads\/2017\/12\/pendule-7-chakras2.jpg?fit=709%2C688&ssl=1&resize=350%2C200 1x, https:\/\/i0.wp.com\/ganeshadreamstore.centreganesha.com\/store\/wp-content\/uploads\/2017\/12\/pendule-7-chakras2.jpg?fit=709%2C688&ssl=1&resize=525%2C300 1.5x, https:\/\/i0.wp.com\/ganeshadreamstore.centreganesha.com\/store\/wp-content\/uploads\/2017\/12\/pendule-7-chakras2.jpg?fit=709%2C688&ssl=1&resize=700%2C400 2x"},"classes":[]},{"id":539,"url":"https:\/\/ganeshadreamstore.centreganesha.com\/store\/produit\/petit-bracelet-mala-en-pierre-de-jaspe-avec-pendentif-om\/","url_meta":{"origin":902,"position":1},"title":"Petit bracelet mala en pierre de jaspe avec pendentif OM","author":"Centre Ganesha","date":"25 d\u00e9cembre 2017","format":false,"excerpt":"Petit bracelet mala de 23 perles en pierre\u00a0de Jaspe Kambala avec pendentif","rel":"","context":"Article similaire","block_context":{"text":"Article similaire","link":""},"img":{"alt_text":"","src":"https:\/\/i0.wp.com\/ganeshadreamstore.centreganesha.com\/store\/wp-content\/uploads\/2017\/12\/bracelet-pierre-jaspe-2.jpg?fit=701%2C649&ssl=1&resize=350%2C200","width":350,"height":200,"srcset":"https:\/\/i0.wp.com\/ganeshadreamstore.centreganesha.com\/store\/wp-content\/uploads\/2017\/12\/bracelet-pierre-jaspe-2.jpg?fit=701%2C649&ssl=1&resize=350%2C200 1x, https:\/\/i0.wp.com\/ganeshadreamstore.centreganesha.com\/store\/wp-content\/uploads\/2017\/12\/bracelet-pierre-jaspe-2.jpg?fit=701%2C649&ssl=1&resize=525%2C300 1.5x, https:\/\/i0.wp.com\/ganeshadreamstore.centreganesha.com\/store\/wp-content\/uploads\/2017\/12\/bracelet-pierre-jaspe-2.jpg?fit=701%2C649&ssl=1&resize=700%2C400 2x"},"classes":[]},{"id":240,"url":"https:\/\/ganeshadreamstore.centreganesha.com\/store\/produit\/bracelet-de-guerison-des-7-chakras-en-pierre-volcanique\/","url_meta":{"origin":902,"position":2},"title":"Bracelet de Gu\u00e9rison des 7 Chakras en pierre volcanique","author":"Centre Ganesha","date":"25 d\u00e9cembre 2017","format":false,"excerpt":"Pour r\u00e9-\u00e9quilibrer vos chakras, portez ce magnifique bracelet \u00e0 votre poignet. L'obsidienne, pierre noire volcanique restaure et r\u00e9-\u00e9quilibre vos 7 Chakras pour votre mieux-\u00eatre spirituel, \u00e9motionnel, mental et physique. Excellent cadeau pour un pratiquant de Yoga Longueur\u00a0: environ 17.78cm Type de fermoir : lacet coulissant ou \u00e9lastique Taille des perles\u2026","rel":"","context":"Article similaire","block_context":{"text":"Article similaire","link":""},"img":{"alt_text":"","src":"https:\/\/i0.wp.com\/ganeshadreamstore.centreganesha.com\/store\/wp-content\/uploads\/2017\/12\/bracelet-gu%C3%A9rison-chakras.jpg?fit=1000%2C1000&ssl=1&resize=350%2C200","width":350,"height":200,"srcset":"https:\/\/i0.wp.com\/ganeshadreamstore.centreganesha.com\/store\/wp-content\/uploads\/2017\/12\/bracelet-gu%C3%A9rison-chakras.jpg?fit=1000%2C1000&ssl=1&resize=350%2C200 1x, https:\/\/i0.wp.com\/ganeshadreamstore.centreganesha.com\/store\/wp-content\/uploads\/2017\/12\/bracelet-gu%C3%A9rison-chakras.jpg?fit=1000%2C1000&ssl=1&resize=525%2C300 1.5x, https:\/\/i0.wp.com\/ganeshadreamstore.centreganesha.com\/store\/wp-content\/uploads\/2017\/12\/bracelet-gu%C3%A9rison-chakras.jpg?fit=1000%2C1000&ssl=1&resize=700%2C400 2x"},"classes":[]},{"id":907,"url":"https:\/\/ganeshadreamstore.centreganesha.com\/store\/produit\/collier-7-chakras-en-orgonite\/","url_meta":{"origin":902,"position":3},"title":"COLLIER 7 CHAKRAS EN ORGONITE","author":"Centre Ganesha","date":"15 d\u00e9cembre 2019","format":false,"excerpt":"COMME VOUS LE SAVEZ, LA 5G PEUT AFFECTER LA STRUCTURE DE L'ADN. IMPRESSIONNANT, N'EST-CE PAS ? Le nouveau collier de protection EMF \u00e9met de puissantes vibrations de l'orgone qui bloquent la pollution \u00e9lectromagn\u00e9tique des tours t\u00e9l\u00e9phoniques, smartphones, WiFi, 4G et bient\u00f4t 5G.... Invisible, inodore et intangible, c'est ce qui rend\u2026","rel":"","context":"Article similaire","block_context":{"text":"Article similaire","link":""},"img":{"alt_text":"","src":"https:\/\/i0.wp.com\/ganeshadreamstore.centreganesha.com\/store\/wp-content\/uploads\/2019\/12\/collier-7-chakras-orgonite2.jpg?fit=506%2C472&ssl=1&resize=350%2C200","width":350,"height":200},"classes":[]},{"id":567,"url":"https:\/\/ganeshadreamstore.centreganesha.com\/store\/produit\/pyramide-en-pierre-semi-precieuse\/","url_meta":{"origin":902,"position":4},"title":"Pyramide en Pierre Semi-precieuse","author":"Centre Ganesha","date":"25 d\u00e9cembre 2017","format":false,"excerpt":"Centrez-vous et \u00e9quilibrez vos \u00e9nergies gr\u00e2ce\u00a0\u00e0 nos 8\u00a0Pyramides en Pierre Semi-pr\u00e9cieuse\u00a0 que vous pourrez charger en Energie Reiki. Lorsque vous placez une pyramide de pierre naturelle sur votre bureau,\u00a0elle engendre des changements importants dans\u00a0l'ensemble du champs \u00e9nerg\u00e9tique autour de vous. Ce changement de vibration vous permet de\u00a0rester plus concentr\u00e9\u00a0en travaillant\u2026","rel":"","context":"Article similaire","block_context":{"text":"Article similaire","link":""},"img":{"alt_text":"","src":"https:\/\/i0.wp.com\/ganeshadreamstore.centreganesha.com\/store\/wp-content\/uploads\/2017\/12\/pyramide-lapis-lazuli.jpg?fit=1000%2C960&ssl=1&resize=350%2C200","width":350,"height":200,"srcset":"https:\/\/i0.wp.com\/ganeshadreamstore.centreganesha.com\/store\/wp-content\/uploads\/2017\/12\/pyramide-lapis-lazuli.jpg?fit=1000%2C960&ssl=1&resize=350%2C200 1x, https:\/\/i0.wp.com\/ganeshadreamstore.centreganesha.com\/store\/wp-content\/uploads\/2017\/12\/pyramide-lapis-lazuli.jpg?fit=1000%2C960&ssl=1&resize=525%2C300 1.5x, https:\/\/i0.wp.com\/ganeshadreamstore.centreganesha.com\/store\/wp-content\/uploads\/2017\/12\/pyramide-lapis-lazuli.jpg?fit=1000%2C960&ssl=1&resize=700%2C400 2x"},"classes":[]},{"id":246,"url":"https:\/\/ganeshadreamstore.centreganesha.com\/store\/produit\/bracelet-magnetique-aux-pierres-roses-pour-femme\/","url_meta":{"origin":902,"position":5},"title":"Bracelet magnetique aux pierres roses pour femme","author":"Centre Ganesha","date":"25 d\u00e9cembre 2017","format":false,"excerpt":"Ce magnifique\u00a0bracelet magn\u00e9tique femme\u00a0de magn\u00e9toth\u00e9rapie \u00a0se coordonne avec toutes vos tenues ! Un beau bracelet de m\u00e9decine naturelle aux\u00a0pierres mauves\u00a0en zirconium. Chaque maillon pr\u00e9sente en contact avec la peau, des aimants de samarium d\u00e9livrent 1200 Gauss sur votre corps pour votre bien \u00eatre. \u00a0","rel":"","context":"Article similaire","block_context":{"text":"Article similaire","link":""},"img":{"alt_text":"","src":"https:\/\/i0.wp.com\/ganeshadreamstore.centreganesha.com\/store\/wp-content\/uploads\/2017\/12\/bracelet-magn%C3%A9tique-femme-rose4.jpg?fit=772%2C621&ssl=1&resize=350%2C200","width":350,"height":200,"srcset":"https:\/\/i0.wp.com\/ganeshadreamstore.centreganesha.com\/store\/wp-content\/uploads\/2017\/12\/bracelet-magn%C3%A9tique-femme-rose4.jpg?fit=772%2C621&ssl=1&resize=350%2C200 1x, https:\/\/i0.wp.com\/ganeshadreamstore.centreganesha.com\/store\/wp-content\/uploads\/2017\/12\/bracelet-magn%C3%A9tique-femme-rose4.jpg?fit=772%2C621&ssl=1&resize=525%2C300 1.5x, https:\/\/i0.wp.com\/ganeshadreamstore.centreganesha.com\/store\/wp-content\/uploads\/2017\/12\/bracelet-magn%C3%A9tique-femme-rose4.jpg?fit=772%2C621&ssl=1&resize=700%2C400 2x"},"classes":[]}],"_links":{"self":[{"href":"https:\/\/ganeshadreamstore.centreganesha.com\/store\/wp-json\/wp\/v2\/product\/902","targetHints":{"allow":["GET"]}}],"collection":[{"href":"https:\/\/ganeshadreamstore.centreganesha.com\/store\/wp-json\/wp\/v2\/product"}],"about":[{"href":"https:\/\/ganeshadreamstore.centreganesha.com\/store\/wp-json\/wp\/v2\/types\/product"}],"wp:featuredmedia":[{"embeddable":true,"href":"https:\/\/ganeshadreamstore.centreganesha.com\/store\/wp-json\/wp\/v2\/media\/903"}],"wp:attachment":[{"href":"https:\/\/ganeshadreamstore.centreganesha.com\/store\/wp-json\/wp\/v2\/media?parent=902"}],"wp:term":[{"taxonomy":"product_brand","embeddable":true,"href":"https:\/\/ganeshadreamstore.centreganesha.com\/store\/wp-json\/wp\/v2\/product_brand?post=902"},{"taxonomy":"product_cat","embeddable":true,"href":"https:\/\/ganeshadreamstore.centreganesha.com\/store\/wp-json\/wp\/v2\/product_cat?post=902"},{"taxonomy":"product_tag","embeddable":true,"href":"https:\/\/ganeshadreamstore.centreganesha.com\/store\/wp-json\/wp\/v2\/product_tag?post=902"}],"curies":[{"name":"wp","href":"https:\/\/api.w.org\/{rel}","templated":true}]}}