{"id":88,"date":"2017-12-24T18:27:45","date_gmt":"2017-12-24T17:27:45","guid":{"rendered":"http:\/\/www.ganeshadreamstore.centreganesha.com\/store\/?post_type=product&#038;p=88"},"modified":"2025-11-28T09:54:06","modified_gmt":"2025-11-28T08:54:06","slug":"boite-en-bois-indien-sculptee-et-decoree-avec-des-incrustations-de-laiton","status":"publish","type":"product","link":"https:\/\/ganeshadreamstore.centreganesha.com\/store\/produit\/boite-en-bois-indien-sculptee-et-decoree-avec-des-incrustations-de-laiton\/","title":{"rendered":"bo\u00eete en bois indien sculpt\u00e9e et d\u00e9cor\u00e9e avec des incrustations de laiton"},"content":{"rendered":"","protected":false},"excerpt":{"rendered":"<p><strong>Boite en bois indien d\u00e9cor laiton d&rsquo;une belle taille (15cm x 10cm) pour ranger courrier, bijoux ou bien d&rsquo;autres petites choses&#8230;<\/strong><\/p>\n","protected":false},"featured_media":89,"template":"","meta":{"jetpack_post_was_ever_published":false,"jetpack_publicize_message":"","jetpack_publicize_feature_enabled":true,"jetpack_social_post_already_shared":false,"jetpack_social_options":{"image_generator_settings":{"template":"highway","default_image_id":0,"font":"","enabled":false},"version":2}},"product_brand":[],"product_cat":[153],"product_tag":[38],"class_list":{"0":"post-88","1":"product","2":"type-product","3":"status-publish","4":"has-post-thumbnail","6":"product_cat-utilitaires","7":"product_tag-boite-en-bois-indienne","9":"first","10":"instock","11":"shipping-taxable","12":"purchasable","13":"product-type-simple"},"jetpack_publicize_connections":[],"jetpack_sharing_enabled":true,"jetpack_likes_enabled":true,"jetpack-related-posts":[{"id":145,"url":"https:\/\/ganeshadreamstore.centreganesha.com\/store\/produit\/boite-tirelire-en-bois-incrustee-de-laiton\/","url_meta":{"origin":88,"position":0},"title":"Bo\u00eete tirelire en bois incrust\u00e9e de laiton","author":"Centre Ganesha","date":"24 d\u00e9cembre 2017","format":false,"excerpt":"Une belle Tirelire octogonale indienne en bois avec d\u00e9corations et fermeture en m\u00e9tal laiton dor\u00e9. Inscription \"Bank\" sur le dessus. Dimensions: largeur 10 cm, hauteur 14 cm.","rel":"","context":"Article similaire","block_context":{"text":"Article similaire","link":""},"img":{"alt_text":"","src":"https:\/\/i0.wp.com\/ganeshadreamstore.centreganesha.com\/store\/wp-content\/uploads\/2017\/12\/boite-en-bois-tirelire.jpg?fit=513%2C748&ssl=1&resize=350%2C200","width":350,"height":200},"classes":[]},{"id":137,"url":"https:\/\/ganeshadreamstore.centreganesha.com\/store\/produit\/boite-porte-encens-avec-reserve-en-santal\/","url_meta":{"origin":88,"position":1},"title":"Bo\u00eete porte-encens avec r\u00e9serve en santal","author":"Centre Ganesha","date":"24 d\u00e9cembre 2017","format":false,"excerpt":"Boite porte encens en bois avec r\u00e9serve Les motifs de d\u00e9coration peuvent changer suivant les arrivages. Parfait pour la plupart des tailles de b\u00e2tonnets , jusqu'\u00e0 28 cm.","rel":"","context":"Article similaire","block_context":{"text":"Article similaire","link":""},"img":{"alt_text":"","src":"https:\/\/i0.wp.com\/ganeshadreamstore.centreganesha.com\/store\/wp-content\/uploads\/2017\/12\/boite-porte-encens.jpg?fit=398%2C285&ssl=1&resize=350%2C200","width":350,"height":200},"classes":[]},{"id":96,"url":"https:\/\/ganeshadreamstore.centreganesha.com\/store\/produit\/boite-indienne-en-papier-mache\/","url_meta":{"origin":88,"position":2},"title":"Bo\u00eete Indienne en papier m\u00e2ch\u00e9","author":"Centre Ganesha","date":"24 d\u00e9cembre 2017","format":false,"excerpt":"Cette magnifique bo\u00eete traditionnelle indienne de fabrication artisanale en papier m\u00e2ch\u00e9 trouvera sa place pour ranger vos bijoux, vos pillules ou vos secrets... sur une commode ou un meuble...pour le plaisir des yeux avec ses jolis dessins fleuris et color\u00e9s. Chaque bo\u00eete est unique et vous avez le choix entre\u2026","rel":"","context":"Article similaire","block_context":{"text":"Article similaire","link":""},"img":{"alt_text":"","src":"https:\/\/i0.wp.com\/ganeshadreamstore.centreganesha.com\/store\/wp-content\/uploads\/2017\/12\/bo%C3%AEte-indienne-papier-m%C3%A2ch%C3%A910.jpg?fit=1000%2C1000&ssl=1&resize=350%2C200","width":350,"height":200,"srcset":"https:\/\/i0.wp.com\/ganeshadreamstore.centreganesha.com\/store\/wp-content\/uploads\/2017\/12\/bo%C3%AEte-indienne-papier-m%C3%A2ch%C3%A910.jpg?fit=1000%2C1000&ssl=1&resize=350%2C200 1x, https:\/\/i0.wp.com\/ganeshadreamstore.centreganesha.com\/store\/wp-content\/uploads\/2017\/12\/bo%C3%AEte-indienne-papier-m%C3%A2ch%C3%A910.jpg?fit=1000%2C1000&ssl=1&resize=525%2C300 1.5x, https:\/\/i0.wp.com\/ganeshadreamstore.centreganesha.com\/store\/wp-content\/uploads\/2017\/12\/bo%C3%AEte-indienne-papier-m%C3%A2ch%C3%A910.jpg?fit=1000%2C1000&ssl=1&resize=700%2C400 2x"},"classes":[]},{"id":982,"url":"https:\/\/ganeshadreamstore.centreganesha.com\/store\/produit\/boule-de-relaxation-en-bois-massif\/","url_meta":{"origin":88,"position":3},"title":"Boule de relaxation en bois massif","author":"Centre Ganesha","date":"4 mai 2021","format":false,"excerpt":"","rel":"","context":"Article similaire","block_context":{"text":"Article similaire","link":""},"img":{"alt_text":"","src":"https:\/\/i0.wp.com\/ganeshadreamstore.centreganesha.com\/store\/wp-content\/uploads\/2021\/05\/balles-anti-stress4.jpg?fit=463%2C385&ssl=1&resize=350%2C200","width":350,"height":200},"classes":[]},{"id":234,"url":"https:\/\/ganeshadreamstore.centreganesha.com\/store\/produit\/bracelet-cuivre-indien-avec-om-namah-shivaya\/","url_meta":{"origin":88,"position":4},"title":"Bracelet cuivr\u00e9 indien avec \u00ab\u00a0Om namah Shivaya\u00a0\u00bb","author":"Centre Ganesha","date":"25 d\u00e9cembre 2017","format":false,"excerpt":"Tr\u00e8s beau Bracelet cuivr\u00e9 avec le mantra \"O\u1e41 nama\u1e25 \u015biv\u0101ya\" plaqu\u00e9 dessus. O\u1e41 nama\u1e25 \u015biv\u0101ya est l'un des mantras les plus populaires de l'hindouisme et particuli\u00e8rement du shiva\u00efsme. Il est d\u00e9di\u00e9 \u00e0 Shiva et signifie \u00ab Adoration de Shiva \u00bb. Il d\u00e9bute par la syllabe sacr\u00e9e \u00ab Aum \u00bb. Il\u2026","rel":"","context":"Article similaire","block_context":{"text":"Article similaire","link":""},"img":{"alt_text":"","src":"https:\/\/i0.wp.com\/ganeshadreamstore.centreganesha.com\/store\/wp-content\/uploads\/2017\/12\/bracelet-cuivre-ONS2.jpg?fit=1000%2C1000&ssl=1&resize=350%2C200","width":350,"height":200,"srcset":"https:\/\/i0.wp.com\/ganeshadreamstore.centreganesha.com\/store\/wp-content\/uploads\/2017\/12\/bracelet-cuivre-ONS2.jpg?fit=1000%2C1000&ssl=1&resize=350%2C200 1x, https:\/\/i0.wp.com\/ganeshadreamstore.centreganesha.com\/store\/wp-content\/uploads\/2017\/12\/bracelet-cuivre-ONS2.jpg?fit=1000%2C1000&ssl=1&resize=525%2C300 1.5x, https:\/\/i0.wp.com\/ganeshadreamstore.centreganesha.com\/store\/wp-content\/uploads\/2017\/12\/bracelet-cuivre-ONS2.jpg?fit=1000%2C1000&ssl=1&resize=700%2C400 2x"},"classes":[]},{"id":978,"url":"https:\/\/ganeshadreamstore.centreganesha.com\/store\/produit\/rouleau-de-massage-des-pieds\/","url_meta":{"origin":88,"position":5},"title":"Rouleau de massage des pieds","author":"Centre Ganesha","date":"4 mai 2021","format":false,"excerpt":"Rouleau de Massage des pieds, outil de Massage des tissus profonds, soulage le Stress, active les zones r\u00e9flexes des pieds. Masseur de pieds en bois,\u00a0 simple mais tr\u00e8s efficace. Fabriqu\u00e9 en bois massif, il suffit de rouler votre pied sur le rouleau et de laisser les diff\u00e9rentes cr\u00eates masser profond\u00e9ment\u2026","rel":"","context":"Article similaire","block_context":{"text":"Article similaire","link":""},"img":{"alt_text":"","src":"https:\/\/i0.wp.com\/ganeshadreamstore.centreganesha.com\/store\/wp-content\/uploads\/2021\/05\/masseur.jpg?fit=432%2C413&ssl=1&resize=350%2C200","width":350,"height":200},"classes":[]}],"_links":{"self":[{"href":"https:\/\/ganeshadreamstore.centreganesha.com\/store\/wp-json\/wp\/v2\/product\/88","targetHints":{"allow":["GET"]}}],"collection":[{"href":"https:\/\/ganeshadreamstore.centreganesha.com\/store\/wp-json\/wp\/v2\/product"}],"about":[{"href":"https:\/\/ganeshadreamstore.centreganesha.com\/store\/wp-json\/wp\/v2\/types\/product"}],"wp:featuredmedia":[{"embeddable":true,"href":"https:\/\/ganeshadreamstore.centreganesha.com\/store\/wp-json\/wp\/v2\/media\/89"}],"wp:attachment":[{"href":"https:\/\/ganeshadreamstore.centreganesha.com\/store\/wp-json\/wp\/v2\/media?parent=88"}],"wp:term":[{"taxonomy":"product_brand","embeddable":true,"href":"https:\/\/ganeshadreamstore.centreganesha.com\/store\/wp-json\/wp\/v2\/product_brand?post=88"},{"taxonomy":"product_cat","embeddable":true,"href":"https:\/\/ganeshadreamstore.centreganesha.com\/store\/wp-json\/wp\/v2\/product_cat?post=88"},{"taxonomy":"product_tag","embeddable":true,"href":"https:\/\/ganeshadreamstore.centreganesha.com\/store\/wp-json\/wp\/v2\/product_tag?post=88"}],"curies":[{"name":"wp","href":"https:\/\/api.w.org\/{rel}","templated":true}]}}