{"id":830,"date":"2018-01-17T14:43:41","date_gmt":"2018-01-17T13:43:41","guid":{"rendered":"http:\/\/www.ganeshadreamstore.centreganesha.com\/store\/?post_type=product&#038;p=830"},"modified":"2025-11-28T09:45:37","modified_gmt":"2025-11-28T08:45:37","slug":"medaillon-du-sri-yantra","status":"publish","type":"product","link":"https:\/\/ganeshadreamstore.centreganesha.com\/store\/produit\/medaillon-du-sri-yantra\/","title":{"rendered":"M\u00e9daillon du Sri Yantra"},"content":{"rendered":"<p>Un Yantra est un sch\u00e9ma hypnotique utilis\u00e9 dans la m\u00e9ditation. Le \u00ab\u00a0Shri Yantra\u00a0\u00bb est l&rsquo;un des yantras de m\u00e9ditation les plus importants et les plus puissants; Une source d&rsquo;atteindre ses plus profonds d\u00e9sirs et d&rsquo;accomplir ses plus grands souhaits. Un sens de \u00ab\u00a0Shri Yantra\u00a0\u00bb est \u00ab\u00a0L&rsquo;instrument de la richesse\u00a0\u00bb.<\/p>\n<p>Le Shri Yantra est utilis\u00e9 depuis des mill\u00e9naires en Inde, Chine et Tibet.<\/p>\n<p>Il apporte la richesse mat\u00e9rielle et spirituelle par ses pouvoirs spirituels, comble tous nos v\u0153ux et aide \u00e0 changer notre vie pour le mieux. L&rsquo;utilisation de ce Yantra permet d&rsquo;atteindre une plus grande richesse, de paix et de prosp\u00e9rit\u00e9, une \u00e9nergie \u00e9quilibr\u00e9e, ainsi que l&rsquo;harmonie dans les relations. Il aide \u00e0 surmonter les obstacles dans notre vie &#8211; \u00e0 la fois spirituelle et mat\u00e9rialiste.<\/p>\n<p>Sa conception est compos\u00e9e de 9 triangles &#8211; la forme symbolique de tous les dieux et de toutes les d\u00e9esses. Cette g\u00e9om\u00e9trie sacr\u00e9e aide \u00e0 chasser toutes vos \u00e9nergies n\u00e9gatives, apportant la paix, la prosp\u00e9rit\u00e9 et l&rsquo;harmonie. Autour de ce centre magique se trouve le \u00abCarr\u00e9 de la Terre\u00bb, symbolique des quatre directions, ou les portes de la terre. Le cercle ext\u00e9rieur est compos\u00e9 de p\u00e9tales de Lotus en fleurs; La floraison des Chakras, l&rsquo;ouverture du Troisi\u00e8me \u0153il permettant l&rsquo;acc\u00e8s aux sph\u00e8res sup\u00e9rieures de la perception.<\/p>\n","protected":false},"excerpt":{"rendered":"<p>Le Shri Yantra est l&rsquo;un des Yantras les plus puissants au monde symbolisant la cr\u00e9ation de l&rsquo;Univers. Am\u00e9liorez votre prosp\u00e9rit\u00e9\u00a0avec la puissance de la g\u00e9om\u00e9trie sacr\u00e9e.<\/p>\n<h1 class=\"product-title-text\" data-spm-anchor-id=\"a2g0o.detail.1000016.i3.6eb8911cH75YUq\">Pendentif en Orgonite pour hommes et femmes, collier \u00e0 g\u00e9om\u00e9trie sacr\u00e9e, 7 chakras en cristal, \u0153il de tigre.<\/h1>\n","protected":false},"featured_media":1411,"template":"","meta":{"jetpack_post_was_ever_published":false,"jetpack_publicize_message":"","jetpack_publicize_feature_enabled":true,"jetpack_social_post_already_shared":true,"jetpack_social_options":{"image_generator_settings":{"template":"highway","default_image_id":0,"font":"","enabled":false},"version":2}},"product_brand":[],"product_cat":[18],"product_tag":[],"class_list":{"0":"post-830","1":"product","2":"type-product","3":"status-publish","4":"has-post-thumbnail","6":"product_cat-bijoux","8":"first","9":"instock","10":"sale","11":"shipping-taxable","12":"purchasable","13":"product-type-simple"},"jetpack_publicize_connections":[],"jetpack_sharing_enabled":true,"jetpack_likes_enabled":true,"jetpack-related-posts":[{"id":760,"url":"https:\/\/ganeshadreamstore.centreganesha.com\/store\/produit\/collier-pendentif-sacre-shri-yantra-abondance\/","url_meta":{"origin":830,"position":0},"title":"Collier pendentif sacr\u00e9 Shri Yantra, \u00ab\u00a0Abondance\u00a0\u00bb","author":"Centre Ganesha","date":"7 janvier 2018","format":false,"excerpt":"Collier pendentif sacr\u00e9 Shri Yantra \"Abondance\" Ce symbole sacr\u00e9 est mont\u00e9 sur un verre de tr\u00e8s haute qualit\u00e9. Le Shri Yantra est l'un des Yantras les plus puissants au monde symbolisant la cr\u00e9ation de l'Univers. Am\u00e9liorez votre prosp\u00e9rit\u00e9\u00a0avec la puissance de la g\u00e9om\u00e9trie sacr\u00e9e.","rel":"","context":"Article similaire","block_context":{"text":"Article similaire","link":""},"img":{"alt_text":"","src":"https:\/\/i0.wp.com\/ganeshadreamstore.centreganesha.com\/store\/wp-content\/uploads\/2018\/01\/pendentif-sri-yantra-abondance.jpg?fit=389%2C392&ssl=1&resize=350%2C200","width":350,"height":200},"classes":[]},{"id":563,"url":"https:\/\/ganeshadreamstore.centreganesha.com\/store\/produit\/poster-du-yantra\/","url_meta":{"origin":830,"position":1},"title":"poster du Yantra","author":"Centre Ganesha","date":"25 d\u00e9cembre 2017","format":false,"excerpt":"Poster in\u00e9dit du Sri Yantra en \u00e9dition limit\u00e9e. Le\u00a0Yantra\u00a0est un support graphique de m\u00e9ditation issu de la tradition\u00a0hindoue et repris par les bouddhistes.","rel":"","context":"Article similaire","block_context":{"text":"Article similaire","link":""},"img":{"alt_text":"","src":"https:\/\/i0.wp.com\/ganeshadreamstore.centreganesha.com\/store\/wp-content\/uploads\/2017\/12\/poster-yantra.jpg?fit=1200%2C982&ssl=1&resize=350%2C200","width":350,"height":200,"srcset":"https:\/\/i0.wp.com\/ganeshadreamstore.centreganesha.com\/store\/wp-content\/uploads\/2017\/12\/poster-yantra.jpg?fit=1200%2C982&ssl=1&resize=350%2C200 1x, https:\/\/i0.wp.com\/ganeshadreamstore.centreganesha.com\/store\/wp-content\/uploads\/2017\/12\/poster-yantra.jpg?fit=1200%2C982&ssl=1&resize=525%2C300 1.5x, https:\/\/i0.wp.com\/ganeshadreamstore.centreganesha.com\/store\/wp-content\/uploads\/2017\/12\/poster-yantra.jpg?fit=1200%2C982&ssl=1&resize=700%2C400 2x, https:\/\/i0.wp.com\/ganeshadreamstore.centreganesha.com\/store\/wp-content\/uploads\/2017\/12\/poster-yantra.jpg?fit=1200%2C982&ssl=1&resize=1050%2C600 3x"},"classes":[]},{"id":363,"url":"https:\/\/ganeshadreamstore.centreganesha.com\/store\/produit\/collier-arbre-de-vie-en-goutte-deau\/","url_meta":{"origin":830,"position":2},"title":"Collier Arbre de Vie en goutte d&rsquo;eau","author":"Centre Ganesha","date":"25 d\u00e9cembre 2017","format":false,"excerpt":"Le\u00a0symbole de l'Arbre de Vie\u00a0repr\u00e9sente diff\u00e9rentes qualit\u00e9s et vertus comme la sagesse, la force, la protection, l\u2019\u00e9volution, le renouveau et la r\u00e9demption. De mani\u00e8re unanime, l'arbre de vie est l\u2019arbre qui unit le monde du ciel avec le monde de la terre. L\u2019Arbre de vie est une tr\u00e8s belle id\u00e9e\u2026","rel":"","context":"Article similaire","block_context":{"text":"Article similaire","link":""},"img":{"alt_text":"","src":"https:\/\/i0.wp.com\/ganeshadreamstore.centreganesha.com\/store\/wp-content\/uploads\/2017\/12\/collier-arbre-de-vie-goutte-d-eau.amethyste.jpg?fit=435%2C432&ssl=1&resize=350%2C200","width":350,"height":200},"classes":[]},{"id":1421,"url":"https:\/\/ganeshadreamstore.centreganesha.com\/store\/produit\/fleur-de-vie-en-bois\/","url_meta":{"origin":830,"position":3},"title":"Fleur de vie en bois","author":"Centre Ganesha","date":"26 d\u00e9cembre 2021","format":false,"excerpt":"G\u00e9om\u00e9trie sacr\u00e9e : Fleur de Vie Cette fleur de vie en bois et d\u00e9coup\u00e9e au laser vous apportera tous les bienfaits de son onde de forme. \u00c9paisseur: 5mm\u00a0 Taille: diam\u00e8tre: 14cm","rel":"","context":"Article similaire","block_context":{"text":"Article similaire","link":""},"img":{"alt_text":"","src":"https:\/\/i0.wp.com\/ganeshadreamstore.centreganesha.com\/store\/wp-content\/uploads\/2021\/12\/fleur-de-vie-en-bois.jpg?fit=346%2C346&ssl=1&resize=350%2C200","width":350,"height":200},"classes":[]},{"id":1423,"url":"https:\/\/ganeshadreamstore.centreganesha.com\/store\/produit\/pendentif-fleur-de-vie\/","url_meta":{"origin":830,"position":4},"title":"Pendentif Fleur de vie","author":"Centre Ganesha","date":"26 d\u00e9cembre 2021","format":false,"excerpt":"Pendentif\u00a0 fleur de vie\u00a0 en acier inoxydable, taille : 32 mm X 30 mm avec sa cha\u00eene de 45 cm + 5cm 2 mod\u00e8les : couleur or ou argent","rel":"","context":"Article similaire","block_context":{"text":"Article similaire","link":""},"img":{"alt_text":"","src":"https:\/\/i0.wp.com\/ganeshadreamstore.centreganesha.com\/store\/wp-content\/uploads\/2021\/12\/fleur-de-vie-pendentif2.jpg?fit=428%2C403&ssl=1&resize=350%2C200","width":350,"height":200},"classes":[]},{"id":1106,"url":"https:\/\/ganeshadreamstore.centreganesha.com\/store\/produit\/sauge-blanche\/","url_meta":{"origin":830,"position":5},"title":"Sauge blanche","author":"Centre Ganesha","date":"6 mai 2021","format":false,"excerpt":"9 cm de long paquet de 40g","rel":"","context":"Article similaire","block_context":{"text":"Article similaire","link":""},"img":{"alt_text":"","src":"https:\/\/i0.wp.com\/ganeshadreamstore.centreganesha.com\/store\/wp-content\/uploads\/2021\/05\/sauge-blanche2.jpg?fit=442%2C442&ssl=1&resize=350%2C200","width":350,"height":200},"classes":[]}],"_links":{"self":[{"href":"https:\/\/ganeshadreamstore.centreganesha.com\/store\/wp-json\/wp\/v2\/product\/830","targetHints":{"allow":["GET"]}}],"collection":[{"href":"https:\/\/ganeshadreamstore.centreganesha.com\/store\/wp-json\/wp\/v2\/product"}],"about":[{"href":"https:\/\/ganeshadreamstore.centreganesha.com\/store\/wp-json\/wp\/v2\/types\/product"}],"wp:featuredmedia":[{"embeddable":true,"href":"https:\/\/ganeshadreamstore.centreganesha.com\/store\/wp-json\/wp\/v2\/media\/1411"}],"wp:attachment":[{"href":"https:\/\/ganeshadreamstore.centreganesha.com\/store\/wp-json\/wp\/v2\/media?parent=830"}],"wp:term":[{"taxonomy":"product_brand","embeddable":true,"href":"https:\/\/ganeshadreamstore.centreganesha.com\/store\/wp-json\/wp\/v2\/product_brand?post=830"},{"taxonomy":"product_cat","embeddable":true,"href":"https:\/\/ganeshadreamstore.centreganesha.com\/store\/wp-json\/wp\/v2\/product_cat?post=830"},{"taxonomy":"product_tag","embeddable":true,"href":"https:\/\/ganeshadreamstore.centreganesha.com\/store\/wp-json\/wp\/v2\/product_tag?post=830"}],"curies":[{"name":"wp","href":"https:\/\/api.w.org\/{rel}","templated":true}]}}