{"id":82,"date":"2017-12-24T18:23:41","date_gmt":"2017-12-24T17:23:41","guid":{"rendered":"http:\/\/www.ganeshadreamstore.centreganesha.com\/store\/?post_type=product&#038;p=82"},"modified":"2017-12-24T18:23:41","modified_gmt":"2017-12-24T17:23:41","slug":"batons-de-cristal-de-roche-pour-la-guerison-ou-le-fenshui","status":"publish","type":"product","link":"https:\/\/ganeshadreamstore.centreganesha.com\/store\/produit\/batons-de-cristal-de-roche-pour-la-guerison-ou-le-fenshui\/","title":{"rendered":"B\u00e2tons de cristal de roche pour la gu\u00e9rison ou le fenshui"},"content":{"rendered":"","protected":false},"excerpt":{"rendered":"<p>100 gr de b\u00e2tons de cristal de roche pour vous permettre d&rsquo;harmoniser votre environnement ou votre sant\u00e9.<\/p>\n<p>Le b\u00e2ton de gu\u00e9rison est un \u00a0v\u00e9ritable amplificateur, \u00e9metteur et r\u00e9cepteur d&rsquo;ondes \u00e9lectromagn\u00e9tiques, il vous aide \u00e0 vous connecter avec votre \u00eatre int\u00e9rieur ,\u00e0 \u00a0amplifier la m\u00e9ditation et la r\u00e9ceptivit\u00e9 psychique. V\u00e9ritable antenne int\u00e9rieur, \u00a0il permet de travailler avec plus de pr\u00e9cisions et plus d&rsquo;efficacit\u00e9 tout en diminuant la fatigue, il optimise un soin \u00e9nerg\u00e9tique , permet \u00e0 une gu\u00e9rison plus rapide, \u00a0 c &lsquo;est un instrument important \u00a0en radiesth\u00e9sie.<\/p>\n<p>Vous voulez d\u00e9velopper votre magn\u00e9tisme, l&rsquo;amplifier, lib\u00e9rer vos blocages ,\u00a0 les b\u00e2tons de gu\u00e9rison en pierre fines est l&rsquo;outil ad\u00e9quat pour vous aider dans ce travail. Vous serez \u00e9tonn\u00e9s par leur puissance qui permet de concentrer, focaliser, l&rsquo;\u00e9nergie humaine \u00a0\u00bb le magn\u00e9tisme\u00a0\u00bb.<\/p>\n<p>Le lot de b\u00e2tons d&rsquo;environ 4 cm de long chacun, comprend une bonne dizaine de b\u00e2tons de cristaux de quartz que vous pourrez nettoyer et charger \u00e9nerg\u00e9tiquement \u00e0 votre gr\u00e9.<\/p>\n","protected":false},"featured_media":83,"template":"","meta":{"jetpack_post_was_ever_published":false,"jetpack_publicize_message":"","jetpack_publicize_feature_enabled":true,"jetpack_social_post_already_shared":false,"jetpack_social_options":{"image_generator_settings":{"template":"highway","default_image_id":0,"font":"","enabled":false},"version":2}},"product_brand":[],"product_cat":[24],"product_tag":[34,36,35,37],"class_list":{"0":"post-82","1":"product","2":"type-product","3":"status-publish","4":"has-post-thumbnail","6":"product_cat-esoterisme-et-magnetisme","7":"product_tag-baton-de-cristal-de-quartz","8":"product_tag-batons-de-cristaux","9":"product_tag-cristal-de-quartz","10":"product_tag-cristal-de-roche","12":"first","13":"instock","14":"sale","15":"shipping-taxable","16":"purchasable","17":"product-type-simple"},"jetpack_publicize_connections":[],"jetpack_sharing_enabled":true,"jetpack_likes_enabled":true,"jetpack-related-posts":[{"id":70,"url":"https:\/\/ganeshadreamstore.centreganesha.com\/store\/produit\/100g-de-pierres-damethyste-pour-la-guerison-ou-le-fenshui\/","url_meta":{"origin":82,"position":0},"title":"100g de Pierres d&rsquo;amethyste pour la guerison ou le fenshui","author":"Centre Ganesha","date":"24 d\u00e9cembre 2017","format":false,"excerpt":"100gr de Pierres d'am\u00e9thyste polie pour la gu\u00e9rison ou le fenshui Les vertus de l\u2019am\u00e9thyste sont apaisantes et purifiantes.\u00a0Elle \u00e9vacue le stress, calme l\u2019insomnie et favorise la concentration et la m\u00e9ditation.\u00a0C\u2019est une pierre tr\u00e8s b\u00e9n\u00e9fique pour le mental, qui permet de trouver l\u2019\u00e9quilibre et la s\u00e9r\u00e9nit\u00e9.\u00a0L\u00e9onard de Vinci \u00e9crivait d\u2019ailleurs\u2026","rel":"","context":"Article similaire","block_context":{"text":"Article similaire","link":""},"img":{"alt_text":"","src":"https:\/\/i0.wp.com\/ganeshadreamstore.centreganesha.com\/store\/wp-content\/uploads\/2017\/12\/pierre-dam%C3%A9thyste.jpg?fit=1000%2C1002&ssl=1&resize=350%2C200","width":350,"height":200,"srcset":"https:\/\/i0.wp.com\/ganeshadreamstore.centreganesha.com\/store\/wp-content\/uploads\/2017\/12\/pierre-dam%C3%A9thyste.jpg?fit=1000%2C1002&ssl=1&resize=350%2C200 1x, https:\/\/i0.wp.com\/ganeshadreamstore.centreganesha.com\/store\/wp-content\/uploads\/2017\/12\/pierre-dam%C3%A9thyste.jpg?fit=1000%2C1002&ssl=1&resize=525%2C300 1.5x, https:\/\/i0.wp.com\/ganeshadreamstore.centreganesha.com\/store\/wp-content\/uploads\/2017\/12\/pierre-dam%C3%A9thyste.jpg?fit=1000%2C1002&ssl=1&resize=700%2C400 2x"},"classes":[]},{"id":532,"url":"https:\/\/ganeshadreamstore.centreganesha.com\/store\/produit\/pendule-en-cristal-de-roche\/","url_meta":{"origin":82,"position":1},"title":"Pendule en cristal de roche","author":"Centre Ganesha","date":"25 d\u00e9cembre 2017","format":false,"excerpt":"Pendule en cristal de roche pyramide pour pratiquer la radiesth\u00e9sie ou pour vos soins Reiki. Ce\u00a0Pendule en cristal de roche\u00a0vous permettra de d\u00e9tecter\u00a0les centres \u00e9nerg\u00e9tique de votre corps selon la\u00a0m\u00e9thode de la radiesth\u00e9sie. Il vous donnera des informations sur l'emplacement et l'\u00e9quilibre de chaque Chakra. Savoir o\u00f9 se situent vos\u2026","rel":"","context":"Article similaire","block_context":{"text":"Article similaire","link":""},"img":{"alt_text":"","src":"https:\/\/i0.wp.com\/ganeshadreamstore.centreganesha.com\/store\/wp-content\/uploads\/2017\/12\/pendule-cristal-de-roche2.jpg?fit=685%2C655&ssl=1&resize=350%2C200","width":350,"height":200,"srcset":"https:\/\/i0.wp.com\/ganeshadreamstore.centreganesha.com\/store\/wp-content\/uploads\/2017\/12\/pendule-cristal-de-roche2.jpg?fit=685%2C655&ssl=1&resize=350%2C200 1x, https:\/\/i0.wp.com\/ganeshadreamstore.centreganesha.com\/store\/wp-content\/uploads\/2017\/12\/pendule-cristal-de-roche2.jpg?fit=685%2C655&ssl=1&resize=525%2C300 1.5x"},"classes":[]},{"id":536,"url":"https:\/\/ganeshadreamstore.centreganesha.com\/store\/produit\/pendule-en-cristal-de-roche-des-7-chakras\/","url_meta":{"origin":82,"position":2},"title":"Pendule en cristal de roche des 7 Chakras","author":"Centre Ganesha","date":"25 d\u00e9cembre 2017","format":false,"excerpt":"Ce\u00a0Pendule \"Cristal de Roche et pierres des 7 Chakras\"\u00a0vous permettra de d\u00e9tecter\u00a0les centres \u00e9nerg\u00e9tique de votre corps selon la\u00a0m\u00e9thode de la radiesth\u00e9sie. Il vous donnera des informations sur l'emplacement et l'\u00e9quilibre de chaque Chakra. Savoir o\u00f9 se situent vos d\u00e9s\u00e9quilibres \u00e9nerg\u00e9tiques est la premi\u00e8re \u00e9tape pour pouvoir les traiter. D\u00e9tecter\u2026","rel":"","context":"Article similaire","block_context":{"text":"Article similaire","link":""},"img":{"alt_text":"","src":"https:\/\/i0.wp.com\/ganeshadreamstore.centreganesha.com\/store\/wp-content\/uploads\/2017\/12\/pendule-cristal-7-chakras.jpg?fit=492%2C496&ssl=1&resize=350%2C200","width":350,"height":200},"classes":[]},{"id":1519,"url":"https:\/\/ganeshadreamstore.centreganesha.com\/store\/produit\/generateur-dondes-schumann-de-guerison\/","url_meta":{"origin":82,"position":3},"title":"G\u00e9n\u00e9rateur d&rsquo;ondes Schumann de gu\u00e9rison","author":"Centre Ganesha","date":"5 octobre 2025","format":false,"excerpt":"G\u00e9n\u00e9rateur d'ondes de gu\u00e9rison r\u00e9glable de 0.01 Hz \u00e0 10000 Hz. Syst\u00e8me de fr\u00e9quences de bio-gu\u00e9rison.","rel":"","context":"Article similaire","block_context":{"text":"Article similaire","link":""},"img":{"alt_text":"","src":"https:\/\/i0.wp.com\/www.ganeshadreamstore.centreganesha.com\/store\/wp-content\/uploads\/2025\/10\/generateur-ondes-295x300.jpg?resize=350%2C200","width":350,"height":200},"classes":[]},{"id":567,"url":"https:\/\/ganeshadreamstore.centreganesha.com\/store\/produit\/pyramide-en-pierre-semi-precieuse\/","url_meta":{"origin":82,"position":4},"title":"Pyramide en Pierre Semi-precieuse","author":"Centre Ganesha","date":"25 d\u00e9cembre 2017","format":false,"excerpt":"Centrez-vous et \u00e9quilibrez vos \u00e9nergies gr\u00e2ce\u00a0\u00e0 nos 8\u00a0Pyramides en Pierre Semi-pr\u00e9cieuse\u00a0 que vous pourrez charger en Energie Reiki. Lorsque vous placez une pyramide de pierre naturelle sur votre bureau,\u00a0elle engendre des changements importants dans\u00a0l'ensemble du champs \u00e9nerg\u00e9tique autour de vous. Ce changement de vibration vous permet de\u00a0rester plus concentr\u00e9\u00a0en travaillant\u2026","rel":"","context":"Article similaire","block_context":{"text":"Article similaire","link":""},"img":{"alt_text":"","src":"https:\/\/i0.wp.com\/ganeshadreamstore.centreganesha.com\/store\/wp-content\/uploads\/2017\/12\/pyramide-lapis-lazuli.jpg?fit=1000%2C960&ssl=1&resize=350%2C200","width":350,"height":200,"srcset":"https:\/\/i0.wp.com\/ganeshadreamstore.centreganesha.com\/store\/wp-content\/uploads\/2017\/12\/pyramide-lapis-lazuli.jpg?fit=1000%2C960&ssl=1&resize=350%2C200 1x, https:\/\/i0.wp.com\/ganeshadreamstore.centreganesha.com\/store\/wp-content\/uploads\/2017\/12\/pyramide-lapis-lazuli.jpg?fit=1000%2C960&ssl=1&resize=525%2C300 1.5x, https:\/\/i0.wp.com\/ganeshadreamstore.centreganesha.com\/store\/wp-content\/uploads\/2017\/12\/pyramide-lapis-lazuli.jpg?fit=1000%2C960&ssl=1&resize=700%2C400 2x"},"classes":[]},{"id":1132,"url":"https:\/\/ganeshadreamstore.centreganesha.com\/store\/produit\/pyramide-en-orgonite\/","url_meta":{"origin":82,"position":5},"title":"Pyramide en orgonite","author":"Centre Ganesha","date":"8 mai 2021","format":false,"excerpt":"2 mod\u00e8les : Pyramide\u00a0 arbre de vie, Pyramide OM 50mm, p\u00e9ridot et Malachite","rel":"","context":"Article similaire","block_context":{"text":"Article similaire","link":""},"img":{"alt_text":"","src":"https:\/\/i0.wp.com\/ganeshadreamstore.centreganesha.com\/store\/wp-content\/uploads\/2021\/05\/pyramide-orgonite5.jpg?fit=409%2C407&ssl=1&resize=350%2C200","width":350,"height":200},"classes":[]}],"_links":{"self":[{"href":"https:\/\/ganeshadreamstore.centreganesha.com\/store\/wp-json\/wp\/v2\/product\/82","targetHints":{"allow":["GET"]}}],"collection":[{"href":"https:\/\/ganeshadreamstore.centreganesha.com\/store\/wp-json\/wp\/v2\/product"}],"about":[{"href":"https:\/\/ganeshadreamstore.centreganesha.com\/store\/wp-json\/wp\/v2\/types\/product"}],"wp:featuredmedia":[{"embeddable":true,"href":"https:\/\/ganeshadreamstore.centreganesha.com\/store\/wp-json\/wp\/v2\/media\/83"}],"wp:attachment":[{"href":"https:\/\/ganeshadreamstore.centreganesha.com\/store\/wp-json\/wp\/v2\/media?parent=82"}],"wp:term":[{"taxonomy":"product_brand","embeddable":true,"href":"https:\/\/ganeshadreamstore.centreganesha.com\/store\/wp-json\/wp\/v2\/product_brand?post=82"},{"taxonomy":"product_cat","embeddable":true,"href":"https:\/\/ganeshadreamstore.centreganesha.com\/store\/wp-json\/wp\/v2\/product_cat?post=82"},{"taxonomy":"product_tag","embeddable":true,"href":"https:\/\/ganeshadreamstore.centreganesha.com\/store\/wp-json\/wp\/v2\/product_tag?post=82"}],"curies":[{"name":"wp","href":"https:\/\/api.w.org\/{rel}","templated":true}]}}