{"id":70,"date":"2017-12-24T18:12:25","date_gmt":"2017-12-24T17:12:25","guid":{"rendered":"http:\/\/www.ganeshadreamstore.centreganesha.com\/store\/?post_type=product&#038;p=70"},"modified":"2023-02-19T16:05:40","modified_gmt":"2023-02-19T15:05:40","slug":"100g-de-pierres-damethyste-pour-la-guerison-ou-le-fenshui","status":"publish","type":"product","link":"https:\/\/ganeshadreamstore.centreganesha.com\/store\/produit\/100g-de-pierres-damethyste-pour-la-guerison-ou-le-fenshui\/","title":{"rendered":"100g de Pierres d&rsquo;amethyste pour la guerison ou le fenshui"},"content":{"rendered":"<h3>100gr de Pierres d&rsquo;am\u00e9thyste polie pour la gu\u00e9rison ou le fenshui<\/h3>\n<p><strong>Les vertus de l\u2019am\u00e9thyste sont apaisantes et purifiantes.<\/strong>\u00a0Elle \u00e9vacue le stress, calme l\u2019insomnie et favorise la concentration et la m\u00e9ditation.\u00a0<strong>C\u2019est une pierre tr\u00e8s b\u00e9n\u00e9fique pour le mental, qui permet de trouver l\u2019\u00e9quilibre et la s\u00e9r\u00e9nit\u00e9.\u00a0<\/strong>L\u00e9onard de Vinci \u00e9crivait d\u2019ailleurs \u00e0 son sujet qu\u2019elle avait le pouvoir de \u00ab\u00a0<em>dissiper les mauvaises pens\u00e9es et d\u2019aiguiser l\u2019intelligence\u00a0\u00bb<\/em>.<\/p>\n<p><strong>Cette pierre unique aide \u00e0 se d\u00e9faire des peurs, des addictions et soigne les migraines. Elle am\u00e9liore l\u2019\u00e9tat nerveux g\u00e9n\u00e9ral et aide \u00e0 trouver l\u2019\u00e9quilibre psychique.<\/strong><\/p>\n<h2 data-fontsize=\"22\" data-lineheight=\"27\">Vertus psychiques et psychologiques de l\u2019am\u00e9thyste<\/h2>\n<h3 data-fontsize=\"18\" data-lineheight=\"23\">Nervosit\u00e9 et troubles d\u2019origine nerveuse<\/h3>\n<p><strong>L\u2019am\u00e9thyste est une pierre d\u2019\u00e9quilibre, qui est b\u00e9n\u00e9fique \u00e0 tous les troubles d\u2019origine nerveuse.\u00a0<\/strong>Pour calmer la nervosit\u00e9, portez en permanence une am\u00e9thyste. Prenez-la en main lorsque vous sentez que votre nervosit\u00e9 s\u2019intensifie. Vous pouvez l\u2019utiliser de la m\u00eame mani\u00e8re si vous \u00eates sujets\u00a0aux \u00e9tats d&rsquo;angoisse.\u00a0\u00a0Elle est aussi r\u00e9put\u00e9e calmer les crises d\u2019hallucination.<\/p>\n<h3 data-fontsize=\"18\" data-lineheight=\"23\">Apaiser vos lieux de vies<\/h3>\n<p><strong>Vous pouvez disposer des amas et g\u00e9odes d\u2019am\u00e9thyste dans votre maison pour maintenir une vitalit\u00e9 positive dans votre lieu de vie.<\/strong><\/p>\n<p><strong>Une am\u00e9thyste pos\u00e9e sur le bord d\u2019une fen\u00eatre<\/strong>\u00a0est tr\u00e8s efficace pour se prot\u00e9ger de la maladie et des ondes n\u00e9gatives. Gardez cette fen\u00eatre ouverte le soir afin qu\u2019elle re\u00e7oive les rayons de lune et puisse les restituer sous forme d\u2019\u00e9nergie apaisante durant la journ\u00e9e.<\/p>\n<p>Disposez des vari\u00e9t\u00e9s d\u2019am\u00e9thyste dans une salle o\u00f9 l\u2019atmosph\u00e8re est g\u00e9n\u00e9ralement tendue, notamment les bureaux de professions stressantes.\u00a0<strong>L\u2019am\u00e9thyste est une pierre de paix qui distille amour et bonheur \u00e0 ceux qui entrent en contact avec elle.<\/strong><\/p>\n<h3 data-fontsize=\"18\" data-lineheight=\"23\">Prot\u00e9ger votre lieu de vie<\/h3>\n<p><strong>Enterrez de l\u2019am\u00e9thyste \u00e0 chaque entr\u00e9e de votre maison pour vous pr\u00e9munir contre le vol.<\/strong>\u00a0Quelques fragments feront l\u2019affaire. N\u2019oubliez pas d\u2019en enterrer sous chacune des fen\u00eatres et portes. Si vous avez une fen\u00eatre o\u00f9 la terre est hors de port\u00e9e, une fen\u00eatre au-dessus d\u2019un patio de ciment ou une v\u00e9randa par exemple, placez des fragments ou un cristal sur la vitre.<\/p>\n<p>Utilisez la m\u00eame technique pour vous pr\u00e9munir du mal.\u00a0<strong>L\u2019am\u00e9thyste prot\u00e8ge votre maison et emp\u00eache tous ceux qui veulent faire du mal, \u00e0 vous ou \u00e0 vos proches, de p\u00e9n\u00e9trer sous votre toit.<\/strong><\/p>\n<h3 data-fontsize=\"18\" data-lineheight=\"23\">Lutter contre les addictions<\/h3>\n<p>Le ph\u00e9nom\u00e8ne d\u2019addiction est complexe et doit \u00eatre compris \u00e0 la fois comme un processus physiologique et psychologique.<strong>\u00a0L\u2019am\u00e9thyste est dans tous les cas susceptible de vous aider \u00e0 vous d\u00e9faire de vos addictions.<\/strong><\/p>\n<p><strong>Si vous souffrez d\u2019une addiction dont vous avez de la peine \u00e0 vous d\u00e9faire, un cristal d\u2019am\u00e9thyste peut \u00eatre d\u2019une aide pr\u00e9cieuse.<\/strong>\u00a0Tenez-en un et demandez-lui de vous lib\u00e9rer de votre addiction. Ensuite, puisez la force du cristal. L\u2019am\u00e9thyste lib\u00e8re de toutes sortes d\u2019addiction, et en particulier de l\u2019alcoolisme.<\/p>\n<h3 data-fontsize=\"18\" data-lineheight=\"23\">Faciliter le sommeil<\/h3>\n<p><strong>Si vous avec des difficult\u00e9s pour vous endormir, que vous \u00eates insomniaque\u00a0ou avez des nuits agit\u00e9es, posez une am\u00e9thyste sous votre oreiller pour retrouver des nuits paisibles.<\/strong><\/p>\n<p>Avant d\u2019aller de vous endormir, vous pouvez\u00a0<strong>tenir votre am\u00e9thyste dans la main et la laisser vous procurer une sensation de d\u00e9tente<\/strong>. Vous pouvez par exemple vous imaginer au centre d\u2019une g\u00e9ode d\u2019am\u00e9thyste g\u00e9ante pour renforcer votre attention sur le pouvoir de la pierre.<\/p>\n<h3 data-fontsize=\"18\" data-lineheight=\"23\">Favoriser les r\u00eaves<\/h3>\n<p><strong>Pour vous aider \u00e0 multiplier vos r\u00eaves\u00a0et vous en souvenir au r\u00e9veil<\/strong>, glissez une am\u00e9thyste dans un serre-t\u00eate et portez pendant votre sommeil. Si cette solution ne vous est pas confortable, placez-la simplement sous votre oreiller.<\/p>\n<p>Pour d\u00e9velopper au mieux votre m\u00e9moire des r\u00eaves, notez-les syst\u00e9matiquement dans un petit carnet d\u00e8s votre r\u00e9veil. N\u2019oubliez pas de purifier r\u00e9guli\u00e8rement votre pierre en la trempant dans un grand bol d\u2019eau claire.<\/p>\n<p>Une am\u00e9thyste plac\u00e9e sous votre oreiller prot\u00e8ge \u00e9galement des\u00a0 cauchemars.<\/p>\n<h3 data-fontsize=\"18\" data-lineheight=\"23\">Acc\u00e8s au Moi Sup\u00e9rieur<\/h3>\n<p><strong>Afin de communier avec votre Moi Sup\u00e9rieur, choisissez un moment paisible au cours duquel vous ne serez pas d\u00e9rang\u00e9<\/strong>. Prenez une am\u00e9thyste dans chaque main. Respirez profond\u00e9ment, fermez les yeux et ressentez les pouvoirs de la pierre. Laissez-les vous parcourir, du long des bras jusqu\u2019\u00e0 la t\u00eate. Lorsque vous ressentez en toute conscience leur effet, invitez votre esprit guide \u00e0 se pr\u00e9senter et \u00e0 discuter avec vous. Cet exercice permet de s\u2019unir avec son Moi Sup\u00e9rieur.<\/p>\n<h3 data-fontsize=\"18\" data-lineheight=\"23\">M\u00e9ditation et concentration<\/h3>\n<p><strong>Tenez une am\u00e9thyste dans chaque main pendant la m\u00e9ditation.<\/strong>\u00a0Elle est excellente pour la m\u00e9ditation car elle contribue \u00e0 am\u00e9liorer la pr\u00e9cision des visions.\u00a0<strong>Elle aide, de mani\u00e8re g\u00e9n\u00e9rale, \u00e0 avoir une meilleure concentration.<\/strong><\/p>\n<p>Longueur de chaque pierre : 30mm-40mm<br \/>\npoids du pack de pierres : 100g<\/p>\n","protected":false},"excerpt":{"rendered":"<h3>100gr de Pierres d&rsquo;am\u00e9thyste polie pour la gu\u00e9rison ou le fenshui<\/h3>\n<p><strong>Les vertus de l\u2019am\u00e9thyste sont apaisantes et purifiantes.<\/strong>\u00a0Elle \u00e9vacue le stress, calme l\u2019insomnie et favorise la concentration et la m\u00e9ditation.\u00a0<strong>C\u2019est une pierre tr\u00e8s b\u00e9n\u00e9fique pour le mental, qui permet de trouver l\u2019\u00e9quilibre et la s\u00e9r\u00e9nit\u00e9.\u00a0<\/strong>L\u00e9onard de Vinci \u00e9crivait d\u2019ailleurs \u00e0 son sujet qu\u2019elle avait le pouvoir de \u00ab\u00a0<em>dissiper les mauvaises pens\u00e9es et d\u2019aiguiser l\u2019intelligence\u00a0\u00bb<\/em>.<\/p>\n<p><strong>Cette pierre unique aide \u00e0 se d\u00e9faire des peurs, des addictions et soigne les migraines. Elle am\u00e9liore l\u2019\u00e9tat nerveux g\u00e9n\u00e9ral et aide \u00e0 trouver l\u2019\u00e9quilibre psychique.<\/strong><\/p>\n","protected":false},"featured_media":71,"template":"","meta":{"jetpack_post_was_ever_published":false,"jetpack_publicize_message":"","jetpack_publicize_feature_enabled":true,"jetpack_social_post_already_shared":false,"jetpack_social_options":{"image_generator_settings":{"template":"highway","default_image_id":0,"font":"","enabled":false},"version":2}},"product_brand":[],"product_cat":[24],"product_tag":[32,31,30],"class_list":{"0":"post-70","1":"product","2":"type-product","3":"status-publish","4":"has-post-thumbnail","6":"product_cat-esoterisme-et-magnetisme","7":"product_tag-amethyste","8":"product_tag-fenshui","9":"product_tag-pierre-damethyste","11":"first","12":"instock","13":"sale","14":"shipping-taxable","15":"purchasable","16":"product-type-simple"},"jetpack_publicize_connections":[],"jetpack_sharing_enabled":true,"jetpack_likes_enabled":true,"jetpack-related-posts":[{"id":567,"url":"https:\/\/ganeshadreamstore.centreganesha.com\/store\/produit\/pyramide-en-pierre-semi-precieuse\/","url_meta":{"origin":70,"position":0},"title":"Pyramide en Pierre Semi-precieuse","author":"Centre Ganesha","date":"25 d\u00e9cembre 2017","format":false,"excerpt":"Centrez-vous et \u00e9quilibrez vos \u00e9nergies gr\u00e2ce\u00a0\u00e0 nos 8\u00a0Pyramides en Pierre Semi-pr\u00e9cieuse\u00a0 que vous pourrez charger en Energie Reiki. Lorsque vous placez une pyramide de pierre naturelle sur votre bureau,\u00a0elle engendre des changements importants dans\u00a0l'ensemble du champs \u00e9nerg\u00e9tique autour de vous. Ce changement de vibration vous permet de\u00a0rester plus concentr\u00e9\u00a0en travaillant\u2026","rel":"","context":"Article similaire","block_context":{"text":"Article similaire","link":""},"img":{"alt_text":"","src":"https:\/\/i0.wp.com\/ganeshadreamstore.centreganesha.com\/store\/wp-content\/uploads\/2017\/12\/pyramide-lapis-lazuli.jpg?fit=1000%2C960&ssl=1&resize=350%2C200","width":350,"height":200,"srcset":"https:\/\/i0.wp.com\/ganeshadreamstore.centreganesha.com\/store\/wp-content\/uploads\/2017\/12\/pyramide-lapis-lazuli.jpg?fit=1000%2C960&ssl=1&resize=350%2C200 1x, https:\/\/i0.wp.com\/ganeshadreamstore.centreganesha.com\/store\/wp-content\/uploads\/2017\/12\/pyramide-lapis-lazuli.jpg?fit=1000%2C960&ssl=1&resize=525%2C300 1.5x, https:\/\/i0.wp.com\/ganeshadreamstore.centreganesha.com\/store\/wp-content\/uploads\/2017\/12\/pyramide-lapis-lazuli.jpg?fit=1000%2C960&ssl=1&resize=700%2C400 2x"},"classes":[]},{"id":1147,"url":"https:\/\/ganeshadreamstore.centreganesha.com\/store\/produit\/bracelet-en-apatite-tresse\/","url_meta":{"origin":70,"position":1},"title":"Bracelet en apatite tress\u00e9","author":"Centre Ganesha","date":"8 mai 2021","format":false,"excerpt":"17cm (femme) ou 19cm (homme)","rel":"","context":"Article similaire","block_context":{"text":"Article similaire","link":""},"img":{"alt_text":"","src":"https:\/\/i0.wp.com\/ganeshadreamstore.centreganesha.com\/store\/wp-content\/uploads\/2021\/05\/bracelet-apatite-double.jpg?fit=439%2C439&ssl=1&resize=350%2C200","width":350,"height":200},"classes":[]},{"id":902,"url":"https:\/\/ganeshadreamstore.centreganesha.com\/store\/produit\/bracelet-equilibre-des-7-chakras-en-jaspe\/","url_meta":{"origin":70,"position":2},"title":"Bracelet \u00ab\u00a0\u00e9quilibre\u00a0\u00bb des 7 chakras en jaspe","author":"Centre Ganesha","date":"13 d\u00e9cembre 2019","format":false,"excerpt":"Ce superbe\u00a0Bracelet \u00ab Equilibre \u00bb des 7 Chakras en pierres semi-pr\u00e9cieuses naturelles de jasper et cuir v\u00e9ritable\u00a0est une cr\u00e9ation alliant toutes les couleurs correspondants aux chakras. Les pierres de Jaspe ont \u00e9t\u00e9 soigneusement taill\u00e9es dans une forme b\u00e2ton et l\u2019assemblage a enti\u00e8rement \u00e9t\u00e9 r\u00e9alis\u00e9 \u00e0 la main pour que votre\u2026","rel":"","context":"Article similaire","block_context":{"text":"Article similaire","link":""},"img":{"alt_text":"","src":"https:\/\/i0.wp.com\/ganeshadreamstore.centreganesha.com\/store\/wp-content\/uploads\/2019\/12\/bracelet-chakra-jasper.jpg?fit=420%2C399&ssl=1&resize=350%2C200","width":350,"height":200},"classes":[]},{"id":524,"url":"https:\/\/ganeshadreamstore.centreganesha.com\/store\/produit\/pendule-en-pierre-pour-les-7-chakras\/","url_meta":{"origin":70,"position":3},"title":"Pendule  en pierre pour les 7 chakras","author":"Centre Ganesha","date":"25 d\u00e9cembre 2017","format":false,"excerpt":"Ce\u00a0Pendule \"Pierres des 7 Chakras\"\u00a0vous permettra de d\u00e9tecter\u00a0les centres \u00e9nerg\u00e9tique de votre corps selon la\u00a0m\u00e9thode de la radiesth\u00e9sie. Il vous donnera des informations sur l'emplacement et l'\u00e9quilibre de chaque Chakra. Savoir o\u00f9 se situent vos d\u00e9s\u00e9quilibres \u00e9nerg\u00e9tiques est la premi\u00e8re \u00e9tape pour pouvoir les traiter. D\u00e9tecter les d\u00e9s\u00e9quilibres \u00e9nerg\u00e9tiques des\u2026","rel":"","context":"Article similaire","block_context":{"text":"Article similaire","link":""},"img":{"alt_text":"","src":"https:\/\/i0.wp.com\/ganeshadreamstore.centreganesha.com\/store\/wp-content\/uploads\/2017\/12\/pendule-7-chakras2.jpg?fit=709%2C688&ssl=1&resize=350%2C200","width":350,"height":200,"srcset":"https:\/\/i0.wp.com\/ganeshadreamstore.centreganesha.com\/store\/wp-content\/uploads\/2017\/12\/pendule-7-chakras2.jpg?fit=709%2C688&ssl=1&resize=350%2C200 1x, https:\/\/i0.wp.com\/ganeshadreamstore.centreganesha.com\/store\/wp-content\/uploads\/2017\/12\/pendule-7-chakras2.jpg?fit=709%2C688&ssl=1&resize=525%2C300 1.5x, https:\/\/i0.wp.com\/ganeshadreamstore.centreganesha.com\/store\/wp-content\/uploads\/2017\/12\/pendule-7-chakras2.jpg?fit=709%2C688&ssl=1&resize=700%2C400 2x"},"classes":[]},{"id":363,"url":"https:\/\/ganeshadreamstore.centreganesha.com\/store\/produit\/collier-arbre-de-vie-en-goutte-deau\/","url_meta":{"origin":70,"position":4},"title":"Collier Arbre de Vie en goutte d&rsquo;eau","author":"Centre Ganesha","date":"25 d\u00e9cembre 2017","format":false,"excerpt":"Le\u00a0symbole de l'Arbre de Vie\u00a0repr\u00e9sente diff\u00e9rentes qualit\u00e9s et vertus comme la sagesse, la force, la protection, l\u2019\u00e9volution, le renouveau et la r\u00e9demption. De mani\u00e8re unanime, l'arbre de vie est l\u2019arbre qui unit le monde du ciel avec le monde de la terre. L\u2019Arbre de vie est une tr\u00e8s belle id\u00e9e\u2026","rel":"","context":"Article similaire","block_context":{"text":"Article similaire","link":""},"img":{"alt_text":"","src":"https:\/\/i0.wp.com\/ganeshadreamstore.centreganesha.com\/store\/wp-content\/uploads\/2017\/12\/collier-arbre-de-vie-goutte-d-eau.amethyste.jpg?fit=435%2C432&ssl=1&resize=350%2C200","width":350,"height":200},"classes":[]},{"id":280,"url":"https:\/\/ganeshadreamstore.centreganesha.com\/store\/produit\/bracelet-mala-en-pierre-azurite-et-son-pendentif-om\/","url_meta":{"origin":70,"position":5},"title":"Bracelet mala en pierre azurite et son pendentif OM","author":"Centre Ganesha","date":"25 d\u00e9cembre 2017","format":false,"excerpt":"Cette pierre purifie et stimule le Chakra du 3\u00e8me oeil, elle relie le corporel au spirituel. C'est l'illumination de l'\u00e2me et de l'esprit, elle aide \u00e0 la m\u00e9ditation, facilite les voyages extra-corporels et fait prendre conscience du moi int\u00e9rieur. Les intuitions deviennent plus subtiles, les pens\u00e9es sont plus claires et\u2026","rel":"","context":"Article similaire","block_context":{"text":"Article similaire","link":""},"img":{"alt_text":"","src":"https:\/\/i0.wp.com\/ganeshadreamstore.centreganesha.com\/store\/wp-content\/uploads\/2017\/12\/bracelet-pierre-azurite.jpg?fit=661%2C647&ssl=1&resize=350%2C200","width":350,"height":200,"srcset":"https:\/\/i0.wp.com\/ganeshadreamstore.centreganesha.com\/store\/wp-content\/uploads\/2017\/12\/bracelet-pierre-azurite.jpg?fit=661%2C647&ssl=1&resize=350%2C200 1x, https:\/\/i0.wp.com\/ganeshadreamstore.centreganesha.com\/store\/wp-content\/uploads\/2017\/12\/bracelet-pierre-azurite.jpg?fit=661%2C647&ssl=1&resize=525%2C300 1.5x"},"classes":[]}],"_links":{"self":[{"href":"https:\/\/ganeshadreamstore.centreganesha.com\/store\/wp-json\/wp\/v2\/product\/70","targetHints":{"allow":["GET"]}}],"collection":[{"href":"https:\/\/ganeshadreamstore.centreganesha.com\/store\/wp-json\/wp\/v2\/product"}],"about":[{"href":"https:\/\/ganeshadreamstore.centreganesha.com\/store\/wp-json\/wp\/v2\/types\/product"}],"wp:featuredmedia":[{"embeddable":true,"href":"https:\/\/ganeshadreamstore.centreganesha.com\/store\/wp-json\/wp\/v2\/media\/71"}],"wp:attachment":[{"href":"https:\/\/ganeshadreamstore.centreganesha.com\/store\/wp-json\/wp\/v2\/media?parent=70"}],"wp:term":[{"taxonomy":"product_brand","embeddable":true,"href":"https:\/\/ganeshadreamstore.centreganesha.com\/store\/wp-json\/wp\/v2\/product_brand?post=70"},{"taxonomy":"product_cat","embeddable":true,"href":"https:\/\/ganeshadreamstore.centreganesha.com\/store\/wp-json\/wp\/v2\/product_cat?post=70"},{"taxonomy":"product_tag","embeddable":true,"href":"https:\/\/ganeshadreamstore.centreganesha.com\/store\/wp-json\/wp\/v2\/product_tag?post=70"}],"curies":[{"name":"wp","href":"https:\/\/api.w.org\/{rel}","templated":true}]}}