{"id":565,"date":"2017-12-25T19:30:23","date_gmt":"2017-12-25T18:30:23","guid":{"rendered":"http:\/\/www.ganeshadreamstore.centreganesha.com\/store\/?post_type=product&#038;p=565"},"modified":"2021-05-06T14:06:35","modified_gmt":"2021-05-06T12:06:35","slug":"poster-du-yin-yang","status":"publish","type":"product","link":"https:\/\/ganeshadreamstore.centreganesha.com\/store\/produit\/poster-du-yin-yang\/","title":{"rendered":"Poster du Yin-Yang"},"content":{"rendered":"","protected":false},"excerpt":{"rendered":"<p><strong>Ce poster du Yin-Yang totalement in\u00e9dit pour agr\u00e9menter votre int\u00e9rieur.<\/strong><\/p>\n<p>Le Yin et le Yang sont deux \u00e9nergies oppos\u00e9es et compl\u00e9mentaires. Les Chinois consid\u00e8rent le Yin et le Yang comme les deux facteurs d&rsquo;harmonie de l&rsquo;univers. Ces deux \u00e9nergies sont en interaction et ne peuvent exister l&rsquo;une sans l&rsquo;autre. Le Yin et le Yang sont le f\u00e9minin et le masculin, la nuit et le jour, le froid et le chaud&#8230; Cependant, rien n&rsquo;est tout \u00e0 fait Yin, ni tout \u00e0 fait Yang, le symbole du Yin et du Yang en est la repr\u00e9sentation parfaite. Dans ce symbole, la partie noire est le f\u00e9minin terre, la partie blanche le masculin c\u00e9leste mais le point \u00e0 l&rsquo;int\u00e9rieur de chaque spirale rappelle que l&rsquo;un ne peut vivre sans l&rsquo;autre.<\/p>\n<p>30 cm X 42 cm<\/p>\n","protected":false},"featured_media":566,"template":"","meta":{"jetpack_post_was_ever_published":false,"jetpack_publicize_message":"","jetpack_publicize_feature_enabled":true,"jetpack_social_post_already_shared":false,"jetpack_social_options":{"image_generator_settings":{"template":"highway","default_image_id":0,"font":"","enabled":false},"version":2}},"product_brand":[],"product_cat":[21],"product_tag":[109],"class_list":{"0":"post-565","1":"product","2":"type-product","3":"status-publish","4":"has-post-thumbnail","6":"product_cat-posters","7":"product_tag-poster-yin-yang","9":"first","10":"instock","11":"shipping-taxable","12":"purchasable","13":"product-type-simple"},"jetpack_publicize_connections":[],"jetpack_sharing_enabled":true,"jetpack_likes_enabled":true,"jetpack-related-posts":[{"id":539,"url":"https:\/\/ganeshadreamstore.centreganesha.com\/store\/produit\/petit-bracelet-mala-en-pierre-de-jaspe-avec-pendentif-om\/","url_meta":{"origin":565,"position":0},"title":"Petit bracelet mala en pierre de jaspe avec pendentif OM","author":"Centre Ganesha","date":"25 d\u00e9cembre 2017","format":false,"excerpt":"Petit bracelet mala de 23 perles en pierre\u00a0de Jaspe Kambala avec pendentif","rel":"","context":"Article similaire","block_context":{"text":"Article similaire","link":""},"img":{"alt_text":"","src":"https:\/\/i0.wp.com\/ganeshadreamstore.centreganesha.com\/store\/wp-content\/uploads\/2017\/12\/bracelet-pierre-jaspe-2.jpg?fit=701%2C649&ssl=1&resize=350%2C200","width":350,"height":200,"srcset":"https:\/\/i0.wp.com\/ganeshadreamstore.centreganesha.com\/store\/wp-content\/uploads\/2017\/12\/bracelet-pierre-jaspe-2.jpg?fit=701%2C649&ssl=1&resize=350%2C200 1x, https:\/\/i0.wp.com\/ganeshadreamstore.centreganesha.com\/store\/wp-content\/uploads\/2017\/12\/bracelet-pierre-jaspe-2.jpg?fit=701%2C649&ssl=1&resize=525%2C300 1.5x, https:\/\/i0.wp.com\/ganeshadreamstore.centreganesha.com\/store\/wp-content\/uploads\/2017\/12\/bracelet-pierre-jaspe-2.jpg?fit=701%2C649&ssl=1&resize=700%2C400 2x"},"classes":[]},{"id":563,"url":"https:\/\/ganeshadreamstore.centreganesha.com\/store\/produit\/poster-du-yantra\/","url_meta":{"origin":565,"position":1},"title":"poster du Yantra","author":"Centre Ganesha","date":"25 d\u00e9cembre 2017","format":false,"excerpt":"Poster in\u00e9dit du Sri Yantra en \u00e9dition limit\u00e9e. Le\u00a0Yantra\u00a0est un support graphique de m\u00e9ditation issu de la tradition\u00a0hindoue et repris par les bouddhistes.","rel":"","context":"Article similaire","block_context":{"text":"Article similaire","link":""},"img":{"alt_text":"","src":"https:\/\/i0.wp.com\/ganeshadreamstore.centreganesha.com\/store\/wp-content\/uploads\/2017\/12\/poster-yantra.jpg?fit=1200%2C982&ssl=1&resize=350%2C200","width":350,"height":200,"srcset":"https:\/\/i0.wp.com\/ganeshadreamstore.centreganesha.com\/store\/wp-content\/uploads\/2017\/12\/poster-yantra.jpg?fit=1200%2C982&ssl=1&resize=350%2C200 1x, https:\/\/i0.wp.com\/ganeshadreamstore.centreganesha.com\/store\/wp-content\/uploads\/2017\/12\/poster-yantra.jpg?fit=1200%2C982&ssl=1&resize=525%2C300 1.5x, https:\/\/i0.wp.com\/ganeshadreamstore.centreganesha.com\/store\/wp-content\/uploads\/2017\/12\/poster-yantra.jpg?fit=1200%2C982&ssl=1&resize=700%2C400 2x, https:\/\/i0.wp.com\/ganeshadreamstore.centreganesha.com\/store\/wp-content\/uploads\/2017\/12\/poster-yantra.jpg?fit=1200%2C982&ssl=1&resize=1050%2C600 3x"},"classes":[]},{"id":760,"url":"https:\/\/ganeshadreamstore.centreganesha.com\/store\/produit\/collier-pendentif-sacre-shri-yantra-abondance\/","url_meta":{"origin":565,"position":2},"title":"Collier pendentif sacr\u00e9 Shri Yantra, \u00ab\u00a0Abondance\u00a0\u00bb","author":"Centre Ganesha","date":"7 janvier 2018","format":false,"excerpt":"Collier pendentif sacr\u00e9 Shri Yantra \"Abondance\" Ce symbole sacr\u00e9 est mont\u00e9 sur un verre de tr\u00e8s haute qualit\u00e9. Le Shri Yantra est l'un des Yantras les plus puissants au monde symbolisant la cr\u00e9ation de l'Univers. Am\u00e9liorez votre prosp\u00e9rit\u00e9\u00a0avec la puissance de la g\u00e9om\u00e9trie sacr\u00e9e.","rel":"","context":"Article similaire","block_context":{"text":"Article similaire","link":""},"img":{"alt_text":"","src":"https:\/\/i0.wp.com\/ganeshadreamstore.centreganesha.com\/store\/wp-content\/uploads\/2018\/01\/pendentif-sri-yantra-abondance.jpg?fit=389%2C392&ssl=1&resize=350%2C200","width":350,"height":200},"classes":[]},{"id":1423,"url":"https:\/\/ganeshadreamstore.centreganesha.com\/store\/produit\/pendentif-fleur-de-vie\/","url_meta":{"origin":565,"position":3},"title":"Pendentif Fleur de vie","author":"Centre Ganesha","date":"26 d\u00e9cembre 2021","format":false,"excerpt":"Pendentif\u00a0 fleur de vie\u00a0 en acier inoxydable, taille : 32 mm X 30 mm avec sa cha\u00eene de 45 cm + 5cm 2 mod\u00e8les : couleur or ou argent","rel":"","context":"Article similaire","block_context":{"text":"Article similaire","link":""},"img":{"alt_text":"","src":"https:\/\/i0.wp.com\/ganeshadreamstore.centreganesha.com\/store\/wp-content\/uploads\/2021\/12\/fleur-de-vie-pendentif2.jpg?fit=428%2C403&ssl=1&resize=350%2C200","width":350,"height":200},"classes":[]},{"id":1421,"url":"https:\/\/ganeshadreamstore.centreganesha.com\/store\/produit\/fleur-de-vie-en-bois\/","url_meta":{"origin":565,"position":4},"title":"Fleur de vie en bois","author":"Centre Ganesha","date":"26 d\u00e9cembre 2021","format":false,"excerpt":"G\u00e9om\u00e9trie sacr\u00e9e : Fleur de Vie Cette fleur de vie en bois et d\u00e9coup\u00e9e au laser vous apportera tous les bienfaits de son onde de forme. \u00c9paisseur: 5mm\u00a0 Taille: diam\u00e8tre: 14cm","rel":"","context":"Article similaire","block_context":{"text":"Article similaire","link":""},"img":{"alt_text":"","src":"https:\/\/i0.wp.com\/ganeshadreamstore.centreganesha.com\/store\/wp-content\/uploads\/2021\/12\/fleur-de-vie-en-bois.jpg?fit=346%2C346&ssl=1&resize=350%2C200","width":350,"height":200},"classes":[]},{"id":363,"url":"https:\/\/ganeshadreamstore.centreganesha.com\/store\/produit\/collier-arbre-de-vie-en-goutte-deau\/","url_meta":{"origin":565,"position":5},"title":"Collier Arbre de Vie en goutte d&rsquo;eau","author":"Centre Ganesha","date":"25 d\u00e9cembre 2017","format":false,"excerpt":"Le\u00a0symbole de l'Arbre de Vie\u00a0repr\u00e9sente diff\u00e9rentes qualit\u00e9s et vertus comme la sagesse, la force, la protection, l\u2019\u00e9volution, le renouveau et la r\u00e9demption. De mani\u00e8re unanime, l'arbre de vie est l\u2019arbre qui unit le monde du ciel avec le monde de la terre. L\u2019Arbre de vie est une tr\u00e8s belle id\u00e9e\u2026","rel":"","context":"Article similaire","block_context":{"text":"Article similaire","link":""},"img":{"alt_text":"","src":"https:\/\/i0.wp.com\/ganeshadreamstore.centreganesha.com\/store\/wp-content\/uploads\/2017\/12\/collier-arbre-de-vie-goutte-d-eau.amethyste.jpg?fit=435%2C432&ssl=1&resize=350%2C200","width":350,"height":200},"classes":[]}],"_links":{"self":[{"href":"https:\/\/ganeshadreamstore.centreganesha.com\/store\/wp-json\/wp\/v2\/product\/565","targetHints":{"allow":["GET"]}}],"collection":[{"href":"https:\/\/ganeshadreamstore.centreganesha.com\/store\/wp-json\/wp\/v2\/product"}],"about":[{"href":"https:\/\/ganeshadreamstore.centreganesha.com\/store\/wp-json\/wp\/v2\/types\/product"}],"wp:featuredmedia":[{"embeddable":true,"href":"https:\/\/ganeshadreamstore.centreganesha.com\/store\/wp-json\/wp\/v2\/media\/566"}],"wp:attachment":[{"href":"https:\/\/ganeshadreamstore.centreganesha.com\/store\/wp-json\/wp\/v2\/media?parent=565"}],"wp:term":[{"taxonomy":"product_brand","embeddable":true,"href":"https:\/\/ganeshadreamstore.centreganesha.com\/store\/wp-json\/wp\/v2\/product_brand?post=565"},{"taxonomy":"product_cat","embeddable":true,"href":"https:\/\/ganeshadreamstore.centreganesha.com\/store\/wp-json\/wp\/v2\/product_cat?post=565"},{"taxonomy":"product_tag","embeddable":true,"href":"https:\/\/ganeshadreamstore.centreganesha.com\/store\/wp-json\/wp\/v2\/product_tag?post=565"}],"curies":[{"name":"wp","href":"https:\/\/api.w.org\/{rel}","templated":true}]}}