{"id":558,"date":"2017-12-25T19:21:28","date_gmt":"2017-12-25T18:21:28","guid":{"rendered":"http:\/\/www.ganeshadreamstore.centreganesha.com\/store\/?post_type=product&#038;p=558"},"modified":"2017-12-25T19:21:45","modified_gmt":"2017-12-25T18:21:45","slug":"poster-des-4-saisons-chinoises","status":"publish","type":"product","link":"https:\/\/ganeshadreamstore.centreganesha.com\/store\/produit\/poster-des-4-saisons-chinoises\/","title":{"rendered":"Poster des 4 saisons chinoises"},"content":{"rendered":"","protected":false},"excerpt":{"rendered":"<p><strong>Poster in\u00e9dit des 4 saisons chinoises en calligraphie chinoise \u00e0 \u00e9dition limit\u00e9e.<\/strong><\/p>\n<p>Printemps, \u00e9t\u00e9, automne, hiver. Chacune des saisons porte des qualit\u00e9s de vie dont vous pourrez vous inspirer (la vie et la lumi\u00e8re du printemps, la vie et la croissance de l\u2019\u00e9t\u00e9, la force et la puissance et l\u2019automne, la concentration et la r\u00e9g\u00e9n\u00e9ration de l\u2019hiver).<\/p>\n<p>30 cm X 42 cm<\/p>\n<p>Auteur : F. K. Adjam<\/p>\n","protected":false},"featured_media":559,"template":"","meta":{"jetpack_post_was_ever_published":false,"jetpack_publicize_message":"","jetpack_publicize_feature_enabled":true,"jetpack_social_post_already_shared":false,"jetpack_social_options":{"image_generator_settings":{"template":"highway","default_image_id":0,"font":"","enabled":false},"version":2}},"product_brand":[],"product_cat":[21],"product_tag":[107,28],"class_list":{"0":"post-558","1":"product","2":"type-product","3":"status-publish","4":"has-post-thumbnail","6":"product_cat-posters","7":"product_tag-les-4-saisons-chinoises","8":"product_tag-poster","10":"first","11":"instock","12":"shipping-taxable","13":"purchasable","14":"product-type-simple"},"jetpack_publicize_connections":[],"jetpack_sharing_enabled":true,"jetpack_likes_enabled":true,"jetpack-related-posts":[{"id":363,"url":"https:\/\/ganeshadreamstore.centreganesha.com\/store\/produit\/collier-arbre-de-vie-en-goutte-deau\/","url_meta":{"origin":558,"position":0},"title":"Collier Arbre de Vie en goutte d&rsquo;eau","author":"Centre Ganesha","date":"25 d\u00e9cembre 2017","format":false,"excerpt":"Le\u00a0symbole de l'Arbre de Vie\u00a0repr\u00e9sente diff\u00e9rentes qualit\u00e9s et vertus comme la sagesse, la force, la protection, l\u2019\u00e9volution, le renouveau et la r\u00e9demption. De mani\u00e8re unanime, l'arbre de vie est l\u2019arbre qui unit le monde du ciel avec le monde de la terre. L\u2019Arbre de vie est une tr\u00e8s belle id\u00e9e\u2026","rel":"","context":"Article similaire","block_context":{"text":"Article similaire","link":""},"img":{"alt_text":"","src":"https:\/\/i0.wp.com\/ganeshadreamstore.centreganesha.com\/store\/wp-content\/uploads\/2017\/12\/collier-arbre-de-vie-goutte-d-eau.amethyste.jpg?fit=435%2C432&ssl=1&resize=350%2C200","width":350,"height":200},"classes":[]},{"id":1423,"url":"https:\/\/ganeshadreamstore.centreganesha.com\/store\/produit\/pendentif-fleur-de-vie\/","url_meta":{"origin":558,"position":1},"title":"Pendentif Fleur de vie","author":"Centre Ganesha","date":"26 d\u00e9cembre 2021","format":false,"excerpt":"Pendentif\u00a0 fleur de vie\u00a0 en acier inoxydable, taille : 32 mm X 30 mm avec sa cha\u00eene de 45 cm + 5cm 2 mod\u00e8les : couleur or ou argent","rel":"","context":"Article similaire","block_context":{"text":"Article similaire","link":""},"img":{"alt_text":"","src":"https:\/\/i0.wp.com\/ganeshadreamstore.centreganesha.com\/store\/wp-content\/uploads\/2021\/12\/fleur-de-vie-pendentif2.jpg?fit=428%2C403&ssl=1&resize=350%2C200","width":350,"height":200},"classes":[]},{"id":1421,"url":"https:\/\/ganeshadreamstore.centreganesha.com\/store\/produit\/fleur-de-vie-en-bois\/","url_meta":{"origin":558,"position":2},"title":"Fleur de vie en bois","author":"Centre Ganesha","date":"26 d\u00e9cembre 2021","format":false,"excerpt":"G\u00e9om\u00e9trie sacr\u00e9e : Fleur de Vie Cette fleur de vie en bois et d\u00e9coup\u00e9e au laser vous apportera tous les bienfaits de son onde de forme. \u00c9paisseur: 5mm\u00a0 Taille: diam\u00e8tre: 14cm","rel":"","context":"Article similaire","block_context":{"text":"Article similaire","link":""},"img":{"alt_text":"","src":"https:\/\/i0.wp.com\/ganeshadreamstore.centreganesha.com\/store\/wp-content\/uploads\/2021\/12\/fleur-de-vie-en-bois.jpg?fit=346%2C346&ssl=1&resize=350%2C200","width":350,"height":200},"classes":[]},{"id":1259,"url":"https:\/\/ganeshadreamstore.centreganesha.com\/store\/produit\/maitre-de-sa-vie\/","url_meta":{"origin":558,"position":3},"title":"Ma\u00eetre de sa vie","author":"Centre Ganesha","date":"18 mai 2021","format":false,"excerpt":"Comment devenir le Ma\u00eetre de sa Vie\u00a0et avoir le pouvoir sur sa pens\u00e9e ? Ce cours en 10 le\u00e7ons t\u00e9l\u00e9chargeable d\u00e8s votre paiement, va vous permettre de faire un voyage int\u00e9rieur qui va transformer votre vie. D\u00e8s l'introduction, vous suivez les instructions qui vous permettrons d'acc\u00e9der \u00e0 chaque le\u00e7on. Chacune\u2026","rel":"","context":"Article similaire","block_context":{"text":"Article similaire","link":""},"img":{"alt_text":"","src":"https:\/\/i0.wp.com\/ganeshadreamstore.centreganesha.com\/store\/wp-content\/uploads\/2021\/05\/coverbook.jpg?fit=306%2C436&ssl=1&resize=350%2C200","width":350,"height":200},"classes":[]},{"id":552,"url":"https:\/\/ganeshadreamstore.centreganesha.com\/store\/produit\/poster-de-ganesh\/","url_meta":{"origin":558,"position":4},"title":"Poster de Ganesh","author":"Centre Ganesha","date":"25 d\u00e9cembre 2017","format":false,"excerpt":"Ce poster in\u00e9dit de Ganesh en noir et blanc,\u00a0le fils de Shiva et Parvati. Ganesh - la divinit\u00e9 principale des voyageurs, des marchands, des \u00e9tudiants, des gens de lettre et aussi ma\u00eetre de l'astrologie. Il est repr\u00e9sent\u00e9 sur ce poster avec 4 bras et les attributs correspondants, coiff\u00e9e d\u2019une couronne\u2026","rel":"","context":"Article similaire","block_context":{"text":"Article similaire","link":""},"img":{"alt_text":"","src":"https:\/\/i0.wp.com\/ganeshadreamstore.centreganesha.com\/store\/wp-content\/uploads\/2017\/12\/poster-ganesh-scaled.jpg?fit=900%2C1200&ssl=1&resize=350%2C200","width":350,"height":200,"srcset":"https:\/\/i0.wp.com\/ganeshadreamstore.centreganesha.com\/store\/wp-content\/uploads\/2017\/12\/poster-ganesh-scaled.jpg?fit=900%2C1200&ssl=1&resize=350%2C200 1x, https:\/\/i0.wp.com\/ganeshadreamstore.centreganesha.com\/store\/wp-content\/uploads\/2017\/12\/poster-ganesh-scaled.jpg?fit=900%2C1200&ssl=1&resize=525%2C300 1.5x, https:\/\/i0.wp.com\/ganeshadreamstore.centreganesha.com\/store\/wp-content\/uploads\/2017\/12\/poster-ganesh-scaled.jpg?fit=900%2C1200&ssl=1&resize=700%2C400 2x"},"classes":[]},{"id":760,"url":"https:\/\/ganeshadreamstore.centreganesha.com\/store\/produit\/collier-pendentif-sacre-shri-yantra-abondance\/","url_meta":{"origin":558,"position":5},"title":"Collier pendentif sacr\u00e9 Shri Yantra, \u00ab\u00a0Abondance\u00a0\u00bb","author":"Centre Ganesha","date":"7 janvier 2018","format":false,"excerpt":"Collier pendentif sacr\u00e9 Shri Yantra \"Abondance\" Ce symbole sacr\u00e9 est mont\u00e9 sur un verre de tr\u00e8s haute qualit\u00e9. Le Shri Yantra est l'un des Yantras les plus puissants au monde symbolisant la cr\u00e9ation de l'Univers. Am\u00e9liorez votre prosp\u00e9rit\u00e9\u00a0avec la puissance de la g\u00e9om\u00e9trie sacr\u00e9e.","rel":"","context":"Article similaire","block_context":{"text":"Article similaire","link":""},"img":{"alt_text":"","src":"https:\/\/i0.wp.com\/ganeshadreamstore.centreganesha.com\/store\/wp-content\/uploads\/2018\/01\/pendentif-sri-yantra-abondance.jpg?fit=389%2C392&ssl=1&resize=350%2C200","width":350,"height":200},"classes":[]}],"_links":{"self":[{"href":"https:\/\/ganeshadreamstore.centreganesha.com\/store\/wp-json\/wp\/v2\/product\/558","targetHints":{"allow":["GET"]}}],"collection":[{"href":"https:\/\/ganeshadreamstore.centreganesha.com\/store\/wp-json\/wp\/v2\/product"}],"about":[{"href":"https:\/\/ganeshadreamstore.centreganesha.com\/store\/wp-json\/wp\/v2\/types\/product"}],"wp:featuredmedia":[{"embeddable":true,"href":"https:\/\/ganeshadreamstore.centreganesha.com\/store\/wp-json\/wp\/v2\/media\/559"}],"wp:attachment":[{"href":"https:\/\/ganeshadreamstore.centreganesha.com\/store\/wp-json\/wp\/v2\/media?parent=558"}],"wp:term":[{"taxonomy":"product_brand","embeddable":true,"href":"https:\/\/ganeshadreamstore.centreganesha.com\/store\/wp-json\/wp\/v2\/product_brand?post=558"},{"taxonomy":"product_cat","embeddable":true,"href":"https:\/\/ganeshadreamstore.centreganesha.com\/store\/wp-json\/wp\/v2\/product_cat?post=558"},{"taxonomy":"product_tag","embeddable":true,"href":"https:\/\/ganeshadreamstore.centreganesha.com\/store\/wp-json\/wp\/v2\/product_tag?post=558"}],"curies":[{"name":"wp","href":"https:\/\/api.w.org\/{rel}","templated":true}]}}