{"id":552,"date":"2017-12-25T19:13:47","date_gmt":"2017-12-25T18:13:47","guid":{"rendered":"http:\/\/www.ganeshadreamstore.centreganesha.com\/store\/?post_type=product&#038;p=552"},"modified":"2017-12-25T19:13:47","modified_gmt":"2017-12-25T18:13:47","slug":"poster-de-ganesh","status":"publish","type":"product","link":"https:\/\/ganeshadreamstore.centreganesha.com\/store\/produit\/poster-de-ganesh\/","title":{"rendered":"Poster de Ganesh"},"content":{"rendered":"","protected":false},"excerpt":{"rendered":"<p><strong>Ce poster in\u00e9dit de Ganesh en noir et blanc,<\/strong>\u00a0le fils de Shiva et Parvati. Ganesh &#8211; la divinit\u00e9 principale des voyageurs, des marchands, des \u00e9tudiants, des gens de lettre et aussi ma\u00eetre de l&rsquo;astrologie. Il est repr\u00e9sent\u00e9 sur ce poster avec 4 bras et les attributs correspondants, coiff\u00e9e d\u2019une couronne avec son v\u00e9hicule, le rat.<\/p>\n<p>21 cm X 29.7 cm<\/p>\n","protected":false},"featured_media":553,"template":"","meta":{"jetpack_post_was_ever_published":false,"jetpack_publicize_message":"","jetpack_publicize_feature_enabled":true,"jetpack_social_post_already_shared":false,"jetpack_social_options":{"image_generator_settings":{"template":"highway","default_image_id":0,"font":"","enabled":false},"version":2}},"product_brand":[],"product_cat":[21],"product_tag":[105,104],"class_list":{"0":"post-552","1":"product","2":"type-product","3":"status-publish","4":"has-post-thumbnail","6":"product_cat-posters","7":"product_tag-ganesh","8":"product_tag-poster-de-ganesh-noir-et-blanc","10":"first","11":"instock","12":"sale","13":"shipping-taxable","14":"purchasable","15":"product-type-simple"},"jetpack_publicize_connections":[],"jetpack_sharing_enabled":true,"jetpack_likes_enabled":true,"jetpack-related-posts":[{"id":555,"url":"https:\/\/ganeshadreamstore.centreganesha.com\/store\/produit\/poster-de-ganesh-et-lakshmi\/","url_meta":{"origin":552,"position":0},"title":"poster de Ganesh et Lakshmi","author":"Centre Ganesha","date":"25 d\u00e9cembre 2017","format":false,"excerpt":"Ce poster traditionnel de Ganesh et Lakshmi ensemble. Ces 2 bienfaiteurs, Ganesh qui enl\u00e8ve les obstacles et Lakshmi qui aide \u00e0 d\u00e9velopper la richesse int\u00e9rieure, sont indispensables dans une maison pour se rappeler combien il est important\u00a0 d'avancer dans sa vie de fa\u00e7on positive. 21 cm X 29.7 cm","rel":"","context":"Article similaire","block_context":{"text":"Article similaire","link":""},"img":{"alt_text":"","src":"https:\/\/i0.wp.com\/ganeshadreamstore.centreganesha.com\/store\/wp-content\/uploads\/2017\/12\/poster-ganesh-lakshmi.jpg?fit=900%2C1200&ssl=1&resize=350%2C200","width":350,"height":200,"srcset":"https:\/\/i0.wp.com\/ganeshadreamstore.centreganesha.com\/store\/wp-content\/uploads\/2017\/12\/poster-ganesh-lakshmi.jpg?fit=900%2C1200&ssl=1&resize=350%2C200 1x, https:\/\/i0.wp.com\/ganeshadreamstore.centreganesha.com\/store\/wp-content\/uploads\/2017\/12\/poster-ganesh-lakshmi.jpg?fit=900%2C1200&ssl=1&resize=525%2C300 1.5x, https:\/\/i0.wp.com\/ganeshadreamstore.centreganesha.com\/store\/wp-content\/uploads\/2017\/12\/poster-ganesh-lakshmi.jpg?fit=900%2C1200&ssl=1&resize=700%2C400 2x"},"classes":[]},{"id":520,"url":"https:\/\/ganeshadreamstore.centreganesha.com\/store\/produit\/pendentif-ganesh-en-obsidienne\/","url_meta":{"origin":552,"position":1},"title":"Pendentif Ganesh en obsidienne","author":"Centre Ganesha","date":"25 d\u00e9cembre 2017","format":false,"excerpt":"Ganesh en obsidienne noire\u00a0\u00e0 porter pour enlever les obstacles de son chemin. L'obsidienne noire\u00a0est l'une des pierres\u00a0les plus puissantes de la nature. Elle augmente la force vitale, donne de l'\u00e9nergie et attire des opportunit\u00e9s. Elle vous aide a vous reconnecter \u00e0 votre \u00e2me\u00a0et \u00e0 \u00eatre guid\u00e9 vers votre but de\u2026","rel":"","context":"Article similaire","block_context":{"text":"Article similaire","link":""},"img":{"alt_text":"","src":"https:\/\/i0.wp.com\/ganeshadreamstore.centreganesha.com\/store\/wp-content\/uploads\/2017\/12\/collier-ganesh-obsidienne2.jpg?fit=484%2C483&ssl=1&resize=350%2C200","width":350,"height":200},"classes":[]},{"id":459,"url":"https:\/\/ganeshadreamstore.centreganesha.com\/store\/produit\/les-mugs-de-ganesh-inedits\/","url_meta":{"origin":552,"position":2},"title":"Les Mugs de Ganesh in\u00e9dits","author":"Centre Ganesha","date":"25 d\u00e9cembre 2017","format":false,"excerpt":"Mug en c\u00e9ramique blanche avec anse en forme de C en \u00e9dition limit\u00e9e, originale et exclusive. Illustr\u00e9e sur 2 faces pour que les droitiers et les gauchers puissent profiter du motif. Capacit\u00e9 de 325 ml 95 millim\u00e8tres de hauteur, 82 millim\u00e8tres de diam\u00e8tre, lavable au lave-vaisselle. 2 mod\u00e8les au choix\u2026","rel":"","context":"Article similaire","block_context":{"text":"Article similaire","link":""},"img":{"alt_text":"","src":"https:\/\/i0.wp.com\/ganeshadreamstore.centreganesha.com\/store\/wp-content\/uploads\/2017\/12\/mug-kundalini.jpg?fit=413%2C389&ssl=1&resize=350%2C200","width":350,"height":200},"classes":[]},{"id":561,"url":"https:\/\/ganeshadreamstore.centreganesha.com\/store\/produit\/poster-des-chakras\/","url_meta":{"origin":552,"position":3},"title":"poster des Chakras","author":"Centre Ganesha","date":"25 d\u00e9cembre 2017","format":false,"excerpt":"Ce poster in\u00e9dit des 7 Chakras conviendra pour\u00a0d\u00e9corer votre espace de m\u00e9ditation ou de pratique de Yoga. Totalement \u00e9pur\u00e9e, elle vous aidera \u00e0 vider votre mental et \u00e0 vous concentrer sur vos sensations. 30 cm X 42 cm Auteur : F. K. Adjam","rel":"","context":"Article similaire","block_context":{"text":"Article similaire","link":""},"img":{"alt_text":"","src":"https:\/\/i0.wp.com\/ganeshadreamstore.centreganesha.com\/store\/wp-content\/uploads\/2017\/12\/poster-chakras2.jpg?fit=835%2C1200&ssl=1&resize=350%2C200","width":350,"height":200,"srcset":"https:\/\/i0.wp.com\/ganeshadreamstore.centreganesha.com\/store\/wp-content\/uploads\/2017\/12\/poster-chakras2.jpg?fit=835%2C1200&ssl=1&resize=350%2C200 1x, https:\/\/i0.wp.com\/ganeshadreamstore.centreganesha.com\/store\/wp-content\/uploads\/2017\/12\/poster-chakras2.jpg?fit=835%2C1200&ssl=1&resize=525%2C300 1.5x, https:\/\/i0.wp.com\/ganeshadreamstore.centreganesha.com\/store\/wp-content\/uploads\/2017\/12\/poster-chakras2.jpg?fit=835%2C1200&ssl=1&resize=700%2C400 2x"},"classes":[]},{"id":558,"url":"https:\/\/ganeshadreamstore.centreganesha.com\/store\/produit\/poster-des-4-saisons-chinoises\/","url_meta":{"origin":552,"position":4},"title":"Poster des 4 saisons chinoises","author":"Centre Ganesha","date":"25 d\u00e9cembre 2017","format":false,"excerpt":"Poster in\u00e9dit des 4 saisons chinoises en calligraphie chinoise \u00e0 \u00e9dition limit\u00e9e. Printemps, \u00e9t\u00e9, automne, hiver. Chacune des saisons porte des qualit\u00e9s de vie dont vous pourrez vous inspirer (la vie et la lumi\u00e8re du printemps, la vie et la croissance de l\u2019\u00e9t\u00e9, la force et la puissance et l\u2019automne,\u2026","rel":"","context":"Article similaire","block_context":{"text":"Article similaire","link":""},"img":{"alt_text":"","src":"https:\/\/i0.wp.com\/ganeshadreamstore.centreganesha.com\/store\/wp-content\/uploads\/2017\/12\/poster-4-saisons.jpg?fit=1200%2C960&ssl=1&resize=350%2C200","width":350,"height":200,"srcset":"https:\/\/i0.wp.com\/ganeshadreamstore.centreganesha.com\/store\/wp-content\/uploads\/2017\/12\/poster-4-saisons.jpg?fit=1200%2C960&ssl=1&resize=350%2C200 1x, https:\/\/i0.wp.com\/ganeshadreamstore.centreganesha.com\/store\/wp-content\/uploads\/2017\/12\/poster-4-saisons.jpg?fit=1200%2C960&ssl=1&resize=525%2C300 1.5x, https:\/\/i0.wp.com\/ganeshadreamstore.centreganesha.com\/store\/wp-content\/uploads\/2017\/12\/poster-4-saisons.jpg?fit=1200%2C960&ssl=1&resize=700%2C400 2x, https:\/\/i0.wp.com\/ganeshadreamstore.centreganesha.com\/store\/wp-content\/uploads\/2017\/12\/poster-4-saisons.jpg?fit=1200%2C960&ssl=1&resize=1050%2C600 3x"},"classes":[]},{"id":563,"url":"https:\/\/ganeshadreamstore.centreganesha.com\/store\/produit\/poster-du-yantra\/","url_meta":{"origin":552,"position":5},"title":"poster du Yantra","author":"Centre Ganesha","date":"25 d\u00e9cembre 2017","format":false,"excerpt":"Poster in\u00e9dit du Sri Yantra en \u00e9dition limit\u00e9e. Le\u00a0Yantra\u00a0est un support graphique de m\u00e9ditation issu de la tradition\u00a0hindoue et repris par les bouddhistes.","rel":"","context":"Article similaire","block_context":{"text":"Article similaire","link":""},"img":{"alt_text":"","src":"https:\/\/i0.wp.com\/ganeshadreamstore.centreganesha.com\/store\/wp-content\/uploads\/2017\/12\/poster-yantra.jpg?fit=1200%2C982&ssl=1&resize=350%2C200","width":350,"height":200,"srcset":"https:\/\/i0.wp.com\/ganeshadreamstore.centreganesha.com\/store\/wp-content\/uploads\/2017\/12\/poster-yantra.jpg?fit=1200%2C982&ssl=1&resize=350%2C200 1x, https:\/\/i0.wp.com\/ganeshadreamstore.centreganesha.com\/store\/wp-content\/uploads\/2017\/12\/poster-yantra.jpg?fit=1200%2C982&ssl=1&resize=525%2C300 1.5x, https:\/\/i0.wp.com\/ganeshadreamstore.centreganesha.com\/store\/wp-content\/uploads\/2017\/12\/poster-yantra.jpg?fit=1200%2C982&ssl=1&resize=700%2C400 2x, https:\/\/i0.wp.com\/ganeshadreamstore.centreganesha.com\/store\/wp-content\/uploads\/2017\/12\/poster-yantra.jpg?fit=1200%2C982&ssl=1&resize=1050%2C600 3x"},"classes":[]}],"_links":{"self":[{"href":"https:\/\/ganeshadreamstore.centreganesha.com\/store\/wp-json\/wp\/v2\/product\/552","targetHints":{"allow":["GET"]}}],"collection":[{"href":"https:\/\/ganeshadreamstore.centreganesha.com\/store\/wp-json\/wp\/v2\/product"}],"about":[{"href":"https:\/\/ganeshadreamstore.centreganesha.com\/store\/wp-json\/wp\/v2\/types\/product"}],"wp:featuredmedia":[{"embeddable":true,"href":"https:\/\/ganeshadreamstore.centreganesha.com\/store\/wp-json\/wp\/v2\/media\/553"}],"wp:attachment":[{"href":"https:\/\/ganeshadreamstore.centreganesha.com\/store\/wp-json\/wp\/v2\/media?parent=552"}],"wp:term":[{"taxonomy":"product_brand","embeddable":true,"href":"https:\/\/ganeshadreamstore.centreganesha.com\/store\/wp-json\/wp\/v2\/product_brand?post=552"},{"taxonomy":"product_cat","embeddable":true,"href":"https:\/\/ganeshadreamstore.centreganesha.com\/store\/wp-json\/wp\/v2\/product_cat?post=552"},{"taxonomy":"product_tag","embeddable":true,"href":"https:\/\/ganeshadreamstore.centreganesha.com\/store\/wp-json\/wp\/v2\/product_tag?post=552"}],"curies":[{"name":"wp","href":"https:\/\/api.w.org\/{rel}","templated":true}]}}