{"id":548,"date":"2017-12-25T19:10:04","date_gmt":"2017-12-25T18:10:04","guid":{"rendered":"http:\/\/www.ganeshadreamstore.centreganesha.com\/store\/?post_type=product&#038;p=548"},"modified":"2017-12-25T19:10:04","modified_gmt":"2017-12-25T18:10:04","slug":"poster-dastrologie","status":"publish","type":"product","link":"https:\/\/ganeshadreamstore.centreganesha.com\/store\/produit\/poster-dastrologie\/","title":{"rendered":"Poster d&rsquo;astrologie"},"content":{"rendered":"","protected":false},"excerpt":{"rendered":"<p><strong>Pour tous ceux qui s&rsquo;int\u00e9ressent \u00e0 la connaissance de soi par l&rsquo;astrologie, voici un poster in\u00e9dit complet qui r\u00e9sume une bonne partie des donn\u00e9es et en facilite l&rsquo;\u00e9tude.<\/strong><\/p>\n<p>Peut \u00e9galement servir de d\u00e9coration sur un mur.<\/p>\n<p>dimensions : 30 cm X 42 cm<\/p>\n","protected":false},"featured_media":549,"template":"","meta":{"jetpack_post_was_ever_published":false,"jetpack_publicize_message":"","jetpack_publicize_feature_enabled":true,"jetpack_social_post_already_shared":false,"jetpack_social_options":{"image_generator_settings":{"template":"highway","default_image_id":0,"font":"","enabled":false},"version":2}},"product_brand":[],"product_cat":[21],"product_tag":[103],"class_list":{"0":"post-548","1":"product","2":"type-product","3":"status-publish","4":"has-post-thumbnail","6":"product_cat-posters","7":"product_tag-poster-dastrologie","9":"first","10":"instock","11":"shipping-taxable","12":"purchasable","13":"product-type-simple"},"jetpack_publicize_connections":[],"jetpack_sharing_enabled":true,"jetpack_likes_enabled":true,"jetpack-related-posts":[{"id":555,"url":"https:\/\/ganeshadreamstore.centreganesha.com\/store\/produit\/poster-de-ganesh-et-lakshmi\/","url_meta":{"origin":548,"position":0},"title":"poster de Ganesh et Lakshmi","author":"Centre Ganesha","date":"25 d\u00e9cembre 2017","format":false,"excerpt":"Ce poster traditionnel de Ganesh et Lakshmi ensemble. Ces 2 bienfaiteurs, Ganesh qui enl\u00e8ve les obstacles et Lakshmi qui aide \u00e0 d\u00e9velopper la richesse int\u00e9rieure, sont indispensables dans une maison pour se rappeler combien il est important\u00a0 d'avancer dans sa vie de fa\u00e7on positive. 21 cm X 29.7 cm","rel":"","context":"Article similaire","block_context":{"text":"Article similaire","link":""},"img":{"alt_text":"","src":"https:\/\/i0.wp.com\/ganeshadreamstore.centreganesha.com\/store\/wp-content\/uploads\/2017\/12\/poster-ganesh-lakshmi.jpg?fit=900%2C1200&ssl=1&resize=350%2C200","width":350,"height":200,"srcset":"https:\/\/i0.wp.com\/ganeshadreamstore.centreganesha.com\/store\/wp-content\/uploads\/2017\/12\/poster-ganesh-lakshmi.jpg?fit=900%2C1200&ssl=1&resize=350%2C200 1x, https:\/\/i0.wp.com\/ganeshadreamstore.centreganesha.com\/store\/wp-content\/uploads\/2017\/12\/poster-ganesh-lakshmi.jpg?fit=900%2C1200&ssl=1&resize=525%2C300 1.5x, https:\/\/i0.wp.com\/ganeshadreamstore.centreganesha.com\/store\/wp-content\/uploads\/2017\/12\/poster-ganesh-lakshmi.jpg?fit=900%2C1200&ssl=1&resize=700%2C400 2x"},"classes":[]},{"id":563,"url":"https:\/\/ganeshadreamstore.centreganesha.com\/store\/produit\/poster-du-yantra\/","url_meta":{"origin":548,"position":1},"title":"poster du Yantra","author":"Centre Ganesha","date":"25 d\u00e9cembre 2017","format":false,"excerpt":"Poster in\u00e9dit du Sri Yantra en \u00e9dition limit\u00e9e. Le\u00a0Yantra\u00a0est un support graphique de m\u00e9ditation issu de la tradition\u00a0hindoue et repris par les bouddhistes.","rel":"","context":"Article similaire","block_context":{"text":"Article similaire","link":""},"img":{"alt_text":"","src":"https:\/\/i0.wp.com\/ganeshadreamstore.centreganesha.com\/store\/wp-content\/uploads\/2017\/12\/poster-yantra.jpg?fit=1200%2C982&ssl=1&resize=350%2C200","width":350,"height":200,"srcset":"https:\/\/i0.wp.com\/ganeshadreamstore.centreganesha.com\/store\/wp-content\/uploads\/2017\/12\/poster-yantra.jpg?fit=1200%2C982&ssl=1&resize=350%2C200 1x, https:\/\/i0.wp.com\/ganeshadreamstore.centreganesha.com\/store\/wp-content\/uploads\/2017\/12\/poster-yantra.jpg?fit=1200%2C982&ssl=1&resize=525%2C300 1.5x, https:\/\/i0.wp.com\/ganeshadreamstore.centreganesha.com\/store\/wp-content\/uploads\/2017\/12\/poster-yantra.jpg?fit=1200%2C982&ssl=1&resize=700%2C400 2x, https:\/\/i0.wp.com\/ganeshadreamstore.centreganesha.com\/store\/wp-content\/uploads\/2017\/12\/poster-yantra.jpg?fit=1200%2C982&ssl=1&resize=1050%2C600 3x"},"classes":[]},{"id":561,"url":"https:\/\/ganeshadreamstore.centreganesha.com\/store\/produit\/poster-des-chakras\/","url_meta":{"origin":548,"position":2},"title":"poster des Chakras","author":"Centre Ganesha","date":"25 d\u00e9cembre 2017","format":false,"excerpt":"Ce poster in\u00e9dit des 7 Chakras conviendra pour\u00a0d\u00e9corer votre espace de m\u00e9ditation ou de pratique de Yoga. Totalement \u00e9pur\u00e9e, elle vous aidera \u00e0 vider votre mental et \u00e0 vous concentrer sur vos sensations. 30 cm X 42 cm Auteur : F. K. Adjam","rel":"","context":"Article similaire","block_context":{"text":"Article similaire","link":""},"img":{"alt_text":"","src":"https:\/\/i0.wp.com\/ganeshadreamstore.centreganesha.com\/store\/wp-content\/uploads\/2017\/12\/poster-chakras2.jpg?fit=835%2C1200&ssl=1&resize=350%2C200","width":350,"height":200,"srcset":"https:\/\/i0.wp.com\/ganeshadreamstore.centreganesha.com\/store\/wp-content\/uploads\/2017\/12\/poster-chakras2.jpg?fit=835%2C1200&ssl=1&resize=350%2C200 1x, https:\/\/i0.wp.com\/ganeshadreamstore.centreganesha.com\/store\/wp-content\/uploads\/2017\/12\/poster-chakras2.jpg?fit=835%2C1200&ssl=1&resize=525%2C300 1.5x, https:\/\/i0.wp.com\/ganeshadreamstore.centreganesha.com\/store\/wp-content\/uploads\/2017\/12\/poster-chakras2.jpg?fit=835%2C1200&ssl=1&resize=700%2C400 2x"},"classes":[]},{"id":552,"url":"https:\/\/ganeshadreamstore.centreganesha.com\/store\/produit\/poster-de-ganesh\/","url_meta":{"origin":548,"position":3},"title":"Poster de Ganesh","author":"Centre Ganesha","date":"25 d\u00e9cembre 2017","format":false,"excerpt":"Ce poster in\u00e9dit de Ganesh en noir et blanc,\u00a0le fils de Shiva et Parvati. Ganesh - la divinit\u00e9 principale des voyageurs, des marchands, des \u00e9tudiants, des gens de lettre et aussi ma\u00eetre de l'astrologie. Il est repr\u00e9sent\u00e9 sur ce poster avec 4 bras et les attributs correspondants, coiff\u00e9e d\u2019une couronne\u2026","rel":"","context":"Article similaire","block_context":{"text":"Article similaire","link":""},"img":{"alt_text":"","src":"https:\/\/i0.wp.com\/ganeshadreamstore.centreganesha.com\/store\/wp-content\/uploads\/2017\/12\/poster-ganesh-scaled.jpg?fit=900%2C1200&ssl=1&resize=350%2C200","width":350,"height":200,"srcset":"https:\/\/i0.wp.com\/ganeshadreamstore.centreganesha.com\/store\/wp-content\/uploads\/2017\/12\/poster-ganesh-scaled.jpg?fit=900%2C1200&ssl=1&resize=350%2C200 1x, https:\/\/i0.wp.com\/ganeshadreamstore.centreganesha.com\/store\/wp-content\/uploads\/2017\/12\/poster-ganesh-scaled.jpg?fit=900%2C1200&ssl=1&resize=525%2C300 1.5x, https:\/\/i0.wp.com\/ganeshadreamstore.centreganesha.com\/store\/wp-content\/uploads\/2017\/12\/poster-ganesh-scaled.jpg?fit=900%2C1200&ssl=1&resize=700%2C400 2x"},"classes":[]},{"id":558,"url":"https:\/\/ganeshadreamstore.centreganesha.com\/store\/produit\/poster-des-4-saisons-chinoises\/","url_meta":{"origin":548,"position":4},"title":"Poster des 4 saisons chinoises","author":"Centre Ganesha","date":"25 d\u00e9cembre 2017","format":false,"excerpt":"Poster in\u00e9dit des 4 saisons chinoises en calligraphie chinoise \u00e0 \u00e9dition limit\u00e9e. Printemps, \u00e9t\u00e9, automne, hiver. Chacune des saisons porte des qualit\u00e9s de vie dont vous pourrez vous inspirer (la vie et la lumi\u00e8re du printemps, la vie et la croissance de l\u2019\u00e9t\u00e9, la force et la puissance et l\u2019automne,\u2026","rel":"","context":"Article similaire","block_context":{"text":"Article similaire","link":""},"img":{"alt_text":"","src":"https:\/\/i0.wp.com\/ganeshadreamstore.centreganesha.com\/store\/wp-content\/uploads\/2017\/12\/poster-4-saisons.jpg?fit=1200%2C960&ssl=1&resize=350%2C200","width":350,"height":200,"srcset":"https:\/\/i0.wp.com\/ganeshadreamstore.centreganesha.com\/store\/wp-content\/uploads\/2017\/12\/poster-4-saisons.jpg?fit=1200%2C960&ssl=1&resize=350%2C200 1x, https:\/\/i0.wp.com\/ganeshadreamstore.centreganesha.com\/store\/wp-content\/uploads\/2017\/12\/poster-4-saisons.jpg?fit=1200%2C960&ssl=1&resize=525%2C300 1.5x, https:\/\/i0.wp.com\/ganeshadreamstore.centreganesha.com\/store\/wp-content\/uploads\/2017\/12\/poster-4-saisons.jpg?fit=1200%2C960&ssl=1&resize=700%2C400 2x, https:\/\/i0.wp.com\/ganeshadreamstore.centreganesha.com\/store\/wp-content\/uploads\/2017\/12\/poster-4-saisons.jpg?fit=1200%2C960&ssl=1&resize=1050%2C600 3x"},"classes":[]},{"id":63,"url":"https:\/\/ganeshadreamstore.centreganesha.com\/store\/produit\/directions\/","url_meta":{"origin":548,"position":5},"title":"\u00ab\u00a0Directions\u00a0\u00bb","author":"Centre Ganesha","date":"24 d\u00e9cembre 2017","format":false,"excerpt":"Poster d'une peinture acrylique intitul\u00e9e \"Directions\" format 30 cm X 40 cm.","rel":"","context":"Article similaire","block_context":{"text":"Article similaire","link":""},"img":{"alt_text":"","src":"https:\/\/i0.wp.com\/ganeshadreamstore.centreganesha.com\/store\/wp-content\/uploads\/2017\/12\/directions2.jpg?fit=873%2C1200&ssl=1&resize=350%2C200","width":350,"height":200,"srcset":"https:\/\/i0.wp.com\/ganeshadreamstore.centreganesha.com\/store\/wp-content\/uploads\/2017\/12\/directions2.jpg?fit=873%2C1200&ssl=1&resize=350%2C200 1x, https:\/\/i0.wp.com\/ganeshadreamstore.centreganesha.com\/store\/wp-content\/uploads\/2017\/12\/directions2.jpg?fit=873%2C1200&ssl=1&resize=525%2C300 1.5x, https:\/\/i0.wp.com\/ganeshadreamstore.centreganesha.com\/store\/wp-content\/uploads\/2017\/12\/directions2.jpg?fit=873%2C1200&ssl=1&resize=700%2C400 2x"},"classes":[]}],"_links":{"self":[{"href":"https:\/\/ganeshadreamstore.centreganesha.com\/store\/wp-json\/wp\/v2\/product\/548","targetHints":{"allow":["GET"]}}],"collection":[{"href":"https:\/\/ganeshadreamstore.centreganesha.com\/store\/wp-json\/wp\/v2\/product"}],"about":[{"href":"https:\/\/ganeshadreamstore.centreganesha.com\/store\/wp-json\/wp\/v2\/types\/product"}],"wp:featuredmedia":[{"embeddable":true,"href":"https:\/\/ganeshadreamstore.centreganesha.com\/store\/wp-json\/wp\/v2\/media\/549"}],"wp:attachment":[{"href":"https:\/\/ganeshadreamstore.centreganesha.com\/store\/wp-json\/wp\/v2\/media?parent=548"}],"wp:term":[{"taxonomy":"product_brand","embeddable":true,"href":"https:\/\/ganeshadreamstore.centreganesha.com\/store\/wp-json\/wp\/v2\/product_brand?post=548"},{"taxonomy":"product_cat","embeddable":true,"href":"https:\/\/ganeshadreamstore.centreganesha.com\/store\/wp-json\/wp\/v2\/product_cat?post=548"},{"taxonomy":"product_tag","embeddable":true,"href":"https:\/\/ganeshadreamstore.centreganesha.com\/store\/wp-json\/wp\/v2\/product_tag?post=548"}],"curies":[{"name":"wp","href":"https:\/\/api.w.org\/{rel}","templated":true}]}}