{"id":539,"date":"2017-12-25T18:20:12","date_gmt":"2017-12-25T17:20:12","guid":{"rendered":"http:\/\/www.ganeshadreamstore.centreganesha.com\/store\/?post_type=product&#038;p=539"},"modified":"2017-12-25T18:20:12","modified_gmt":"2017-12-25T17:20:12","slug":"petit-bracelet-mala-en-pierre-de-jaspe-avec-pendentif-om","status":"publish","type":"product","link":"https:\/\/ganeshadreamstore.centreganesha.com\/store\/produit\/petit-bracelet-mala-en-pierre-de-jaspe-avec-pendentif-om\/","title":{"rendered":"Petit bracelet mala en pierre de jaspe avec pendentif OM"},"content":{"rendered":"<p>Bienfaits et vertus du Jaspe :<\/p>\n<p>Cette\u00a0pierre est aussi appel\u00e9e\u00a0<strong>P<\/strong><strong>rotecteur Supr\u00eame<\/strong>.<br \/>\n<strong>Ses \u00e9nergies apportent soutien et s\u00e9r\u00e9nit\u00e9\u00a0<\/strong>dans les moments difficiles.<br \/>\nLe Jaspe \u00e9quilibre le yin et le yang et<strong>\u00a0harmonise le corps physique, \u00e9motionnel et mental<\/strong>\u00a0avec le monde \u00e9th\u00e9rique.<\/p>\n<p>Elle aide \u00e0 une\u00a0<strong>plus grande ouverture d\u2019esprit<\/strong>\u00a0et\u00a0favorise l\u2019<strong>acceptation de soi<\/strong>.<\/p>\n<p>Particuli\u00e8rement efficace\u00a0pour les personnes qui ont besoin de se retrouver int\u00e9rieurement et qui ont \u00e9galement besoin d\u2019un soutien sur le chemin de leur existence.<\/p>\n<p>Cette pierre est \u00e9galement\u00a0<strong>tr\u00e8s utile en s\u00e9ance de m\u00e9ditation<\/strong>. Car elle permet d\u2019<strong>atteindre au plus profond de nous, la sagesse<\/strong>\u00a0mais \u00e9galement de nous rapprocher de la nature et et de nos racines.<\/p>\n<p>La pierre de Jaspe agit particuli\u00e8rement sur le chakra du\u00a0Coronal (Sahasrar).<\/p>\n<p><strong>OBTENEZ\u00a0DES MAINTENANT AVEC\u00a050% DE R\u00c9DUCTION\u00a0!<\/strong><\/p>\n<p><strong>Caract\u00e9ristiques :<\/strong><\/p>\n<ul>\n<li>Mat\u00e9riaux : Pierres semi-pr\u00e9cieuses de Jaspe<\/li>\n<li>Longueur du bracelet : 20.5 cm (mont\u00e9 sur un fil \u00e9lastique)<\/li>\n<\/ul>\n","protected":false},"excerpt":{"rendered":"<p><strong>Petit bracelet mala de 23 perles en pierre\u00a0de Jaspe Kambala avec pendentif<\/strong><\/p>\n","protected":false},"featured_media":540,"template":"","meta":{"jetpack_post_was_ever_published":false,"jetpack_publicize_message":"","jetpack_publicize_feature_enabled":true,"jetpack_social_post_already_shared":false,"jetpack_social_options":{"image_generator_settings":{"template":"highway","default_image_id":0,"font":"","enabled":false},"version":2}},"product_brand":[],"product_cat":[18],"product_tag":[100,52],"class_list":{"0":"post-539","1":"product","2":"type-product","3":"status-publish","4":"has-post-thumbnail","6":"product_cat-bijoux","7":"product_tag-bracelet-jaspe","8":"product_tag-bracelet-mala","10":"first","11":"instock","12":"sale","13":"shipping-taxable","14":"purchasable","15":"product-type-simple"},"jetpack_publicize_connections":[],"jetpack_sharing_enabled":true,"jetpack_likes_enabled":true,"jetpack-related-posts":[{"id":902,"url":"https:\/\/ganeshadreamstore.centreganesha.com\/store\/produit\/bracelet-equilibre-des-7-chakras-en-jaspe\/","url_meta":{"origin":539,"position":0},"title":"Bracelet \u00ab\u00a0\u00e9quilibre\u00a0\u00bb des 7 chakras en jaspe","author":"Centre Ganesha","date":"13 d\u00e9cembre 2019","format":false,"excerpt":"Ce superbe\u00a0Bracelet \u00ab Equilibre \u00bb des 7 Chakras en pierres semi-pr\u00e9cieuses naturelles de jasper et cuir v\u00e9ritable\u00a0est une cr\u00e9ation alliant toutes les couleurs correspondants aux chakras. Les pierres de Jaspe ont \u00e9t\u00e9 soigneusement taill\u00e9es dans une forme b\u00e2ton et l\u2019assemblage a enti\u00e8rement \u00e9t\u00e9 r\u00e9alis\u00e9 \u00e0 la main pour que votre\u2026","rel":"","context":"Article similaire","block_context":{"text":"Article similaire","link":""},"img":{"alt_text":"","src":"https:\/\/i0.wp.com\/ganeshadreamstore.centreganesha.com\/store\/wp-content\/uploads\/2019\/12\/bracelet-chakra-jasper.jpg?fit=420%2C399&ssl=1&resize=350%2C200","width":350,"height":200},"classes":[]},{"id":567,"url":"https:\/\/ganeshadreamstore.centreganesha.com\/store\/produit\/pyramide-en-pierre-semi-precieuse\/","url_meta":{"origin":539,"position":1},"title":"Pyramide en Pierre Semi-precieuse","author":"Centre Ganesha","date":"25 d\u00e9cembre 2017","format":false,"excerpt":"Centrez-vous et \u00e9quilibrez vos \u00e9nergies gr\u00e2ce\u00a0\u00e0 nos 8\u00a0Pyramides en Pierre Semi-pr\u00e9cieuse\u00a0 que vous pourrez charger en Energie Reiki. Lorsque vous placez une pyramide de pierre naturelle sur votre bureau,\u00a0elle engendre des changements importants dans\u00a0l'ensemble du champs \u00e9nerg\u00e9tique autour de vous. Ce changement de vibration vous permet de\u00a0rester plus concentr\u00e9\u00a0en travaillant\u2026","rel":"","context":"Article similaire","block_context":{"text":"Article similaire","link":""},"img":{"alt_text":"","src":"https:\/\/i0.wp.com\/ganeshadreamstore.centreganesha.com\/store\/wp-content\/uploads\/2017\/12\/pyramide-lapis-lazuli.jpg?fit=1000%2C960&ssl=1&resize=350%2C200","width":350,"height":200,"srcset":"https:\/\/i0.wp.com\/ganeshadreamstore.centreganesha.com\/store\/wp-content\/uploads\/2017\/12\/pyramide-lapis-lazuli.jpg?fit=1000%2C960&ssl=1&resize=350%2C200 1x, https:\/\/i0.wp.com\/ganeshadreamstore.centreganesha.com\/store\/wp-content\/uploads\/2017\/12\/pyramide-lapis-lazuli.jpg?fit=1000%2C960&ssl=1&resize=525%2C300 1.5x, https:\/\/i0.wp.com\/ganeshadreamstore.centreganesha.com\/store\/wp-content\/uploads\/2017\/12\/pyramide-lapis-lazuli.jpg?fit=1000%2C960&ssl=1&resize=700%2C400 2x"},"classes":[]},{"id":524,"url":"https:\/\/ganeshadreamstore.centreganesha.com\/store\/produit\/pendule-en-pierre-pour-les-7-chakras\/","url_meta":{"origin":539,"position":2},"title":"Pendule  en pierre pour les 7 chakras","author":"Centre Ganesha","date":"25 d\u00e9cembre 2017","format":false,"excerpt":"Ce\u00a0Pendule \"Pierres des 7 Chakras\"\u00a0vous permettra de d\u00e9tecter\u00a0les centres \u00e9nerg\u00e9tique de votre corps selon la\u00a0m\u00e9thode de la radiesth\u00e9sie. Il vous donnera des informations sur l'emplacement et l'\u00e9quilibre de chaque Chakra. Savoir o\u00f9 se situent vos d\u00e9s\u00e9quilibres \u00e9nerg\u00e9tiques est la premi\u00e8re \u00e9tape pour pouvoir les traiter. D\u00e9tecter les d\u00e9s\u00e9quilibres \u00e9nerg\u00e9tiques des\u2026","rel":"","context":"Article similaire","block_context":{"text":"Article similaire","link":""},"img":{"alt_text":"","src":"https:\/\/i0.wp.com\/ganeshadreamstore.centreganesha.com\/store\/wp-content\/uploads\/2017\/12\/pendule-7-chakras2.jpg?fit=709%2C688&ssl=1&resize=350%2C200","width":350,"height":200,"srcset":"https:\/\/i0.wp.com\/ganeshadreamstore.centreganesha.com\/store\/wp-content\/uploads\/2017\/12\/pendule-7-chakras2.jpg?fit=709%2C688&ssl=1&resize=350%2C200 1x, https:\/\/i0.wp.com\/ganeshadreamstore.centreganesha.com\/store\/wp-content\/uploads\/2017\/12\/pendule-7-chakras2.jpg?fit=709%2C688&ssl=1&resize=525%2C300 1.5x, https:\/\/i0.wp.com\/ganeshadreamstore.centreganesha.com\/store\/wp-content\/uploads\/2017\/12\/pendule-7-chakras2.jpg?fit=709%2C688&ssl=1&resize=700%2C400 2x"},"classes":[]},{"id":1024,"url":"https:\/\/ganeshadreamstore.centreganesha.com\/store\/produit\/bracelet-en-pierre-naturelle-dapatite-bleue\/","url_meta":{"origin":539,"position":3},"title":"Bracelet en pierre naturelle d&rsquo;apatite bleue","author":"Centre Ganesha","date":"5 mai 2021","format":false,"excerpt":"Perles de 8 mm Longueur 18,5 cm adaptable LES VERTUS ET PROPRI\u00c9T\u00c9S DE LA PIERRE APATITE BLEUE SUR LE PLAN PHYSIQUE Cette\u00a0pierre apatite bleue\u00a0am\u00e9liore la communication de groupe. Elle donne plus d\u2019aisance pour s\u2019exprimer et plus de facilit\u00e9s pour verbaliser nos pens\u00e9es. C\u2019est une pierre destin\u00e9e aux timides et \u00e0\u2026","rel":"","context":"Article similaire","block_context":{"text":"Article similaire","link":""},"img":{"alt_text":"","src":"https:\/\/i0.wp.com\/ganeshadreamstore.centreganesha.com\/store\/wp-content\/uploads\/2021\/05\/bracelet-apatite-bleue.jpg?fit=437%2C433&ssl=1&resize=350%2C200","width":350,"height":200},"classes":[]},{"id":280,"url":"https:\/\/ganeshadreamstore.centreganesha.com\/store\/produit\/bracelet-mala-en-pierre-azurite-et-son-pendentif-om\/","url_meta":{"origin":539,"position":4},"title":"Bracelet mala en pierre azurite et son pendentif OM","author":"Centre Ganesha","date":"25 d\u00e9cembre 2017","format":false,"excerpt":"Cette pierre purifie et stimule le Chakra du 3\u00e8me oeil, elle relie le corporel au spirituel. C'est l'illumination de l'\u00e2me et de l'esprit, elle aide \u00e0 la m\u00e9ditation, facilite les voyages extra-corporels et fait prendre conscience du moi int\u00e9rieur. Les intuitions deviennent plus subtiles, les pens\u00e9es sont plus claires et\u2026","rel":"","context":"Article similaire","block_context":{"text":"Article similaire","link":""},"img":{"alt_text":"","src":"https:\/\/i0.wp.com\/ganeshadreamstore.centreganesha.com\/store\/wp-content\/uploads\/2017\/12\/bracelet-pierre-azurite.jpg?fit=661%2C647&ssl=1&resize=350%2C200","width":350,"height":200,"srcset":"https:\/\/i0.wp.com\/ganeshadreamstore.centreganesha.com\/store\/wp-content\/uploads\/2017\/12\/bracelet-pierre-azurite.jpg?fit=661%2C647&ssl=1&resize=350%2C200 1x, https:\/\/i0.wp.com\/ganeshadreamstore.centreganesha.com\/store\/wp-content\/uploads\/2017\/12\/bracelet-pierre-azurite.jpg?fit=661%2C647&ssl=1&resize=525%2C300 1.5x"},"classes":[]},{"id":363,"url":"https:\/\/ganeshadreamstore.centreganesha.com\/store\/produit\/collier-arbre-de-vie-en-goutte-deau\/","url_meta":{"origin":539,"position":5},"title":"Collier Arbre de Vie en goutte d&rsquo;eau","author":"Centre Ganesha","date":"25 d\u00e9cembre 2017","format":false,"excerpt":"Le\u00a0symbole de l'Arbre de Vie\u00a0repr\u00e9sente diff\u00e9rentes qualit\u00e9s et vertus comme la sagesse, la force, la protection, l\u2019\u00e9volution, le renouveau et la r\u00e9demption. De mani\u00e8re unanime, l'arbre de vie est l\u2019arbre qui unit le monde du ciel avec le monde de la terre. L\u2019Arbre de vie est une tr\u00e8s belle id\u00e9e\u2026","rel":"","context":"Article similaire","block_context":{"text":"Article similaire","link":""},"img":{"alt_text":"","src":"https:\/\/i0.wp.com\/ganeshadreamstore.centreganesha.com\/store\/wp-content\/uploads\/2017\/12\/collier-arbre-de-vie-goutte-d-eau.amethyste.jpg?fit=435%2C432&ssl=1&resize=350%2C200","width":350,"height":200},"classes":[]}],"_links":{"self":[{"href":"https:\/\/ganeshadreamstore.centreganesha.com\/store\/wp-json\/wp\/v2\/product\/539","targetHints":{"allow":["GET"]}}],"collection":[{"href":"https:\/\/ganeshadreamstore.centreganesha.com\/store\/wp-json\/wp\/v2\/product"}],"about":[{"href":"https:\/\/ganeshadreamstore.centreganesha.com\/store\/wp-json\/wp\/v2\/types\/product"}],"wp:featuredmedia":[{"embeddable":true,"href":"https:\/\/ganeshadreamstore.centreganesha.com\/store\/wp-json\/wp\/v2\/media\/540"}],"wp:attachment":[{"href":"https:\/\/ganeshadreamstore.centreganesha.com\/store\/wp-json\/wp\/v2\/media?parent=539"}],"wp:term":[{"taxonomy":"product_brand","embeddable":true,"href":"https:\/\/ganeshadreamstore.centreganesha.com\/store\/wp-json\/wp\/v2\/product_brand?post=539"},{"taxonomy":"product_cat","embeddable":true,"href":"https:\/\/ganeshadreamstore.centreganesha.com\/store\/wp-json\/wp\/v2\/product_cat?post=539"},{"taxonomy":"product_tag","embeddable":true,"href":"https:\/\/ganeshadreamstore.centreganesha.com\/store\/wp-json\/wp\/v2\/product_tag?post=539"}],"curies":[{"name":"wp","href":"https:\/\/api.w.org\/{rel}","templated":true}]}}