{"id":536,"date":"2017-12-25T18:15:13","date_gmt":"2017-12-25T17:15:13","guid":{"rendered":"http:\/\/www.ganeshadreamstore.centreganesha.com\/store\/?post_type=product&#038;p=536"},"modified":"2017-12-25T18:15:13","modified_gmt":"2017-12-25T17:15:13","slug":"pendule-en-cristal-de-roche-des-7-chakras","status":"publish","type":"product","link":"https:\/\/ganeshadreamstore.centreganesha.com\/store\/produit\/pendule-en-cristal-de-roche-des-7-chakras\/","title":{"rendered":"Pendule en cristal de roche des 7 Chakras"},"content":{"rendered":"","protected":false},"excerpt":{"rendered":"<p>Ce\u00a0<strong>Pendule \u00ab\u00a0Cristal de Roche et pierres des 7 Chakras\u00a0\u00bb<\/strong>\u00a0vous permettra de d\u00e9tecter\u00a0les centres \u00e9nerg\u00e9tique de votre corps selon la\u00a0m\u00e9thode de la radiesth\u00e9sie.<\/p>\n<p>Il vous donnera des informations sur l&#8217;emplacement et l&rsquo;\u00e9quilibre de chaque Chakra.<\/p>\n<p>Savoir o\u00f9 se situent vos d\u00e9s\u00e9quilibres \u00e9nerg\u00e9tiques est la premi\u00e8re \u00e9tape pour pouvoir les traiter. D\u00e9tecter les d\u00e9s\u00e9quilibres \u00e9nerg\u00e9tiques des Chakras est une excellente m\u00e9thode pour aider une personne \u00e0 entamer\u00a0son processus de gu\u00e9rison.<\/p>\n<p><b><i>\u00a0<\/i><\/b><\/p>\n<ul>\n<li><em><strong>pendule en\u00a0Cristal de Roche<\/strong><\/em><\/li>\n<li><em><strong>taille: (environ) 41X18mm<\/strong><\/em><\/li>\n<li><em><strong>Perles rondes en pierre : (environ) 18mm<\/strong><\/em><\/li>\n<li><em><strong>Longueur de la cha\u00eene: (environ) 20cm<\/strong><\/em><em><strong>\u00a0<\/strong><\/em><\/li>\n<li><em><strong>poids: (environ) 20 gramme<\/strong>s<\/em><\/li>\n<\/ul>\n","protected":false},"featured_media":537,"template":"","meta":{"jetpack_post_was_ever_published":false,"jetpack_publicize_message":"","jetpack_publicize_feature_enabled":true,"jetpack_social_post_already_shared":false,"jetpack_social_options":{"image_generator_settings":{"template":"highway","default_image_id":0,"font":"","enabled":false},"version":2}},"product_brand":[],"product_cat":[24],"product_tag":[96,99],"class_list":{"0":"post-536","1":"product","2":"type-product","3":"status-publish","4":"has-post-thumbnail","6":"product_cat-esoterisme-et-magnetisme","7":"product_tag-pendule-7-chakras","8":"product_tag-pendule-cristal-de-roche","10":"first","11":"instock","12":"shipping-taxable","13":"purchasable","14":"product-type-simple"},"jetpack_publicize_connections":[],"jetpack_sharing_enabled":true,"jetpack_likes_enabled":true,"jetpack-related-posts":[{"id":532,"url":"https:\/\/ganeshadreamstore.centreganesha.com\/store\/produit\/pendule-en-cristal-de-roche\/","url_meta":{"origin":536,"position":0},"title":"Pendule en cristal de roche","author":"Centre Ganesha","date":"25 d\u00e9cembre 2017","format":false,"excerpt":"Pendule en cristal de roche pyramide pour pratiquer la radiesth\u00e9sie ou pour vos soins Reiki. Ce\u00a0Pendule en cristal de roche\u00a0vous permettra de d\u00e9tecter\u00a0les centres \u00e9nerg\u00e9tique de votre corps selon la\u00a0m\u00e9thode de la radiesth\u00e9sie. Il vous donnera des informations sur l'emplacement et l'\u00e9quilibre de chaque Chakra. Savoir o\u00f9 se situent vos\u2026","rel":"","context":"Article similaire","block_context":{"text":"Article similaire","link":""},"img":{"alt_text":"","src":"https:\/\/i0.wp.com\/ganeshadreamstore.centreganesha.com\/store\/wp-content\/uploads\/2017\/12\/pendule-cristal-de-roche2.jpg?fit=685%2C655&ssl=1&resize=350%2C200","width":350,"height":200,"srcset":"https:\/\/i0.wp.com\/ganeshadreamstore.centreganesha.com\/store\/wp-content\/uploads\/2017\/12\/pendule-cristal-de-roche2.jpg?fit=685%2C655&ssl=1&resize=350%2C200 1x, https:\/\/i0.wp.com\/ganeshadreamstore.centreganesha.com\/store\/wp-content\/uploads\/2017\/12\/pendule-cristal-de-roche2.jpg?fit=685%2C655&ssl=1&resize=525%2C300 1.5x"},"classes":[]},{"id":524,"url":"https:\/\/ganeshadreamstore.centreganesha.com\/store\/produit\/pendule-en-pierre-pour-les-7-chakras\/","url_meta":{"origin":536,"position":1},"title":"Pendule  en pierre pour les 7 chakras","author":"Centre Ganesha","date":"25 d\u00e9cembre 2017","format":false,"excerpt":"Ce\u00a0Pendule \"Pierres des 7 Chakras\"\u00a0vous permettra de d\u00e9tecter\u00a0les centres \u00e9nerg\u00e9tique de votre corps selon la\u00a0m\u00e9thode de la radiesth\u00e9sie. Il vous donnera des informations sur l'emplacement et l'\u00e9quilibre de chaque Chakra. Savoir o\u00f9 se situent vos d\u00e9s\u00e9quilibres \u00e9nerg\u00e9tiques est la premi\u00e8re \u00e9tape pour pouvoir les traiter. D\u00e9tecter les d\u00e9s\u00e9quilibres \u00e9nerg\u00e9tiques des\u2026","rel":"","context":"Article similaire","block_context":{"text":"Article similaire","link":""},"img":{"alt_text":"","src":"https:\/\/i0.wp.com\/ganeshadreamstore.centreganesha.com\/store\/wp-content\/uploads\/2017\/12\/pendule-7-chakras2.jpg?fit=709%2C688&ssl=1&resize=350%2C200","width":350,"height":200,"srcset":"https:\/\/i0.wp.com\/ganeshadreamstore.centreganesha.com\/store\/wp-content\/uploads\/2017\/12\/pendule-7-chakras2.jpg?fit=709%2C688&ssl=1&resize=350%2C200 1x, https:\/\/i0.wp.com\/ganeshadreamstore.centreganesha.com\/store\/wp-content\/uploads\/2017\/12\/pendule-7-chakras2.jpg?fit=709%2C688&ssl=1&resize=525%2C300 1.5x, https:\/\/i0.wp.com\/ganeshadreamstore.centreganesha.com\/store\/wp-content\/uploads\/2017\/12\/pendule-7-chakras2.jpg?fit=709%2C688&ssl=1&resize=700%2C400 2x"},"classes":[]},{"id":240,"url":"https:\/\/ganeshadreamstore.centreganesha.com\/store\/produit\/bracelet-de-guerison-des-7-chakras-en-pierre-volcanique\/","url_meta":{"origin":536,"position":2},"title":"Bracelet de Gu\u00e9rison des 7 Chakras en pierre volcanique","author":"Centre Ganesha","date":"25 d\u00e9cembre 2017","format":false,"excerpt":"Pour r\u00e9-\u00e9quilibrer vos chakras, portez ce magnifique bracelet \u00e0 votre poignet. L'obsidienne, pierre noire volcanique restaure et r\u00e9-\u00e9quilibre vos 7 Chakras pour votre mieux-\u00eatre spirituel, \u00e9motionnel, mental et physique. Excellent cadeau pour un pratiquant de Yoga Longueur\u00a0: environ 17.78cm Type de fermoir : lacet coulissant ou \u00e9lastique Taille des perles\u2026","rel":"","context":"Article similaire","block_context":{"text":"Article similaire","link":""},"img":{"alt_text":"","src":"https:\/\/i0.wp.com\/ganeshadreamstore.centreganesha.com\/store\/wp-content\/uploads\/2017\/12\/bracelet-gu%C3%A9rison-chakras.jpg?fit=1000%2C1000&ssl=1&resize=350%2C200","width":350,"height":200,"srcset":"https:\/\/i0.wp.com\/ganeshadreamstore.centreganesha.com\/store\/wp-content\/uploads\/2017\/12\/bracelet-gu%C3%A9rison-chakras.jpg?fit=1000%2C1000&ssl=1&resize=350%2C200 1x, https:\/\/i0.wp.com\/ganeshadreamstore.centreganesha.com\/store\/wp-content\/uploads\/2017\/12\/bracelet-gu%C3%A9rison-chakras.jpg?fit=1000%2C1000&ssl=1&resize=525%2C300 1.5x, https:\/\/i0.wp.com\/ganeshadreamstore.centreganesha.com\/store\/wp-content\/uploads\/2017\/12\/bracelet-gu%C3%A9rison-chakras.jpg?fit=1000%2C1000&ssl=1&resize=700%2C400 2x"},"classes":[]},{"id":82,"url":"https:\/\/ganeshadreamstore.centreganesha.com\/store\/produit\/batons-de-cristal-de-roche-pour-la-guerison-ou-le-fenshui\/","url_meta":{"origin":536,"position":3},"title":"B\u00e2tons de cristal de roche pour la gu\u00e9rison ou le fenshui","author":"Centre Ganesha","date":"24 d\u00e9cembre 2017","format":false,"excerpt":"100 gr de b\u00e2tons de cristal de roche pour vous permettre d'harmoniser votre environnement ou votre sant\u00e9. Le b\u00e2ton de gu\u00e9rison est un \u00a0v\u00e9ritable amplificateur, \u00e9metteur et r\u00e9cepteur d'ondes \u00e9lectromagn\u00e9tiques, il vous aide \u00e0 vous connecter avec votre \u00eatre int\u00e9rieur ,\u00e0 \u00a0amplifier la m\u00e9ditation et la r\u00e9ceptivit\u00e9 psychique. V\u00e9ritable antenne\u2026","rel":"","context":"Article similaire","block_context":{"text":"Article similaire","link":""},"img":{"alt_text":"","src":"https:\/\/i0.wp.com\/ganeshadreamstore.centreganesha.com\/store\/wp-content\/uploads\/2017\/12\/b%C3%A2tons-de-cristal-de-roche.jpg?fit=495%2C494&ssl=1&resize=350%2C200","width":350,"height":200},"classes":[]},{"id":276,"url":"https:\/\/ganeshadreamstore.centreganesha.com\/store\/produit\/bracelet-mala-des-7-chakras-en-perles-naturelles\/","url_meta":{"origin":536,"position":4},"title":"Bracelet mala des 7 Chakras en perles naturelles","author":"Centre Ganesha","date":"25 d\u00e9cembre 2017","format":false,"excerpt":"Pour r\u00e9-\u00e9quilibrer vos chakras, portez ce magnifique bracelet color\u00e9 \u00e0 votre poignet. Les couleurs agissent sur votre psychisme et r\u00e9-\u00e9quilibre vos 7 Chakras pour votre mieux-\u00eatre Excellent cadeau pour un pratiquant de Yoga Longueur\u00a0: environ 17 \u00e0 18 cm Type de fermoir : \u00e9lastique Taille des perles : 8mm ou\u2026","rel":"","context":"Article similaire","block_context":{"text":"Article similaire","link":""},"img":{"alt_text":"","src":"https:\/\/i0.wp.com\/ganeshadreamstore.centreganesha.com\/store\/wp-content\/uploads\/2017\/12\/bracelet-pierres-chakras.jpg?fit=1000%2C1000&ssl=1&resize=350%2C200","width":350,"height":200,"srcset":"https:\/\/i0.wp.com\/ganeshadreamstore.centreganesha.com\/store\/wp-content\/uploads\/2017\/12\/bracelet-pierres-chakras.jpg?fit=1000%2C1000&ssl=1&resize=350%2C200 1x, https:\/\/i0.wp.com\/ganeshadreamstore.centreganesha.com\/store\/wp-content\/uploads\/2017\/12\/bracelet-pierres-chakras.jpg?fit=1000%2C1000&ssl=1&resize=525%2C300 1.5x, https:\/\/i0.wp.com\/ganeshadreamstore.centreganesha.com\/store\/wp-content\/uploads\/2017\/12\/bracelet-pierres-chakras.jpg?fit=1000%2C1000&ssl=1&resize=700%2C400 2x"},"classes":[]},{"id":1549,"url":"https:\/\/ganeshadreamstore.centreganesha.com\/store\/produit\/pierre-de-cintamani-tachyonisee\/","url_meta":{"origin":536,"position":5},"title":"Pierre de Cintamani Tachyonis\u00e9e","author":"Centre Ganesha","date":"19 novembre 2025","format":false,"excerpt":"Actuellement associ\u00e9e \u00e0 la chambre \u00e0 Tachyons, la pierre de Cintamani est la pierre de l'Ascension dans la 5D. Le\u00a0chintamani\u00a0(devanagari\u00a0:\u00a0\u091a\u093f\u0928\u094d\u0924\u093e\u092e\u0923\u093f\u00a0\/\u00a0Cint\u0101ma\u1e47i), qui vient du\u00a0sanskrit\u00a0\u091a\u093f\u0928\u094d\u0924\u093e\u00a0\/\u00a0cint\u0101\u00a0(\u00ab\u00a0mental\u00a0\u00bb) et\u00a0\u092e\u0923\u093f\u00a0\/\u00a0ma\u1e47i\u00a0(\u00ab\u00a0joyau\u00a0\u00bb), est une\u00a0pierre pr\u00e9cieuse\u00a0accomplissant les souhaits dans les traditions\u00a0hindoue\u00a0et\u00a0bouddhiste. Dans l'hindouisme, il est li\u00e9 aux dieux\u00a0Vishnu\u00a0et\u00a0Ganesh. Il est aussi l\u2019une des sept possessions d\u2019un\u00a0chakravartin, grand souverain. Dans\u2026","rel":"","context":"Article similaire","block_context":{"text":"Article similaire","link":""},"img":{"alt_text":"","src":"https:\/\/i0.wp.com\/ganeshadreamstore.centreganesha.com\/store\/wp-content\/uploads\/2025\/11\/cintamani2.jpg?fit=537%2C495&ssl=1&resize=350%2C200","width":350,"height":200,"srcset":"https:\/\/i0.wp.com\/ganeshadreamstore.centreganesha.com\/store\/wp-content\/uploads\/2025\/11\/cintamani2.jpg?fit=537%2C495&ssl=1&resize=350%2C200 1x, https:\/\/i0.wp.com\/ganeshadreamstore.centreganesha.com\/store\/wp-content\/uploads\/2025\/11\/cintamani2.jpg?fit=537%2C495&ssl=1&resize=525%2C300 1.5x"},"classes":[]}],"_links":{"self":[{"href":"https:\/\/ganeshadreamstore.centreganesha.com\/store\/wp-json\/wp\/v2\/product\/536","targetHints":{"allow":["GET"]}}],"collection":[{"href":"https:\/\/ganeshadreamstore.centreganesha.com\/store\/wp-json\/wp\/v2\/product"}],"about":[{"href":"https:\/\/ganeshadreamstore.centreganesha.com\/store\/wp-json\/wp\/v2\/types\/product"}],"wp:featuredmedia":[{"embeddable":true,"href":"https:\/\/ganeshadreamstore.centreganesha.com\/store\/wp-json\/wp\/v2\/media\/537"}],"wp:attachment":[{"href":"https:\/\/ganeshadreamstore.centreganesha.com\/store\/wp-json\/wp\/v2\/media?parent=536"}],"wp:term":[{"taxonomy":"product_brand","embeddable":true,"href":"https:\/\/ganeshadreamstore.centreganesha.com\/store\/wp-json\/wp\/v2\/product_brand?post=536"},{"taxonomy":"product_cat","embeddable":true,"href":"https:\/\/ganeshadreamstore.centreganesha.com\/store\/wp-json\/wp\/v2\/product_cat?post=536"},{"taxonomy":"product_tag","embeddable":true,"href":"https:\/\/ganeshadreamstore.centreganesha.com\/store\/wp-json\/wp\/v2\/product_tag?post=536"}],"curies":[{"name":"wp","href":"https:\/\/api.w.org\/{rel}","templated":true}]}}