{"id":532,"date":"2017-12-25T18:12:06","date_gmt":"2017-12-25T17:12:06","guid":{"rendered":"http:\/\/www.ganeshadreamstore.centreganesha.com\/store\/?post_type=product&#038;p=532"},"modified":"2017-12-25T18:12:06","modified_gmt":"2017-12-25T17:12:06","slug":"pendule-en-cristal-de-roche","status":"publish","type":"product","link":"https:\/\/ganeshadreamstore.centreganesha.com\/store\/produit\/pendule-en-cristal-de-roche\/","title":{"rendered":"Pendule en cristal de roche"},"content":{"rendered":"","protected":false},"excerpt":{"rendered":"<h3>Pendule en cristal de roche pyramide pour pratiquer la radiesth\u00e9sie ou pour vos soins Reiki.<\/h3>\n<p>Ce\u00a0<strong>Pendule en cristal de roche<\/strong>\u00a0vous permettra de d\u00e9tecter\u00a0les centres \u00e9nerg\u00e9tique de votre corps selon la\u00a0m\u00e9thode de la radiesth\u00e9sie.<\/p>\n<p>Il vous donnera des informations sur l&#8217;emplacement et l&rsquo;\u00e9quilibre de chaque Chakra.<\/p>\n<p>Savoir o\u00f9 se situent vos d\u00e9s\u00e9quilibres \u00e9nerg\u00e9tiques est la premi\u00e8re \u00e9tape pour pouvoir les traiter. D\u00e9tecter les d\u00e9s\u00e9quilibres \u00e9nerg\u00e9tiques des Chakras est une excellente m\u00e9thode pour aider une personne \u00e0 entamer\u00a0son processus de gu\u00e9rison.<\/p>\n<p align=\"center\">taille: (environ) 36X18mm<\/p>\n<p align=\"center\">Longueur de la cha\u00eene: (environ) 20 cm<\/p>\n<p align=\"center\">poids: (environ) 15 g<\/p>\n","protected":false},"featured_media":533,"template":"","meta":{"jetpack_post_was_ever_published":false,"jetpack_publicize_message":"","jetpack_publicize_feature_enabled":true,"jetpack_social_post_already_shared":false,"jetpack_social_options":{"image_generator_settings":{"template":"highway","default_image_id":0,"font":"","enabled":false},"version":2}},"product_brand":[],"product_cat":[24],"product_tag":[97,99,98],"class_list":{"0":"post-532","1":"product","2":"type-product","3":"status-publish","4":"has-post-thumbnail","6":"product_cat-esoterisme-et-magnetisme","7":"product_tag-pendule","8":"product_tag-pendule-cristal-de-roche","9":"product_tag-radiesthesie","11":"first","12":"instock","13":"sale","14":"shipping-taxable","15":"purchasable","16":"product-type-simple"},"jetpack_publicize_connections":[],"jetpack_sharing_enabled":true,"jetpack_likes_enabled":true,"jetpack-related-posts":[{"id":536,"url":"https:\/\/ganeshadreamstore.centreganesha.com\/store\/produit\/pendule-en-cristal-de-roche-des-7-chakras\/","url_meta":{"origin":532,"position":0},"title":"Pendule en cristal de roche des 7 Chakras","author":"Centre Ganesha","date":"25 d\u00e9cembre 2017","format":false,"excerpt":"Ce\u00a0Pendule \"Cristal de Roche et pierres des 7 Chakras\"\u00a0vous permettra de d\u00e9tecter\u00a0les centres \u00e9nerg\u00e9tique de votre corps selon la\u00a0m\u00e9thode de la radiesth\u00e9sie. Il vous donnera des informations sur l'emplacement et l'\u00e9quilibre de chaque Chakra. Savoir o\u00f9 se situent vos d\u00e9s\u00e9quilibres \u00e9nerg\u00e9tiques est la premi\u00e8re \u00e9tape pour pouvoir les traiter. D\u00e9tecter\u2026","rel":"","context":"Article similaire","block_context":{"text":"Article similaire","link":""},"img":{"alt_text":"","src":"https:\/\/i0.wp.com\/ganeshadreamstore.centreganesha.com\/store\/wp-content\/uploads\/2017\/12\/pendule-cristal-7-chakras.jpg?fit=492%2C496&ssl=1&resize=350%2C200","width":350,"height":200},"classes":[]},{"id":524,"url":"https:\/\/ganeshadreamstore.centreganesha.com\/store\/produit\/pendule-en-pierre-pour-les-7-chakras\/","url_meta":{"origin":532,"position":1},"title":"Pendule  en pierre pour les 7 chakras","author":"Centre Ganesha","date":"25 d\u00e9cembre 2017","format":false,"excerpt":"Ce\u00a0Pendule \"Pierres des 7 Chakras\"\u00a0vous permettra de d\u00e9tecter\u00a0les centres \u00e9nerg\u00e9tique de votre corps selon la\u00a0m\u00e9thode de la radiesth\u00e9sie. Il vous donnera des informations sur l'emplacement et l'\u00e9quilibre de chaque Chakra. Savoir o\u00f9 se situent vos d\u00e9s\u00e9quilibres \u00e9nerg\u00e9tiques est la premi\u00e8re \u00e9tape pour pouvoir les traiter. D\u00e9tecter les d\u00e9s\u00e9quilibres \u00e9nerg\u00e9tiques des\u2026","rel":"","context":"Article similaire","block_context":{"text":"Article similaire","link":""},"img":{"alt_text":"","src":"https:\/\/i0.wp.com\/ganeshadreamstore.centreganesha.com\/store\/wp-content\/uploads\/2017\/12\/pendule-7-chakras2.jpg?fit=709%2C688&ssl=1&resize=350%2C200","width":350,"height":200,"srcset":"https:\/\/i0.wp.com\/ganeshadreamstore.centreganesha.com\/store\/wp-content\/uploads\/2017\/12\/pendule-7-chakras2.jpg?fit=709%2C688&ssl=1&resize=350%2C200 1x, https:\/\/i0.wp.com\/ganeshadreamstore.centreganesha.com\/store\/wp-content\/uploads\/2017\/12\/pendule-7-chakras2.jpg?fit=709%2C688&ssl=1&resize=525%2C300 1.5x, https:\/\/i0.wp.com\/ganeshadreamstore.centreganesha.com\/store\/wp-content\/uploads\/2017\/12\/pendule-7-chakras2.jpg?fit=709%2C688&ssl=1&resize=700%2C400 2x"},"classes":[]},{"id":82,"url":"https:\/\/ganeshadreamstore.centreganesha.com\/store\/produit\/batons-de-cristal-de-roche-pour-la-guerison-ou-le-fenshui\/","url_meta":{"origin":532,"position":2},"title":"B\u00e2tons de cristal de roche pour la gu\u00e9rison ou le fenshui","author":"Centre Ganesha","date":"24 d\u00e9cembre 2017","format":false,"excerpt":"100 gr de b\u00e2tons de cristal de roche pour vous permettre d'harmoniser votre environnement ou votre sant\u00e9. Le b\u00e2ton de gu\u00e9rison est un \u00a0v\u00e9ritable amplificateur, \u00e9metteur et r\u00e9cepteur d'ondes \u00e9lectromagn\u00e9tiques, il vous aide \u00e0 vous connecter avec votre \u00eatre int\u00e9rieur ,\u00e0 \u00a0amplifier la m\u00e9ditation et la r\u00e9ceptivit\u00e9 psychique. V\u00e9ritable antenne\u2026","rel":"","context":"Article similaire","block_context":{"text":"Article similaire","link":""},"img":{"alt_text":"","src":"https:\/\/i0.wp.com\/ganeshadreamstore.centreganesha.com\/store\/wp-content\/uploads\/2017\/12\/b%C3%A2tons-de-cristal-de-roche.jpg?fit=495%2C494&ssl=1&resize=350%2C200","width":350,"height":200},"classes":[]},{"id":567,"url":"https:\/\/ganeshadreamstore.centreganesha.com\/store\/produit\/pyramide-en-pierre-semi-precieuse\/","url_meta":{"origin":532,"position":3},"title":"Pyramide en Pierre Semi-precieuse","author":"Centre Ganesha","date":"25 d\u00e9cembre 2017","format":false,"excerpt":"Centrez-vous et \u00e9quilibrez vos \u00e9nergies gr\u00e2ce\u00a0\u00e0 nos 8\u00a0Pyramides en Pierre Semi-pr\u00e9cieuse\u00a0 que vous pourrez charger en Energie Reiki. Lorsque vous placez une pyramide de pierre naturelle sur votre bureau,\u00a0elle engendre des changements importants dans\u00a0l'ensemble du champs \u00e9nerg\u00e9tique autour de vous. Ce changement de vibration vous permet de\u00a0rester plus concentr\u00e9\u00a0en travaillant\u2026","rel":"","context":"Article similaire","block_context":{"text":"Article similaire","link":""},"img":{"alt_text":"","src":"https:\/\/i0.wp.com\/ganeshadreamstore.centreganesha.com\/store\/wp-content\/uploads\/2017\/12\/pyramide-lapis-lazuli.jpg?fit=1000%2C960&ssl=1&resize=350%2C200","width":350,"height":200,"srcset":"https:\/\/i0.wp.com\/ganeshadreamstore.centreganesha.com\/store\/wp-content\/uploads\/2017\/12\/pyramide-lapis-lazuli.jpg?fit=1000%2C960&ssl=1&resize=350%2C200 1x, https:\/\/i0.wp.com\/ganeshadreamstore.centreganesha.com\/store\/wp-content\/uploads\/2017\/12\/pyramide-lapis-lazuli.jpg?fit=1000%2C960&ssl=1&resize=525%2C300 1.5x, https:\/\/i0.wp.com\/ganeshadreamstore.centreganesha.com\/store\/wp-content\/uploads\/2017\/12\/pyramide-lapis-lazuli.jpg?fit=1000%2C960&ssl=1&resize=700%2C400 2x"},"classes":[]},{"id":70,"url":"https:\/\/ganeshadreamstore.centreganesha.com\/store\/produit\/100g-de-pierres-damethyste-pour-la-guerison-ou-le-fenshui\/","url_meta":{"origin":532,"position":4},"title":"100g de Pierres d&rsquo;amethyste pour la guerison ou le fenshui","author":"Centre Ganesha","date":"24 d\u00e9cembre 2017","format":false,"excerpt":"100gr de Pierres d'am\u00e9thyste polie pour la gu\u00e9rison ou le fenshui Les vertus de l\u2019am\u00e9thyste sont apaisantes et purifiantes.\u00a0Elle \u00e9vacue le stress, calme l\u2019insomnie et favorise la concentration et la m\u00e9ditation.\u00a0C\u2019est une pierre tr\u00e8s b\u00e9n\u00e9fique pour le mental, qui permet de trouver l\u2019\u00e9quilibre et la s\u00e9r\u00e9nit\u00e9.\u00a0L\u00e9onard de Vinci \u00e9crivait d\u2019ailleurs\u2026","rel":"","context":"Article similaire","block_context":{"text":"Article similaire","link":""},"img":{"alt_text":"","src":"https:\/\/i0.wp.com\/ganeshadreamstore.centreganesha.com\/store\/wp-content\/uploads\/2017\/12\/pierre-dam%C3%A9thyste.jpg?fit=1000%2C1002&ssl=1&resize=350%2C200","width":350,"height":200,"srcset":"https:\/\/i0.wp.com\/ganeshadreamstore.centreganesha.com\/store\/wp-content\/uploads\/2017\/12\/pierre-dam%C3%A9thyste.jpg?fit=1000%2C1002&ssl=1&resize=350%2C200 1x, https:\/\/i0.wp.com\/ganeshadreamstore.centreganesha.com\/store\/wp-content\/uploads\/2017\/12\/pierre-dam%C3%A9thyste.jpg?fit=1000%2C1002&ssl=1&resize=525%2C300 1.5x, https:\/\/i0.wp.com\/ganeshadreamstore.centreganesha.com\/store\/wp-content\/uploads\/2017\/12\/pierre-dam%C3%A9thyste.jpg?fit=1000%2C1002&ssl=1&resize=700%2C400 2x"},"classes":[]},{"id":1549,"url":"https:\/\/ganeshadreamstore.centreganesha.com\/store\/produit\/pierre-de-cintamani-tachyonisee\/","url_meta":{"origin":532,"position":5},"title":"Pierre de Cintamani Tachyonis\u00e9e","author":"Centre Ganesha","date":"19 novembre 2025","format":false,"excerpt":"Actuellement associ\u00e9e \u00e0 la chambre \u00e0 Tachyons, la pierre de Cintamani est la pierre de l'Ascension dans la 5D. Le\u00a0chintamani\u00a0(devanagari\u00a0:\u00a0\u091a\u093f\u0928\u094d\u0924\u093e\u092e\u0923\u093f\u00a0\/\u00a0Cint\u0101ma\u1e47i), qui vient du\u00a0sanskrit\u00a0\u091a\u093f\u0928\u094d\u0924\u093e\u00a0\/\u00a0cint\u0101\u00a0(\u00ab\u00a0mental\u00a0\u00bb) et\u00a0\u092e\u0923\u093f\u00a0\/\u00a0ma\u1e47i\u00a0(\u00ab\u00a0joyau\u00a0\u00bb), est une\u00a0pierre pr\u00e9cieuse\u00a0accomplissant les souhaits dans les traditions\u00a0hindoue\u00a0et\u00a0bouddhiste. Dans l'hindouisme, il est li\u00e9 aux dieux\u00a0Vishnu\u00a0et\u00a0Ganesh. Il est aussi l\u2019une des sept possessions d\u2019un\u00a0chakravartin, grand souverain. Dans\u2026","rel":"","context":"Article similaire","block_context":{"text":"Article similaire","link":""},"img":{"alt_text":"","src":"https:\/\/i0.wp.com\/ganeshadreamstore.centreganesha.com\/store\/wp-content\/uploads\/2025\/11\/cintamani2.jpg?fit=537%2C495&ssl=1&resize=350%2C200","width":350,"height":200,"srcset":"https:\/\/i0.wp.com\/ganeshadreamstore.centreganesha.com\/store\/wp-content\/uploads\/2025\/11\/cintamani2.jpg?fit=537%2C495&ssl=1&resize=350%2C200 1x, https:\/\/i0.wp.com\/ganeshadreamstore.centreganesha.com\/store\/wp-content\/uploads\/2025\/11\/cintamani2.jpg?fit=537%2C495&ssl=1&resize=525%2C300 1.5x"},"classes":[]}],"_links":{"self":[{"href":"https:\/\/ganeshadreamstore.centreganesha.com\/store\/wp-json\/wp\/v2\/product\/532","targetHints":{"allow":["GET"]}}],"collection":[{"href":"https:\/\/ganeshadreamstore.centreganesha.com\/store\/wp-json\/wp\/v2\/product"}],"about":[{"href":"https:\/\/ganeshadreamstore.centreganesha.com\/store\/wp-json\/wp\/v2\/types\/product"}],"wp:featuredmedia":[{"embeddable":true,"href":"https:\/\/ganeshadreamstore.centreganesha.com\/store\/wp-json\/wp\/v2\/media\/533"}],"wp:attachment":[{"href":"https:\/\/ganeshadreamstore.centreganesha.com\/store\/wp-json\/wp\/v2\/media?parent=532"}],"wp:term":[{"taxonomy":"product_brand","embeddable":true,"href":"https:\/\/ganeshadreamstore.centreganesha.com\/store\/wp-json\/wp\/v2\/product_brand?post=532"},{"taxonomy":"product_cat","embeddable":true,"href":"https:\/\/ganeshadreamstore.centreganesha.com\/store\/wp-json\/wp\/v2\/product_cat?post=532"},{"taxonomy":"product_tag","embeddable":true,"href":"https:\/\/ganeshadreamstore.centreganesha.com\/store\/wp-json\/wp\/v2\/product_tag?post=532"}],"curies":[{"name":"wp","href":"https:\/\/api.w.org\/{rel}","templated":true}]}}