{"id":524,"date":"2017-12-25T18:06:35","date_gmt":"2017-12-25T17:06:35","guid":{"rendered":"http:\/\/www.ganeshadreamstore.centreganesha.com\/store\/?post_type=product&#038;p=524"},"modified":"2017-12-25T18:08:31","modified_gmt":"2017-12-25T17:08:31","slug":"pendule-en-pierre-pour-les-7-chakras","status":"publish","type":"product","link":"https:\/\/ganeshadreamstore.centreganesha.com\/store\/produit\/pendule-en-pierre-pour-les-7-chakras\/","title":{"rendered":"Pendule  en pierre pour les 7 chakras"},"content":{"rendered":"<p>Ce Pendule \u00ab\u00a0Pierres des 7 Chakras\u00a0\u00bb contient les pierres semi-pr\u00e9cieuses\u00a0suivantes :<\/p>\n<ul>\n<li><strong>Am\u00e9thyste<\/strong>\u00a0: \u00a0\u00e9quilibre le chakra de la couronne<\/li>\n<li><strong>Lapis Lazuli<\/strong>\u00a0: Pierre de chakra de troisi\u00e8me \u0153il, elle\u00a0d\u00e9veloppera votre intuition.<\/li>\n<li><strong>Boria<\/strong>\u00a0: \u00e9quilibre le\u00a0Chakra du 3\u00e8me \u0153il et le\u00a0Chakra de la Gorge.<\/li>\n<li><strong>Aventurine verte<\/strong>\u00a0: \u00e9quilibre le Chakra du Coeur<\/li>\n<li><strong>Oeil de Tigre<\/strong>\u00a0: \u00e9quilibre le Chakra du Plexus Solaire<\/li>\n<li><strong>Onyx orange<\/strong>\u00a0: \u00e9quilibre le Chakra Sacr\u00e9 et apporte la cr\u00e9ativit\u00e9 et la vitalit\u00e9 dans votre vie.<\/li>\n<li><strong>Jaspe rouge<\/strong>\u00a0: \u00e9quilibre le Chakra Racine<\/li>\n<\/ul>\n<p><strong>OBTENEZ LE MAINTENANT AVEC\u00a050% DE\u00a0R\u00c9DUCTION\u00a0!\u00a0<\/strong><\/p>\n<p><strong>Caract\u00e9ristiques :<\/strong><\/p>\n<ul>\n<li>Mat\u00e9riaux : Am\u00e9thyste, Lapis Lazuli, Boria, Aventurine verte, Oeil de Tigre, Onyx orange, Jaspe rouge,\u00a0cha\u00eene en\u00a0cuivre plaqu\u00e9<\/li>\n<li>Longueur de la cha\u00eene : environ 18 cm<\/li>\n<li>Taille du Pendule : Prisme :\u00a046 x 11 mm\/ Pyramide :\u00a0\u00a046 x 13 mm<\/li>\n<\/ul>\n","protected":false},"excerpt":{"rendered":"<p>Ce\u00a0<strong>Pendule \u00ab\u00a0Pierres des 7 Chakras\u00a0\u00bb<\/strong>\u00a0vous permettra de d\u00e9tecter\u00a0les centres \u00e9nerg\u00e9tique de votre corps selon la\u00a0m\u00e9thode de la radiesth\u00e9sie.<\/p>\n<p>Il vous donnera des informations sur l&#8217;emplacement et l&rsquo;\u00e9quilibre de chaque Chakra.<\/p>\n<p>Savoir o\u00f9 se situent vos d\u00e9s\u00e9quilibres \u00e9nerg\u00e9tiques est la premi\u00e8re \u00e9tape pour pouvoir les traiter. D\u00e9tecter les d\u00e9s\u00e9quilibres \u00e9nerg\u00e9tiques des Chakras est une excellente m\u00e9thode pour aider une personne \u00e0 entamer\u00a0son processus de gu\u00e9rison.<\/p>\n","protected":false},"featured_media":527,"template":"","meta":{"jetpack_post_was_ever_published":false,"jetpack_publicize_message":"","jetpack_publicize_feature_enabled":true,"jetpack_social_post_already_shared":false,"jetpack_social_options":{"image_generator_settings":{"template":"highway","default_image_id":0,"font":"","enabled":false},"version":2}},"product_brand":[],"product_cat":[24],"product_tag":[97,96,98],"class_list":{"0":"post-524","1":"product","2":"type-product","3":"status-publish","4":"has-post-thumbnail","6":"product_cat-esoterisme-et-magnetisme","7":"product_tag-pendule","8":"product_tag-pendule-7-chakras","9":"product_tag-radiesthesie","11":"first","12":"instock","13":"shipping-taxable","14":"purchasable","15":"product-type-variable"},"jetpack_publicize_connections":[],"jetpack_sharing_enabled":true,"jetpack_likes_enabled":true,"jetpack-related-posts":[{"id":240,"url":"https:\/\/ganeshadreamstore.centreganesha.com\/store\/produit\/bracelet-de-guerison-des-7-chakras-en-pierre-volcanique\/","url_meta":{"origin":524,"position":0},"title":"Bracelet de Gu\u00e9rison des 7 Chakras en pierre volcanique","author":"Centre Ganesha","date":"25 d\u00e9cembre 2017","format":false,"excerpt":"Pour r\u00e9-\u00e9quilibrer vos chakras, portez ce magnifique bracelet \u00e0 votre poignet. L'obsidienne, pierre noire volcanique restaure et r\u00e9-\u00e9quilibre vos 7 Chakras pour votre mieux-\u00eatre spirituel, \u00e9motionnel, mental et physique. Excellent cadeau pour un pratiquant de Yoga Longueur\u00a0: environ 17.78cm Type de fermoir : lacet coulissant ou \u00e9lastique Taille des perles\u2026","rel":"","context":"Article similaire","block_context":{"text":"Article similaire","link":""},"img":{"alt_text":"","src":"https:\/\/i0.wp.com\/ganeshadreamstore.centreganesha.com\/store\/wp-content\/uploads\/2017\/12\/bracelet-gu%C3%A9rison-chakras.jpg?fit=1000%2C1000&ssl=1&resize=350%2C200","width":350,"height":200,"srcset":"https:\/\/i0.wp.com\/ganeshadreamstore.centreganesha.com\/store\/wp-content\/uploads\/2017\/12\/bracelet-gu%C3%A9rison-chakras.jpg?fit=1000%2C1000&ssl=1&resize=350%2C200 1x, https:\/\/i0.wp.com\/ganeshadreamstore.centreganesha.com\/store\/wp-content\/uploads\/2017\/12\/bracelet-gu%C3%A9rison-chakras.jpg?fit=1000%2C1000&ssl=1&resize=525%2C300 1.5x, https:\/\/i0.wp.com\/ganeshadreamstore.centreganesha.com\/store\/wp-content\/uploads\/2017\/12\/bracelet-gu%C3%A9rison-chakras.jpg?fit=1000%2C1000&ssl=1&resize=700%2C400 2x"},"classes":[]},{"id":536,"url":"https:\/\/ganeshadreamstore.centreganesha.com\/store\/produit\/pendule-en-cristal-de-roche-des-7-chakras\/","url_meta":{"origin":524,"position":1},"title":"Pendule en cristal de roche des 7 Chakras","author":"Centre Ganesha","date":"25 d\u00e9cembre 2017","format":false,"excerpt":"Ce\u00a0Pendule \"Cristal de Roche et pierres des 7 Chakras\"\u00a0vous permettra de d\u00e9tecter\u00a0les centres \u00e9nerg\u00e9tique de votre corps selon la\u00a0m\u00e9thode de la radiesth\u00e9sie. Il vous donnera des informations sur l'emplacement et l'\u00e9quilibre de chaque Chakra. Savoir o\u00f9 se situent vos d\u00e9s\u00e9quilibres \u00e9nerg\u00e9tiques est la premi\u00e8re \u00e9tape pour pouvoir les traiter. D\u00e9tecter\u2026","rel":"","context":"Article similaire","block_context":{"text":"Article similaire","link":""},"img":{"alt_text":"","src":"https:\/\/i0.wp.com\/ganeshadreamstore.centreganesha.com\/store\/wp-content\/uploads\/2017\/12\/pendule-cristal-7-chakras.jpg?fit=492%2C496&ssl=1&resize=350%2C200","width":350,"height":200},"classes":[]},{"id":567,"url":"https:\/\/ganeshadreamstore.centreganesha.com\/store\/produit\/pyramide-en-pierre-semi-precieuse\/","url_meta":{"origin":524,"position":2},"title":"Pyramide en Pierre Semi-precieuse","author":"Centre Ganesha","date":"25 d\u00e9cembre 2017","format":false,"excerpt":"Centrez-vous et \u00e9quilibrez vos \u00e9nergies gr\u00e2ce\u00a0\u00e0 nos 8\u00a0Pyramides en Pierre Semi-pr\u00e9cieuse\u00a0 que vous pourrez charger en Energie Reiki. Lorsque vous placez une pyramide de pierre naturelle sur votre bureau,\u00a0elle engendre des changements importants dans\u00a0l'ensemble du champs \u00e9nerg\u00e9tique autour de vous. Ce changement de vibration vous permet de\u00a0rester plus concentr\u00e9\u00a0en travaillant\u2026","rel":"","context":"Article similaire","block_context":{"text":"Article similaire","link":""},"img":{"alt_text":"","src":"https:\/\/i0.wp.com\/ganeshadreamstore.centreganesha.com\/store\/wp-content\/uploads\/2017\/12\/pyramide-lapis-lazuli.jpg?fit=1000%2C960&ssl=1&resize=350%2C200","width":350,"height":200,"srcset":"https:\/\/i0.wp.com\/ganeshadreamstore.centreganesha.com\/store\/wp-content\/uploads\/2017\/12\/pyramide-lapis-lazuli.jpg?fit=1000%2C960&ssl=1&resize=350%2C200 1x, https:\/\/i0.wp.com\/ganeshadreamstore.centreganesha.com\/store\/wp-content\/uploads\/2017\/12\/pyramide-lapis-lazuli.jpg?fit=1000%2C960&ssl=1&resize=525%2C300 1.5x, https:\/\/i0.wp.com\/ganeshadreamstore.centreganesha.com\/store\/wp-content\/uploads\/2017\/12\/pyramide-lapis-lazuli.jpg?fit=1000%2C960&ssl=1&resize=700%2C400 2x"},"classes":[]},{"id":902,"url":"https:\/\/ganeshadreamstore.centreganesha.com\/store\/produit\/bracelet-equilibre-des-7-chakras-en-jaspe\/","url_meta":{"origin":524,"position":3},"title":"Bracelet \u00ab\u00a0\u00e9quilibre\u00a0\u00bb des 7 chakras en jaspe","author":"Centre Ganesha","date":"13 d\u00e9cembre 2019","format":false,"excerpt":"Ce superbe\u00a0Bracelet \u00ab Equilibre \u00bb des 7 Chakras en pierres semi-pr\u00e9cieuses naturelles de jasper et cuir v\u00e9ritable\u00a0est une cr\u00e9ation alliant toutes les couleurs correspondants aux chakras. Les pierres de Jaspe ont \u00e9t\u00e9 soigneusement taill\u00e9es dans une forme b\u00e2ton et l\u2019assemblage a enti\u00e8rement \u00e9t\u00e9 r\u00e9alis\u00e9 \u00e0 la main pour que votre\u2026","rel":"","context":"Article similaire","block_context":{"text":"Article similaire","link":""},"img":{"alt_text":"","src":"https:\/\/i0.wp.com\/ganeshadreamstore.centreganesha.com\/store\/wp-content\/uploads\/2019\/12\/bracelet-chakra-jasper.jpg?fit=420%2C399&ssl=1&resize=350%2C200","width":350,"height":200},"classes":[]},{"id":539,"url":"https:\/\/ganeshadreamstore.centreganesha.com\/store\/produit\/petit-bracelet-mala-en-pierre-de-jaspe-avec-pendentif-om\/","url_meta":{"origin":524,"position":4},"title":"Petit bracelet mala en pierre de jaspe avec pendentif OM","author":"Centre Ganesha","date":"25 d\u00e9cembre 2017","format":false,"excerpt":"Petit bracelet mala de 23 perles en pierre\u00a0de Jaspe Kambala avec pendentif","rel":"","context":"Article similaire","block_context":{"text":"Article similaire","link":""},"img":{"alt_text":"","src":"https:\/\/i0.wp.com\/ganeshadreamstore.centreganesha.com\/store\/wp-content\/uploads\/2017\/12\/bracelet-pierre-jaspe-2.jpg?fit=701%2C649&ssl=1&resize=350%2C200","width":350,"height":200,"srcset":"https:\/\/i0.wp.com\/ganeshadreamstore.centreganesha.com\/store\/wp-content\/uploads\/2017\/12\/bracelet-pierre-jaspe-2.jpg?fit=701%2C649&ssl=1&resize=350%2C200 1x, https:\/\/i0.wp.com\/ganeshadreamstore.centreganesha.com\/store\/wp-content\/uploads\/2017\/12\/bracelet-pierre-jaspe-2.jpg?fit=701%2C649&ssl=1&resize=525%2C300 1.5x, https:\/\/i0.wp.com\/ganeshadreamstore.centreganesha.com\/store\/wp-content\/uploads\/2017\/12\/bracelet-pierre-jaspe-2.jpg?fit=701%2C649&ssl=1&resize=700%2C400 2x"},"classes":[]},{"id":532,"url":"https:\/\/ganeshadreamstore.centreganesha.com\/store\/produit\/pendule-en-cristal-de-roche\/","url_meta":{"origin":524,"position":5},"title":"Pendule en cristal de roche","author":"Centre Ganesha","date":"25 d\u00e9cembre 2017","format":false,"excerpt":"Pendule en cristal de roche pyramide pour pratiquer la radiesth\u00e9sie ou pour vos soins Reiki. Ce\u00a0Pendule en cristal de roche\u00a0vous permettra de d\u00e9tecter\u00a0les centres \u00e9nerg\u00e9tique de votre corps selon la\u00a0m\u00e9thode de la radiesth\u00e9sie. Il vous donnera des informations sur l'emplacement et l'\u00e9quilibre de chaque Chakra. Savoir o\u00f9 se situent vos\u2026","rel":"","context":"Article similaire","block_context":{"text":"Article similaire","link":""},"img":{"alt_text":"","src":"https:\/\/i0.wp.com\/ganeshadreamstore.centreganesha.com\/store\/wp-content\/uploads\/2017\/12\/pendule-cristal-de-roche2.jpg?fit=685%2C655&ssl=1&resize=350%2C200","width":350,"height":200,"srcset":"https:\/\/i0.wp.com\/ganeshadreamstore.centreganesha.com\/store\/wp-content\/uploads\/2017\/12\/pendule-cristal-de-roche2.jpg?fit=685%2C655&ssl=1&resize=350%2C200 1x, https:\/\/i0.wp.com\/ganeshadreamstore.centreganesha.com\/store\/wp-content\/uploads\/2017\/12\/pendule-cristal-de-roche2.jpg?fit=685%2C655&ssl=1&resize=525%2C300 1.5x"},"classes":[]}],"_links":{"self":[{"href":"https:\/\/ganeshadreamstore.centreganesha.com\/store\/wp-json\/wp\/v2\/product\/524","targetHints":{"allow":["GET"]}}],"collection":[{"href":"https:\/\/ganeshadreamstore.centreganesha.com\/store\/wp-json\/wp\/v2\/product"}],"about":[{"href":"https:\/\/ganeshadreamstore.centreganesha.com\/store\/wp-json\/wp\/v2\/types\/product"}],"wp:featuredmedia":[{"embeddable":true,"href":"https:\/\/ganeshadreamstore.centreganesha.com\/store\/wp-json\/wp\/v2\/media\/527"}],"wp:attachment":[{"href":"https:\/\/ganeshadreamstore.centreganesha.com\/store\/wp-json\/wp\/v2\/media?parent=524"}],"wp:term":[{"taxonomy":"product_brand","embeddable":true,"href":"https:\/\/ganeshadreamstore.centreganesha.com\/store\/wp-json\/wp\/v2\/product_brand?post=524"},{"taxonomy":"product_cat","embeddable":true,"href":"https:\/\/ganeshadreamstore.centreganesha.com\/store\/wp-json\/wp\/v2\/product_cat?post=524"},{"taxonomy":"product_tag","embeddable":true,"href":"https:\/\/ganeshadreamstore.centreganesha.com\/store\/wp-json\/wp\/v2\/product_tag?post=524"}],"curies":[{"name":"wp","href":"https:\/\/api.w.org\/{rel}","templated":true}]}}