{"id":459,"date":"2017-12-25T17:04:53","date_gmt":"2017-12-25T16:04:53","guid":{"rendered":"http:\/\/www.ganeshadreamstore.centreganesha.com\/store\/?post_type=product&#038;p=459"},"modified":"2021-05-05T18:51:47","modified_gmt":"2021-05-05T16:51:47","slug":"les-mugs-de-ganesh-inedits","status":"publish","type":"product","link":"https:\/\/ganeshadreamstore.centreganesha.com\/store\/produit\/les-mugs-de-ganesh-inedits\/","title":{"rendered":"Les Mugs de Ganesh in\u00e9dits"},"content":{"rendered":"","protected":false},"excerpt":{"rendered":"<p><strong>Mug en c\u00e9ramique blanche avec anse en forme de C en \u00e9dition limit\u00e9e, originale et exclusive.<\/strong><\/p>\n<p>Illustr\u00e9e sur 2 faces pour que les droitiers et les gauchers puissent profiter du motif.<\/p>\n<p>Capacit\u00e9 de 325 ml<\/p>\n<p>95 millim\u00e8tres de hauteur, 82 millim\u00e8tres de diam\u00e8tre, lavable au lave-vaisselle.<\/p>\n<p>2 mod\u00e8les au choix \u00e0 cocher.<\/p>\n<ul>\n<li>mod\u00e8le Ganesh<\/li>\n<li>mod\u00e8le Kundalini<\/li>\n<\/ul>\n<p>Vous pouvez choisir les 2<\/p>\n","protected":false},"featured_media":460,"template":"","meta":{"jetpack_post_was_ever_published":false,"jetpack_publicize_message":"","jetpack_publicize_feature_enabled":true,"jetpack_social_post_already_shared":false,"jetpack_social_options":{"image_generator_settings":{"template":"highway","default_image_id":0,"font":"","enabled":false},"version":2}},"product_brand":[],"product_cat":[153],"product_tag":[83,84,85],"class_list":{"0":"post-459","1":"product","2":"type-product","3":"status-publish","4":"has-post-thumbnail","6":"product_cat-utilitaires","7":"product_tag-mug","8":"product_tag-mug-ganesh","9":"product_tag-mug-kundalini","11":"first","12":"instock","13":"shipping-taxable","14":"purchasable","15":"product-type-variable"},"jetpack_publicize_connections":[],"jetpack_sharing_enabled":true,"jetpack_likes_enabled":true,"jetpack-related-posts":[{"id":520,"url":"https:\/\/ganeshadreamstore.centreganesha.com\/store\/produit\/pendentif-ganesh-en-obsidienne\/","url_meta":{"origin":459,"position":0},"title":"Pendentif Ganesh en obsidienne","author":"Centre Ganesha","date":"25 d\u00e9cembre 2017","format":false,"excerpt":"Ganesh en obsidienne noire\u00a0\u00e0 porter pour enlever les obstacles de son chemin. L'obsidienne noire\u00a0est l'une des pierres\u00a0les plus puissantes de la nature. Elle augmente la force vitale, donne de l'\u00e9nergie et attire des opportunit\u00e9s. Elle vous aide a vous reconnecter \u00e0 votre \u00e2me\u00a0et \u00e0 \u00eatre guid\u00e9 vers votre but de\u2026","rel":"","context":"Article similaire","block_context":{"text":"Article similaire","link":""},"img":{"alt_text":"","src":"https:\/\/i0.wp.com\/ganeshadreamstore.centreganesha.com\/store\/wp-content\/uploads\/2017\/12\/collier-ganesh-obsidienne2.jpg?fit=484%2C483&ssl=1&resize=350%2C200","width":350,"height":200},"classes":[]},{"id":552,"url":"https:\/\/ganeshadreamstore.centreganesha.com\/store\/produit\/poster-de-ganesh\/","url_meta":{"origin":459,"position":1},"title":"Poster de Ganesh","author":"Centre Ganesha","date":"25 d\u00e9cembre 2017","format":false,"excerpt":"Ce poster in\u00e9dit de Ganesh en noir et blanc,\u00a0le fils de Shiva et Parvati. Ganesh - la divinit\u00e9 principale des voyageurs, des marchands, des \u00e9tudiants, des gens de lettre et aussi ma\u00eetre de l'astrologie. Il est repr\u00e9sent\u00e9 sur ce poster avec 4 bras et les attributs correspondants, coiff\u00e9e d\u2019une couronne\u2026","rel":"","context":"Article similaire","block_context":{"text":"Article similaire","link":""},"img":{"alt_text":"","src":"https:\/\/i0.wp.com\/ganeshadreamstore.centreganesha.com\/store\/wp-content\/uploads\/2017\/12\/poster-ganesh-scaled.jpg?fit=900%2C1200&ssl=1&resize=350%2C200","width":350,"height":200,"srcset":"https:\/\/i0.wp.com\/ganeshadreamstore.centreganesha.com\/store\/wp-content\/uploads\/2017\/12\/poster-ganesh-scaled.jpg?fit=900%2C1200&ssl=1&resize=350%2C200 1x, https:\/\/i0.wp.com\/ganeshadreamstore.centreganesha.com\/store\/wp-content\/uploads\/2017\/12\/poster-ganesh-scaled.jpg?fit=900%2C1200&ssl=1&resize=525%2C300 1.5x, https:\/\/i0.wp.com\/ganeshadreamstore.centreganesha.com\/store\/wp-content\/uploads\/2017\/12\/poster-ganesh-scaled.jpg?fit=900%2C1200&ssl=1&resize=700%2C400 2x"},"classes":[]},{"id":555,"url":"https:\/\/ganeshadreamstore.centreganesha.com\/store\/produit\/poster-de-ganesh-et-lakshmi\/","url_meta":{"origin":459,"position":2},"title":"poster de Ganesh et Lakshmi","author":"Centre Ganesha","date":"25 d\u00e9cembre 2017","format":false,"excerpt":"Ce poster traditionnel de Ganesh et Lakshmi ensemble. Ces 2 bienfaiteurs, Ganesh qui enl\u00e8ve les obstacles et Lakshmi qui aide \u00e0 d\u00e9velopper la richesse int\u00e9rieure, sont indispensables dans une maison pour se rappeler combien il est important\u00a0 d'avancer dans sa vie de fa\u00e7on positive. 21 cm X 29.7 cm","rel":"","context":"Article similaire","block_context":{"text":"Article similaire","link":""},"img":{"alt_text":"","src":"https:\/\/i0.wp.com\/ganeshadreamstore.centreganesha.com\/store\/wp-content\/uploads\/2017\/12\/poster-ganesh-lakshmi.jpg?fit=900%2C1200&ssl=1&resize=350%2C200","width":350,"height":200,"srcset":"https:\/\/i0.wp.com\/ganeshadreamstore.centreganesha.com\/store\/wp-content\/uploads\/2017\/12\/poster-ganesh-lakshmi.jpg?fit=900%2C1200&ssl=1&resize=350%2C200 1x, https:\/\/i0.wp.com\/ganeshadreamstore.centreganesha.com\/store\/wp-content\/uploads\/2017\/12\/poster-ganesh-lakshmi.jpg?fit=900%2C1200&ssl=1&resize=525%2C300 1.5x, https:\/\/i0.wp.com\/ganeshadreamstore.centreganesha.com\/store\/wp-content\/uploads\/2017\/12\/poster-ganesh-lakshmi.jpg?fit=900%2C1200&ssl=1&resize=700%2C400 2x"},"classes":[]},{"id":1501,"url":"https:\/\/ganeshadreamstore.centreganesha.com\/store\/produit\/lunettes-de-soleil-vintage-cazal-modele-954\/","url_meta":{"origin":459,"position":3},"title":"Lunettes de soleil vintage Cazal mod\u00e8le 954","author":"Centre Ganesha","date":"25 septembre 2025","format":false,"excerpt":"Lunettes de soleil unisexe Cazal mod\u00e8le 954, vintage, uniques et introuvables actuellement. Ces lunettes sont ind\u00e9modables, modernes dans leur design.","rel":"","context":"Article similaire","block_context":{"text":"Article similaire","link":""},"img":{"alt_text":"","src":"https:\/\/i0.wp.com\/ganeshadreamstore.centreganesha.com\/store\/wp-content\/uploads\/2025\/09\/cazal9.jpg?fit=887%2C560&ssl=1&resize=350%2C200","width":350,"height":200,"srcset":"https:\/\/i0.wp.com\/ganeshadreamstore.centreganesha.com\/store\/wp-content\/uploads\/2025\/09\/cazal9.jpg?fit=887%2C560&ssl=1&resize=350%2C200 1x, https:\/\/i0.wp.com\/ganeshadreamstore.centreganesha.com\/store\/wp-content\/uploads\/2025\/09\/cazal9.jpg?fit=887%2C560&ssl=1&resize=525%2C300 1.5x, https:\/\/i0.wp.com\/ganeshadreamstore.centreganesha.com\/store\/wp-content\/uploads\/2025\/09\/cazal9.jpg?fit=887%2C560&ssl=1&resize=700%2C400 2x"},"classes":[]},{"id":1549,"url":"https:\/\/ganeshadreamstore.centreganesha.com\/store\/produit\/pierre-de-cintamani-tachyonisee\/","url_meta":{"origin":459,"position":4},"title":"Pierre de Cintamani Tachyonis\u00e9e","author":"Centre Ganesha","date":"19 novembre 2025","format":false,"excerpt":"Actuellement associ\u00e9e \u00e0 la chambre \u00e0 Tachyons, la pierre de Cintamani est la pierre de l'Ascension dans la 5D. Le\u00a0chintamani\u00a0(devanagari\u00a0:\u00a0\u091a\u093f\u0928\u094d\u0924\u093e\u092e\u0923\u093f\u00a0\/\u00a0Cint\u0101ma\u1e47i), qui vient du\u00a0sanskrit\u00a0\u091a\u093f\u0928\u094d\u0924\u093e\u00a0\/\u00a0cint\u0101\u00a0(\u00ab\u00a0mental\u00a0\u00bb) et\u00a0\u092e\u0923\u093f\u00a0\/\u00a0ma\u1e47i\u00a0(\u00ab\u00a0joyau\u00a0\u00bb), est une\u00a0pierre pr\u00e9cieuse\u00a0accomplissant les souhaits dans les traditions\u00a0hindoue\u00a0et\u00a0bouddhiste. Dans l'hindouisme, il est li\u00e9 aux dieux\u00a0Vishnu\u00a0et\u00a0Ganesh. Il est aussi l\u2019une des sept possessions d\u2019un\u00a0chakravartin, grand souverain. Dans\u2026","rel":"","context":"Article similaire","block_context":{"text":"Article similaire","link":""},"img":{"alt_text":"","src":"https:\/\/i0.wp.com\/ganeshadreamstore.centreganesha.com\/store\/wp-content\/uploads\/2025\/11\/cintamani2.jpg?fit=537%2C495&ssl=1&resize=350%2C200","width":350,"height":200,"srcset":"https:\/\/i0.wp.com\/ganeshadreamstore.centreganesha.com\/store\/wp-content\/uploads\/2025\/11\/cintamani2.jpg?fit=537%2C495&ssl=1&resize=350%2C200 1x, https:\/\/i0.wp.com\/ganeshadreamstore.centreganesha.com\/store\/wp-content\/uploads\/2025\/11\/cintamani2.jpg?fit=537%2C495&ssl=1&resize=525%2C300 1.5x"},"classes":[]},{"id":280,"url":"https:\/\/ganeshadreamstore.centreganesha.com\/store\/produit\/bracelet-mala-en-pierre-azurite-et-son-pendentif-om\/","url_meta":{"origin":459,"position":5},"title":"Bracelet mala en pierre azurite et son pendentif OM","author":"Centre Ganesha","date":"25 d\u00e9cembre 2017","format":false,"excerpt":"Cette pierre purifie et stimule le Chakra du 3\u00e8me oeil, elle relie le corporel au spirituel. C'est l'illumination de l'\u00e2me et de l'esprit, elle aide \u00e0 la m\u00e9ditation, facilite les voyages extra-corporels et fait prendre conscience du moi int\u00e9rieur. Les intuitions deviennent plus subtiles, les pens\u00e9es sont plus claires et\u2026","rel":"","context":"Article similaire","block_context":{"text":"Article similaire","link":""},"img":{"alt_text":"","src":"https:\/\/i0.wp.com\/ganeshadreamstore.centreganesha.com\/store\/wp-content\/uploads\/2017\/12\/bracelet-pierre-azurite.jpg?fit=661%2C647&ssl=1&resize=350%2C200","width":350,"height":200,"srcset":"https:\/\/i0.wp.com\/ganeshadreamstore.centreganesha.com\/store\/wp-content\/uploads\/2017\/12\/bracelet-pierre-azurite.jpg?fit=661%2C647&ssl=1&resize=350%2C200 1x, https:\/\/i0.wp.com\/ganeshadreamstore.centreganesha.com\/store\/wp-content\/uploads\/2017\/12\/bracelet-pierre-azurite.jpg?fit=661%2C647&ssl=1&resize=525%2C300 1.5x"},"classes":[]}],"_links":{"self":[{"href":"https:\/\/ganeshadreamstore.centreganesha.com\/store\/wp-json\/wp\/v2\/product\/459","targetHints":{"allow":["GET"]}}],"collection":[{"href":"https:\/\/ganeshadreamstore.centreganesha.com\/store\/wp-json\/wp\/v2\/product"}],"about":[{"href":"https:\/\/ganeshadreamstore.centreganesha.com\/store\/wp-json\/wp\/v2\/types\/product"}],"wp:featuredmedia":[{"embeddable":true,"href":"https:\/\/ganeshadreamstore.centreganesha.com\/store\/wp-json\/wp\/v2\/media\/460"}],"wp:attachment":[{"href":"https:\/\/ganeshadreamstore.centreganesha.com\/store\/wp-json\/wp\/v2\/media?parent=459"}],"wp:term":[{"taxonomy":"product_brand","embeddable":true,"href":"https:\/\/ganeshadreamstore.centreganesha.com\/store\/wp-json\/wp\/v2\/product_brand?post=459"},{"taxonomy":"product_cat","embeddable":true,"href":"https:\/\/ganeshadreamstore.centreganesha.com\/store\/wp-json\/wp\/v2\/product_cat?post=459"},{"taxonomy":"product_tag","embeddable":true,"href":"https:\/\/ganeshadreamstore.centreganesha.com\/store\/wp-json\/wp\/v2\/product_tag?post=459"}],"curies":[{"name":"wp","href":"https:\/\/api.w.org\/{rel}","templated":true}]}}