{"id":456,"date":"2017-12-25T17:00:00","date_gmt":"2017-12-25T16:00:00","guid":{"rendered":"http:\/\/www.ganeshadreamstore.centreganesha.com\/store\/?post_type=product&#038;p=456"},"modified":"2021-05-22T10:02:21","modified_gmt":"2021-05-22T08:02:21","slug":"les-huit-cles-de-la-sante","status":"publish","type":"product","link":"https:\/\/ganeshadreamstore.centreganesha.com\/store\/produit\/les-huit-cles-de-la-sante\/","title":{"rendered":"Les Huit Cl\u00e9s de la Sant\u00e9"},"content":{"rendered":"","protected":false},"excerpt":{"rendered":"<p>Huit points-cl\u00e9s d&rsquo;\u00e9nergie \u00e0 d\u00e9bloquer et huit postures d&rsquo;\u00e9tirements des M\u00e9ridiens Curieux ou Extraordinaires, expliqu\u00e9s par Fran\u00e7oise Kav\u00e9ri Adjam, enseignante de Yoga et Th\u00e9rapeute Holistique.<\/p>\n<p>Un livre qui s&rsquo;adresse \u00e0 tous publics et surtout \u00e0 toutes celles et ceux qui sont \u00e0 la recherche de m\u00e9thodes simples pour favoriser la sant\u00e9 et accro\u00eetre la vitalit\u00e9.<\/p>\n<p>45 pages<\/p>\n","protected":false},"featured_media":457,"template":"","meta":{"jetpack_post_was_ever_published":false,"jetpack_publicize_message":"","jetpack_publicize_feature_enabled":true,"jetpack_social_post_already_shared":false,"jetpack_social_options":{"image_generator_settings":{"template":"highway","default_image_id":0,"font":"","enabled":false},"version":2}},"product_brand":[],"product_cat":[22],"product_tag":[81,82],"class_list":{"0":"post-456","1":"product","2":"type-product","3":"status-publish","4":"has-post-thumbnail","6":"product_cat-livres","7":"product_tag-les-huit-cles-de-la-sante","8":"product_tag-sante","10":"first","11":"instock","12":"featured","13":"shipping-taxable","14":"purchasable","15":"product-type-simple"},"jetpack_publicize_connections":[],"jetpack_sharing_enabled":true,"jetpack_likes_enabled":true,"jetpack-related-posts":[{"id":545,"url":"https:\/\/ganeshadreamstore.centreganesha.com\/store\/produit\/porte-cle-elephant\/","url_meta":{"origin":456,"position":0},"title":"porte-cl\u00e9 \u00e9l\u00e9phant","author":"Centre Ganesha","date":"25 d\u00e9cembre 2017","format":false,"excerpt":"Porte-cl\u00e9\u00a0El\u00e9phant Dans la mythologie Bouddhiste l'\u00e9l\u00e9phant est un symbole de\u00a0puissance mentale, de paix et de prosp\u00e9rit\u00e9. Les d\u00e9fenses repr\u00e9sente\u00a0une des 7 embl\u00e8mes royales. L'\u00e9l\u00e9phant appara\u00eet \u00e9galement comme un\u00a0gardien des temples\u00a0et comme\u00a0un gardien de Bouddha en personne. Le dieu \u00e0 la t\u00eate d\u2019\u00e9l\u00e9phant est le dieu de la\u00a0sagesse et de l'intelligence,\u2026","rel":"","context":"Article similaire","block_context":{"text":"Article similaire","link":""},"img":{"alt_text":"","src":"https:\/\/i0.wp.com\/ganeshadreamstore.centreganesha.com\/store\/wp-content\/uploads\/2017\/12\/porte-cl%C3%A9-elephant2.jpg?fit=492%2C492&ssl=1&resize=350%2C200","width":350,"height":200},"classes":[]},{"id":1139,"url":"https:\/\/ganeshadreamstore.centreganesha.com\/store\/produit\/amulette-en-obsidienne-noire\/","url_meta":{"origin":456,"position":1},"title":"Amulette en obsidienne noire","author":"Centre Ganesha","date":"8 mai 2021","format":false,"excerpt":"L\u2019obsidienne noire est r\u00e9put\u00e9e pour \u00eatre bonne pour la sant\u00e9 si elle est sur le chakra pertinent. Elle peut aider \u00e0 la digestion, r\u00e9soudre certains probl\u00e8mes digestifs, soulager les douleurs au niveau de la v\u00e9sicule biliaire, stabiliser la tension art\u00e9rielle et am\u00e9liorer la sant\u00e9 cardiaque. La pierre va vous apporter\u2026","rel":"","context":"Article similaire","block_context":{"text":"Article similaire","link":""},"img":{"alt_text":"","src":"https:\/\/i0.wp.com\/ganeshadreamstore.centreganesha.com\/store\/wp-content\/uploads\/2021\/05\/amulette-obsidienne2.jpg?fit=445%2C442&ssl=1&resize=350%2C200","width":350,"height":200},"classes":[]},{"id":1101,"url":"https:\/\/ganeshadreamstore.centreganesha.com\/store\/produit\/tasse-en-cuivre-pour-votre-sante-et-votre-immunite\/","url_meta":{"origin":456,"position":2},"title":"Tasse en cuivre pour votre sant\u00e9 et votre immunit\u00e9.","author":"Centre Ganesha","date":"6 mai 2021","format":false,"excerpt":"Voici Pourquoi Vous Devriez Boire Dans Une Tasse En Cuivre Le cuivre est un oligo\u00e9l\u00e9ment qui se retrouve apr\u00e8s son ingestion dans le foie, le c\u0153ur, le muscle squelettique, etc. Ce min\u00e9ral a de nombreux bienfaits sur la sant\u00e9\u00a0: nettoie les reins, lutte contre les bact\u00e9ries nocives, ralentit le vieillissement,\u2026","rel":"","context":"Article similaire","block_context":{"text":"Article similaire","link":""},"img":{"alt_text":"","src":"https:\/\/i0.wp.com\/ganeshadreamstore.centreganesha.com\/store\/wp-content\/uploads\/2021\/05\/tasse-cuivre.jpg?fit=443%2C430&ssl=1&resize=350%2C200","width":350,"height":200},"classes":[]},{"id":260,"url":"https:\/\/ganeshadreamstore.centreganesha.com\/store\/produit\/bracelet-magnetique-en-titane-noir-homme\/","url_meta":{"origin":456,"position":3},"title":"Bracelet magnetique en titane noir homme","author":"Centre Ganesha","date":"25 d\u00e9cembre 2017","format":false,"excerpt":"Affirmez votre \u00e9l\u00e9gance masculine avec ce\u00a0bracelet magn\u00e9tique en titane\u00a0noir ! Vous appr\u00e9cierez sa robustesse, sa l\u00e9g\u00e8ret\u00e9 et sa classe. Les bracelets magn\u00e9tiques ont trois actions essentielles : - Ils vous apportent un\u00a0bien-\u00eatre g\u00e9n\u00e9ral\u00a0et un\u00a0calme int\u00e9rieur, apaisant votre stress - Ils r\u00e9gularisent votre terrain et vous\u00a0donnent une \u00e9nergie positive - Ils\u2026","rel":"","context":"Article similaire","block_context":{"text":"Article similaire","link":""},"img":{"alt_text":"","src":"https:\/\/i0.wp.com\/ganeshadreamstore.centreganesha.com\/store\/wp-content\/uploads\/2017\/12\/bracelet-magn%C3%A9tique-homme.jpg?fit=1000%2C1000&ssl=1&resize=350%2C200","width":350,"height":200,"srcset":"https:\/\/i0.wp.com\/ganeshadreamstore.centreganesha.com\/store\/wp-content\/uploads\/2017\/12\/bracelet-magn%C3%A9tique-homme.jpg?fit=1000%2C1000&ssl=1&resize=350%2C200 1x, https:\/\/i0.wp.com\/ganeshadreamstore.centreganesha.com\/store\/wp-content\/uploads\/2017\/12\/bracelet-magn%C3%A9tique-homme.jpg?fit=1000%2C1000&ssl=1&resize=525%2C300 1.5x, https:\/\/i0.wp.com\/ganeshadreamstore.centreganesha.com\/store\/wp-content\/uploads\/2017\/12\/bracelet-magn%C3%A9tique-homme.jpg?fit=1000%2C1000&ssl=1&resize=700%2C400 2x"},"classes":[]},{"id":246,"url":"https:\/\/ganeshadreamstore.centreganesha.com\/store\/produit\/bracelet-magnetique-aux-pierres-roses-pour-femme\/","url_meta":{"origin":456,"position":4},"title":"Bracelet magnetique aux pierres roses pour femme","author":"Centre Ganesha","date":"25 d\u00e9cembre 2017","format":false,"excerpt":"Ce magnifique\u00a0bracelet magn\u00e9tique femme\u00a0de magn\u00e9toth\u00e9rapie \u00a0se coordonne avec toutes vos tenues ! Un beau bracelet de m\u00e9decine naturelle aux\u00a0pierres mauves\u00a0en zirconium. Chaque maillon pr\u00e9sente en contact avec la peau, des aimants de samarium d\u00e9livrent 1200 Gauss sur votre corps pour votre bien \u00eatre. \u00a0","rel":"","context":"Article similaire","block_context":{"text":"Article similaire","link":""},"img":{"alt_text":"","src":"https:\/\/i0.wp.com\/ganeshadreamstore.centreganesha.com\/store\/wp-content\/uploads\/2017\/12\/bracelet-magn%C3%A9tique-femme-rose4.jpg?fit=772%2C621&ssl=1&resize=350%2C200","width":350,"height":200,"srcset":"https:\/\/i0.wp.com\/ganeshadreamstore.centreganesha.com\/store\/wp-content\/uploads\/2017\/12\/bracelet-magn%C3%A9tique-femme-rose4.jpg?fit=772%2C621&ssl=1&resize=350%2C200 1x, https:\/\/i0.wp.com\/ganeshadreamstore.centreganesha.com\/store\/wp-content\/uploads\/2017\/12\/bracelet-magn%C3%A9tique-femme-rose4.jpg?fit=772%2C621&ssl=1&resize=525%2C300 1.5x, https:\/\/i0.wp.com\/ganeshadreamstore.centreganesha.com\/store\/wp-content\/uploads\/2017\/12\/bracelet-magn%C3%A9tique-femme-rose4.jpg?fit=772%2C621&ssl=1&resize=700%2C400 2x"},"classes":[]},{"id":270,"url":"https:\/\/ganeshadreamstore.centreganesha.com\/store\/produit\/bracelet-magnetique-pour-femme\/","url_meta":{"origin":456,"position":5},"title":"Bracelet magn\u00e9tique pour femme","author":"Centre Ganesha","date":"25 d\u00e9cembre 2017","format":false,"excerpt":"Ce magnifique\u00a0bracelet magn\u00e9tique femme\u00a0de magn\u00e9toth\u00e9rapie \u00a0se coordonne avec toutes vos tenues! Un beau bracelet de m\u00e9decine naturelle. Chaque maillon pr\u00e9sente en contact avec la peau, des aimants de samarium d\u00e9livrent 1200 Gauss sur votre corps pour votre bien \u00eatre. Les bracelets magn\u00e9tiques ont trois actions essentielles : - Ils vous\u2026","rel":"","context":"Article similaire","block_context":{"text":"Article similaire","link":""},"img":{"alt_text":"","src":"https:\/\/i0.wp.com\/ganeshadreamstore.centreganesha.com\/store\/wp-content\/uploads\/2017\/12\/bracelet-magn%C3%A9tique.jpg?fit=1000%2C1000&ssl=1&resize=350%2C200","width":350,"height":200,"srcset":"https:\/\/i0.wp.com\/ganeshadreamstore.centreganesha.com\/store\/wp-content\/uploads\/2017\/12\/bracelet-magn%C3%A9tique.jpg?fit=1000%2C1000&ssl=1&resize=350%2C200 1x, https:\/\/i0.wp.com\/ganeshadreamstore.centreganesha.com\/store\/wp-content\/uploads\/2017\/12\/bracelet-magn%C3%A9tique.jpg?fit=1000%2C1000&ssl=1&resize=525%2C300 1.5x, https:\/\/i0.wp.com\/ganeshadreamstore.centreganesha.com\/store\/wp-content\/uploads\/2017\/12\/bracelet-magn%C3%A9tique.jpg?fit=1000%2C1000&ssl=1&resize=700%2C400 2x"},"classes":[]}],"_links":{"self":[{"href":"https:\/\/ganeshadreamstore.centreganesha.com\/store\/wp-json\/wp\/v2\/product\/456","targetHints":{"allow":["GET"]}}],"collection":[{"href":"https:\/\/ganeshadreamstore.centreganesha.com\/store\/wp-json\/wp\/v2\/product"}],"about":[{"href":"https:\/\/ganeshadreamstore.centreganesha.com\/store\/wp-json\/wp\/v2\/types\/product"}],"wp:featuredmedia":[{"embeddable":true,"href":"https:\/\/ganeshadreamstore.centreganesha.com\/store\/wp-json\/wp\/v2\/media\/457"}],"wp:attachment":[{"href":"https:\/\/ganeshadreamstore.centreganesha.com\/store\/wp-json\/wp\/v2\/media?parent=456"}],"wp:term":[{"taxonomy":"product_brand","embeddable":true,"href":"https:\/\/ganeshadreamstore.centreganesha.com\/store\/wp-json\/wp\/v2\/product_brand?post=456"},{"taxonomy":"product_cat","embeddable":true,"href":"https:\/\/ganeshadreamstore.centreganesha.com\/store\/wp-json\/wp\/v2\/product_cat?post=456"},{"taxonomy":"product_tag","embeddable":true,"href":"https:\/\/ganeshadreamstore.centreganesha.com\/store\/wp-json\/wp\/v2\/product_tag?post=456"}],"curies":[{"name":"wp","href":"https:\/\/api.w.org\/{rel}","templated":true}]}}