{"id":453,"date":"2017-12-25T16:54:32","date_gmt":"2017-12-25T15:54:32","guid":{"rendered":"http:\/\/www.ganeshadreamstore.centreganesha.com\/store\/?post_type=product&#038;p=453"},"modified":"2026-02-05T12:16:27","modified_gmt":"2026-02-05T11:16:27","slug":"joy","status":"publish","type":"product","link":"https:\/\/ganeshadreamstore.centreganesha.com\/store\/produit\/joy\/","title":{"rendered":"\u00ab\u00a0Joy\u00a0\u00bb"},"content":{"rendered":"","protected":false},"excerpt":{"rendered":"<h4>Poster d&rsquo;une peinture acrylique intitul\u00e9e \u00ab\u00a0Joy\u00a0\u00bb format 30 cm X 40 cm.<\/h4>\n","protected":false},"featured_media":454,"template":"","meta":{"jetpack_post_was_ever_published":false,"jetpack_publicize_message":"","jetpack_publicize_feature_enabled":true,"jetpack_social_post_already_shared":false,"jetpack_social_options":{"image_generator_settings":{"template":"highway","default_image_id":0,"font":"","enabled":false},"version":2}},"product_brand":[],"product_cat":[330],"product_tag":[80,79,28,29],"class_list":{"0":"post-453","1":"product","2":"type-product","3":"status-publish","4":"has-post-thumbnail","6":"product_cat-galerie","7":"product_tag-affiche","8":"product_tag-joy","9":"product_tag-poster","10":"product_tag-reproduction-peinture","12":"first","13":"instock","14":"shipping-taxable","15":"purchasable","16":"product-type-simple"},"jetpack_publicize_connections":[],"jetpack_sharing_enabled":true,"jetpack_likes_enabled":true,"jetpack-related-posts":[{"id":63,"url":"https:\/\/ganeshadreamstore.centreganesha.com\/store\/produit\/directions\/","url_meta":{"origin":453,"position":0},"title":"\u00ab\u00a0Directions\u00a0\u00bb","author":"Centre Ganesha","date":"24 d\u00e9cembre 2017","format":false,"excerpt":"Poster d'une peinture acrylique intitul\u00e9e \"Directions\" format 30 cm X 40 cm.","rel":"","context":"Article similaire","block_context":{"text":"Article similaire","link":""},"img":{"alt_text":"","src":"https:\/\/i0.wp.com\/ganeshadreamstore.centreganesha.com\/store\/wp-content\/uploads\/2017\/12\/directions2.jpg?fit=873%2C1200&ssl=1&resize=350%2C200","width":350,"height":200,"srcset":"https:\/\/i0.wp.com\/ganeshadreamstore.centreganesha.com\/store\/wp-content\/uploads\/2017\/12\/directions2.jpg?fit=873%2C1200&ssl=1&resize=350%2C200 1x, https:\/\/i0.wp.com\/ganeshadreamstore.centreganesha.com\/store\/wp-content\/uploads\/2017\/12\/directions2.jpg?fit=873%2C1200&ssl=1&resize=525%2C300 1.5x, https:\/\/i0.wp.com\/ganeshadreamstore.centreganesha.com\/store\/wp-content\/uploads\/2017\/12\/directions2.jpg?fit=873%2C1200&ssl=1&resize=700%2C400 2x"},"classes":[]},{"id":68,"url":"https:\/\/ganeshadreamstore.centreganesha.com\/store\/produit\/vitrail\/","url_meta":{"origin":453,"position":1},"title":"\u00ab\u00a0Vitrail\u00a0\u00bb","author":"Centre Ganesha","date":"24 d\u00e9cembre 2017","format":false,"excerpt":"Poster d'une peinture acrylique intitul\u00e9e \"Vitrail\" format 30 cm X 40 cm.","rel":"","context":"Article similaire","block_context":{"text":"Article similaire","link":""},"img":{"alt_text":"","src":"https:\/\/i0.wp.com\/ganeshadreamstore.centreganesha.com\/store\/wp-content\/uploads\/2017\/12\/vitrail-e1768239382591.jpg?fit=1200%2C900&ssl=1&resize=350%2C200","width":350,"height":200,"srcset":"https:\/\/i0.wp.com\/ganeshadreamstore.centreganesha.com\/store\/wp-content\/uploads\/2017\/12\/vitrail-e1768239382591.jpg?fit=1200%2C900&ssl=1&resize=350%2C200 1x, https:\/\/i0.wp.com\/ganeshadreamstore.centreganesha.com\/store\/wp-content\/uploads\/2017\/12\/vitrail-e1768239382591.jpg?fit=1200%2C900&ssl=1&resize=525%2C300 1.5x, https:\/\/i0.wp.com\/ganeshadreamstore.centreganesha.com\/store\/wp-content\/uploads\/2017\/12\/vitrail-e1768239382591.jpg?fit=1200%2C900&ssl=1&resize=700%2C400 2x, https:\/\/i0.wp.com\/ganeshadreamstore.centreganesha.com\/store\/wp-content\/uploads\/2017\/12\/vitrail-e1768239382591.jpg?fit=1200%2C900&ssl=1&resize=1050%2C600 3x"},"classes":[]},{"id":60,"url":"https:\/\/ganeshadreamstore.centreganesha.com\/store\/produit\/criss-cross\/","url_meta":{"origin":453,"position":2},"title":"Criss-Cross","author":"Centre Ganesha","date":"23 d\u00e9cembre 2017","format":false,"excerpt":"Poster d'une peinture acrylique intitul\u00e9e \"Criss-Cross\" en format 30 cm X 40 cm.","rel":"","context":"Article similaire","block_context":{"text":"Article similaire","link":""},"img":{"alt_text":"","src":"https:\/\/i0.wp.com\/ganeshadreamstore.centreganesha.com\/store\/wp-content\/uploads\/2017\/12\/criss-cross.jpg?fit=1200%2C907&ssl=1&resize=350%2C200","width":350,"height":200,"srcset":"https:\/\/i0.wp.com\/ganeshadreamstore.centreganesha.com\/store\/wp-content\/uploads\/2017\/12\/criss-cross.jpg?fit=1200%2C907&ssl=1&resize=350%2C200 1x, https:\/\/i0.wp.com\/ganeshadreamstore.centreganesha.com\/store\/wp-content\/uploads\/2017\/12\/criss-cross.jpg?fit=1200%2C907&ssl=1&resize=525%2C300 1.5x, https:\/\/i0.wp.com\/ganeshadreamstore.centreganesha.com\/store\/wp-content\/uploads\/2017\/12\/criss-cross.jpg?fit=1200%2C907&ssl=1&resize=700%2C400 2x, https:\/\/i0.wp.com\/ganeshadreamstore.centreganesha.com\/store\/wp-content\/uploads\/2017\/12\/criss-cross.jpg?fit=1200%2C907&ssl=1&resize=1050%2C600 3x"},"classes":[]},{"id":662,"url":"https:\/\/ganeshadreamstore.centreganesha.com\/store\/produit\/the-heart-star\/","url_meta":{"origin":453,"position":3},"title":"Heart Star","author":"Centre Ganesha","date":"25 d\u00e9cembre 2017","format":false,"excerpt":"Poster d'une peinture acrylique intitul\u00e9e \"The Heart Star\" format 30 cm X 40 cm.","rel":"","context":"Article similaire","block_context":{"text":"Article similaire","link":""},"img":{"alt_text":"","src":"https:\/\/i0.wp.com\/ganeshadreamstore.centreganesha.com\/store\/wp-content\/uploads\/2017\/12\/the-heart-star.jpg?fit=1200%2C906&ssl=1&resize=350%2C200","width":350,"height":200,"srcset":"https:\/\/i0.wp.com\/ganeshadreamstore.centreganesha.com\/store\/wp-content\/uploads\/2017\/12\/the-heart-star.jpg?fit=1200%2C906&ssl=1&resize=350%2C200 1x, https:\/\/i0.wp.com\/ganeshadreamstore.centreganesha.com\/store\/wp-content\/uploads\/2017\/12\/the-heart-star.jpg?fit=1200%2C906&ssl=1&resize=525%2C300 1.5x, https:\/\/i0.wp.com\/ganeshadreamstore.centreganesha.com\/store\/wp-content\/uploads\/2017\/12\/the-heart-star.jpg?fit=1200%2C906&ssl=1&resize=700%2C400 2x, https:\/\/i0.wp.com\/ganeshadreamstore.centreganesha.com\/store\/wp-content\/uploads\/2017\/12\/the-heart-star.jpg?fit=1200%2C906&ssl=1&resize=1050%2C600 3x"},"classes":[]},{"id":66,"url":"https:\/\/ganeshadreamstore.centreganesha.com\/store\/produit\/helios\/","url_meta":{"origin":453,"position":4},"title":"\u00ab\u00a0H\u00e9lios\u00a0\u00bb","author":"Centre Ganesha","date":"24 d\u00e9cembre 2017","format":false,"excerpt":"Poster d'une peinture acrylique intitul\u00e9e \"H\u00e9lios\" format 50 cm X 50cm.","rel":"","context":"Article similaire","block_context":{"text":"Article similaire","link":""},"img":{"alt_text":"","src":"https:\/\/i0.wp.com\/ganeshadreamstore.centreganesha.com\/store\/wp-content\/uploads\/2017\/12\/helios.jpg?fit=1200%2C1200&ssl=1&resize=350%2C200","width":350,"height":200,"srcset":"https:\/\/i0.wp.com\/ganeshadreamstore.centreganesha.com\/store\/wp-content\/uploads\/2017\/12\/helios.jpg?fit=1200%2C1200&ssl=1&resize=350%2C200 1x, https:\/\/i0.wp.com\/ganeshadreamstore.centreganesha.com\/store\/wp-content\/uploads\/2017\/12\/helios.jpg?fit=1200%2C1200&ssl=1&resize=525%2C300 1.5x, https:\/\/i0.wp.com\/ganeshadreamstore.centreganesha.com\/store\/wp-content\/uploads\/2017\/12\/helios.jpg?fit=1200%2C1200&ssl=1&resize=700%2C400 2x, https:\/\/i0.wp.com\/ganeshadreamstore.centreganesha.com\/store\/wp-content\/uploads\/2017\/12\/helios.jpg?fit=1200%2C1200&ssl=1&resize=1050%2C600 3x"},"classes":[]},{"id":468,"url":"https:\/\/ganeshadreamstore.centreganesha.com\/store\/produit\/mater\/","url_meta":{"origin":453,"position":5},"title":"\u00ab\u00a0Mater\u00a0\u00bb","author":"Centre Ganesha","date":"25 d\u00e9cembre 2017","format":false,"excerpt":"Poster d'une peinture \u00e0 l'huile intitul\u00e9e \"Mater\" Format 30 cm X 40 cm","rel":"","context":"Article similaire","block_context":{"text":"Article similaire","link":""},"img":{"alt_text":"","src":"https:\/\/i0.wp.com\/ganeshadreamstore.centreganesha.com\/store\/wp-content\/uploads\/2017\/12\/mater.jpg?fit=963%2C1200&ssl=1&resize=350%2C200","width":350,"height":200,"srcset":"https:\/\/i0.wp.com\/ganeshadreamstore.centreganesha.com\/store\/wp-content\/uploads\/2017\/12\/mater.jpg?fit=963%2C1200&ssl=1&resize=350%2C200 1x, https:\/\/i0.wp.com\/ganeshadreamstore.centreganesha.com\/store\/wp-content\/uploads\/2017\/12\/mater.jpg?fit=963%2C1200&ssl=1&resize=525%2C300 1.5x, https:\/\/i0.wp.com\/ganeshadreamstore.centreganesha.com\/store\/wp-content\/uploads\/2017\/12\/mater.jpg?fit=963%2C1200&ssl=1&resize=700%2C400 2x"},"classes":[]}],"_links":{"self":[{"href":"https:\/\/ganeshadreamstore.centreganesha.com\/store\/wp-json\/wp\/v2\/product\/453","targetHints":{"allow":["GET"]}}],"collection":[{"href":"https:\/\/ganeshadreamstore.centreganesha.com\/store\/wp-json\/wp\/v2\/product"}],"about":[{"href":"https:\/\/ganeshadreamstore.centreganesha.com\/store\/wp-json\/wp\/v2\/types\/product"}],"wp:featuredmedia":[{"embeddable":true,"href":"https:\/\/ganeshadreamstore.centreganesha.com\/store\/wp-json\/wp\/v2\/media\/454"}],"wp:attachment":[{"href":"https:\/\/ganeshadreamstore.centreganesha.com\/store\/wp-json\/wp\/v2\/media?parent=453"}],"wp:term":[{"taxonomy":"product_brand","embeddable":true,"href":"https:\/\/ganeshadreamstore.centreganesha.com\/store\/wp-json\/wp\/v2\/product_brand?post=453"},{"taxonomy":"product_cat","embeddable":true,"href":"https:\/\/ganeshadreamstore.centreganesha.com\/store\/wp-json\/wp\/v2\/product_cat?post=453"},{"taxonomy":"product_tag","embeddable":true,"href":"https:\/\/ganeshadreamstore.centreganesha.com\/store\/wp-json\/wp\/v2\/product_tag?post=453"}],"curies":[{"name":"wp","href":"https:\/\/api.w.org\/{rel}","templated":true}]}}