{"id":390,"date":"2017-12-25T15:51:31","date_gmt":"2017-12-25T14:51:31","guid":{"rendered":"http:\/\/www.ganeshadreamstore.centreganesha.com\/store\/?post_type=product&#038;p=390"},"modified":"2017-12-25T15:51:31","modified_gmt":"2017-12-25T14:51:31","slug":"collier-elephant-et-son-bebe-en-obsidienne","status":"publish","type":"product","link":"https:\/\/ganeshadreamstore.centreganesha.com\/store\/produit\/collier-elephant-et-son-bebe-en-obsidienne\/","title":{"rendered":"Collier Elephant et son bebe en obsidienne"},"content":{"rendered":"","protected":false},"excerpt":{"rendered":"<p>Ce collier de\u00a0<strong>m\u00e8re \u00e9l\u00e9phant avec son b\u00e9b\u00e9 en obsidienne noire<\/strong>\u00a0est \u00e0 porter pour la protection.<\/p>\n<p>Dans de nombreuses cultures,\u00a0<strong>l&rsquo;\u00e9l\u00e9phant<\/strong>\u00a0est un symbole de force,\u00a0d&rsquo;inspiration constante, d&rsquo;honneur, de stabilit\u00e9 et de patience.<\/p>\n<p>Dans le bouddhisme,\u00a0<strong>l&rsquo;\u00e9l\u00e9phant<\/strong>\u00a0est v\u00e9n\u00e9r\u00e9 pour ces qualit\u00e9s, et il est souvent repr\u00e9sent\u00e9 avec ou comme Bouddha lorsqu&rsquo;il atteint l&rsquo;illumination.<\/p>\n<p>Dans l&rsquo;hindouisme, l&rsquo;\u00e9l\u00e9phant se trouve sous la forme de\u00a0<strong>Ganesha<\/strong>\u00a0qui est le dieu de la chance, de la fortune, de la protection et est une b\u00e9n\u00e9diction pour tous les nouveaux projets.<\/p>\n<p><strong>L&rsquo;Obsidienne est un verre volcanique naturel qui a des propri\u00e9t\u00e9s curatives puissantes.<\/strong><\/p>\n<p>Elle nettoie le brouillard psychique cr\u00e9\u00e9 dans votre aura\u00a0et c&rsquo;est\u00a0<strong>une pierre de protection psychique forte<\/strong>.<\/p>\n<p>Elle poss\u00e8de de puissantes propri\u00e9t\u00e9s m\u00e9taphysiques qui vous\u00a0<strong>prot\u00e8gent\u00a0contre la n\u00e9gativit\u00e9 et le stress<\/strong>.<\/p>\n<p>C&rsquo;est une pierre de \u00abVITALIT\u00c9\u00bb qui vous aide \u00e0 rester aligner et \u00e0 vous\u00a0relier au but de votre \u00e2me.<\/p>\n<p>Nous aimons ce collier d&rsquo;\u00e9l\u00e9phante avec son b\u00e9b\u00e9 car cela nous rappelle d&rsquo;\u00eatre humble, patient et d\u00e9termin\u00e9\u00a0pendant notre m\u00e9ditation et dans la vie.<\/p>\n<p>Cliquez sur\u00a0<strong>ajoutez le au panier<\/strong>\u00a0pendant qu&rsquo;ils sont encore disponibles.<\/p>\n<p><strong>ATTENTION : Ce produit est en\u00a0quantit\u00e9 limit\u00e9e et introuvable en magasin\u00a0<\/strong><\/p>\n","protected":false},"featured_media":391,"template":"","meta":{"jetpack_post_was_ever_published":false,"jetpack_publicize_message":"","jetpack_publicize_feature_enabled":true,"jetpack_social_post_already_shared":false,"jetpack_social_options":{"image_generator_settings":{"template":"highway","default_image_id":0,"font":"","enabled":false},"version":2}},"product_brand":[],"product_cat":[18],"product_tag":[63,46],"class_list":{"0":"post-390","1":"product","2":"type-product","3":"status-publish","4":"has-post-thumbnail","6":"product_cat-bijoux","7":"product_tag-collier-elephant","8":"product_tag-obsidienne","10":"first","11":"instock","12":"sale","13":"shipping-taxable","14":"purchasable","15":"product-type-simple"},"jetpack_publicize_connections":[],"jetpack_sharing_enabled":true,"jetpack_likes_enabled":true,"jetpack-related-posts":[{"id":545,"url":"https:\/\/ganeshadreamstore.centreganesha.com\/store\/produit\/porte-cle-elephant\/","url_meta":{"origin":390,"position":0},"title":"porte-cl\u00e9 \u00e9l\u00e9phant","author":"Centre Ganesha","date":"25 d\u00e9cembre 2017","format":false,"excerpt":"Porte-cl\u00e9\u00a0El\u00e9phant Dans la mythologie Bouddhiste l'\u00e9l\u00e9phant est un symbole de\u00a0puissance mentale, de paix et de prosp\u00e9rit\u00e9. Les d\u00e9fenses repr\u00e9sente\u00a0une des 7 embl\u00e8mes royales. L'\u00e9l\u00e9phant appara\u00eet \u00e9galement comme un\u00a0gardien des temples\u00a0et comme\u00a0un gardien de Bouddha en personne. Le dieu \u00e0 la t\u00eate d\u2019\u00e9l\u00e9phant est le dieu de la\u00a0sagesse et de l'intelligence,\u2026","rel":"","context":"Article similaire","block_context":{"text":"Article similaire","link":""},"img":{"alt_text":"","src":"https:\/\/i0.wp.com\/ganeshadreamstore.centreganesha.com\/store\/wp-content\/uploads\/2017\/12\/porte-cl%C3%A9-elephant2.jpg?fit=492%2C492&ssl=1&resize=350%2C200","width":350,"height":200},"classes":[]},{"id":567,"url":"https:\/\/ganeshadreamstore.centreganesha.com\/store\/produit\/pyramide-en-pierre-semi-precieuse\/","url_meta":{"origin":390,"position":1},"title":"Pyramide en Pierre Semi-precieuse","author":"Centre Ganesha","date":"25 d\u00e9cembre 2017","format":false,"excerpt":"Centrez-vous et \u00e9quilibrez vos \u00e9nergies gr\u00e2ce\u00a0\u00e0 nos 8\u00a0Pyramides en Pierre Semi-pr\u00e9cieuse\u00a0 que vous pourrez charger en Energie Reiki. Lorsque vous placez une pyramide de pierre naturelle sur votre bureau,\u00a0elle engendre des changements importants dans\u00a0l'ensemble du champs \u00e9nerg\u00e9tique autour de vous. Ce changement de vibration vous permet de\u00a0rester plus concentr\u00e9\u00a0en travaillant\u2026","rel":"","context":"Article similaire","block_context":{"text":"Article similaire","link":""},"img":{"alt_text":"","src":"https:\/\/i0.wp.com\/ganeshadreamstore.centreganesha.com\/store\/wp-content\/uploads\/2017\/12\/pyramide-lapis-lazuli.jpg?fit=1000%2C960&ssl=1&resize=350%2C200","width":350,"height":200,"srcset":"https:\/\/i0.wp.com\/ganeshadreamstore.centreganesha.com\/store\/wp-content\/uploads\/2017\/12\/pyramide-lapis-lazuli.jpg?fit=1000%2C960&ssl=1&resize=350%2C200 1x, https:\/\/i0.wp.com\/ganeshadreamstore.centreganesha.com\/store\/wp-content\/uploads\/2017\/12\/pyramide-lapis-lazuli.jpg?fit=1000%2C960&ssl=1&resize=525%2C300 1.5x, https:\/\/i0.wp.com\/ganeshadreamstore.centreganesha.com\/store\/wp-content\/uploads\/2017\/12\/pyramide-lapis-lazuli.jpg?fit=1000%2C960&ssl=1&resize=700%2C400 2x"},"classes":[]},{"id":70,"url":"https:\/\/ganeshadreamstore.centreganesha.com\/store\/produit\/100g-de-pierres-damethyste-pour-la-guerison-ou-le-fenshui\/","url_meta":{"origin":390,"position":2},"title":"100g de Pierres d&rsquo;amethyste pour la guerison ou le fenshui","author":"Centre Ganesha","date":"24 d\u00e9cembre 2017","format":false,"excerpt":"100gr de Pierres d'am\u00e9thyste polie pour la gu\u00e9rison ou le fenshui Les vertus de l\u2019am\u00e9thyste sont apaisantes et purifiantes.\u00a0Elle \u00e9vacue le stress, calme l\u2019insomnie et favorise la concentration et la m\u00e9ditation.\u00a0C\u2019est une pierre tr\u00e8s b\u00e9n\u00e9fique pour le mental, qui permet de trouver l\u2019\u00e9quilibre et la s\u00e9r\u00e9nit\u00e9.\u00a0L\u00e9onard de Vinci \u00e9crivait d\u2019ailleurs\u2026","rel":"","context":"Article similaire","block_context":{"text":"Article similaire","link":""},"img":{"alt_text":"","src":"https:\/\/i0.wp.com\/ganeshadreamstore.centreganesha.com\/store\/wp-content\/uploads\/2017\/12\/pierre-dam%C3%A9thyste.jpg?fit=1000%2C1002&ssl=1&resize=350%2C200","width":350,"height":200,"srcset":"https:\/\/i0.wp.com\/ganeshadreamstore.centreganesha.com\/store\/wp-content\/uploads\/2017\/12\/pierre-dam%C3%A9thyste.jpg?fit=1000%2C1002&ssl=1&resize=350%2C200 1x, https:\/\/i0.wp.com\/ganeshadreamstore.centreganesha.com\/store\/wp-content\/uploads\/2017\/12\/pierre-dam%C3%A9thyste.jpg?fit=1000%2C1002&ssl=1&resize=525%2C300 1.5x, https:\/\/i0.wp.com\/ganeshadreamstore.centreganesha.com\/store\/wp-content\/uploads\/2017\/12\/pierre-dam%C3%A9thyste.jpg?fit=1000%2C1002&ssl=1&resize=700%2C400 2x"},"classes":[]},{"id":1139,"url":"https:\/\/ganeshadreamstore.centreganesha.com\/store\/produit\/amulette-en-obsidienne-noire\/","url_meta":{"origin":390,"position":3},"title":"Amulette en obsidienne noire","author":"Centre Ganesha","date":"8 mai 2021","format":false,"excerpt":"L\u2019obsidienne noire est r\u00e9put\u00e9e pour \u00eatre bonne pour la sant\u00e9 si elle est sur le chakra pertinent. Elle peut aider \u00e0 la digestion, r\u00e9soudre certains probl\u00e8mes digestifs, soulager les douleurs au niveau de la v\u00e9sicule biliaire, stabiliser la tension art\u00e9rielle et am\u00e9liorer la sant\u00e9 cardiaque. La pierre va vous apporter\u2026","rel":"","context":"Article similaire","block_context":{"text":"Article similaire","link":""},"img":{"alt_text":"","src":"https:\/\/i0.wp.com\/ganeshadreamstore.centreganesha.com\/store\/wp-content\/uploads\/2021\/05\/amulette-obsidienne2.jpg?fit=445%2C442&ssl=1&resize=350%2C200","width":350,"height":200},"classes":[]},{"id":1431,"url":"https:\/\/ganeshadreamstore.centreganesha.com\/store\/produit\/collier-de-protection-reiki-shokure-en-orgonite\/","url_meta":{"origin":390,"position":4},"title":"Collier de protection Reiki ShoKuR\u00e9 en orgonite","author":"Centre Ganesha","date":"20 janvier 2022","format":false,"excerpt":"Collier de protection Reiki ShoKuR\u00e9 en orgonite avec son cordonnet r\u00e9glable.","rel":"","context":"Article similaire","block_context":{"text":"Article similaire","link":""},"img":{"alt_text":"","src":"https:\/\/i0.wp.com\/ganeshadreamstore.centreganesha.com\/store\/wp-content\/uploads\/2022\/01\/collier-protection-reiki-shokure2.jpg?fit=719%2C684&ssl=1&resize=350%2C200","width":350,"height":200,"srcset":"https:\/\/i0.wp.com\/ganeshadreamstore.centreganesha.com\/store\/wp-content\/uploads\/2022\/01\/collier-protection-reiki-shokure2.jpg?fit=719%2C684&ssl=1&resize=350%2C200 1x, https:\/\/i0.wp.com\/ganeshadreamstore.centreganesha.com\/store\/wp-content\/uploads\/2022\/01\/collier-protection-reiki-shokure2.jpg?fit=719%2C684&ssl=1&resize=525%2C300 1.5x, https:\/\/i0.wp.com\/ganeshadreamstore.centreganesha.com\/store\/wp-content\/uploads\/2022\/01\/collier-protection-reiki-shokure2.jpg?fit=719%2C684&ssl=1&resize=700%2C400 2x"},"classes":[]},{"id":520,"url":"https:\/\/ganeshadreamstore.centreganesha.com\/store\/produit\/pendentif-ganesh-en-obsidienne\/","url_meta":{"origin":390,"position":5},"title":"Pendentif Ganesh en obsidienne","author":"Centre Ganesha","date":"25 d\u00e9cembre 2017","format":false,"excerpt":"Ganesh en obsidienne noire\u00a0\u00e0 porter pour enlever les obstacles de son chemin. L'obsidienne noire\u00a0est l'une des pierres\u00a0les plus puissantes de la nature. Elle augmente la force vitale, donne de l'\u00e9nergie et attire des opportunit\u00e9s. Elle vous aide a vous reconnecter \u00e0 votre \u00e2me\u00a0et \u00e0 \u00eatre guid\u00e9 vers votre but de\u2026","rel":"","context":"Article similaire","block_context":{"text":"Article similaire","link":""},"img":{"alt_text":"","src":"https:\/\/i0.wp.com\/ganeshadreamstore.centreganesha.com\/store\/wp-content\/uploads\/2017\/12\/collier-ganesh-obsidienne2.jpg?fit=484%2C483&ssl=1&resize=350%2C200","width":350,"height":200},"classes":[]}],"_links":{"self":[{"href":"https:\/\/ganeshadreamstore.centreganesha.com\/store\/wp-json\/wp\/v2\/product\/390","targetHints":{"allow":["GET"]}}],"collection":[{"href":"https:\/\/ganeshadreamstore.centreganesha.com\/store\/wp-json\/wp\/v2\/product"}],"about":[{"href":"https:\/\/ganeshadreamstore.centreganesha.com\/store\/wp-json\/wp\/v2\/types\/product"}],"wp:featuredmedia":[{"embeddable":true,"href":"https:\/\/ganeshadreamstore.centreganesha.com\/store\/wp-json\/wp\/v2\/media\/391"}],"wp:attachment":[{"href":"https:\/\/ganeshadreamstore.centreganesha.com\/store\/wp-json\/wp\/v2\/media?parent=390"}],"wp:term":[{"taxonomy":"product_brand","embeddable":true,"href":"https:\/\/ganeshadreamstore.centreganesha.com\/store\/wp-json\/wp\/v2\/product_brand?post=390"},{"taxonomy":"product_cat","embeddable":true,"href":"https:\/\/ganeshadreamstore.centreganesha.com\/store\/wp-json\/wp\/v2\/product_cat?post=390"},{"taxonomy":"product_tag","embeddable":true,"href":"https:\/\/ganeshadreamstore.centreganesha.com\/store\/wp-json\/wp\/v2\/product_tag?post=390"}],"curies":[{"name":"wp","href":"https:\/\/api.w.org\/{rel}","templated":true}]}}