{"id":363,"date":"2017-12-25T15:46:34","date_gmt":"2017-12-25T14:46:34","guid":{"rendered":"http:\/\/www.ganeshadreamstore.centreganesha.com\/store\/?post_type=product&#038;p=363"},"modified":"2017-12-25T15:47:21","modified_gmt":"2017-12-25T14:47:21","slug":"collier-arbre-de-vie-en-goutte-deau","status":"publish","type":"product","link":"https:\/\/ganeshadreamstore.centreganesha.com\/store\/produit\/collier-arbre-de-vie-en-goutte-deau\/","title":{"rendered":"Collier Arbre de Vie en goutte d&rsquo;eau"},"content":{"rendered":"<p><strong>Chaque cristal a des propri\u00e9t\u00e9s et des \u00e9nergies uniques pour soigner diff\u00e9rents aspects de votre vie. Choisissez l&rsquo;\u00e9nergie que vous voulez attirer:<\/strong><\/p>\n<p><strong>Turquoise:<\/strong>\u00a0d\u00e9veloppe la finesse de l\u2019intuition et de l\u2019empathie, prot\u00e9ge son propri\u00e9taire des ondes n\u00e9gatives ou des rayonnements nocifs.<\/p>\n<p><strong>Am\u00e9thyste:<\/strong>\u00a0\u00e9loigne la douleur et la mis\u00e8re, permet une connexion spirituelle.\u00a0Port\u00e9e la nuit, elle permettra le voyage astral, les r\u00eaves et visions transcendantales.<\/p>\n<p><strong>Oeil de tigre:<\/strong>\u00a0chasse les angoisses et le trop-plein \u00e9motionnel, et r\u00e9tablit la confiance en soi, redonne de la spontan\u00e9it\u00e9 et du r\u00e9pondant.<\/p>\n<p><strong>Jaspe:\u00a0<\/strong>il vous donnera l&rsquo;\u00e9nergie et la force n\u00e9cessaire pour aller de l&rsquo;avant et combattre plus facilement tous les al\u00e9as de la vie quotidienne\u00a0(r\u00e9gule le syst\u00e8me hormonal).<\/p>\n<p><strong>Quartz rose:\u00a0<\/strong>\u00e9voque la paix, le calme et la tendresse, gu\u00e9rit les blessures tant physiques qu\u2019\u00e9motionnelles. Son contact rassure, renforce la confiance en soi et la capacit\u00e9 de s\u2019accepter tel que l\u2019on est.<\/p>\n<p><strong>Opal blanche:<\/strong>\u00a0porteuse d\u2019espoir et symbole de puret\u00e9, accro\u00eet la clairvoyance, rend plus faciles la m\u00e9ditation et la r\u00e9flexion, am\u00e9liore l\u2019intuition.<\/p>\n<p><strong>Aventurine:<\/strong>\u00a0apaisante et anti-stress par son effet sur l\u2019environnement imm\u00e9diat qu\u2019elle prot\u00e8ge contre les ondes n\u00e9fastes qu\u2019elles soient de source naturelle (ondes telluriques) ou technologiques (\u00e9lectricit\u00e9, t\u00e9l\u00e9phones portables\u2026).<\/p>\n<p><strong>Malachite:<\/strong>\u00a0pierre d\u2019ancrage, gu\u00e9risseuse qui efface les inhibitions et rend audacieux. Elle lib\u00e8re la parole et r\u00e9\u00e9quilibre, aide \u00e0 se reconstruire.<\/p>\n<p class=\"product-single__description rte\"><strong>Rhodonite :\u00a0\u00a0\u00a0<\/strong>Pierre calmante et anti-stress. Aide lors des changements et de processus de renouvellement.<\/p>\n<p><strong>Unakite :\u00a0<\/strong>Pierre\u00a0<strong>\u00a0<\/strong>conseill\u00e9e aux personnes ayant des probl\u00e8mes de couple. Elle aide \u00e0 am\u00e9liorer les relations.\u00a0Pierre de m\u00e9ditation.<\/p>\n<p><strong>Caract\u00e9ristiques :<br \/>\n<\/strong><strong><br \/>\nMat\u00e9riaux :<\/strong>\u00a0pierres, cuivre et\u00a0Alliage de zinc<strong><br \/>\nTailles du pendentif\u00a0:\u00a0<\/strong>5\u00a0cm X\u00a03,1 cm X 1,1 cm<br \/>\n<strong>Poids :<\/strong>\u00a015\u00a0grammes<\/p>\n","protected":false},"excerpt":{"rendered":"<p>Le\u00a0symbole de l&rsquo;<strong>Arbre de Vie<\/strong>\u00a0repr\u00e9sente diff\u00e9rentes qualit\u00e9s et vertus comme la sagesse, la force, la protection, l\u2019\u00e9volution, le renouveau et la r\u00e9demption.<\/p>\n<p>De mani\u00e8re unanime, l&rsquo;arbre de vie est l\u2019arbre qui unit le monde du ciel avec le monde de la terre.<\/p>\n<p>L\u2019Arbre de vie est une tr\u00e8s belle id\u00e9e de cadeau \u00e0 offrir, notamment pour f\u00eater un changement ou un \u00e9v\u00e9nement important dans une vie. Donnez du sens \u00e0 votre cadeau en choisissant l\u2019arbre de vie comme symbole de votre bijou\u00a0!<\/p>\n","protected":false},"featured_media":364,"template":"","meta":{"jetpack_post_was_ever_published":false,"jetpack_publicize_message":"","jetpack_publicize_feature_enabled":true,"jetpack_social_post_already_shared":false,"jetpack_social_options":{"image_generator_settings":{"template":"highway","default_image_id":0,"font":"","enabled":false},"version":2}},"product_brand":[],"product_cat":[18],"product_tag":[61,62],"class_list":{"0":"post-363","1":"product","2":"type-product","3":"status-publish","4":"has-post-thumbnail","6":"product_cat-bijoux","7":"product_tag-collier-arbre-de-vie","8":"product_tag-pierres","10":"first","11":"instock","12":"shipping-taxable","13":"purchasable","14":"product-type-variable"},"jetpack_publicize_connections":[],"jetpack_sharing_enabled":true,"jetpack_likes_enabled":true,"jetpack-related-posts":[{"id":1132,"url":"https:\/\/ganeshadreamstore.centreganesha.com\/store\/produit\/pyramide-en-orgonite\/","url_meta":{"origin":363,"position":0},"title":"Pyramide en orgonite","author":"Centre Ganesha","date":"8 mai 2021","format":false,"excerpt":"2 mod\u00e8les : Pyramide\u00a0 arbre de vie, Pyramide OM 50mm, p\u00e9ridot et Malachite","rel":"","context":"Article similaire","block_context":{"text":"Article similaire","link":""},"img":{"alt_text":"","src":"https:\/\/i0.wp.com\/ganeshadreamstore.centreganesha.com\/store\/wp-content\/uploads\/2021\/05\/pyramide-orgonite5.jpg?fit=409%2C407&ssl=1&resize=350%2C200","width":350,"height":200},"classes":[]},{"id":567,"url":"https:\/\/ganeshadreamstore.centreganesha.com\/store\/produit\/pyramide-en-pierre-semi-precieuse\/","url_meta":{"origin":363,"position":1},"title":"Pyramide en Pierre Semi-precieuse","author":"Centre Ganesha","date":"25 d\u00e9cembre 2017","format":false,"excerpt":"Centrez-vous et \u00e9quilibrez vos \u00e9nergies gr\u00e2ce\u00a0\u00e0 nos 8\u00a0Pyramides en Pierre Semi-pr\u00e9cieuse\u00a0 que vous pourrez charger en Energie Reiki. Lorsque vous placez une pyramide de pierre naturelle sur votre bureau,\u00a0elle engendre des changements importants dans\u00a0l'ensemble du champs \u00e9nerg\u00e9tique autour de vous. Ce changement de vibration vous permet de\u00a0rester plus concentr\u00e9\u00a0en travaillant\u2026","rel":"","context":"Article similaire","block_context":{"text":"Article similaire","link":""},"img":{"alt_text":"","src":"https:\/\/i0.wp.com\/ganeshadreamstore.centreganesha.com\/store\/wp-content\/uploads\/2017\/12\/pyramide-lapis-lazuli.jpg?fit=1000%2C960&ssl=1&resize=350%2C200","width":350,"height":200,"srcset":"https:\/\/i0.wp.com\/ganeshadreamstore.centreganesha.com\/store\/wp-content\/uploads\/2017\/12\/pyramide-lapis-lazuli.jpg?fit=1000%2C960&ssl=1&resize=350%2C200 1x, https:\/\/i0.wp.com\/ganeshadreamstore.centreganesha.com\/store\/wp-content\/uploads\/2017\/12\/pyramide-lapis-lazuli.jpg?fit=1000%2C960&ssl=1&resize=525%2C300 1.5x, https:\/\/i0.wp.com\/ganeshadreamstore.centreganesha.com\/store\/wp-content\/uploads\/2017\/12\/pyramide-lapis-lazuli.jpg?fit=1000%2C960&ssl=1&resize=700%2C400 2x"},"classes":[]},{"id":1139,"url":"https:\/\/ganeshadreamstore.centreganesha.com\/store\/produit\/amulette-en-obsidienne-noire\/","url_meta":{"origin":363,"position":2},"title":"Amulette en obsidienne noire","author":"Centre Ganesha","date":"8 mai 2021","format":false,"excerpt":"L\u2019obsidienne noire est r\u00e9put\u00e9e pour \u00eatre bonne pour la sant\u00e9 si elle est sur le chakra pertinent. Elle peut aider \u00e0 la digestion, r\u00e9soudre certains probl\u00e8mes digestifs, soulager les douleurs au niveau de la v\u00e9sicule biliaire, stabiliser la tension art\u00e9rielle et am\u00e9liorer la sant\u00e9 cardiaque. La pierre va vous apporter\u2026","rel":"","context":"Article similaire","block_context":{"text":"Article similaire","link":""},"img":{"alt_text":"","src":"https:\/\/i0.wp.com\/ganeshadreamstore.centreganesha.com\/store\/wp-content\/uploads\/2021\/05\/amulette-obsidienne2.jpg?fit=445%2C442&ssl=1&resize=350%2C200","width":350,"height":200},"classes":[]},{"id":1421,"url":"https:\/\/ganeshadreamstore.centreganesha.com\/store\/produit\/fleur-de-vie-en-bois\/","url_meta":{"origin":363,"position":3},"title":"Fleur de vie en bois","author":"Centre Ganesha","date":"26 d\u00e9cembre 2021","format":false,"excerpt":"G\u00e9om\u00e9trie sacr\u00e9e : Fleur de Vie Cette fleur de vie en bois et d\u00e9coup\u00e9e au laser vous apportera tous les bienfaits de son onde de forme. \u00c9paisseur: 5mm\u00a0 Taille: diam\u00e8tre: 14cm","rel":"","context":"Article similaire","block_context":{"text":"Article similaire","link":""},"img":{"alt_text":"","src":"https:\/\/i0.wp.com\/ganeshadreamstore.centreganesha.com\/store\/wp-content\/uploads\/2021\/12\/fleur-de-vie-en-bois.jpg?fit=346%2C346&ssl=1&resize=350%2C200","width":350,"height":200},"classes":[]},{"id":1423,"url":"https:\/\/ganeshadreamstore.centreganesha.com\/store\/produit\/pendentif-fleur-de-vie\/","url_meta":{"origin":363,"position":4},"title":"Pendentif Fleur de vie","author":"Centre Ganesha","date":"26 d\u00e9cembre 2021","format":false,"excerpt":"Pendentif\u00a0 fleur de vie\u00a0 en acier inoxydable, taille : 32 mm X 30 mm avec sa cha\u00eene de 45 cm + 5cm 2 mod\u00e8les : couleur or ou argent","rel":"","context":"Article similaire","block_context":{"text":"Article similaire","link":""},"img":{"alt_text":"","src":"https:\/\/i0.wp.com\/ganeshadreamstore.centreganesha.com\/store\/wp-content\/uploads\/2021\/12\/fleur-de-vie-pendentif2.jpg?fit=428%2C403&ssl=1&resize=350%2C200","width":350,"height":200},"classes":[]},{"id":520,"url":"https:\/\/ganeshadreamstore.centreganesha.com\/store\/produit\/pendentif-ganesh-en-obsidienne\/","url_meta":{"origin":363,"position":5},"title":"Pendentif Ganesh en obsidienne","author":"Centre Ganesha","date":"25 d\u00e9cembre 2017","format":false,"excerpt":"Ganesh en obsidienne noire\u00a0\u00e0 porter pour enlever les obstacles de son chemin. L'obsidienne noire\u00a0est l'une des pierres\u00a0les plus puissantes de la nature. Elle augmente la force vitale, donne de l'\u00e9nergie et attire des opportunit\u00e9s. Elle vous aide a vous reconnecter \u00e0 votre \u00e2me\u00a0et \u00e0 \u00eatre guid\u00e9 vers votre but de\u2026","rel":"","context":"Article similaire","block_context":{"text":"Article similaire","link":""},"img":{"alt_text":"","src":"https:\/\/i0.wp.com\/ganeshadreamstore.centreganesha.com\/store\/wp-content\/uploads\/2017\/12\/collier-ganesh-obsidienne2.jpg?fit=484%2C483&ssl=1&resize=350%2C200","width":350,"height":200},"classes":[]}],"_links":{"self":[{"href":"https:\/\/ganeshadreamstore.centreganesha.com\/store\/wp-json\/wp\/v2\/product\/363","targetHints":{"allow":["GET"]}}],"collection":[{"href":"https:\/\/ganeshadreamstore.centreganesha.com\/store\/wp-json\/wp\/v2\/product"}],"about":[{"href":"https:\/\/ganeshadreamstore.centreganesha.com\/store\/wp-json\/wp\/v2\/types\/product"}],"wp:featuredmedia":[{"embeddable":true,"href":"https:\/\/ganeshadreamstore.centreganesha.com\/store\/wp-json\/wp\/v2\/media\/364"}],"wp:attachment":[{"href":"https:\/\/ganeshadreamstore.centreganesha.com\/store\/wp-json\/wp\/v2\/media?parent=363"}],"wp:term":[{"taxonomy":"product_brand","embeddable":true,"href":"https:\/\/ganeshadreamstore.centreganesha.com\/store\/wp-json\/wp\/v2\/product_brand?post=363"},{"taxonomy":"product_cat","embeddable":true,"href":"https:\/\/ganeshadreamstore.centreganesha.com\/store\/wp-json\/wp\/v2\/product_cat?post=363"},{"taxonomy":"product_tag","embeddable":true,"href":"https:\/\/ganeshadreamstore.centreganesha.com\/store\/wp-json\/wp\/v2\/product_tag?post=363"}],"curies":[{"name":"wp","href":"https:\/\/api.w.org\/{rel}","templated":true}]}}