{"id":348,"date":"2017-12-25T13:39:17","date_gmt":"2017-12-25T12:39:17","guid":{"rendered":"http:\/\/www.ganeshadreamstore.centreganesha.com\/store\/?post_type=product&#038;p=348"},"modified":"2021-05-05T18:43:58","modified_gmt":"2021-05-05T16:43:58","slug":"carte-de-reflexologie","status":"publish","type":"product","link":"https:\/\/ganeshadreamstore.centreganesha.com\/store\/produit\/carte-de-reflexologie\/","title":{"rendered":"Carte de reflexologie"},"content":{"rendered":"","protected":false},"excerpt":{"rendered":"<p><strong>Ces 4 cartes de r\u00e9flexoth\u00e9rapie sont des outils pour pratiquer la r\u00e9flexologie.<\/strong><\/p>\n<p>R\u00e9alis\u00e9es par une th\u00e9rapeute exp\u00e9riment\u00e9e, seules les zones essentielles \u00e0 traiter sont\u00a0cartographi\u00e9es. Sur le recto, vous avez la carte proprement dite et au verso le mode d&#8217;emploi.<\/p>\n<p>Format 21 cm X 29.7 cm sur carton brillant<\/p>\n<p>Auteur : F. K. Adjam<\/p>\n","protected":false},"featured_media":354,"template":"","meta":{"jetpack_post_was_ever_published":false,"jetpack_publicize_message":"","jetpack_publicize_feature_enabled":true,"jetpack_social_post_already_shared":false,"jetpack_social_options":{"image_generator_settings":{"template":"highway","default_image_id":0,"font":"","enabled":false},"version":2}},"product_brand":[],"product_cat":[21,145],"product_tag":[56,60,57,59,58],"class_list":{"0":"post-348","1":"product","2":"type-product","3":"status-publish","4":"has-post-thumbnail","6":"product_cat-posters","7":"product_cat-sante","8":"product_tag-cartes-reflexes","9":"product_tag-dents","10":"product_tag-mains","11":"product_tag-oreilles","12":"product_tag-pieds","14":"first","15":"instock","16":"shipping-taxable","17":"purchasable","18":"product-type-variable"},"jetpack_publicize_connections":[],"jetpack_sharing_enabled":true,"jetpack_likes_enabled":true,"jetpack-related-posts":[{"id":565,"url":"https:\/\/ganeshadreamstore.centreganesha.com\/store\/produit\/poster-du-yin-yang\/","url_meta":{"origin":348,"position":0},"title":"Poster du Yin-Yang","author":"Centre Ganesha","date":"25 d\u00e9cembre 2017","format":false,"excerpt":"Ce poster du Yin-Yang totalement in\u00e9dit pour agr\u00e9menter votre int\u00e9rieur. Le Yin et le Yang sont deux \u00e9nergies oppos\u00e9es et compl\u00e9mentaires. Les Chinois consid\u00e8rent le Yin et le Yang comme les deux facteurs d'harmonie de l'univers. Ces deux \u00e9nergies sont en interaction et ne peuvent exister l'une sans l'autre. Le\u2026","rel":"","context":"Article similaire","block_context":{"text":"Article similaire","link":""},"img":{"alt_text":"","src":"https:\/\/i0.wp.com\/ganeshadreamstore.centreganesha.com\/store\/wp-content\/uploads\/2017\/12\/poster-yin-yang2.jpg?fit=840%2C1200&ssl=1&resize=350%2C200","width":350,"height":200,"srcset":"https:\/\/i0.wp.com\/ganeshadreamstore.centreganesha.com\/store\/wp-content\/uploads\/2017\/12\/poster-yin-yang2.jpg?fit=840%2C1200&ssl=1&resize=350%2C200 1x, https:\/\/i0.wp.com\/ganeshadreamstore.centreganesha.com\/store\/wp-content\/uploads\/2017\/12\/poster-yin-yang2.jpg?fit=840%2C1200&ssl=1&resize=525%2C300 1.5x, https:\/\/i0.wp.com\/ganeshadreamstore.centreganesha.com\/store\/wp-content\/uploads\/2017\/12\/poster-yin-yang2.jpg?fit=840%2C1200&ssl=1&resize=700%2C400 2x"},"classes":[]},{"id":563,"url":"https:\/\/ganeshadreamstore.centreganesha.com\/store\/produit\/poster-du-yantra\/","url_meta":{"origin":348,"position":1},"title":"poster du Yantra","author":"Centre Ganesha","date":"25 d\u00e9cembre 2017","format":false,"excerpt":"Poster in\u00e9dit du Sri Yantra en \u00e9dition limit\u00e9e. Le\u00a0Yantra\u00a0est un support graphique de m\u00e9ditation issu de la tradition\u00a0hindoue et repris par les bouddhistes.","rel":"","context":"Article similaire","block_context":{"text":"Article similaire","link":""},"img":{"alt_text":"","src":"https:\/\/i0.wp.com\/ganeshadreamstore.centreganesha.com\/store\/wp-content\/uploads\/2017\/12\/poster-yantra.jpg?fit=1200%2C982&ssl=1&resize=350%2C200","width":350,"height":200,"srcset":"https:\/\/i0.wp.com\/ganeshadreamstore.centreganesha.com\/store\/wp-content\/uploads\/2017\/12\/poster-yantra.jpg?fit=1200%2C982&ssl=1&resize=350%2C200 1x, https:\/\/i0.wp.com\/ganeshadreamstore.centreganesha.com\/store\/wp-content\/uploads\/2017\/12\/poster-yantra.jpg?fit=1200%2C982&ssl=1&resize=525%2C300 1.5x, https:\/\/i0.wp.com\/ganeshadreamstore.centreganesha.com\/store\/wp-content\/uploads\/2017\/12\/poster-yantra.jpg?fit=1200%2C982&ssl=1&resize=700%2C400 2x, https:\/\/i0.wp.com\/ganeshadreamstore.centreganesha.com\/store\/wp-content\/uploads\/2017\/12\/poster-yantra.jpg?fit=1200%2C982&ssl=1&resize=1050%2C600 3x"},"classes":[]},{"id":246,"url":"https:\/\/ganeshadreamstore.centreganesha.com\/store\/produit\/bracelet-magnetique-aux-pierres-roses-pour-femme\/","url_meta":{"origin":348,"position":2},"title":"Bracelet magnetique aux pierres roses pour femme","author":"Centre Ganesha","date":"25 d\u00e9cembre 2017","format":false,"excerpt":"Ce magnifique\u00a0bracelet magn\u00e9tique femme\u00a0de magn\u00e9toth\u00e9rapie \u00a0se coordonne avec toutes vos tenues ! Un beau bracelet de m\u00e9decine naturelle aux\u00a0pierres mauves\u00a0en zirconium. Chaque maillon pr\u00e9sente en contact avec la peau, des aimants de samarium d\u00e9livrent 1200 Gauss sur votre corps pour votre bien \u00eatre. \u00a0","rel":"","context":"Article similaire","block_context":{"text":"Article similaire","link":""},"img":{"alt_text":"","src":"https:\/\/i0.wp.com\/ganeshadreamstore.centreganesha.com\/store\/wp-content\/uploads\/2017\/12\/bracelet-magn%C3%A9tique-femme-rose4.jpg?fit=772%2C621&ssl=1&resize=350%2C200","width":350,"height":200,"srcset":"https:\/\/i0.wp.com\/ganeshadreamstore.centreganesha.com\/store\/wp-content\/uploads\/2017\/12\/bracelet-magn%C3%A9tique-femme-rose4.jpg?fit=772%2C621&ssl=1&resize=350%2C200 1x, https:\/\/i0.wp.com\/ganeshadreamstore.centreganesha.com\/store\/wp-content\/uploads\/2017\/12\/bracelet-magn%C3%A9tique-femme-rose4.jpg?fit=772%2C621&ssl=1&resize=525%2C300 1.5x, https:\/\/i0.wp.com\/ganeshadreamstore.centreganesha.com\/store\/wp-content\/uploads\/2017\/12\/bracelet-magn%C3%A9tique-femme-rose4.jpg?fit=772%2C621&ssl=1&resize=700%2C400 2x"},"classes":[]},{"id":270,"url":"https:\/\/ganeshadreamstore.centreganesha.com\/store\/produit\/bracelet-magnetique-pour-femme\/","url_meta":{"origin":348,"position":3},"title":"Bracelet magn\u00e9tique pour femme","author":"Centre Ganesha","date":"25 d\u00e9cembre 2017","format":false,"excerpt":"Ce magnifique\u00a0bracelet magn\u00e9tique femme\u00a0de magn\u00e9toth\u00e9rapie \u00a0se coordonne avec toutes vos tenues! Un beau bracelet de m\u00e9decine naturelle. Chaque maillon pr\u00e9sente en contact avec la peau, des aimants de samarium d\u00e9livrent 1200 Gauss sur votre corps pour votre bien \u00eatre. Les bracelets magn\u00e9tiques ont trois actions essentielles : - Ils vous\u2026","rel":"","context":"Article similaire","block_context":{"text":"Article similaire","link":""},"img":{"alt_text":"","src":"https:\/\/i0.wp.com\/ganeshadreamstore.centreganesha.com\/store\/wp-content\/uploads\/2017\/12\/bracelet-magn%C3%A9tique.jpg?fit=1000%2C1000&ssl=1&resize=350%2C200","width":350,"height":200,"srcset":"https:\/\/i0.wp.com\/ganeshadreamstore.centreganesha.com\/store\/wp-content\/uploads\/2017\/12\/bracelet-magn%C3%A9tique.jpg?fit=1000%2C1000&ssl=1&resize=350%2C200 1x, https:\/\/i0.wp.com\/ganeshadreamstore.centreganesha.com\/store\/wp-content\/uploads\/2017\/12\/bracelet-magn%C3%A9tique.jpg?fit=1000%2C1000&ssl=1&resize=525%2C300 1.5x, https:\/\/i0.wp.com\/ganeshadreamstore.centreganesha.com\/store\/wp-content\/uploads\/2017\/12\/bracelet-magn%C3%A9tique.jpg?fit=1000%2C1000&ssl=1&resize=700%2C400 2x"},"classes":[]},{"id":1727,"url":"https:\/\/ganeshadreamstore.centreganesha.com\/store\/produit\/le-voyage-de-la-vie\/","url_meta":{"origin":348,"position":4},"title":"Laisse-les tomber","author":"Centre Ganesha","date":"3 mars 2026","format":false,"excerpt":"Chanson arrang\u00e9e - MP3 \u00e0 regarder sur Youtube, laissez un like et abonnez-vous \u00e0 ma cha\u00eene : https:\/\/youtu.be\/06pI-DstOEI","rel":"","context":"Article similaire","block_context":{"text":"Article similaire","link":""},"img":{"alt_text":"","src":"https:\/\/i0.wp.com\/ganeshadreamstore.centreganesha.com\/store\/wp-content\/uploads\/2026\/03\/le-voyage-de-la-vie.jpg?fit=1200%2C686&ssl=1&resize=350%2C200","width":350,"height":200,"srcset":"https:\/\/i0.wp.com\/ganeshadreamstore.centreganesha.com\/store\/wp-content\/uploads\/2026\/03\/le-voyage-de-la-vie.jpg?fit=1200%2C686&ssl=1&resize=350%2C200 1x, https:\/\/i0.wp.com\/ganeshadreamstore.centreganesha.com\/store\/wp-content\/uploads\/2026\/03\/le-voyage-de-la-vie.jpg?fit=1200%2C686&ssl=1&resize=525%2C300 1.5x, https:\/\/i0.wp.com\/ganeshadreamstore.centreganesha.com\/store\/wp-content\/uploads\/2026\/03\/le-voyage-de-la-vie.jpg?fit=1200%2C686&ssl=1&resize=700%2C400 2x, https:\/\/i0.wp.com\/ganeshadreamstore.centreganesha.com\/store\/wp-content\/uploads\/2026\/03\/le-voyage-de-la-vie.jpg?fit=1200%2C686&ssl=1&resize=1050%2C600 3x"},"classes":[]},{"id":254,"url":"https:\/\/ganeshadreamstore.centreganesha.com\/store\/produit\/bracelet-magnetique-en-cuivre-antique\/","url_meta":{"origin":348,"position":5},"title":"Bracelet magn\u00e9tique en cuivre antique","author":"Centre Ganesha","date":"25 d\u00e9cembre 2017","format":false,"excerpt":"Ce bracelet magn\u00e9tique en cuivre antique allie raffinement\u00a0et source d\u2019\u00e9quilibre. Les 6 aimants int\u00e9gr\u00e9s \"1400 gauss\"\u00a0sont de la nouvelle g\u00e9n\u00e9ration d\u2019aimants permanents (terres rares, non d\u00e9saimantable)","rel":"","context":"Article similaire","block_context":{"text":"Article similaire","link":""},"img":{"alt_text":"","src":"https:\/\/i0.wp.com\/ganeshadreamstore.centreganesha.com\/store\/wp-content\/uploads\/2017\/12\/bracelet-magnetique-channah3.jpg?fit=794%2C700&ssl=1&resize=350%2C200","width":350,"height":200,"srcset":"https:\/\/i0.wp.com\/ganeshadreamstore.centreganesha.com\/store\/wp-content\/uploads\/2017\/12\/bracelet-magnetique-channah3.jpg?fit=794%2C700&ssl=1&resize=350%2C200 1x, https:\/\/i0.wp.com\/ganeshadreamstore.centreganesha.com\/store\/wp-content\/uploads\/2017\/12\/bracelet-magnetique-channah3.jpg?fit=794%2C700&ssl=1&resize=525%2C300 1.5x, https:\/\/i0.wp.com\/ganeshadreamstore.centreganesha.com\/store\/wp-content\/uploads\/2017\/12\/bracelet-magnetique-channah3.jpg?fit=794%2C700&ssl=1&resize=700%2C400 2x"},"classes":[]}],"_links":{"self":[{"href":"https:\/\/ganeshadreamstore.centreganesha.com\/store\/wp-json\/wp\/v2\/product\/348","targetHints":{"allow":["GET"]}}],"collection":[{"href":"https:\/\/ganeshadreamstore.centreganesha.com\/store\/wp-json\/wp\/v2\/product"}],"about":[{"href":"https:\/\/ganeshadreamstore.centreganesha.com\/store\/wp-json\/wp\/v2\/types\/product"}],"wp:featuredmedia":[{"embeddable":true,"href":"https:\/\/ganeshadreamstore.centreganesha.com\/store\/wp-json\/wp\/v2\/media\/354"}],"wp:attachment":[{"href":"https:\/\/ganeshadreamstore.centreganesha.com\/store\/wp-json\/wp\/v2\/media?parent=348"}],"wp:term":[{"taxonomy":"product_brand","embeddable":true,"href":"https:\/\/ganeshadreamstore.centreganesha.com\/store\/wp-json\/wp\/v2\/product_brand?post=348"},{"taxonomy":"product_cat","embeddable":true,"href":"https:\/\/ganeshadreamstore.centreganesha.com\/store\/wp-json\/wp\/v2\/product_cat?post=348"},{"taxonomy":"product_tag","embeddable":true,"href":"https:\/\/ganeshadreamstore.centreganesha.com\/store\/wp-json\/wp\/v2\/product_tag?post=348"}],"curies":[{"name":"wp","href":"https:\/\/api.w.org\/{rel}","templated":true}]}}