{"id":284,"date":"2017-12-25T12:25:27","date_gmt":"2017-12-25T11:25:27","guid":{"rendered":"http:\/\/www.ganeshadreamstore.centreganesha.com\/store\/?post_type=product&#038;p=284"},"modified":"2017-12-25T12:26:33","modified_gmt":"2017-12-25T11:26:33","slug":"bracelet-mala-en-pierre-de-grenat-rouge-pour-attirer-labondance","status":"publish","type":"product","link":"https:\/\/ganeshadreamstore.centreganesha.com\/store\/produit\/bracelet-mala-en-pierre-de-grenat-rouge-pour-attirer-labondance\/","title":{"rendered":"Bracelet mala en Pierre de Grenat rouge pour attirer l&rsquo;abondance"},"content":{"rendered":"<p><u><strong>Bienfaits et vertus du Grenat:<\/strong><\/u><\/p>\n<p>Le grenat\u00a0<strong>aide \u00e0 renforcer le syst\u00e8me vital et permet de se recharger sur le plan de l\u2019\u00e9nergie vitale<\/strong>.<\/p>\n<p>Il\u00a0<strong>d\u00e9veloppe la confiance en soi, le courage et la\u00a0pers\u00e9v\u00e9rance<\/strong>, aidant ainsi \u00e0 la r\u00e9alisation de projets.<\/p>\n<p>Le grenat rouge est d\u00e9conseill\u00e9 aux personnes hyperactives ou col\u00e9riques car ses propri\u00e9t\u00e9s peuvent accentuer ces caract\u00e8res.Il permet \u00e9galement de prendre du recul et d\u2019\u00eatre \u00e0 l\u2019\u00e9coute des autres sans \u00e9mettre de jugement. Il<strong>\u00a0aide \u00e0 transformer les difficult\u00e9s du quotidien<\/strong>\u00a0en exp\u00e9rience d\u2019amour.<\/p>\n<p>Cette pierre r\u00e9tablie l\u2019harmonie et la s\u00e9r\u00e9nit\u00e9. Elle<strong>\u00a0apporte joie, calme et paix int\u00e9rieure<\/strong>, et donne du\u00a0baume au c\u0153ur.<\/p>\n<p><strong>Sur le plan spirituel:<\/strong>\u00a0le grenat est id\u00e9al pour<strong>\u00a0purifier les chakras<\/strong>. Il donne le courage et la d\u00e9termination de suivre sa propre voie spirituelle. Plus particuli\u00e8rement,c&rsquo;est une\u00a0pierre de l\u2019amour profond,elle ouvre la voie de la spiritualit\u00e9 en \u00e9tant bien ancr\u00e9 sur la terre.<\/p>\n<p><strong>Caract\u00e9ristiques :<\/strong><\/p>\n<ul>\n<li>Mat\u00e9riaux : Pierre Grenat rouge<\/li>\n<li>Diam\u00e8tre des perles : 6\u00a0mm<\/li>\n<li>Longueur : environ 55 cm<\/li>\n<\/ul>\n","protected":false},"excerpt":{"rendered":"<p>Le mala est un\u00a0<strong>symbole qui aide \u00e0 gravir des \u00e9chelons sur le plan spirituel.<\/strong>\u00a0Il appara\u00eet comme une \u00e9preuve infinie dont chaque fin annonce le recommencement. La volont\u00e9, la pers\u00e9v\u00e9rance assurent de progresser dans sa qu\u00eate spirituelle.\u00a0Sa forme ronde invite \u00e0 un cheminement cyclique qui cependant conduit \u00e0 acc\u00e9der \u00e0 l\u2019int\u00e9rieur des choses.<\/p>\n<p>&nbsp;<\/p>\n","protected":false},"featured_media":285,"template":"","meta":{"jetpack_post_was_ever_published":false,"jetpack_publicize_message":"","jetpack_publicize_feature_enabled":true,"jetpack_social_post_already_shared":false,"jetpack_social_options":{"image_generator_settings":{"template":"highway","default_image_id":0,"font":"","enabled":false},"version":2}},"product_brand":[],"product_cat":[18],"product_tag":[51,52,50],"class_list":{"0":"post-284","1":"product","2":"type-product","3":"status-publish","4":"has-post-thumbnail","6":"product_cat-bijoux","7":"product_tag-bracelet","8":"product_tag-bracelet-mala","9":"product_tag-grenat","11":"first","12":"instock","13":"sale","14":"shipping-taxable","15":"purchasable","16":"product-type-simple"},"jetpack_publicize_connections":[],"jetpack_sharing_enabled":true,"jetpack_likes_enabled":true,"jetpack-related-posts":[{"id":466,"url":"https:\/\/ganeshadreamstore.centreganesha.com\/store\/produit\/magnifique-bracelet-mala-en-pierre-de-grenat\/","url_meta":{"origin":284,"position":0},"title":"Magnifique bracelet mala en Pierre de Grenat","author":"Centre Ganesha","date":"25 d\u00e9cembre 2017","format":false,"excerpt":"Magnifique bracelet mala en Pierre de Grenat Le mala est un\u00a0symbole qui aide \u00e0 gravir des \u00e9chelons sur le plan spirituel.\u00a0Il appara\u00eet comme une \u00e9preuve infinie dont chaque fin annonce le recommencement. La volont\u00e9, la pers\u00e9v\u00e9rance assurent de progresser dans sa qu\u00eate spirituelle.\u00a0Sa forme ronde invite \u00e0 un cheminement cyclique\u2026","rel":"","context":"Article similaire","block_context":{"text":"Article similaire","link":""},"img":{"alt_text":"","src":"https:\/\/i0.wp.com\/ganeshadreamstore.centreganesha.com\/store\/wp-content\/uploads\/2017\/12\/bracelet-pierre-grenat.jpg?fit=617%2C490&ssl=1&resize=350%2C200","width":350,"height":200,"srcset":"https:\/\/i0.wp.com\/ganeshadreamstore.centreganesha.com\/store\/wp-content\/uploads\/2017\/12\/bracelet-pierre-grenat.jpg?fit=617%2C490&ssl=1&resize=350%2C200 1x, https:\/\/i0.wp.com\/ganeshadreamstore.centreganesha.com\/store\/wp-content\/uploads\/2017\/12\/bracelet-pierre-grenat.jpg?fit=617%2C490&ssl=1&resize=525%2C300 1.5x"},"classes":[]},{"id":280,"url":"https:\/\/ganeshadreamstore.centreganesha.com\/store\/produit\/bracelet-mala-en-pierre-azurite-et-son-pendentif-om\/","url_meta":{"origin":284,"position":1},"title":"Bracelet mala en pierre azurite et son pendentif OM","author":"Centre Ganesha","date":"25 d\u00e9cembre 2017","format":false,"excerpt":"Cette pierre purifie et stimule le Chakra du 3\u00e8me oeil, elle relie le corporel au spirituel. C'est l'illumination de l'\u00e2me et de l'esprit, elle aide \u00e0 la m\u00e9ditation, facilite les voyages extra-corporels et fait prendre conscience du moi int\u00e9rieur. Les intuitions deviennent plus subtiles, les pens\u00e9es sont plus claires et\u2026","rel":"","context":"Article similaire","block_context":{"text":"Article similaire","link":""},"img":{"alt_text":"","src":"https:\/\/i0.wp.com\/ganeshadreamstore.centreganesha.com\/store\/wp-content\/uploads\/2017\/12\/bracelet-pierre-azurite.jpg?fit=661%2C647&ssl=1&resize=350%2C200","width":350,"height":200,"srcset":"https:\/\/i0.wp.com\/ganeshadreamstore.centreganesha.com\/store\/wp-content\/uploads\/2017\/12\/bracelet-pierre-azurite.jpg?fit=661%2C647&ssl=1&resize=350%2C200 1x, https:\/\/i0.wp.com\/ganeshadreamstore.centreganesha.com\/store\/wp-content\/uploads\/2017\/12\/bracelet-pierre-azurite.jpg?fit=661%2C647&ssl=1&resize=525%2C300 1.5x"},"classes":[]},{"id":567,"url":"https:\/\/ganeshadreamstore.centreganesha.com\/store\/produit\/pyramide-en-pierre-semi-precieuse\/","url_meta":{"origin":284,"position":2},"title":"Pyramide en Pierre Semi-precieuse","author":"Centre Ganesha","date":"25 d\u00e9cembre 2017","format":false,"excerpt":"Centrez-vous et \u00e9quilibrez vos \u00e9nergies gr\u00e2ce\u00a0\u00e0 nos 8\u00a0Pyramides en Pierre Semi-pr\u00e9cieuse\u00a0 que vous pourrez charger en Energie Reiki. Lorsque vous placez une pyramide de pierre naturelle sur votre bureau,\u00a0elle engendre des changements importants dans\u00a0l'ensemble du champs \u00e9nerg\u00e9tique autour de vous. Ce changement de vibration vous permet de\u00a0rester plus concentr\u00e9\u00a0en travaillant\u2026","rel":"","context":"Article similaire","block_context":{"text":"Article similaire","link":""},"img":{"alt_text":"","src":"https:\/\/i0.wp.com\/ganeshadreamstore.centreganesha.com\/store\/wp-content\/uploads\/2017\/12\/pyramide-lapis-lazuli.jpg?fit=1000%2C960&ssl=1&resize=350%2C200","width":350,"height":200,"srcset":"https:\/\/i0.wp.com\/ganeshadreamstore.centreganesha.com\/store\/wp-content\/uploads\/2017\/12\/pyramide-lapis-lazuli.jpg?fit=1000%2C960&ssl=1&resize=350%2C200 1x, https:\/\/i0.wp.com\/ganeshadreamstore.centreganesha.com\/store\/wp-content\/uploads\/2017\/12\/pyramide-lapis-lazuli.jpg?fit=1000%2C960&ssl=1&resize=525%2C300 1.5x, https:\/\/i0.wp.com\/ganeshadreamstore.centreganesha.com\/store\/wp-content\/uploads\/2017\/12\/pyramide-lapis-lazuli.jpg?fit=1000%2C960&ssl=1&resize=700%2C400 2x"},"classes":[]},{"id":363,"url":"https:\/\/ganeshadreamstore.centreganesha.com\/store\/produit\/collier-arbre-de-vie-en-goutte-deau\/","url_meta":{"origin":284,"position":3},"title":"Collier Arbre de Vie en goutte d&rsquo;eau","author":"Centre Ganesha","date":"25 d\u00e9cembre 2017","format":false,"excerpt":"Le\u00a0symbole de l'Arbre de Vie\u00a0repr\u00e9sente diff\u00e9rentes qualit\u00e9s et vertus comme la sagesse, la force, la protection, l\u2019\u00e9volution, le renouveau et la r\u00e9demption. De mani\u00e8re unanime, l'arbre de vie est l\u2019arbre qui unit le monde du ciel avec le monde de la terre. L\u2019Arbre de vie est une tr\u00e8s belle id\u00e9e\u2026","rel":"","context":"Article similaire","block_context":{"text":"Article similaire","link":""},"img":{"alt_text":"","src":"https:\/\/i0.wp.com\/ganeshadreamstore.centreganesha.com\/store\/wp-content\/uploads\/2017\/12\/collier-arbre-de-vie-goutte-d-eau.amethyste.jpg?fit=435%2C432&ssl=1&resize=350%2C200","width":350,"height":200},"classes":[]},{"id":70,"url":"https:\/\/ganeshadreamstore.centreganesha.com\/store\/produit\/100g-de-pierres-damethyste-pour-la-guerison-ou-le-fenshui\/","url_meta":{"origin":284,"position":4},"title":"100g de Pierres d&rsquo;amethyste pour la guerison ou le fenshui","author":"Centre Ganesha","date":"24 d\u00e9cembre 2017","format":false,"excerpt":"100gr de Pierres d'am\u00e9thyste polie pour la gu\u00e9rison ou le fenshui Les vertus de l\u2019am\u00e9thyste sont apaisantes et purifiantes.\u00a0Elle \u00e9vacue le stress, calme l\u2019insomnie et favorise la concentration et la m\u00e9ditation.\u00a0C\u2019est une pierre tr\u00e8s b\u00e9n\u00e9fique pour le mental, qui permet de trouver l\u2019\u00e9quilibre et la s\u00e9r\u00e9nit\u00e9.\u00a0L\u00e9onard de Vinci \u00e9crivait d\u2019ailleurs\u2026","rel":"","context":"Article similaire","block_context":{"text":"Article similaire","link":""},"img":{"alt_text":"","src":"https:\/\/i0.wp.com\/ganeshadreamstore.centreganesha.com\/store\/wp-content\/uploads\/2017\/12\/pierre-dam%C3%A9thyste.jpg?fit=1000%2C1002&ssl=1&resize=350%2C200","width":350,"height":200,"srcset":"https:\/\/i0.wp.com\/ganeshadreamstore.centreganesha.com\/store\/wp-content\/uploads\/2017\/12\/pierre-dam%C3%A9thyste.jpg?fit=1000%2C1002&ssl=1&resize=350%2C200 1x, https:\/\/i0.wp.com\/ganeshadreamstore.centreganesha.com\/store\/wp-content\/uploads\/2017\/12\/pierre-dam%C3%A9thyste.jpg?fit=1000%2C1002&ssl=1&resize=525%2C300 1.5x, https:\/\/i0.wp.com\/ganeshadreamstore.centreganesha.com\/store\/wp-content\/uploads\/2017\/12\/pierre-dam%C3%A9thyste.jpg?fit=1000%2C1002&ssl=1&resize=700%2C400 2x"},"classes":[]},{"id":539,"url":"https:\/\/ganeshadreamstore.centreganesha.com\/store\/produit\/petit-bracelet-mala-en-pierre-de-jaspe-avec-pendentif-om\/","url_meta":{"origin":284,"position":5},"title":"Petit bracelet mala en pierre de jaspe avec pendentif OM","author":"Centre Ganesha","date":"25 d\u00e9cembre 2017","format":false,"excerpt":"Petit bracelet mala de 23 perles en pierre\u00a0de Jaspe Kambala avec pendentif","rel":"","context":"Article similaire","block_context":{"text":"Article similaire","link":""},"img":{"alt_text":"","src":"https:\/\/i0.wp.com\/ganeshadreamstore.centreganesha.com\/store\/wp-content\/uploads\/2017\/12\/bracelet-pierre-jaspe-2.jpg?fit=701%2C649&ssl=1&resize=350%2C200","width":350,"height":200,"srcset":"https:\/\/i0.wp.com\/ganeshadreamstore.centreganesha.com\/store\/wp-content\/uploads\/2017\/12\/bracelet-pierre-jaspe-2.jpg?fit=701%2C649&ssl=1&resize=350%2C200 1x, https:\/\/i0.wp.com\/ganeshadreamstore.centreganesha.com\/store\/wp-content\/uploads\/2017\/12\/bracelet-pierre-jaspe-2.jpg?fit=701%2C649&ssl=1&resize=525%2C300 1.5x, https:\/\/i0.wp.com\/ganeshadreamstore.centreganesha.com\/store\/wp-content\/uploads\/2017\/12\/bracelet-pierre-jaspe-2.jpg?fit=701%2C649&ssl=1&resize=700%2C400 2x"},"classes":[]}],"_links":{"self":[{"href":"https:\/\/ganeshadreamstore.centreganesha.com\/store\/wp-json\/wp\/v2\/product\/284","targetHints":{"allow":["GET"]}}],"collection":[{"href":"https:\/\/ganeshadreamstore.centreganesha.com\/store\/wp-json\/wp\/v2\/product"}],"about":[{"href":"https:\/\/ganeshadreamstore.centreganesha.com\/store\/wp-json\/wp\/v2\/types\/product"}],"wp:featuredmedia":[{"embeddable":true,"href":"https:\/\/ganeshadreamstore.centreganesha.com\/store\/wp-json\/wp\/v2\/media\/285"}],"wp:attachment":[{"href":"https:\/\/ganeshadreamstore.centreganesha.com\/store\/wp-json\/wp\/v2\/media?parent=284"}],"wp:term":[{"taxonomy":"product_brand","embeddable":true,"href":"https:\/\/ganeshadreamstore.centreganesha.com\/store\/wp-json\/wp\/v2\/product_brand?post=284"},{"taxonomy":"product_cat","embeddable":true,"href":"https:\/\/ganeshadreamstore.centreganesha.com\/store\/wp-json\/wp\/v2\/product_cat?post=284"},{"taxonomy":"product_tag","embeddable":true,"href":"https:\/\/ganeshadreamstore.centreganesha.com\/store\/wp-json\/wp\/v2\/product_tag?post=284"}],"curies":[{"name":"wp","href":"https:\/\/api.w.org\/{rel}","templated":true}]}}