{"id":270,"date":"2017-12-25T12:13:12","date_gmt":"2017-12-25T11:13:12","guid":{"rendered":"http:\/\/www.ganeshadreamstore.centreganesha.com\/store\/?post_type=product&#038;p=270"},"modified":"2025-11-28T10:09:29","modified_gmt":"2025-11-28T09:09:29","slug":"bracelet-magnetique-pour-femme","status":"publish","type":"product","link":"https:\/\/ganeshadreamstore.centreganesha.com\/store\/produit\/bracelet-magnetique-pour-femme\/","title":{"rendered":"Bracelet magn\u00e9tique pour femme"},"content":{"rendered":"<div>&#x1f49e; Voici les 10 bienfaits pour votre sant\u00e9:\u00a0&#x1f49e;<\/div>\n<div>\n<p><b>1.<\/b><b>Soulagement de la douleur<\/b><\/p>\n<p>Les bracelets magn\u00e9tiques et autres m\u00e9thodes de th\u00e9rapie magn\u00e9tique sont utilis\u00e9s pour soigner et soulager la douleur, en particulier les douleurs musculaires et articulaires telles que le syndrome du canal carpien, la douleur arthritique et la raideur musculaire. Ils interviennent \u00e9galement pour aider \u00e0 soulager une douleur post-op\u00e9ratoire.<\/p>\n<p><b>2.\u00a0<\/b><b>Anti-inflammatoire<\/b><\/p>\n<p>L\u2019efficacit\u00e9 de la th\u00e9rapie magn\u00e9tique a \u00e9t\u00e9 prouv\u00e9e dans la r\u00e9duction de l\u2019enflure et de la douleur associ\u00e9e \u00e0 l\u2019inflammation. Les bracelets magn\u00e9tiques sont particuli\u00e8rement populaires dans le traitement des douleurs musculaires et articulaires et dans la gestion de l\u2019inflammation associ\u00e9e \u00e0 l\u2019arthrite.<\/p>\n<p><b>3.<\/b><b>R\u00e9glementation de la circulation sanguine<\/b><\/p>\n<p>Les traitements magn\u00e9tiques am\u00e9liorent la circulation sanguine par leur interaction avec la teneur en fer dans les globules rouges. L\u2019am\u00e9lioration de la circulation sanguine \u00e0 son tour augmente l\u2019apport d\u2019oxyg\u00e8ne, l\u2019\u00e9limination des d\u00e9chets toxiques et am\u00e9liore le processus de gu\u00e9rison naturelle du corps.<\/p>\n<p><b>4.<\/b><b>Stimulation Magn\u00e9tique Trans-cr\u00e2nienne (SMT)<\/b><\/p>\n<p>Il s\u2019agit d\u2019une nouvelle technique de th\u00e9rapie magn\u00e9tique exp\u00e9rimentale, qui emploie des champs magn\u00e9tiques puissants pour stimuler la surface du cerveau. Les recherches cliniques dans ce domaine se focalisent autour de son potentiel dans le traitement de la d\u00e9pression s\u00e9v\u00e8re, ainsi que la schizophr\u00e9nie et l\u2019\u00e9pilepsie.<\/p>\n<p><b>5.\u00a0<\/b><b>\u00c9vacuation\u00a0du stress<\/b><\/p>\n<p>La th\u00e9rapie magn\u00e9tique est pertinente pour aider \u00e0 soulager le stress et soulager la d\u00e9pression. Elle renforce en l\u2019individu le sentiment de bien-\u00eatre.<\/p>\n<p><b>6.\u00a0<\/b><b>Raffermissement de la silhouette<\/b><\/p>\n<p>La th\u00e9rapie magn\u00e9tique vient en aide aux personnes qui travaillent \u00e0 perdre du poids et am\u00e9liorer leur silhouette.<\/p>\n<p><b>7.\u00a0<\/b><b>Energie<\/b><\/p>\n<p>Des recherches ont montr\u00e9 que les personnes enregistrent une augmentation de leurs niveaux d\u2019\u00e9nergie, apr\u00e8s avoir subi la th\u00e9rapie magn\u00e9tique. La force et l\u2019endurance sont ainsi optimis\u00e9es.<\/p>\n<p><b>8.\u00a0<\/b><b>Sommeil paisible et relaxant<\/b><\/p>\n<p>Des personnes bien portantes ainsi que des insomniaques ont r\u00e9v\u00e9l\u00e9 avoir connu une am\u00e9lioration de la qualit\u00e9 de leur sommeil pour les uns et une facilit\u00e9 \u00e0 dormir pour les autres, apr\u00e8s un traitement magn\u00e9tique. Les aimants agissent sur le syst\u00e8me nerveux pour favoriser une relaxation compl\u00e8te lors du sommeil.<\/p>\n<p><b>9.\u00a0<\/b><b>Soins de la peau<\/b><\/p>\n<p>L\u2019usage des objets magn\u00e9tiques favorise une meilleure hydratation, et participe \u00e0 l\u2019am\u00e9lioration de la texture de la peau ainsi qu\u2019\u00e0 l\u2019entretien de la chevelure.<\/p>\n<p><b>10.\u00a0<\/b><b>Atouts digestifs<\/b><\/p>\n<p>Les aimants interviennent aussi dans la digestion pour en faciliter le processus. Le traitement met \u00e0 l\u2019abri de troubles digestifs.<\/p>\n<p>Caract\u00e9ristiques:<\/p>\n<p>Longueur 21.0 cm &#8211; 22.0<\/p>\n<p>Poids 17.8 g<\/p>\n<\/div>\n","protected":false},"excerpt":{"rendered":"<p><strong>Ce magnifique\u00a0bracelet magn\u00e9tique femme\u00a0de magn\u00e9toth\u00e9rapie \u00a0se coordonne avec toutes vos tenues!<\/strong><\/p>\n<p>Un beau bracelet de m\u00e9decine naturelle.<br \/>\nChaque maillon pr\u00e9sente en contact avec la peau, des aimants de samarium d\u00e9livrent 1200 Gauss sur votre corps pour votre bien \u00eatre.<\/p>\n<div>Les bracelets magn\u00e9tiques ont trois actions essentielles :<\/div>\n<div>&#8211; Ils vous apportent un\u00a0<strong>bien-\u00eatre g\u00e9n\u00e9ral<\/strong>\u00a0et un\u00a0<strong>calme<\/strong><\/div>\n<div><strong>int\u00e9rieur, apaisant votre stress<\/strong><\/div>\n<div>&#8211; Ils r\u00e9gularisent votre terrain et vous\u00a0<strong>donnent une \u00e9nergie<\/strong><\/div>\n<div><strong>positive<\/strong><\/div>\n<div>&#8211; Ils vous procurent un\u00a0<strong>confort articulaire<\/strong><\/div>\n<div><\/div>\n<div><\/div>\n<div>Essentiellement reconnue au Japon et aux Etats-Unis, la\u00a0<strong>magn\u00e9toth\u00e9rapie<\/strong>\u00a0est en plein d\u00e9veloppement en France. Elle utilise les aimants \u00e0 des fins th\u00e9rapeutiques pour aider notre corps \u00e0\u00a0<strong>r\u00e9tablir notre \u00e9quilibre \u00e9lectromagn\u00e9tique<\/strong>\u00a0perturb\u00e9 par notre environnement. Son action est bas\u00e9e sur l&rsquo;augmentation de la circulation sanguine ce qui entra\u00eene un meilleur approvisionnement de nos cellules en oxyg\u00e8ne, en vitamines et en min\u00e9raux et une meilleure \u00e9limination des d\u00e9chets.<\/div>\n<div><\/div>\n<div>\n<p><strong>Profitez vite des bienfaits de ce bracelet:<\/strong><\/p>\n<p><strong>-50% + 1 chasse goupille OFFERT<\/strong><\/p>\n<\/div>\n","protected":false},"featured_media":271,"template":"","meta":{"jetpack_post_was_ever_published":false,"jetpack_publicize_message":"","jetpack_publicize_feature_enabled":true,"jetpack_social_post_already_shared":false,"jetpack_social_options":{"image_generator_settings":{"template":"highway","default_image_id":0,"font":"","enabled":false},"version":2}},"product_brand":[],"product_cat":[18,145],"product_tag":[48],"class_list":{"0":"post-270","1":"product","2":"type-product","3":"status-publish","4":"has-post-thumbnail","6":"product_cat-bijoux","7":"product_cat-sante","8":"product_tag-bracelet-magnetique","10":"first","11":"instock","12":"sale","13":"shipping-taxable","14":"purchasable","15":"product-type-simple"},"jetpack_publicize_connections":[],"jetpack_sharing_enabled":true,"jetpack_likes_enabled":true,"jetpack-related-posts":[{"id":254,"url":"https:\/\/ganeshadreamstore.centreganesha.com\/store\/produit\/bracelet-magnetique-en-cuivre-antique\/","url_meta":{"origin":270,"position":0},"title":"Bracelet magn\u00e9tique en cuivre antique","author":"Centre Ganesha","date":"25 d\u00e9cembre 2017","format":false,"excerpt":"Ce bracelet magn\u00e9tique en cuivre antique allie raffinement\u00a0et source d\u2019\u00e9quilibre. Les 6 aimants int\u00e9gr\u00e9s \"1400 gauss\"\u00a0sont de la nouvelle g\u00e9n\u00e9ration d\u2019aimants permanents (terres rares, non d\u00e9saimantable)","rel":"","context":"Article similaire","block_context":{"text":"Article similaire","link":""},"img":{"alt_text":"","src":"https:\/\/i0.wp.com\/ganeshadreamstore.centreganesha.com\/store\/wp-content\/uploads\/2017\/12\/bracelet-magnetique-channah3.jpg?fit=794%2C700&ssl=1&resize=350%2C200","width":350,"height":200,"srcset":"https:\/\/i0.wp.com\/ganeshadreamstore.centreganesha.com\/store\/wp-content\/uploads\/2017\/12\/bracelet-magnetique-channah3.jpg?fit=794%2C700&ssl=1&resize=350%2C200 1x, https:\/\/i0.wp.com\/ganeshadreamstore.centreganesha.com\/store\/wp-content\/uploads\/2017\/12\/bracelet-magnetique-channah3.jpg?fit=794%2C700&ssl=1&resize=525%2C300 1.5x, https:\/\/i0.wp.com\/ganeshadreamstore.centreganesha.com\/store\/wp-content\/uploads\/2017\/12\/bracelet-magnetique-channah3.jpg?fit=794%2C700&ssl=1&resize=700%2C400 2x"},"classes":[]},{"id":260,"url":"https:\/\/ganeshadreamstore.centreganesha.com\/store\/produit\/bracelet-magnetique-en-titane-noir-homme\/","url_meta":{"origin":270,"position":1},"title":"Bracelet magnetique en titane noir homme","author":"Centre Ganesha","date":"25 d\u00e9cembre 2017","format":false,"excerpt":"Affirmez votre \u00e9l\u00e9gance masculine avec ce\u00a0bracelet magn\u00e9tique en titane\u00a0noir ! Vous appr\u00e9cierez sa robustesse, sa l\u00e9g\u00e8ret\u00e9 et sa classe. Les bracelets magn\u00e9tiques ont trois actions essentielles : - Ils vous apportent un\u00a0bien-\u00eatre g\u00e9n\u00e9ral\u00a0et un\u00a0calme int\u00e9rieur, apaisant votre stress - Ils r\u00e9gularisent votre terrain et vous\u00a0donnent une \u00e9nergie positive - Ils\u2026","rel":"","context":"Article similaire","block_context":{"text":"Article similaire","link":""},"img":{"alt_text":"","src":"https:\/\/i0.wp.com\/ganeshadreamstore.centreganesha.com\/store\/wp-content\/uploads\/2017\/12\/bracelet-magn%C3%A9tique-homme.jpg?fit=1000%2C1000&ssl=1&resize=350%2C200","width":350,"height":200,"srcset":"https:\/\/i0.wp.com\/ganeshadreamstore.centreganesha.com\/store\/wp-content\/uploads\/2017\/12\/bracelet-magn%C3%A9tique-homme.jpg?fit=1000%2C1000&ssl=1&resize=350%2C200 1x, https:\/\/i0.wp.com\/ganeshadreamstore.centreganesha.com\/store\/wp-content\/uploads\/2017\/12\/bracelet-magn%C3%A9tique-homme.jpg?fit=1000%2C1000&ssl=1&resize=525%2C300 1.5x, https:\/\/i0.wp.com\/ganeshadreamstore.centreganesha.com\/store\/wp-content\/uploads\/2017\/12\/bracelet-magn%C3%A9tique-homme.jpg?fit=1000%2C1000&ssl=1&resize=700%2C400 2x"},"classes":[]},{"id":246,"url":"https:\/\/ganeshadreamstore.centreganesha.com\/store\/produit\/bracelet-magnetique-aux-pierres-roses-pour-femme\/","url_meta":{"origin":270,"position":2},"title":"Bracelet magnetique aux pierres roses pour femme","author":"Centre Ganesha","date":"25 d\u00e9cembre 2017","format":false,"excerpt":"Ce magnifique\u00a0bracelet magn\u00e9tique femme\u00a0de magn\u00e9toth\u00e9rapie \u00a0se coordonne avec toutes vos tenues ! Un beau bracelet de m\u00e9decine naturelle aux\u00a0pierres mauves\u00a0en zirconium. Chaque maillon pr\u00e9sente en contact avec la peau, des aimants de samarium d\u00e9livrent 1200 Gauss sur votre corps pour votre bien \u00eatre. \u00a0","rel":"","context":"Article similaire","block_context":{"text":"Article similaire","link":""},"img":{"alt_text":"","src":"https:\/\/i0.wp.com\/ganeshadreamstore.centreganesha.com\/store\/wp-content\/uploads\/2017\/12\/bracelet-magn%C3%A9tique-femme-rose4.jpg?fit=772%2C621&ssl=1&resize=350%2C200","width":350,"height":200,"srcset":"https:\/\/i0.wp.com\/ganeshadreamstore.centreganesha.com\/store\/wp-content\/uploads\/2017\/12\/bracelet-magn%C3%A9tique-femme-rose4.jpg?fit=772%2C621&ssl=1&resize=350%2C200 1x, https:\/\/i0.wp.com\/ganeshadreamstore.centreganesha.com\/store\/wp-content\/uploads\/2017\/12\/bracelet-magn%C3%A9tique-femme-rose4.jpg?fit=772%2C621&ssl=1&resize=525%2C300 1.5x, https:\/\/i0.wp.com\/ganeshadreamstore.centreganesha.com\/store\/wp-content\/uploads\/2017\/12\/bracelet-magn%C3%A9tique-femme-rose4.jpg?fit=772%2C621&ssl=1&resize=700%2C400 2x"},"classes":[]},{"id":1471,"url":"https:\/\/ganeshadreamstore.centreganesha.com\/store\/produit\/semelles-magnetiques\/","url_meta":{"origin":270,"position":3},"title":"Semelles magn\u00e9tiques","author":"Centre Ganesha","date":"9 mars 2023","format":false,"excerpt":"Semelles en silicone munis de 8 aimants\u00a0 magn\u00e9tiques sous forme de pierres de refroidissement, douces et lisses tr\u00e8s confortables.","rel":"","context":"Article similaire","block_context":{"text":"Article similaire","link":""},"img":{"alt_text":"","src":"https:\/\/i0.wp.com\/ganeshadreamstore.centreganesha.com\/store\/wp-content\/uploads\/2023\/03\/semelle-magnetique2.jpg?fit=572%2C700&ssl=1&resize=350%2C200","width":350,"height":200,"srcset":"https:\/\/i0.wp.com\/ganeshadreamstore.centreganesha.com\/store\/wp-content\/uploads\/2023\/03\/semelle-magnetique2.jpg?fit=572%2C700&ssl=1&resize=350%2C200 1x, https:\/\/i0.wp.com\/ganeshadreamstore.centreganesha.com\/store\/wp-content\/uploads\/2023\/03\/semelle-magnetique2.jpg?fit=572%2C700&ssl=1&resize=525%2C300 1.5x"},"classes":[]},{"id":1139,"url":"https:\/\/ganeshadreamstore.centreganesha.com\/store\/produit\/amulette-en-obsidienne-noire\/","url_meta":{"origin":270,"position":4},"title":"Amulette en obsidienne noire","author":"Centre Ganesha","date":"8 mai 2021","format":false,"excerpt":"L\u2019obsidienne noire est r\u00e9put\u00e9e pour \u00eatre bonne pour la sant\u00e9 si elle est sur le chakra pertinent. Elle peut aider \u00e0 la digestion, r\u00e9soudre certains probl\u00e8mes digestifs, soulager les douleurs au niveau de la v\u00e9sicule biliaire, stabiliser la tension art\u00e9rielle et am\u00e9liorer la sant\u00e9 cardiaque. La pierre va vous apporter\u2026","rel":"","context":"Article similaire","block_context":{"text":"Article similaire","link":""},"img":{"alt_text":"","src":"https:\/\/i0.wp.com\/ganeshadreamstore.centreganesha.com\/store\/wp-content\/uploads\/2021\/05\/amulette-obsidienne2.jpg?fit=445%2C442&ssl=1&resize=350%2C200","width":350,"height":200},"classes":[]},{"id":1024,"url":"https:\/\/ganeshadreamstore.centreganesha.com\/store\/produit\/bracelet-en-pierre-naturelle-dapatite-bleue\/","url_meta":{"origin":270,"position":5},"title":"Bracelet en pierre naturelle d&rsquo;apatite bleue","author":"Centre Ganesha","date":"5 mai 2021","format":false,"excerpt":"Perles de 8 mm Longueur 18,5 cm adaptable LES VERTUS ET PROPRI\u00c9T\u00c9S DE LA PIERRE APATITE BLEUE SUR LE PLAN PHYSIQUE Cette\u00a0pierre apatite bleue\u00a0am\u00e9liore la communication de groupe. Elle donne plus d\u2019aisance pour s\u2019exprimer et plus de facilit\u00e9s pour verbaliser nos pens\u00e9es. C\u2019est une pierre destin\u00e9e aux timides et \u00e0\u2026","rel":"","context":"Article similaire","block_context":{"text":"Article similaire","link":""},"img":{"alt_text":"","src":"https:\/\/i0.wp.com\/ganeshadreamstore.centreganesha.com\/store\/wp-content\/uploads\/2021\/05\/bracelet-apatite-bleue.jpg?fit=437%2C433&ssl=1&resize=350%2C200","width":350,"height":200},"classes":[]}],"_links":{"self":[{"href":"https:\/\/ganeshadreamstore.centreganesha.com\/store\/wp-json\/wp\/v2\/product\/270","targetHints":{"allow":["GET"]}}],"collection":[{"href":"https:\/\/ganeshadreamstore.centreganesha.com\/store\/wp-json\/wp\/v2\/product"}],"about":[{"href":"https:\/\/ganeshadreamstore.centreganesha.com\/store\/wp-json\/wp\/v2\/types\/product"}],"wp:featuredmedia":[{"embeddable":true,"href":"https:\/\/ganeshadreamstore.centreganesha.com\/store\/wp-json\/wp\/v2\/media\/271"}],"wp:attachment":[{"href":"https:\/\/ganeshadreamstore.centreganesha.com\/store\/wp-json\/wp\/v2\/media?parent=270"}],"wp:term":[{"taxonomy":"product_brand","embeddable":true,"href":"https:\/\/ganeshadreamstore.centreganesha.com\/store\/wp-json\/wp\/v2\/product_brand?post=270"},{"taxonomy":"product_cat","embeddable":true,"href":"https:\/\/ganeshadreamstore.centreganesha.com\/store\/wp-json\/wp\/v2\/product_cat?post=270"},{"taxonomy":"product_tag","embeddable":true,"href":"https:\/\/ganeshadreamstore.centreganesha.com\/store\/wp-json\/wp\/v2\/product_tag?post=270"}],"curies":[{"name":"wp","href":"https:\/\/api.w.org\/{rel}","templated":true}]}}