{"id":240,"date":"2017-12-25T11:01:39","date_gmt":"2017-12-25T10:01:39","guid":{"rendered":"http:\/\/www.ganeshadreamstore.centreganesha.com\/store\/?post_type=product&#038;p=240"},"modified":"2025-11-20T15:53:53","modified_gmt":"2025-11-20T14:53:53","slug":"bracelet-de-guerison-des-7-chakras-en-pierre-volcanique","status":"publish","type":"product","link":"https:\/\/ganeshadreamstore.centreganesha.com\/store\/produit\/bracelet-de-guerison-des-7-chakras-en-pierre-volcanique\/","title":{"rendered":"Bracelet de Gu\u00e9rison des 7 Chakras en pierre volcanique"},"content":{"rendered":"","protected":false},"excerpt":{"rendered":"<p>Pour r\u00e9-\u00e9quilibrer vos chakras, portez ce magnifique bracelet \u00e0 votre poignet.<\/p>\n<p>L&rsquo;obsidienne, pierre noire volcanique restaure et r\u00e9-\u00e9quilibre vos 7 Chakras pour votre mieux-\u00eatre spirituel, \u00e9motionnel, mental et physique.<\/p>\n<p>Excellent cadeau pour un pratiquant de Yoga<\/p>\n<ul>\n<li>Longueur\u00a0: environ 17.78cm<\/li>\n<li>Type de fermoir : lacet coulissant ou \u00e9lastique<\/li>\n<li>Taille des perles : 8mm.<\/li>\n<li>l&rsquo;Obsidienne est une pierre de protection, \u00a0et bonne pour enlever les n\u00e9gativit\u00e9s, attirer l&rsquo;amour et l&rsquo;\u00e9nergie positive .<\/li>\n<li>l&rsquo;obsidienne noire est un puissant nettoyeur\u00a0de l&rsquo;aura et est une pierre de protection psychique.<\/li>\n<li>\u00e9quilibre les 7 Chakras<\/li>\n<li>pierres semi-pr\u00e9cieuses repr\u00e9sentant les 7 Chakras (Agate violette \/\u00a0Agate rouge \/ Lapis Lazuli \/Ambre\u00a0\/\u00a0Howlite verte \/ Turquoise \/ Oeil de Tigre\u00a0)<\/li>\n<\/ul>\n","protected":false},"featured_media":241,"template":"","meta":{"jetpack_post_was_ever_published":false,"jetpack_publicize_message":"","jetpack_publicize_feature_enabled":true,"jetpack_social_post_already_shared":false,"jetpack_social_options":{"image_generator_settings":{"template":"highway","default_image_id":0,"font":"","enabled":false},"version":2}},"product_brand":[],"product_cat":[18],"product_tag":[47,45,46],"class_list":{"0":"post-240","1":"product","2":"type-product","3":"status-publish","4":"has-post-thumbnail","6":"product_cat-bijoux","7":"product_tag-7-chakras","8":"product_tag-bracelet-de-guerison","9":"product_tag-obsidienne","11":"first","12":"instock","13":"sale","14":"shipping-taxable","15":"purchasable","16":"product-type-variable","17":"has-default-attributes"},"jetpack_publicize_connections":[],"jetpack_sharing_enabled":true,"jetpack_likes_enabled":true,"jetpack-related-posts":[{"id":902,"url":"https:\/\/ganeshadreamstore.centreganesha.com\/store\/produit\/bracelet-equilibre-des-7-chakras-en-jaspe\/","url_meta":{"origin":240,"position":0},"title":"Bracelet \u00ab\u00a0\u00e9quilibre\u00a0\u00bb des 7 chakras en jaspe","author":"Centre Ganesha","date":"13 d\u00e9cembre 2019","format":false,"excerpt":"Ce superbe\u00a0Bracelet \u00ab Equilibre \u00bb des 7 Chakras en pierres semi-pr\u00e9cieuses naturelles de jasper et cuir v\u00e9ritable\u00a0est une cr\u00e9ation alliant toutes les couleurs correspondants aux chakras. Les pierres de Jaspe ont \u00e9t\u00e9 soigneusement taill\u00e9es dans une forme b\u00e2ton et l\u2019assemblage a enti\u00e8rement \u00e9t\u00e9 r\u00e9alis\u00e9 \u00e0 la main pour que votre\u2026","rel":"","context":"Article similaire","block_context":{"text":"Article similaire","link":""},"img":{"alt_text":"","src":"https:\/\/i0.wp.com\/ganeshadreamstore.centreganesha.com\/store\/wp-content\/uploads\/2019\/12\/bracelet-chakra-jasper.jpg?fit=420%2C399&ssl=1&resize=350%2C200","width":350,"height":200},"classes":[]},{"id":524,"url":"https:\/\/ganeshadreamstore.centreganesha.com\/store\/produit\/pendule-en-pierre-pour-les-7-chakras\/","url_meta":{"origin":240,"position":1},"title":"Pendule  en pierre pour les 7 chakras","author":"Centre Ganesha","date":"25 d\u00e9cembre 2017","format":false,"excerpt":"Ce\u00a0Pendule \"Pierres des 7 Chakras\"\u00a0vous permettra de d\u00e9tecter\u00a0les centres \u00e9nerg\u00e9tique de votre corps selon la\u00a0m\u00e9thode de la radiesth\u00e9sie. Il vous donnera des informations sur l'emplacement et l'\u00e9quilibre de chaque Chakra. Savoir o\u00f9 se situent vos d\u00e9s\u00e9quilibres \u00e9nerg\u00e9tiques est la premi\u00e8re \u00e9tape pour pouvoir les traiter. D\u00e9tecter les d\u00e9s\u00e9quilibres \u00e9nerg\u00e9tiques des\u2026","rel":"","context":"Article similaire","block_context":{"text":"Article similaire","link":""},"img":{"alt_text":"","src":"https:\/\/i0.wp.com\/ganeshadreamstore.centreganesha.com\/store\/wp-content\/uploads\/2017\/12\/pendule-7-chakras2.jpg?fit=709%2C688&ssl=1&resize=350%2C200","width":350,"height":200,"srcset":"https:\/\/i0.wp.com\/ganeshadreamstore.centreganesha.com\/store\/wp-content\/uploads\/2017\/12\/pendule-7-chakras2.jpg?fit=709%2C688&ssl=1&resize=350%2C200 1x, https:\/\/i0.wp.com\/ganeshadreamstore.centreganesha.com\/store\/wp-content\/uploads\/2017\/12\/pendule-7-chakras2.jpg?fit=709%2C688&ssl=1&resize=525%2C300 1.5x, https:\/\/i0.wp.com\/ganeshadreamstore.centreganesha.com\/store\/wp-content\/uploads\/2017\/12\/pendule-7-chakras2.jpg?fit=709%2C688&ssl=1&resize=700%2C400 2x"},"classes":[]},{"id":276,"url":"https:\/\/ganeshadreamstore.centreganesha.com\/store\/produit\/bracelet-mala-des-7-chakras-en-perles-naturelles\/","url_meta":{"origin":240,"position":2},"title":"Bracelet mala des 7 Chakras en perles naturelles","author":"Centre Ganesha","date":"25 d\u00e9cembre 2017","format":false,"excerpt":"Pour r\u00e9-\u00e9quilibrer vos chakras, portez ce magnifique bracelet color\u00e9 \u00e0 votre poignet. Les couleurs agissent sur votre psychisme et r\u00e9-\u00e9quilibre vos 7 Chakras pour votre mieux-\u00eatre Excellent cadeau pour un pratiquant de Yoga Longueur\u00a0: environ 17 \u00e0 18 cm Type de fermoir : \u00e9lastique Taille des perles : 8mm ou\u2026","rel":"","context":"Article similaire","block_context":{"text":"Article similaire","link":""},"img":{"alt_text":"","src":"https:\/\/i0.wp.com\/ganeshadreamstore.centreganesha.com\/store\/wp-content\/uploads\/2017\/12\/bracelet-pierres-chakras.jpg?fit=1000%2C1000&ssl=1&resize=350%2C200","width":350,"height":200,"srcset":"https:\/\/i0.wp.com\/ganeshadreamstore.centreganesha.com\/store\/wp-content\/uploads\/2017\/12\/bracelet-pierres-chakras.jpg?fit=1000%2C1000&ssl=1&resize=350%2C200 1x, https:\/\/i0.wp.com\/ganeshadreamstore.centreganesha.com\/store\/wp-content\/uploads\/2017\/12\/bracelet-pierres-chakras.jpg?fit=1000%2C1000&ssl=1&resize=525%2C300 1.5x, https:\/\/i0.wp.com\/ganeshadreamstore.centreganesha.com\/store\/wp-content\/uploads\/2017\/12\/bracelet-pierres-chakras.jpg?fit=1000%2C1000&ssl=1&resize=700%2C400 2x"},"classes":[]},{"id":536,"url":"https:\/\/ganeshadreamstore.centreganesha.com\/store\/produit\/pendule-en-cristal-de-roche-des-7-chakras\/","url_meta":{"origin":240,"position":3},"title":"Pendule en cristal de roche des 7 Chakras","author":"Centre Ganesha","date":"25 d\u00e9cembre 2017","format":false,"excerpt":"Ce\u00a0Pendule \"Cristal de Roche et pierres des 7 Chakras\"\u00a0vous permettra de d\u00e9tecter\u00a0les centres \u00e9nerg\u00e9tique de votre corps selon la\u00a0m\u00e9thode de la radiesth\u00e9sie. Il vous donnera des informations sur l'emplacement et l'\u00e9quilibre de chaque Chakra. Savoir o\u00f9 se situent vos d\u00e9s\u00e9quilibres \u00e9nerg\u00e9tiques est la premi\u00e8re \u00e9tape pour pouvoir les traiter. D\u00e9tecter\u2026","rel":"","context":"Article similaire","block_context":{"text":"Article similaire","link":""},"img":{"alt_text":"","src":"https:\/\/i0.wp.com\/ganeshadreamstore.centreganesha.com\/store\/wp-content\/uploads\/2017\/12\/pendule-cristal-7-chakras.jpg?fit=492%2C496&ssl=1&resize=350%2C200","width":350,"height":200},"classes":[]},{"id":390,"url":"https:\/\/ganeshadreamstore.centreganesha.com\/store\/produit\/collier-elephant-et-son-bebe-en-obsidienne\/","url_meta":{"origin":240,"position":4},"title":"Collier Elephant et son bebe en obsidienne","author":"Centre Ganesha","date":"25 d\u00e9cembre 2017","format":false,"excerpt":"Ce collier de\u00a0m\u00e8re \u00e9l\u00e9phant avec son b\u00e9b\u00e9 en obsidienne noire\u00a0est \u00e0 porter pour la protection. Dans de nombreuses cultures,\u00a0l'\u00e9l\u00e9phant\u00a0est un symbole de force,\u00a0d'inspiration constante, d'honneur, de stabilit\u00e9 et de patience. Dans le bouddhisme,\u00a0l'\u00e9l\u00e9phant\u00a0est v\u00e9n\u00e9r\u00e9 pour ces qualit\u00e9s, et il est souvent repr\u00e9sent\u00e9 avec ou comme Bouddha lorsqu'il atteint l'illumination. Dans\u2026","rel":"","context":"Article similaire","block_context":{"text":"Article similaire","link":""},"img":{"alt_text":"","src":"https:\/\/i0.wp.com\/ganeshadreamstore.centreganesha.com\/store\/wp-content\/uploads\/2017\/12\/collier-elephant-et-bebe2.jpg?fit=620%2C588&ssl=1&resize=350%2C200","width":350,"height":200,"srcset":"https:\/\/i0.wp.com\/ganeshadreamstore.centreganesha.com\/store\/wp-content\/uploads\/2017\/12\/collier-elephant-et-bebe2.jpg?fit=620%2C588&ssl=1&resize=350%2C200 1x, https:\/\/i0.wp.com\/ganeshadreamstore.centreganesha.com\/store\/wp-content\/uploads\/2017\/12\/collier-elephant-et-bebe2.jpg?fit=620%2C588&ssl=1&resize=525%2C300 1.5x"},"classes":[]},{"id":1139,"url":"https:\/\/ganeshadreamstore.centreganesha.com\/store\/produit\/amulette-en-obsidienne-noire\/","url_meta":{"origin":240,"position":5},"title":"Amulette en obsidienne noire","author":"Centre Ganesha","date":"8 mai 2021","format":false,"excerpt":"L\u2019obsidienne noire est r\u00e9put\u00e9e pour \u00eatre bonne pour la sant\u00e9 si elle est sur le chakra pertinent. Elle peut aider \u00e0 la digestion, r\u00e9soudre certains probl\u00e8mes digestifs, soulager les douleurs au niveau de la v\u00e9sicule biliaire, stabiliser la tension art\u00e9rielle et am\u00e9liorer la sant\u00e9 cardiaque. La pierre va vous apporter\u2026","rel":"","context":"Article similaire","block_context":{"text":"Article similaire","link":""},"img":{"alt_text":"","src":"https:\/\/i0.wp.com\/ganeshadreamstore.centreganesha.com\/store\/wp-content\/uploads\/2021\/05\/amulette-obsidienne2.jpg?fit=445%2C442&ssl=1&resize=350%2C200","width":350,"height":200},"classes":[]}],"_links":{"self":[{"href":"https:\/\/ganeshadreamstore.centreganesha.com\/store\/wp-json\/wp\/v2\/product\/240","targetHints":{"allow":["GET"]}}],"collection":[{"href":"https:\/\/ganeshadreamstore.centreganesha.com\/store\/wp-json\/wp\/v2\/product"}],"about":[{"href":"https:\/\/ganeshadreamstore.centreganesha.com\/store\/wp-json\/wp\/v2\/types\/product"}],"wp:featuredmedia":[{"embeddable":true,"href":"https:\/\/ganeshadreamstore.centreganesha.com\/store\/wp-json\/wp\/v2\/media\/241"}],"wp:attachment":[{"href":"https:\/\/ganeshadreamstore.centreganesha.com\/store\/wp-json\/wp\/v2\/media?parent=240"}],"wp:term":[{"taxonomy":"product_brand","embeddable":true,"href":"https:\/\/ganeshadreamstore.centreganesha.com\/store\/wp-json\/wp\/v2\/product_brand?post=240"},{"taxonomy":"product_cat","embeddable":true,"href":"https:\/\/ganeshadreamstore.centreganesha.com\/store\/wp-json\/wp\/v2\/product_cat?post=240"},{"taxonomy":"product_tag","embeddable":true,"href":"https:\/\/ganeshadreamstore.centreganesha.com\/store\/wp-json\/wp\/v2\/product_tag?post=240"}],"curies":[{"name":"wp","href":"https:\/\/api.w.org\/{rel}","templated":true}]}}