{"id":234,"date":"2017-12-25T10:59:32","date_gmt":"2017-12-25T09:59:32","guid":{"rendered":"http:\/\/www.ganeshadreamstore.centreganesha.com\/store\/?post_type=product&#038;p=234"},"modified":"2025-11-28T09:52:18","modified_gmt":"2025-11-28T08:52:18","slug":"bracelet-cuivre-indien-avec-om-namah-shivaya","status":"publish","type":"product","link":"https:\/\/ganeshadreamstore.centreganesha.com\/store\/produit\/bracelet-cuivre-indien-avec-om-namah-shivaya\/","title":{"rendered":"Bracelet cuivr\u00e9 indien avec \u00ab\u00a0Om namah Shivaya\u00a0\u00bb"},"content":{"rendered":"","protected":false},"excerpt":{"rendered":"<p><strong>Tr\u00e8s beau Bracelet cuivr\u00e9 avec le mantra \u00ab\u00a0O\u1e41 nama\u1e25 \u015biv\u0101ya\u00a0\u00bb plaqu\u00e9 dessus.<\/strong><br \/>\nO\u1e41 nama\u1e25 \u015biv\u0101ya est l&rsquo;un des mantras les plus populaires de l&rsquo;hindouisme et particuli\u00e8rement du shiva\u00efsme. Il est d\u00e9di\u00e9 \u00e0 Shiva et signifie \u00ab Adoration de Shiva \u00bb. Il d\u00e9bute par la syllabe sacr\u00e9e \u00ab Aum \u00bb.<\/p>\n<p>Il est aussi appel\u00e9 \u00ab Panchakshara \u00bb (\u00ab Pancha \u00bb signifie cinq et Panchakshara signifie cinq syllabes en excluant l&rsquo;Aum). L&rsquo;hymne Tamoul Tiruvacakam (en) du IXe si\u00e8cle d\u00e9bute par ces cinq syllabes.<\/p>\n<p>Environ 6,5 cm de diam\u00e8tre et 1,5 cm de hauteur.<\/p>\n","protected":false},"featured_media":235,"template":"","meta":{"jetpack_post_was_ever_published":false,"jetpack_publicize_message":"","jetpack_publicize_feature_enabled":true,"jetpack_social_post_already_shared":false,"jetpack_social_options":{"image_generator_settings":{"template":"highway","default_image_id":0,"font":"","enabled":false},"version":2}},"product_brand":[],"product_cat":[18],"product_tag":[],"class_list":{"0":"post-234","1":"product","2":"type-product","3":"status-publish","4":"has-post-thumbnail","6":"product_cat-bijoux","8":"first","9":"instock","10":"sale","11":"shipping-taxable","12":"purchasable","13":"product-type-simple"},"jetpack_publicize_connections":[],"jetpack_sharing_enabled":true,"jetpack_likes_enabled":true,"jetpack-related-posts":[{"id":1841,"url":"https:\/\/ganeshadreamstore.centreganesha.com\/store\/produit\/om-namah-shivaya\/","url_meta":{"origin":234,"position":0},"title":"Om Namah Shivaya","author":"Centre Ganesha","date":"25 mars 2026","format":false,"excerpt":"Mantra Indien le plus chant\u00e9 dans le monde. Cette version est personnelle et peut devenir celui que vous pr\u00e9f\u00e8rerez... Le mantra Om Namah Shivaya signifie : \"je suis le Soi\". A \u00e9couter sur YouTube : https:\/\/youtu.be\/u94sVvcM5xY\u00a0","rel":"","context":"Article similaire","block_context":{"text":"Article similaire","link":""},"img":{"alt_text":"","src":"https:\/\/i0.wp.com\/ganeshadreamstore.centreganesha.com\/store\/wp-content\/uploads\/2026\/03\/om-namah-shivaya2.jpg?fit=1200%2C686&ssl=1&resize=350%2C200","width":350,"height":200,"srcset":"https:\/\/i0.wp.com\/ganeshadreamstore.centreganesha.com\/store\/wp-content\/uploads\/2026\/03\/om-namah-shivaya2.jpg?fit=1200%2C686&ssl=1&resize=350%2C200 1x, https:\/\/i0.wp.com\/ganeshadreamstore.centreganesha.com\/store\/wp-content\/uploads\/2026\/03\/om-namah-shivaya2.jpg?fit=1200%2C686&ssl=1&resize=525%2C300 1.5x, https:\/\/i0.wp.com\/ganeshadreamstore.centreganesha.com\/store\/wp-content\/uploads\/2026\/03\/om-namah-shivaya2.jpg?fit=1200%2C686&ssl=1&resize=700%2C400 2x, https:\/\/i0.wp.com\/ganeshadreamstore.centreganesha.com\/store\/wp-content\/uploads\/2026\/03\/om-namah-shivaya2.jpg?fit=1200%2C686&ssl=1&resize=1050%2C600 3x"},"classes":[]},{"id":1849,"url":"https:\/\/ganeshadreamstore.centreganesha.com\/store\/produit\/gayatri-mantra\/","url_meta":{"origin":234,"position":1},"title":"Gayatri Mantra","author":"Centre Ganesha","date":"27 mars 2026","format":false,"excerpt":"Le Gayatri Mantra -Musique et arrangement par ChamanKa A \u00e9couter sur YouTube : https:\/\/youtu.be\/QA1WbS7VIag \u00a0","rel":"","context":"Article similaire","block_context":{"text":"Article similaire","link":""},"img":{"alt_text":"","src":"https:\/\/i0.wp.com\/ganeshadreamstore.centreganesha.com\/store\/wp-content\/uploads\/2026\/03\/gayatri-yantra.png?fit=350%2C500&ssl=1&resize=350%2C200","width":350,"height":200},"classes":[]},{"id":1101,"url":"https:\/\/ganeshadreamstore.centreganesha.com\/store\/produit\/tasse-en-cuivre-pour-votre-sante-et-votre-immunite\/","url_meta":{"origin":234,"position":2},"title":"Tasse en cuivre pour votre sant\u00e9 et votre immunit\u00e9.","author":"Centre Ganesha","date":"6 mai 2021","format":false,"excerpt":"Voici Pourquoi Vous Devriez Boire Dans Une Tasse En Cuivre Le cuivre est un oligo\u00e9l\u00e9ment qui se retrouve apr\u00e8s son ingestion dans le foie, le c\u0153ur, le muscle squelettique, etc. Ce min\u00e9ral a de nombreux bienfaits sur la sant\u00e9\u00a0: nettoie les reins, lutte contre les bact\u00e9ries nocives, ralentit le vieillissement,\u2026","rel":"","context":"Article similaire","block_context":{"text":"Article similaire","link":""},"img":{"alt_text":"","src":"https:\/\/i0.wp.com\/ganeshadreamstore.centreganesha.com\/store\/wp-content\/uploads\/2021\/05\/tasse-cuivre.jpg?fit=443%2C430&ssl=1&resize=350%2C200","width":350,"height":200},"classes":[]},{"id":539,"url":"https:\/\/ganeshadreamstore.centreganesha.com\/store\/produit\/petit-bracelet-mala-en-pierre-de-jaspe-avec-pendentif-om\/","url_meta":{"origin":234,"position":3},"title":"Petit bracelet mala en pierre de jaspe avec pendentif OM","author":"Centre Ganesha","date":"25 d\u00e9cembre 2017","format":false,"excerpt":"Petit bracelet mala de 23 perles en pierre\u00a0de Jaspe Kambala avec pendentif","rel":"","context":"Article similaire","block_context":{"text":"Article similaire","link":""},"img":{"alt_text":"","src":"https:\/\/i0.wp.com\/ganeshadreamstore.centreganesha.com\/store\/wp-content\/uploads\/2017\/12\/bracelet-pierre-jaspe-2.jpg?fit=701%2C649&ssl=1&resize=350%2C200","width":350,"height":200,"srcset":"https:\/\/i0.wp.com\/ganeshadreamstore.centreganesha.com\/store\/wp-content\/uploads\/2017\/12\/bracelet-pierre-jaspe-2.jpg?fit=701%2C649&ssl=1&resize=350%2C200 1x, https:\/\/i0.wp.com\/ganeshadreamstore.centreganesha.com\/store\/wp-content\/uploads\/2017\/12\/bracelet-pierre-jaspe-2.jpg?fit=701%2C649&ssl=1&resize=525%2C300 1.5x, https:\/\/i0.wp.com\/ganeshadreamstore.centreganesha.com\/store\/wp-content\/uploads\/2017\/12\/bracelet-pierre-jaspe-2.jpg?fit=701%2C649&ssl=1&resize=700%2C400 2x"},"classes":[]},{"id":254,"url":"https:\/\/ganeshadreamstore.centreganesha.com\/store\/produit\/bracelet-magnetique-en-cuivre-antique\/","url_meta":{"origin":234,"position":4},"title":"Bracelet magn\u00e9tique en cuivre antique","author":"Centre Ganesha","date":"25 d\u00e9cembre 2017","format":false,"excerpt":"Ce bracelet magn\u00e9tique en cuivre antique allie raffinement\u00a0et source d\u2019\u00e9quilibre. Les 6 aimants int\u00e9gr\u00e9s \"1400 gauss\"\u00a0sont de la nouvelle g\u00e9n\u00e9ration d\u2019aimants permanents (terres rares, non d\u00e9saimantable)","rel":"","context":"Article similaire","block_context":{"text":"Article similaire","link":""},"img":{"alt_text":"","src":"https:\/\/i0.wp.com\/ganeshadreamstore.centreganesha.com\/store\/wp-content\/uploads\/2017\/12\/bracelet-magnetique-channah3.jpg?fit=794%2C700&ssl=1&resize=350%2C200","width":350,"height":200,"srcset":"https:\/\/i0.wp.com\/ganeshadreamstore.centreganesha.com\/store\/wp-content\/uploads\/2017\/12\/bracelet-magnetique-channah3.jpg?fit=794%2C700&ssl=1&resize=350%2C200 1x, https:\/\/i0.wp.com\/ganeshadreamstore.centreganesha.com\/store\/wp-content\/uploads\/2017\/12\/bracelet-magnetique-channah3.jpg?fit=794%2C700&ssl=1&resize=525%2C300 1.5x, https:\/\/i0.wp.com\/ganeshadreamstore.centreganesha.com\/store\/wp-content\/uploads\/2017\/12\/bracelet-magnetique-channah3.jpg?fit=794%2C700&ssl=1&resize=700%2C400 2x"},"classes":[]},{"id":280,"url":"https:\/\/ganeshadreamstore.centreganesha.com\/store\/produit\/bracelet-mala-en-pierre-azurite-et-son-pendentif-om\/","url_meta":{"origin":234,"position":5},"title":"Bracelet mala en pierre azurite et son pendentif OM","author":"Centre Ganesha","date":"25 d\u00e9cembre 2017","format":false,"excerpt":"Cette pierre purifie et stimule le Chakra du 3\u00e8me oeil, elle relie le corporel au spirituel. C'est l'illumination de l'\u00e2me et de l'esprit, elle aide \u00e0 la m\u00e9ditation, facilite les voyages extra-corporels et fait prendre conscience du moi int\u00e9rieur. Les intuitions deviennent plus subtiles, les pens\u00e9es sont plus claires et\u2026","rel":"","context":"Article similaire","block_context":{"text":"Article similaire","link":""},"img":{"alt_text":"","src":"https:\/\/i0.wp.com\/ganeshadreamstore.centreganesha.com\/store\/wp-content\/uploads\/2017\/12\/bracelet-pierre-azurite.jpg?fit=661%2C647&ssl=1&resize=350%2C200","width":350,"height":200,"srcset":"https:\/\/i0.wp.com\/ganeshadreamstore.centreganesha.com\/store\/wp-content\/uploads\/2017\/12\/bracelet-pierre-azurite.jpg?fit=661%2C647&ssl=1&resize=350%2C200 1x, https:\/\/i0.wp.com\/ganeshadreamstore.centreganesha.com\/store\/wp-content\/uploads\/2017\/12\/bracelet-pierre-azurite.jpg?fit=661%2C647&ssl=1&resize=525%2C300 1.5x"},"classes":[]}],"_links":{"self":[{"href":"https:\/\/ganeshadreamstore.centreganesha.com\/store\/wp-json\/wp\/v2\/product\/234","targetHints":{"allow":["GET"]}}],"collection":[{"href":"https:\/\/ganeshadreamstore.centreganesha.com\/store\/wp-json\/wp\/v2\/product"}],"about":[{"href":"https:\/\/ganeshadreamstore.centreganesha.com\/store\/wp-json\/wp\/v2\/types\/product"}],"wp:featuredmedia":[{"embeddable":true,"href":"https:\/\/ganeshadreamstore.centreganesha.com\/store\/wp-json\/wp\/v2\/media\/235"}],"wp:attachment":[{"href":"https:\/\/ganeshadreamstore.centreganesha.com\/store\/wp-json\/wp\/v2\/media?parent=234"}],"wp:term":[{"taxonomy":"product_brand","embeddable":true,"href":"https:\/\/ganeshadreamstore.centreganesha.com\/store\/wp-json\/wp\/v2\/product_brand?post=234"},{"taxonomy":"product_cat","embeddable":true,"href":"https:\/\/ganeshadreamstore.centreganesha.com\/store\/wp-json\/wp\/v2\/product_cat?post=234"},{"taxonomy":"product_tag","embeddable":true,"href":"https:\/\/ganeshadreamstore.centreganesha.com\/store\/wp-json\/wp\/v2\/product_tag?post=234"}],"curies":[{"name":"wp","href":"https:\/\/api.w.org\/{rel}","templated":true}]}}