{"id":1859,"date":"2026-04-10T18:18:40","date_gmt":"2026-04-10T16:18:40","guid":{"rendered":"https:\/\/ganeshadreamstore.centreganesha.com\/store\/?post_type=product&#038;p=1859"},"modified":"2026-04-10T18:18:40","modified_gmt":"2026-04-10T16:18:40","slug":"la-vie-secrit","status":"publish","type":"product","link":"https:\/\/ganeshadreamstore.centreganesha.com\/store\/produit\/la-vie-secrit\/","title":{"rendered":"La vie S&rsquo;\u00e9crit"},"content":{"rendered":"<p><strong>\u201cLa vie s\u2019\u00e9crit\u201d<\/strong><\/p>\n<p><strong>Couplet 1<\/strong><br \/>\nPoursuivre la route sans regret,<br \/>\nM\u00eame quand tout semble s\u2019arr\u00eater,<br \/>\nQuand c\u2019est fini, faut l\u2019accepter,<br \/>\nPas de retour, juste avancer.<\/p>\n<p>Regarder derri\u00e8re sans s\u2019y perdre,<br \/>\nApprendre sans jamais se suspendre,<br \/>\nChaque souvenir devient lumi\u00e8re,<br \/>\nMais c\u2019est demain qu\u2019il faut refaire.<\/p>\n<p><strong>Pr\u00e9-refrain<\/strong><br \/>\nEt m\u00eame quand je tombe encore,<br \/>\nJe sens que je deviens plus fort\u2026<\/p>\n<p><strong>Refrain<\/strong><br \/>\nLa vie s\u2019\u00e9crit toujours devant,<br \/>\nDans chaque souffle, chaque instant,<br \/>\nPas de regrets, juste essayer,<br \/>\nTomber cent fois, se relever.<br \/>\nPas \u00e0 pas, le c\u0153ur ouvert,<br \/>\nEntre les doutes et la lumi\u00e8re,<br \/>\nJ\u2019apprends enfin \u00e0 l\u00e2cher prise,<br \/>\nEt ma conscience me guide.<\/p>\n<p><strong>Couplet 2<\/strong><br \/>\nL\u2019instant pr\u00e9sent br\u00fble intens\u00e9ment,<br \/>\nC\u2019est l\u00e0 que tout devient vivant,<br \/>\nD\u00e9couvrir mes parts de myst\u00e8re,<br \/>\nMes faiblesses et puis mes rep\u00e8res.<\/p>\n<p>Encaisser les coups sans fuir,<br \/>\nTrouver la force de reconstruire,<br \/>\nMe perdre parfois pour mieux me voir,<br \/>\nEt rallumer un peu d\u2019espoir.<\/p>\n<p><strong>Pr\u00e9-refrain<\/strong><br \/>\nChaque erreur me rend plus vrai,<br \/>\nC\u2019est comme \u00e7a que je rena\u00ees\u2026<\/p>\n<p><strong>Refrain<\/strong><br \/>\nLa vie s\u2019\u00e9crit toujours devant,<br \/>\nDans chaque souffle, chaque instant,<br \/>\nPas de regrets, juste essayer,<br \/>\nTomber cent fois, se relever.<br \/>\nPas \u00e0 pas, le c\u0153ur ouvert,<br \/>\nEntre les doutes et la lumi\u00e8re,<br \/>\nJ\u2019apprends enfin \u00e0 l\u00e2cher prise,<br \/>\nEt ma conscience me guide.<\/p>\n<p><strong>Pont (plus doux, puis mont\u00e9e)<\/strong><br \/>\nSans contr\u00f4ler, juste ressentir,<br \/>\nLaisser le doute devenir d\u00e9sir,<br \/>\nTout ce que je retiens m\u2019ab\u00eeme,<br \/>\nAlors je l\u00e2che\u2026 et je m\u2019aligne.<\/p>\n<p><strong>Refrain final (plus puissant)<\/strong><br \/>\nLa vie s\u2019\u00e9crit toujours devant,<br \/>\nM\u00eame dans l\u2019ombre du pr\u00e9sent,<br \/>\nPas de retour, tout est \u00e0 cr\u00e9er,<br \/>\nM\u00eame bris\u00e9, je vais avancer.<br \/>\nPas \u00e0 pas, libre et sinc\u00e8re,<br \/>\nM\u00eame fragile, m\u00eame \u00e0 l\u2019envers,<br \/>\nJ\u2019apprends enfin \u00e0 l\u00e2cher prise,<br \/>\nEt ma conscience me guide.<\/p>\n","protected":false},"excerpt":{"rendered":"<p>Chanson compos\u00e9e (paroles, musique, arrangement, voix synth\u00e9tiseur) par ChamanKa.<\/p>\n<p>A regarder sur YouTube (mettez un pouce si vous aimez et abonnez-vous !)<\/p>\n<p>https:\/\/youtu.be\/0U5nmu8ijNk<\/p>\n","protected":false},"featured_media":1860,"template":"","meta":{"jetpack_post_was_ever_published":false,"jetpack_publicize_message":"","jetpack_publicize_feature_enabled":true,"jetpack_social_post_already_shared":true,"jetpack_social_options":{"image_generator_settings":{"template":"highway","default_image_id":0,"font":"","enabled":false},"version":2}},"product_brand":[],"product_cat":[331],"product_tag":[357,356,367,345],"class_list":{"0":"post-1859","1":"product","2":"type-product","3":"status-publish","4":"has-post-thumbnail","6":"product_cat-chansons-arrangees-mp3","7":"product_tag-chamanka","8":"product_tag-chanson","9":"product_tag-la-vie-secrit","10":"product_tag-mp3","12":"first","13":"instock","14":"downloadable","15":"virtual","16":"purchasable","17":"product-type-simple"},"jetpack_publicize_connections":[],"jetpack_sharing_enabled":true,"jetpack_likes_enabled":true,"jetpack-related-posts":[{"id":1743,"url":"https:\/\/ganeshadreamstore.centreganesha.com\/store\/produit\/folie\/","url_meta":{"origin":1859,"position":0},"title":"Folie","author":"Centre Ganesha","date":"6 mars 2026","format":false,"excerpt":"Chanson arrang\u00e9e - MP3 \u00e0 regarder sur Youtube : https:\/\/youtu.be\/9A6ku1QCyrE","rel":"","context":"Article similaire","block_context":{"text":"Article similaire","link":""},"img":{"alt_text":"","src":"https:\/\/i0.wp.com\/ganeshadreamstore.centreganesha.com\/store\/wp-content\/uploads\/2026\/03\/Folie.jpg?fit=1200%2C686&ssl=1&resize=350%2C200","width":350,"height":200,"srcset":"https:\/\/i0.wp.com\/ganeshadreamstore.centreganesha.com\/store\/wp-content\/uploads\/2026\/03\/Folie.jpg?fit=1200%2C686&ssl=1&resize=350%2C200 1x, https:\/\/i0.wp.com\/ganeshadreamstore.centreganesha.com\/store\/wp-content\/uploads\/2026\/03\/Folie.jpg?fit=1200%2C686&ssl=1&resize=525%2C300 1.5x, https:\/\/i0.wp.com\/ganeshadreamstore.centreganesha.com\/store\/wp-content\/uploads\/2026\/03\/Folie.jpg?fit=1200%2C686&ssl=1&resize=700%2C400 2x, https:\/\/i0.wp.com\/ganeshadreamstore.centreganesha.com\/store\/wp-content\/uploads\/2026\/03\/Folie.jpg?fit=1200%2C686&ssl=1&resize=1050%2C600 3x"},"classes":[]},{"id":1733,"url":"https:\/\/ganeshadreamstore.centreganesha.com\/store\/produit\/les-cigognes-sont-passees\/","url_meta":{"origin":1859,"position":1},"title":"Les cigognes sont pass\u00e9es","author":"Centre Ganesha","date":"4 mars 2026","format":false,"excerpt":"Chanson arrang\u00e9e - MP3 Paroles et musique de F. K. Adjam","rel":"","context":"Article similaire","block_context":{"text":"Article similaire","link":""},"img":{"alt_text":"","src":"https:\/\/i0.wp.com\/ganeshadreamstore.centreganesha.com\/store\/wp-content\/uploads\/2026\/03\/Les-cigognes-sont-passees.jpg?fit=738%2C676&ssl=1&resize=350%2C200","width":350,"height":200,"srcset":"https:\/\/i0.wp.com\/ganeshadreamstore.centreganesha.com\/store\/wp-content\/uploads\/2026\/03\/Les-cigognes-sont-passees.jpg?fit=738%2C676&ssl=1&resize=350%2C200 1x, https:\/\/i0.wp.com\/ganeshadreamstore.centreganesha.com\/store\/wp-content\/uploads\/2026\/03\/Les-cigognes-sont-passees.jpg?fit=738%2C676&ssl=1&resize=525%2C300 1.5x, https:\/\/i0.wp.com\/ganeshadreamstore.centreganesha.com\/store\/wp-content\/uploads\/2026\/03\/Les-cigognes-sont-passees.jpg?fit=738%2C676&ssl=1&resize=700%2C400 2x"},"classes":[]},{"id":1837,"url":"https:\/\/ganeshadreamstore.centreganesha.com\/store\/produit\/limposteur\/","url_meta":{"origin":1859,"position":2},"title":"L&rsquo;imposteur","author":"Centre Ganesha","date":"24 mars 2026","format":false,"excerpt":"Chanson \u00e9crite et arrang\u00e9e par ChamanKa \u00e0 \u00e9couter sur YouTube : https:\/\/youtu.be\/r8X3Y666eBA","rel":"","context":"Article similaire","block_context":{"text":"Article similaire","link":""},"img":{"alt_text":"","src":"https:\/\/i0.wp.com\/ganeshadreamstore.centreganesha.com\/store\/wp-content\/uploads\/2026\/03\/limposteur.jpg?fit=1200%2C686&ssl=1&resize=350%2C200","width":350,"height":200,"srcset":"https:\/\/i0.wp.com\/ganeshadreamstore.centreganesha.com\/store\/wp-content\/uploads\/2026\/03\/limposteur.jpg?fit=1200%2C686&ssl=1&resize=350%2C200 1x, https:\/\/i0.wp.com\/ganeshadreamstore.centreganesha.com\/store\/wp-content\/uploads\/2026\/03\/limposteur.jpg?fit=1200%2C686&ssl=1&resize=525%2C300 1.5x, https:\/\/i0.wp.com\/ganeshadreamstore.centreganesha.com\/store\/wp-content\/uploads\/2026\/03\/limposteur.jpg?fit=1200%2C686&ssl=1&resize=700%2C400 2x, https:\/\/i0.wp.com\/ganeshadreamstore.centreganesha.com\/store\/wp-content\/uploads\/2026\/03\/limposteur.jpg?fit=1200%2C686&ssl=1&resize=1050%2C600 3x"},"classes":[]},{"id":1845,"url":"https:\/\/ganeshadreamstore.centreganesha.com\/store\/produit\/le-sabot-de-fee\/","url_meta":{"origin":1859,"position":3},"title":"Le sabot de F\u00e9e","author":"Centre Ganesha","date":"25 mars 2026","format":false,"excerpt":"Chanson de ChamanKa. Format MP3. A \u00e9couter sur YouTube https:\/\/youtu.be\/zxHKou95W50","rel":"","context":"Article similaire","block_context":{"text":"Article similaire","link":""},"img":{"alt_text":"","src":"https:\/\/i0.wp.com\/ganeshadreamstore.centreganesha.com\/store\/wp-content\/uploads\/2026\/03\/le-sabot-de-Fee.jpg?fit=1200%2C686&ssl=1&resize=350%2C200","width":350,"height":200,"srcset":"https:\/\/i0.wp.com\/ganeshadreamstore.centreganesha.com\/store\/wp-content\/uploads\/2026\/03\/le-sabot-de-Fee.jpg?fit=1200%2C686&ssl=1&resize=350%2C200 1x, https:\/\/i0.wp.com\/ganeshadreamstore.centreganesha.com\/store\/wp-content\/uploads\/2026\/03\/le-sabot-de-Fee.jpg?fit=1200%2C686&ssl=1&resize=525%2C300 1.5x, https:\/\/i0.wp.com\/ganeshadreamstore.centreganesha.com\/store\/wp-content\/uploads\/2026\/03\/le-sabot-de-Fee.jpg?fit=1200%2C686&ssl=1&resize=700%2C400 2x, https:\/\/i0.wp.com\/ganeshadreamstore.centreganesha.com\/store\/wp-content\/uploads\/2026\/03\/le-sabot-de-Fee.jpg?fit=1200%2C686&ssl=1&resize=1050%2C600 3x"},"classes":[]},{"id":1727,"url":"https:\/\/ganeshadreamstore.centreganesha.com\/store\/produit\/le-voyage-de-la-vie\/","url_meta":{"origin":1859,"position":4},"title":"Laisse-les tomber","author":"Centre Ganesha","date":"3 mars 2026","format":false,"excerpt":"Chanson arrang\u00e9e - MP3 \u00e0 regarder sur Youtube, laissez un like et abonnez-vous \u00e0 ma cha\u00eene : https:\/\/youtu.be\/06pI-DstOEI","rel":"","context":"Article similaire","block_context":{"text":"Article similaire","link":""},"img":{"alt_text":"","src":"https:\/\/i0.wp.com\/ganeshadreamstore.centreganesha.com\/store\/wp-content\/uploads\/2026\/03\/le-voyage-de-la-vie.jpg?fit=1200%2C686&ssl=1&resize=350%2C200","width":350,"height":200,"srcset":"https:\/\/i0.wp.com\/ganeshadreamstore.centreganesha.com\/store\/wp-content\/uploads\/2026\/03\/le-voyage-de-la-vie.jpg?fit=1200%2C686&ssl=1&resize=350%2C200 1x, https:\/\/i0.wp.com\/ganeshadreamstore.centreganesha.com\/store\/wp-content\/uploads\/2026\/03\/le-voyage-de-la-vie.jpg?fit=1200%2C686&ssl=1&resize=525%2C300 1.5x, https:\/\/i0.wp.com\/ganeshadreamstore.centreganesha.com\/store\/wp-content\/uploads\/2026\/03\/le-voyage-de-la-vie.jpg?fit=1200%2C686&ssl=1&resize=700%2C400 2x, https:\/\/i0.wp.com\/ganeshadreamstore.centreganesha.com\/store\/wp-content\/uploads\/2026\/03\/le-voyage-de-la-vie.jpg?fit=1200%2C686&ssl=1&resize=1050%2C600 3x"},"classes":[]},{"id":1791,"url":"https:\/\/ganeshadreamstore.centreganesha.com\/store\/produit\/exile\/","url_meta":{"origin":1859,"position":5},"title":"Exil\u00e9","author":"Centre Ganesha","date":"13 mars 2026","format":false,"excerpt":"Chanson compos\u00e9e par ChamanKa \u00e0 \u00e9couter sur Youtube : https:\/\/youtu.be\/zTiLiaxUjtQ","rel":"","context":"Article similaire","block_context":{"text":"Article similaire","link":""},"img":{"alt_text":"","src":"https:\/\/i0.wp.com\/ganeshadreamstore.centreganesha.com\/store\/wp-content\/uploads\/2026\/03\/exile.jpg?fit=340%2C324&ssl=1&resize=350%2C200","width":350,"height":200},"classes":[]}],"_links":{"self":[{"href":"https:\/\/ganeshadreamstore.centreganesha.com\/store\/wp-json\/wp\/v2\/product\/1859","targetHints":{"allow":["GET"]}}],"collection":[{"href":"https:\/\/ganeshadreamstore.centreganesha.com\/store\/wp-json\/wp\/v2\/product"}],"about":[{"href":"https:\/\/ganeshadreamstore.centreganesha.com\/store\/wp-json\/wp\/v2\/types\/product"}],"wp:featuredmedia":[{"embeddable":true,"href":"https:\/\/ganeshadreamstore.centreganesha.com\/store\/wp-json\/wp\/v2\/media\/1860"}],"wp:attachment":[{"href":"https:\/\/ganeshadreamstore.centreganesha.com\/store\/wp-json\/wp\/v2\/media?parent=1859"}],"wp:term":[{"taxonomy":"product_brand","embeddable":true,"href":"https:\/\/ganeshadreamstore.centreganesha.com\/store\/wp-json\/wp\/v2\/product_brand?post=1859"},{"taxonomy":"product_cat","embeddable":true,"href":"https:\/\/ganeshadreamstore.centreganesha.com\/store\/wp-json\/wp\/v2\/product_cat?post=1859"},{"taxonomy":"product_tag","embeddable":true,"href":"https:\/\/ganeshadreamstore.centreganesha.com\/store\/wp-json\/wp\/v2\/product_tag?post=1859"}],"curies":[{"name":"wp","href":"https:\/\/api.w.org\/{rel}","templated":true}]}}