{"id":1849,"date":"2026-03-27T18:22:05","date_gmt":"2026-03-27T17:22:05","guid":{"rendered":"https:\/\/ganeshadreamstore.centreganesha.com\/store\/?post_type=product&#038;p=1849"},"modified":"2026-03-27T18:22:05","modified_gmt":"2026-03-27T17:22:05","slug":"gayatri-mantra","status":"publish","type":"product","link":"https:\/\/ganeshadreamstore.centreganesha.com\/store\/produit\/gayatri-mantra\/","title":{"rendered":"Gayatri Mantra"},"content":{"rendered":"<p>Le\u00a0<b>G\u0101yatr\u012b<\/b>\u00a0(<a title=\"Sanskrit\" href=\"https:\/\/fr.wikipedia.org\/wiki\/Sanskrit\">sanskrit<\/a>\u00a0:\u00a0<span class=\"lang-sa\" lang=\"sa\">\u0917\u093e\u092f\u0924\u094d\u0930\u0940<\/span>\u00a0g\u0101yatr\u012b) mantra, aussi appel\u00e9 S\u0101vitr\u012b Mantra, provient du\u00a0<a title=\"Rig-V\u00e9da\" href=\"https:\/\/fr.wikipedia.org\/wiki\/Rig-V%C3%A9da\">Rig-V\u00e9da<\/a>,\u00a0<span class=\"nowrap\">III, 62, 10<\/span>. Il est consid\u00e9r\u00e9 comme le plus sacr\u00e9 du\u00a0<a title=\"Veda\" href=\"https:\/\/fr.wikipedia.org\/wiki\/Veda\">Veda<\/a>, les textes ancestraux de l&rsquo;hindouisme. Selon la tradition, c\u2019est le\u00a0<a title=\"Rishi\" href=\"https:\/\/fr.wikipedia.org\/wiki\/Rishi\">Rishi<\/a>\u00a0<a title=\"Vishvamitra\" href=\"https:\/\/fr.wikipedia.org\/wiki\/Vishvamitra\">Vishvamitra<\/a>\u00a0qui l\u2019a compos\u00e9 dans sa forme actuelle. C&rsquo;est en fait une invocation au soleil, qui peut se faire dans une rivi\u00e8re, lors du lever et du coucher de cette \u00e9toile\u00a0; c&rsquo;est aussi une m\u00e9taphore pour invoquer l&rsquo;Existence qui illumine nos consciences quotidiennement.<\/p>\n<p>Il est compos\u00e9 de vingt-quatre syllabes.<\/p>\n<table class=\"wikitable mw-collapsible mw-made-collapsible\">\n<tbody>\n<tr>\n<th colspan=\"3\">Le G\u0101yatr\u012b mantra<\/th>\n<\/tr>\n<tr>\n<th><a title=\"Devanagari\" href=\"https:\/\/fr.wikipedia.org\/wiki\/Devanagari\">Devanagari<\/a><\/th>\n<th>Sanskrit\u00a0<a class=\"mw-redirect\" title=\"IAST\" href=\"https:\/\/fr.wikipedia.org\/wiki\/IAST\">IAST<\/a><\/th>\n<th>Traduction en fran\u00e7ais<sup class=\"need_ref_tag\"><a title=\"Aide:R\u00e9f\u00e9rence n\u00e9cessaire\" href=\"https:\/\/fr.wikipedia.org\/wiki\/Aide:R%C3%A9f%C3%A9rence_n%C3%A9cessaire\"><span title=\"Ce passage n\u00e9cessite une r\u00e9f\u00e9rence ; voir l'aide.\">[r\u00e9f.\u00a0n\u00e9cessaire]<\/span><\/a><\/sup><\/th>\n<\/tr>\n<tr>\n<td><span class=\"lang-sa\" lang=\"sa\">\u0950 \u092d\u0942\u0930\u094d\u092d\u0941\u0935\u0903 \u0938\u094d\u0935\u0903 \u0964<\/span><\/td>\n<td>o\u1e43 bh\u016br bhuva\u1e25 sva\u1e25<\/td>\n<td><a title=\"Om\u0310\" href=\"https:\/\/fr.wikipedia.org\/wiki\/Om%CC%90\">Om<\/a>, Terre, Cieux et Eau,<\/td>\n<\/tr>\n<tr>\n<td><span class=\"lang-sa\" lang=\"sa\">\u0924\u0924\u094d \u0938\u0935\u093f\u0924\u0941\u0930\u094d\u0935\u0930\u0947\u0923\u094d\u092f\u0902 \u0964<\/span><\/td>\n<td>t\u00e1t savit\u00far v\u00e1re\u1e47ya\u1e43<\/td>\n<td>Que l&rsquo;excellent Soleil,<\/td>\n<\/tr>\n<tr>\n<td><span class=\"lang-sa\" lang=\"sa\">\u092d\u0930\u094d\u0917\u094b \u0926\u0947\u0935\u0938\u094d\u092f \u0927\u0940\u092e\u0939\u093f \u0964<\/span><\/td>\n<td>bh\u00e1rgo dev\u00e1sya dh\u012bmahi<\/td>\n<td>Brillant, divin et pieux,<\/td>\n<\/tr>\n<tr>\n<td><span class=\"lang-sa\" lang=\"sa\">\u0927\u093f\u092f\u094b \u092f\u094b \u0928\u0903 \u092a\u094d\u0930\u091a\u094b\u0926\u092f\u093e\u0924\u094d \u0965<\/span><\/td>\n<td>dh\u00edyo y\u00f3 na\u1e25 pracod\u00e1y\u0101t<\/td>\n<td>Nous aide \u00e0 m\u00e9diter sur nos intellects galopants.<\/td>\n<\/tr>\n<\/tbody>\n<\/table>\n","protected":false},"excerpt":{"rendered":"<p>Le Gayatri Mantra -Musique et arrangement par ChamanKa<\/p>\n<p>A \u00e9couter sur YouTube :<\/p>\n<p>https:\/\/youtu.be\/QA1WbS7VIag<\/p>\n<p>&nbsp;<\/p>\n","protected":false},"featured_media":1851,"template":"","meta":{"jetpack_post_was_ever_published":false,"jetpack_publicize_message":"","jetpack_publicize_feature_enabled":true,"jetpack_social_post_already_shared":true,"jetpack_social_options":{"image_generator_settings":{"template":"highway","default_image_id":0,"font":"","enabled":false},"version":2}},"product_brand":[],"product_cat":[331],"product_tag":[357,363,345],"class_list":{"0":"post-1849","1":"product","2":"type-product","3":"status-publish","4":"has-post-thumbnail","6":"product_cat-chansons-arrangees-mp3","7":"product_tag-chamanka","8":"product_tag-gayatri-mantra","9":"product_tag-mp3","11":"first","12":"instock","13":"downloadable","14":"virtual","15":"purchasable","16":"product-type-simple"},"jetpack_publicize_connections":[],"jetpack_sharing_enabled":true,"jetpack_likes_enabled":true,"jetpack-related-posts":[{"id":563,"url":"https:\/\/ganeshadreamstore.centreganesha.com\/store\/produit\/poster-du-yantra\/","url_meta":{"origin":1849,"position":0},"title":"poster du Yantra","author":"Centre Ganesha","date":"25 d\u00e9cembre 2017","format":false,"excerpt":"Poster in\u00e9dit du Sri Yantra en \u00e9dition limit\u00e9e. Le\u00a0Yantra\u00a0est un support graphique de m\u00e9ditation issu de la tradition\u00a0hindoue et repris par les bouddhistes.","rel":"","context":"Article similaire","block_context":{"text":"Article similaire","link":""},"img":{"alt_text":"","src":"https:\/\/i0.wp.com\/ganeshadreamstore.centreganesha.com\/store\/wp-content\/uploads\/2017\/12\/poster-yantra.jpg?fit=1200%2C982&ssl=1&resize=350%2C200","width":350,"height":200,"srcset":"https:\/\/i0.wp.com\/ganeshadreamstore.centreganesha.com\/store\/wp-content\/uploads\/2017\/12\/poster-yantra.jpg?fit=1200%2C982&ssl=1&resize=350%2C200 1x, https:\/\/i0.wp.com\/ganeshadreamstore.centreganesha.com\/store\/wp-content\/uploads\/2017\/12\/poster-yantra.jpg?fit=1200%2C982&ssl=1&resize=525%2C300 1.5x, https:\/\/i0.wp.com\/ganeshadreamstore.centreganesha.com\/store\/wp-content\/uploads\/2017\/12\/poster-yantra.jpg?fit=1200%2C982&ssl=1&resize=700%2C400 2x, https:\/\/i0.wp.com\/ganeshadreamstore.centreganesha.com\/store\/wp-content\/uploads\/2017\/12\/poster-yantra.jpg?fit=1200%2C982&ssl=1&resize=1050%2C600 3x"},"classes":[]},{"id":1421,"url":"https:\/\/ganeshadreamstore.centreganesha.com\/store\/produit\/fleur-de-vie-en-bois\/","url_meta":{"origin":1849,"position":1},"title":"Fleur de vie en bois","author":"Centre Ganesha","date":"26 d\u00e9cembre 2021","format":false,"excerpt":"G\u00e9om\u00e9trie sacr\u00e9e : Fleur de Vie Cette fleur de vie en bois et d\u00e9coup\u00e9e au laser vous apportera tous les bienfaits de son onde de forme. \u00c9paisseur: 5mm\u00a0 Taille: diam\u00e8tre: 14cm","rel":"","context":"Article similaire","block_context":{"text":"Article similaire","link":""},"img":{"alt_text":"","src":"https:\/\/i0.wp.com\/ganeshadreamstore.centreganesha.com\/store\/wp-content\/uploads\/2021\/12\/fleur-de-vie-en-bois.jpg?fit=346%2C346&ssl=1&resize=350%2C200","width":350,"height":200},"classes":[]},{"id":1423,"url":"https:\/\/ganeshadreamstore.centreganesha.com\/store\/produit\/pendentif-fleur-de-vie\/","url_meta":{"origin":1849,"position":2},"title":"Pendentif Fleur de vie","author":"Centre Ganesha","date":"26 d\u00e9cembre 2021","format":false,"excerpt":"Pendentif\u00a0 fleur de vie\u00a0 en acier inoxydable, taille : 32 mm X 30 mm avec sa cha\u00eene de 45 cm + 5cm 2 mod\u00e8les : couleur or ou argent","rel":"","context":"Article similaire","block_context":{"text":"Article similaire","link":""},"img":{"alt_text":"","src":"https:\/\/i0.wp.com\/ganeshadreamstore.centreganesha.com\/store\/wp-content\/uploads\/2021\/12\/fleur-de-vie-pendentif2.jpg?fit=428%2C403&ssl=1&resize=350%2C200","width":350,"height":200},"classes":[]},{"id":234,"url":"https:\/\/ganeshadreamstore.centreganesha.com\/store\/produit\/bracelet-cuivre-indien-avec-om-namah-shivaya\/","url_meta":{"origin":1849,"position":3},"title":"Bracelet cuivr\u00e9 indien avec \u00ab\u00a0Om namah Shivaya\u00a0\u00bb","author":"Centre Ganesha","date":"25 d\u00e9cembre 2017","format":false,"excerpt":"Tr\u00e8s beau Bracelet cuivr\u00e9 avec le mantra \"O\u1e41 nama\u1e25 \u015biv\u0101ya\" plaqu\u00e9 dessus. O\u1e41 nama\u1e25 \u015biv\u0101ya est l'un des mantras les plus populaires de l'hindouisme et particuli\u00e8rement du shiva\u00efsme. Il est d\u00e9di\u00e9 \u00e0 Shiva et signifie \u00ab Adoration de Shiva \u00bb. Il d\u00e9bute par la syllabe sacr\u00e9e \u00ab Aum \u00bb. Il\u2026","rel":"","context":"Article similaire","block_context":{"text":"Article similaire","link":""},"img":{"alt_text":"","src":"https:\/\/i0.wp.com\/ganeshadreamstore.centreganesha.com\/store\/wp-content\/uploads\/2017\/12\/bracelet-cuivre-ONS2.jpg?fit=1000%2C1000&ssl=1&resize=350%2C200","width":350,"height":200,"srcset":"https:\/\/i0.wp.com\/ganeshadreamstore.centreganesha.com\/store\/wp-content\/uploads\/2017\/12\/bracelet-cuivre-ONS2.jpg?fit=1000%2C1000&ssl=1&resize=350%2C200 1x, https:\/\/i0.wp.com\/ganeshadreamstore.centreganesha.com\/store\/wp-content\/uploads\/2017\/12\/bracelet-cuivre-ONS2.jpg?fit=1000%2C1000&ssl=1&resize=525%2C300 1.5x, https:\/\/i0.wp.com\/ganeshadreamstore.centreganesha.com\/store\/wp-content\/uploads\/2017\/12\/bracelet-cuivre-ONS2.jpg?fit=1000%2C1000&ssl=1&resize=700%2C400 2x"},"classes":[]},{"id":1101,"url":"https:\/\/ganeshadreamstore.centreganesha.com\/store\/produit\/tasse-en-cuivre-pour-votre-sante-et-votre-immunite\/","url_meta":{"origin":1849,"position":4},"title":"Tasse en cuivre pour votre sant\u00e9 et votre immunit\u00e9.","author":"Centre Ganesha","date":"6 mai 2021","format":false,"excerpt":"Voici Pourquoi Vous Devriez Boire Dans Une Tasse En Cuivre Le cuivre est un oligo\u00e9l\u00e9ment qui se retrouve apr\u00e8s son ingestion dans le foie, le c\u0153ur, le muscle squelettique, etc. Ce min\u00e9ral a de nombreux bienfaits sur la sant\u00e9\u00a0: nettoie les reins, lutte contre les bact\u00e9ries nocives, ralentit le vieillissement,\u2026","rel":"","context":"Article similaire","block_context":{"text":"Article similaire","link":""},"img":{"alt_text":"","src":"https:\/\/i0.wp.com\/ganeshadreamstore.centreganesha.com\/store\/wp-content\/uploads\/2021\/05\/tasse-cuivre.jpg?fit=443%2C430&ssl=1&resize=350%2C200","width":350,"height":200},"classes":[]},{"id":1841,"url":"https:\/\/ganeshadreamstore.centreganesha.com\/store\/produit\/om-namah-shivaya\/","url_meta":{"origin":1849,"position":5},"title":"Om Namah Shivaya","author":"Centre Ganesha","date":"25 mars 2026","format":false,"excerpt":"Mantra Indien le plus chant\u00e9 dans le monde. Cette version est personnelle et peut devenir celui que vous pr\u00e9f\u00e8rerez... Le mantra Om Namah Shivaya signifie : \"je suis le Soi\". A \u00e9couter sur YouTube : https:\/\/youtu.be\/u94sVvcM5xY\u00a0","rel":"","context":"Article similaire","block_context":{"text":"Article similaire","link":""},"img":{"alt_text":"","src":"https:\/\/i0.wp.com\/ganeshadreamstore.centreganesha.com\/store\/wp-content\/uploads\/2026\/03\/om-namah-shivaya2.jpg?fit=1200%2C686&ssl=1&resize=350%2C200","width":350,"height":200,"srcset":"https:\/\/i0.wp.com\/ganeshadreamstore.centreganesha.com\/store\/wp-content\/uploads\/2026\/03\/om-namah-shivaya2.jpg?fit=1200%2C686&ssl=1&resize=350%2C200 1x, https:\/\/i0.wp.com\/ganeshadreamstore.centreganesha.com\/store\/wp-content\/uploads\/2026\/03\/om-namah-shivaya2.jpg?fit=1200%2C686&ssl=1&resize=525%2C300 1.5x, https:\/\/i0.wp.com\/ganeshadreamstore.centreganesha.com\/store\/wp-content\/uploads\/2026\/03\/om-namah-shivaya2.jpg?fit=1200%2C686&ssl=1&resize=700%2C400 2x, https:\/\/i0.wp.com\/ganeshadreamstore.centreganesha.com\/store\/wp-content\/uploads\/2026\/03\/om-namah-shivaya2.jpg?fit=1200%2C686&ssl=1&resize=1050%2C600 3x"},"classes":[]}],"_links":{"self":[{"href":"https:\/\/ganeshadreamstore.centreganesha.com\/store\/wp-json\/wp\/v2\/product\/1849","targetHints":{"allow":["GET"]}}],"collection":[{"href":"https:\/\/ganeshadreamstore.centreganesha.com\/store\/wp-json\/wp\/v2\/product"}],"about":[{"href":"https:\/\/ganeshadreamstore.centreganesha.com\/store\/wp-json\/wp\/v2\/types\/product"}],"wp:featuredmedia":[{"embeddable":true,"href":"https:\/\/ganeshadreamstore.centreganesha.com\/store\/wp-json\/wp\/v2\/media\/1851"}],"wp:attachment":[{"href":"https:\/\/ganeshadreamstore.centreganesha.com\/store\/wp-json\/wp\/v2\/media?parent=1849"}],"wp:term":[{"taxonomy":"product_brand","embeddable":true,"href":"https:\/\/ganeshadreamstore.centreganesha.com\/store\/wp-json\/wp\/v2\/product_brand?post=1849"},{"taxonomy":"product_cat","embeddable":true,"href":"https:\/\/ganeshadreamstore.centreganesha.com\/store\/wp-json\/wp\/v2\/product_cat?post=1849"},{"taxonomy":"product_tag","embeddable":true,"href":"https:\/\/ganeshadreamstore.centreganesha.com\/store\/wp-json\/wp\/v2\/product_tag?post=1849"}],"curies":[{"name":"wp","href":"https:\/\/api.w.org\/{rel}","templated":true}]}}