{"id":1845,"date":"2026-03-25T16:23:15","date_gmt":"2026-03-25T15:23:15","guid":{"rendered":"https:\/\/ganeshadreamstore.centreganesha.com\/store\/?post_type=product&#038;p=1845"},"modified":"2026-03-25T16:34:39","modified_gmt":"2026-03-25T15:34:39","slug":"le-sabot-de-fee","status":"publish","type":"product","link":"https:\/\/ganeshadreamstore.centreganesha.com\/store\/produit\/le-sabot-de-fee\/","title":{"rendered":"Le sabot de F\u00e9e"},"content":{"rendered":"<p>Il \u00e9tait pos\u00e9 comme une relique<br \/>\nSur la chemin\u00e9e en marbre,<br \/>\nCelle qui ne servait que pour mettre ses souliers<br \/>\nLa veille de No\u00ebl.<br \/>\nDes souliers qui ne recevront qu\u2019une orange\u2026<br \/>\nLa seule de l\u2019ann\u00e9e\u2026<\/p>\n<p>Refrain<br \/>\nVert et jaune, sabot de f\u00e9e,<br \/>\nM\u00eame vide, tu donnes \u00e0 r\u00eaver\u2026<br \/>\nPas toucher ! Juste regarder,<br \/>\nPetit tr\u00e9sor, jamais oubli\u00e9.<\/p>\n<p>Couplet 2<br \/>\nIl tr\u00f4nait l\u00e0, rescap\u00e9, esseul\u00e9\u2026<br \/>\nNe pas toucher !<br \/>\nLe seul et unique jouet personnel<br \/>\nRe\u00e7u de ma grand\u2019m\u00e8re,<br \/>\nCelle qui ne m\u2019aimait pas.<br \/>\nJ\u2019y tenais beaucoup\u2026<br \/>\nC\u2019\u00e9tait juste pour le regarder\u2026<br \/>\nPas toucher !<\/p>\n<p>Refrain<br \/>\nVert et jaune, sabot de f\u00e9e,<br \/>\nM\u00eame vide, tu donnes \u00e0 r\u00eaver\u2026<br \/>\nPas toucher ! Juste regarder,<br \/>\nPetit tr\u00e9sor, jamais oubli\u00e9.<\/p>\n<p>Couplet 3<br \/>\nQuand la valise s\u2019est remplie<br \/>\nPour l\u2019unique voyage,<br \/>\nQuatre enfants et maman\u2026<br \/>\nLa m\u00e9moire s\u2019est fig\u00e9e<br \/>\nSur la chemin\u00e9e\u2026<br \/>\nEndroit vestige de l\u2019enfance\u2026<br \/>\nPas le droit d\u2019emporter quoi que ce soit\u2026<br \/>\nJuste s\u2019en souvenir<br \/>\nEt ne jamais l\u2019oublier.<\/p>\n<p>Refrain<br \/>\nVert et jaune, sabot de f\u00e9e,<br \/>\nM\u00eame vide, tu donnes \u00e0 r\u00eaver\u2026<br \/>\nPas toucher ! Juste regarder,<br \/>\nPetit tr\u00e9sor, jamais oubli\u00e9.<\/p>\n<p>Couplet 4<br \/>\nVert et jaune\u2026<br \/>\nContenant plastique du cadeau pascal\u2026<br \/>\nUne bricole !!!<br \/>\nMais pour un enfant, un tr\u00e9sor\u2026<br \/>\nUn sabot de f\u00e9e, m\u00eame vide\u2026<br \/>\nDonnait de quoi r\u00eaver !<\/p>\n<p>Dernier refrain (final)<br \/>\nVert et jaune, sabot de f\u00e9e\u2026<br \/>\nM\u00eame vide, tu gardes mon enfance.<br \/>\nPas touch\u00e9\u2026 mais tant aim\u00e9\u2026<br \/>\nPetit tr\u00e9sor \u2014 jamais oubli\u00e9.<\/p>\n","protected":false},"excerpt":{"rendered":"<p>Chanson de ChamanKa. Format MP3.<\/p>\n<p>A \u00e9couter sur YouTube<\/p>\n<p>https:\/\/youtu.be\/zxHKou95W50<\/p>\n","protected":false},"featured_media":1846,"template":"","meta":{"jetpack_post_was_ever_published":false,"jetpack_publicize_message":"","jetpack_publicize_feature_enabled":true,"jetpack_social_post_already_shared":true,"jetpack_social_options":{"image_generator_settings":{"template":"highway","default_image_id":0,"font":"","enabled":false},"version":2}},"product_brand":[],"product_cat":[331],"product_tag":[357,362,345],"class_list":{"0":"post-1845","1":"product","2":"type-product","3":"status-publish","4":"has-post-thumbnail","6":"product_cat-chansons-arrangees-mp3","7":"product_tag-chamanka","8":"product_tag-le-sabot-de-fee","9":"product_tag-mp3","11":"first","12":"instock","13":"downloadable","14":"virtual","15":"purchasable","16":"product-type-simple"},"jetpack_publicize_connections":[],"jetpack_sharing_enabled":true,"jetpack_likes_enabled":true,"jetpack-related-posts":[{"id":1837,"url":"https:\/\/ganeshadreamstore.centreganesha.com\/store\/produit\/limposteur\/","url_meta":{"origin":1845,"position":0},"title":"L&rsquo;imposteur","author":"Centre Ganesha","date":"24 mars 2026","format":false,"excerpt":"Chanson \u00e9crite et arrang\u00e9e par ChamanKa \u00e0 \u00e9couter sur YouTube : https:\/\/youtu.be\/r8X3Y666eBA","rel":"","context":"Article similaire","block_context":{"text":"Article similaire","link":""},"img":{"alt_text":"","src":"https:\/\/i0.wp.com\/ganeshadreamstore.centreganesha.com\/store\/wp-content\/uploads\/2026\/03\/limposteur.jpg?fit=1200%2C686&ssl=1&resize=350%2C200","width":350,"height":200,"srcset":"https:\/\/i0.wp.com\/ganeshadreamstore.centreganesha.com\/store\/wp-content\/uploads\/2026\/03\/limposteur.jpg?fit=1200%2C686&ssl=1&resize=350%2C200 1x, https:\/\/i0.wp.com\/ganeshadreamstore.centreganesha.com\/store\/wp-content\/uploads\/2026\/03\/limposteur.jpg?fit=1200%2C686&ssl=1&resize=525%2C300 1.5x, https:\/\/i0.wp.com\/ganeshadreamstore.centreganesha.com\/store\/wp-content\/uploads\/2026\/03\/limposteur.jpg?fit=1200%2C686&ssl=1&resize=700%2C400 2x, https:\/\/i0.wp.com\/ganeshadreamstore.centreganesha.com\/store\/wp-content\/uploads\/2026\/03\/limposteur.jpg?fit=1200%2C686&ssl=1&resize=1050%2C600 3x"},"classes":[]},{"id":1859,"url":"https:\/\/ganeshadreamstore.centreganesha.com\/store\/produit\/la-vie-secrit\/","url_meta":{"origin":1845,"position":1},"title":"La vie S&rsquo;\u00e9crit","author":"Centre Ganesha","date":"10 avril 2026","format":false,"excerpt":"Chanson compos\u00e9e (paroles, musique, arrangement, voix synth\u00e9tiseur) par ChamanKa. A regarder sur YouTube (mettez un pouce si vous aimez et abonnez-vous !) https:\/\/youtu.be\/0U5nmu8ijNk","rel":"","context":"Article similaire","block_context":{"text":"Article similaire","link":""},"img":{"alt_text":"","src":"https:\/\/i0.wp.com\/ganeshadreamstore.centreganesha.com\/store\/wp-content\/uploads\/2026\/04\/la-vie-secrit.jpg?fit=1200%2C686&ssl=1&resize=350%2C200","width":350,"height":200,"srcset":"https:\/\/i0.wp.com\/ganeshadreamstore.centreganesha.com\/store\/wp-content\/uploads\/2026\/04\/la-vie-secrit.jpg?fit=1200%2C686&ssl=1&resize=350%2C200 1x, https:\/\/i0.wp.com\/ganeshadreamstore.centreganesha.com\/store\/wp-content\/uploads\/2026\/04\/la-vie-secrit.jpg?fit=1200%2C686&ssl=1&resize=525%2C300 1.5x, https:\/\/i0.wp.com\/ganeshadreamstore.centreganesha.com\/store\/wp-content\/uploads\/2026\/04\/la-vie-secrit.jpg?fit=1200%2C686&ssl=1&resize=700%2C400 2x, https:\/\/i0.wp.com\/ganeshadreamstore.centreganesha.com\/store\/wp-content\/uploads\/2026\/04\/la-vie-secrit.jpg?fit=1200%2C686&ssl=1&resize=1050%2C600 3x"},"classes":[]},{"id":1733,"url":"https:\/\/ganeshadreamstore.centreganesha.com\/store\/produit\/les-cigognes-sont-passees\/","url_meta":{"origin":1845,"position":2},"title":"Les cigognes sont pass\u00e9es","author":"Centre Ganesha","date":"4 mars 2026","format":false,"excerpt":"Chanson arrang\u00e9e - MP3 Paroles et musique de F. K. Adjam","rel":"","context":"Article similaire","block_context":{"text":"Article similaire","link":""},"img":{"alt_text":"","src":"https:\/\/i0.wp.com\/ganeshadreamstore.centreganesha.com\/store\/wp-content\/uploads\/2026\/03\/Les-cigognes-sont-passees.jpg?fit=738%2C676&ssl=1&resize=350%2C200","width":350,"height":200,"srcset":"https:\/\/i0.wp.com\/ganeshadreamstore.centreganesha.com\/store\/wp-content\/uploads\/2026\/03\/Les-cigognes-sont-passees.jpg?fit=738%2C676&ssl=1&resize=350%2C200 1x, https:\/\/i0.wp.com\/ganeshadreamstore.centreganesha.com\/store\/wp-content\/uploads\/2026\/03\/Les-cigognes-sont-passees.jpg?fit=738%2C676&ssl=1&resize=525%2C300 1.5x, https:\/\/i0.wp.com\/ganeshadreamstore.centreganesha.com\/store\/wp-content\/uploads\/2026\/03\/Les-cigognes-sont-passees.jpg?fit=738%2C676&ssl=1&resize=700%2C400 2x"},"classes":[]},{"id":1743,"url":"https:\/\/ganeshadreamstore.centreganesha.com\/store\/produit\/folie\/","url_meta":{"origin":1845,"position":3},"title":"Folie","author":"Centre Ganesha","date":"6 mars 2026","format":false,"excerpt":"Chanson arrang\u00e9e - MP3 \u00e0 regarder sur Youtube : https:\/\/youtu.be\/9A6ku1QCyrE","rel":"","context":"Article similaire","block_context":{"text":"Article similaire","link":""},"img":{"alt_text":"","src":"https:\/\/i0.wp.com\/ganeshadreamstore.centreganesha.com\/store\/wp-content\/uploads\/2026\/03\/Folie.jpg?fit=1200%2C686&ssl=1&resize=350%2C200","width":350,"height":200,"srcset":"https:\/\/i0.wp.com\/ganeshadreamstore.centreganesha.com\/store\/wp-content\/uploads\/2026\/03\/Folie.jpg?fit=1200%2C686&ssl=1&resize=350%2C200 1x, https:\/\/i0.wp.com\/ganeshadreamstore.centreganesha.com\/store\/wp-content\/uploads\/2026\/03\/Folie.jpg?fit=1200%2C686&ssl=1&resize=525%2C300 1.5x, https:\/\/i0.wp.com\/ganeshadreamstore.centreganesha.com\/store\/wp-content\/uploads\/2026\/03\/Folie.jpg?fit=1200%2C686&ssl=1&resize=700%2C400 2x, https:\/\/i0.wp.com\/ganeshadreamstore.centreganesha.com\/store\/wp-content\/uploads\/2026\/03\/Folie.jpg?fit=1200%2C686&ssl=1&resize=1050%2C600 3x"},"classes":[]},{"id":1747,"url":"https:\/\/ganeshadreamstore.centreganesha.com\/store\/produit\/les-reves-inacheves\/","url_meta":{"origin":1845,"position":4},"title":"Les r\u00eaves inachev\u00e9s","author":"Centre Ganesha","date":"7 mars 2026","format":false,"excerpt":"Chanson arrang\u00e9e - MP3 \u00e0 regarder sur youtube\u00a0 (abonnez-vous \u00e0 ma cha\u00eene et partager) : https:\/\/youtu.be\/a6DtwNLKbXU","rel":"","context":"Article similaire","block_context":{"text":"Article similaire","link":""},"img":{"alt_text":"","src":"https:\/\/i0.wp.com\/ganeshadreamstore.centreganesha.com\/store\/wp-content\/uploads\/2026\/03\/les-reves-inacheves.jpg?fit=1200%2C686&ssl=1&resize=350%2C200","width":350,"height":200,"srcset":"https:\/\/i0.wp.com\/ganeshadreamstore.centreganesha.com\/store\/wp-content\/uploads\/2026\/03\/les-reves-inacheves.jpg?fit=1200%2C686&ssl=1&resize=350%2C200 1x, https:\/\/i0.wp.com\/ganeshadreamstore.centreganesha.com\/store\/wp-content\/uploads\/2026\/03\/les-reves-inacheves.jpg?fit=1200%2C686&ssl=1&resize=525%2C300 1.5x, https:\/\/i0.wp.com\/ganeshadreamstore.centreganesha.com\/store\/wp-content\/uploads\/2026\/03\/les-reves-inacheves.jpg?fit=1200%2C686&ssl=1&resize=700%2C400 2x, https:\/\/i0.wp.com\/ganeshadreamstore.centreganesha.com\/store\/wp-content\/uploads\/2026\/03\/les-reves-inacheves.jpg?fit=1200%2C686&ssl=1&resize=1050%2C600 3x"},"classes":[]},{"id":1715,"url":"https:\/\/ganeshadreamstore.centreganesha.com\/store\/produit\/mon-petit-roi\/","url_meta":{"origin":1845,"position":5},"title":"Mon Petit Roi","author":"Centre Ganesha","date":"1 mars 2026","format":false,"excerpt":"Couplet 1 : Je vais sortir le King Charles, La laisse\u2026 mais o\u00f9 l\u2019ai-je laiss\u00e9e ? Un tour, encore un tour sans fin, Mon t\u00e9l\u00e9phone, le CD\u2026 Ce cafard qui me ronge en silence, Et ton regard qui manque d\u2019insistance. Refrain : Allez, viens, mon petit roi, On va marcher\u2026","rel":"","context":"Article similaire","block_context":{"text":"Article similaire","link":""},"img":{"alt_text":"","src":"https:\/\/i0.wp.com\/ganeshadreamstore.centreganesha.com\/store\/wp-content\/uploads\/2026\/03\/Ernest.jpg?fit=650%2C665&ssl=1&resize=350%2C200","width":350,"height":200,"srcset":"https:\/\/i0.wp.com\/ganeshadreamstore.centreganesha.com\/store\/wp-content\/uploads\/2026\/03\/Ernest.jpg?fit=650%2C665&ssl=1&resize=350%2C200 1x, https:\/\/i0.wp.com\/ganeshadreamstore.centreganesha.com\/store\/wp-content\/uploads\/2026\/03\/Ernest.jpg?fit=650%2C665&ssl=1&resize=525%2C300 1.5x"},"classes":[]}],"_links":{"self":[{"href":"https:\/\/ganeshadreamstore.centreganesha.com\/store\/wp-json\/wp\/v2\/product\/1845","targetHints":{"allow":["GET"]}}],"collection":[{"href":"https:\/\/ganeshadreamstore.centreganesha.com\/store\/wp-json\/wp\/v2\/product"}],"about":[{"href":"https:\/\/ganeshadreamstore.centreganesha.com\/store\/wp-json\/wp\/v2\/types\/product"}],"wp:featuredmedia":[{"embeddable":true,"href":"https:\/\/ganeshadreamstore.centreganesha.com\/store\/wp-json\/wp\/v2\/media\/1846"}],"wp:attachment":[{"href":"https:\/\/ganeshadreamstore.centreganesha.com\/store\/wp-json\/wp\/v2\/media?parent=1845"}],"wp:term":[{"taxonomy":"product_brand","embeddable":true,"href":"https:\/\/ganeshadreamstore.centreganesha.com\/store\/wp-json\/wp\/v2\/product_brand?post=1845"},{"taxonomy":"product_cat","embeddable":true,"href":"https:\/\/ganeshadreamstore.centreganesha.com\/store\/wp-json\/wp\/v2\/product_cat?post=1845"},{"taxonomy":"product_tag","embeddable":true,"href":"https:\/\/ganeshadreamstore.centreganesha.com\/store\/wp-json\/wp\/v2\/product_tag?post=1845"}],"curies":[{"name":"wp","href":"https:\/\/api.w.org\/{rel}","templated":true}]}}