{"id":1837,"date":"2026-03-24T10:33:21","date_gmt":"2026-03-24T09:33:21","guid":{"rendered":"https:\/\/ganeshadreamstore.centreganesha.com\/store\/?post_type=product&#038;p=1837"},"modified":"2026-03-24T10:33:21","modified_gmt":"2026-03-24T09:33:21","slug":"limposteur","status":"publish","type":"product","link":"https:\/\/ganeshadreamstore.centreganesha.com\/store\/produit\/limposteur\/","title":{"rendered":"L&rsquo;imposteur"},"content":{"rendered":"<p>Tu clames haut et fort que tu sais,<br \/>\nAlors qu\u2019en fait tu attends tapi dans l\u2019ombre<br \/>\nQue quelqu\u2019un dise les mots\u2026<\/p>\n<p>Tu r\u00e9p\u00e8tes apr\u00e8s lui des mots que tu ne connais pas,<br \/>\nMais tu sais\u2026 tu sais sans savoir,<br \/>\nTu veux juste avoir la gloire,<br \/>\nCelle qui ne te revient pas,<br \/>\nPour para\u00eetre plut\u00f4t qu\u2019\u00eatre.<\/p>\n<p>Tu souris dans les d\u00eeners, tu hoches la t\u00eate,<br \/>\nTu joues le r\u00f4le du sage, mais ton c\u0153ur t\u2019alerte.<br \/>\nTu sais, toi l\u2019imposteur, le savant avant l\u2019heure,<br \/>\nQui lit trois livres en une nuit pour tenir une heure.<\/p>\n<p>(Refrain)<br \/>\nMais tu sais\u2026 tu sais sans savoir,<br \/>\nTu sais, toi l\u2019imposteur, le savant avant l\u2019heure,<br \/>\nQue la lumi\u00e8re vient du feu que tu caches.<br \/>\nTu veux briller sans avoir \u00e0 croire,<br \/>\nMais la v\u00e9rit\u00e9, elle, ne se rach\u00e8te pas.<br \/>\nEst-ce une histoire de g\u00e9n\u00e9ration ?<br \/>\nLes jeunes avant les vieux, la pression en acc\u00e9l\u00e9ration ?<br \/>\nOn veut tout, tout de suite, et sans faute apparente\u2026<br \/>\nMais personne ne t\u2019a appris \u00e0 \u00eatre imparfait, simplement.<\/p>\n<p>(Couplet 2)<br \/>\nTu compares ton coulisse \u00e0 leur sc\u00e8ne,<br \/>\nLeur sourire en affiche \u00e0 ton mal de semaine.<br \/>\nTu donnes des conf\u00e9rences sur la confiance en soi,<br \/>\nTu donnes des le\u00e7ons que tu n\u2019as jamais comprises.<br \/>\nTu donnes des conseils que tu ne suis pas,<br \/>\nMais tu pleures dans ta voiture apr\u00e8s avoir dit \u00ab\u00a0au revoir\u00a0\u00bb.<\/p>\n<p>Tu sais\u2026 tu sais que tu triches,<br \/>\nMais tu triches pour exister, pas pour nuire.<br \/>\nTu veux juste qu\u2019on te dise :<br \/>\n\u00ab\u00a0T\u2019es \u00e0 ta place, t\u2019as le droit d\u2019\u00eatre ici.\u00a0\u00bb<\/p>\n<p>(Pont)<br \/>\nAlors respire.<br \/>\nL\u2019imposture, c\u2019est aussi vouloir grandir plus vite que son ombre.<br \/>\nL\u2019imposture, c\u2019est aimer tant qu\u2019on veut \u00eatre vu,<br \/>\nMais avoir peur d\u2019\u00eatre vu trop nu.<\/p>\n<p>(Dernier refrain \u2013 murmur\u00e9)<br \/>\nMais tu sais\u2026 tu sais sans savoir,<br \/>\nTu sais, toi l\u2019imposteur, le savant avant l\u2019heure,<\/p>\n<p>Que tu n\u2019es pas seul \u00e0 porter ce poids.<br \/>\nTu veux briller sans avoir \u00e0 feindre,<br \/>\nEt peut-\u00eatre un jour, tu seras toi\u2026 sans t\u2019entendre le dire.<br \/>\nEst-ce une histoire de g\u00e9n\u00e9ration ?<br \/>\nOu juste l\u2019humain qui cherche sa place en silence ?<br \/>\nTu n\u2019es pas un faux, tu es en devenir\u2026<br \/>\nEt c\u2019est \u00e7a, la vraie gloire \u00e0 venir.<\/p>\n<p>Mais tu sais\u2026 tu sais sans savoir,<br \/>\nQue tu n\u2019es pas seul \u00e0 porter ce poids.<br \/>\nTu veux briller sans avoir \u00e0 feindre,<br \/>\nEt peut-\u00eatre un jour, tu seras toi\u2026 sans t\u2019entendre le dire.<br \/>\nToi qui sais, toi l\u2019imposteur, le savant avant l\u2019heure<\/p>\n<p>&nbsp;<\/p>\n<p>&nbsp;<\/p>\n","protected":false},"excerpt":{"rendered":"<p>Chanson \u00e9crite et arrang\u00e9e par ChamanKa<\/p>\n<p>\u00e0 \u00e9couter sur YouTube :<\/p>\n<p>https:\/\/youtu.be\/r8X3Y666eBA<\/p>\n","protected":false},"featured_media":1839,"template":"","meta":{"jetpack_post_was_ever_published":false,"jetpack_publicize_message":"","jetpack_publicize_feature_enabled":true,"jetpack_social_post_already_shared":true,"jetpack_social_options":{"image_generator_settings":{"template":"highway","default_image_id":0,"font":"","enabled":false},"version":2}},"product_brand":[],"product_cat":[331],"product_tag":[360,345],"class_list":{"0":"post-1837","1":"product","2":"type-product","3":"status-publish","4":"has-post-thumbnail","6":"product_cat-chansons-arrangees-mp3","7":"product_tag-limposteur","8":"product_tag-mp3","10":"first","11":"instock","12":"downloadable","13":"virtual","14":"purchasable","15":"product-type-simple"},"jetpack_publicize_connections":[],"jetpack_sharing_enabled":true,"jetpack_likes_enabled":true,"jetpack-related-posts":[{"id":1715,"url":"https:\/\/ganeshadreamstore.centreganesha.com\/store\/produit\/mon-petit-roi\/","url_meta":{"origin":1837,"position":0},"title":"Mon Petit Roi","author":"Centre Ganesha","date":"1 mars 2026","format":false,"excerpt":"Couplet 1 : Je vais sortir le King Charles, La laisse\u2026 mais o\u00f9 l\u2019ai-je laiss\u00e9e ? Un tour, encore un tour sans fin, Mon t\u00e9l\u00e9phone, le CD\u2026 Ce cafard qui me ronge en silence, Et ton regard qui manque d\u2019insistance. Refrain : Allez, viens, mon petit roi, On va marcher\u2026","rel":"","context":"Article similaire","block_context":{"text":"Article similaire","link":""},"img":{"alt_text":"","src":"https:\/\/i0.wp.com\/ganeshadreamstore.centreganesha.com\/store\/wp-content\/uploads\/2026\/03\/Ernest.jpg?fit=650%2C665&ssl=1&resize=350%2C200","width":350,"height":200,"srcset":"https:\/\/i0.wp.com\/ganeshadreamstore.centreganesha.com\/store\/wp-content\/uploads\/2026\/03\/Ernest.jpg?fit=650%2C665&ssl=1&resize=350%2C200 1x, https:\/\/i0.wp.com\/ganeshadreamstore.centreganesha.com\/store\/wp-content\/uploads\/2026\/03\/Ernest.jpg?fit=650%2C665&ssl=1&resize=525%2C300 1.5x"},"classes":[]},{"id":1770,"url":"https:\/\/ganeshadreamstore.centreganesha.com\/store\/produit\/le-secret\/","url_meta":{"origin":1837,"position":1},"title":"Le Secret","author":"Centre Ganesha","date":"9 mars 2026","format":false,"excerpt":"Chanson cr\u00e9\u00e9e par ChamanKa (paroles, musique et arrangement, voix synth\u00e9tiseur) - MP3 A regarder sur Youtube sans oublier de mettre un pouce si vous aimez et de vous abonner \u00e0 ma cha\u00eene : https:\/\/youtu.be\/lYQXbornfRw","rel":"","context":"Article similaire","block_context":{"text":"Article similaire","link":""},"img":{"alt_text":"","src":"https:\/\/i0.wp.com\/ganeshadreamstore.centreganesha.com\/store\/wp-content\/uploads\/2026\/03\/Le-secret.jpg?fit=1200%2C686&ssl=1&resize=350%2C200","width":350,"height":200,"srcset":"https:\/\/i0.wp.com\/ganeshadreamstore.centreganesha.com\/store\/wp-content\/uploads\/2026\/03\/Le-secret.jpg?fit=1200%2C686&ssl=1&resize=350%2C200 1x, https:\/\/i0.wp.com\/ganeshadreamstore.centreganesha.com\/store\/wp-content\/uploads\/2026\/03\/Le-secret.jpg?fit=1200%2C686&ssl=1&resize=525%2C300 1.5x, https:\/\/i0.wp.com\/ganeshadreamstore.centreganesha.com\/store\/wp-content\/uploads\/2026\/03\/Le-secret.jpg?fit=1200%2C686&ssl=1&resize=700%2C400 2x, https:\/\/i0.wp.com\/ganeshadreamstore.centreganesha.com\/store\/wp-content\/uploads\/2026\/03\/Le-secret.jpg?fit=1200%2C686&ssl=1&resize=1050%2C600 3x"},"classes":[]},{"id":1791,"url":"https:\/\/ganeshadreamstore.centreganesha.com\/store\/produit\/exile\/","url_meta":{"origin":1837,"position":2},"title":"Exil\u00e9","author":"Centre Ganesha","date":"13 mars 2026","format":false,"excerpt":"Chanson compos\u00e9e par ChamanKa \u00e0 \u00e9couter sur Youtube : https:\/\/youtu.be\/zTiLiaxUjtQ","rel":"","context":"Article similaire","block_context":{"text":"Article similaire","link":""},"img":{"alt_text":"","src":"https:\/\/i0.wp.com\/ganeshadreamstore.centreganesha.com\/store\/wp-content\/uploads\/2026\/03\/exile.jpg?fit=340%2C324&ssl=1&resize=350%2C200","width":350,"height":200},"classes":[]},{"id":1737,"url":"https:\/\/ganeshadreamstore.centreganesha.com\/store\/produit\/ils-ne-comprennent-pas\/","url_meta":{"origin":1837,"position":3},"title":"Ils ne comprennent pas","author":"Centre Ganesha","date":"4 mars 2026","format":false,"excerpt":"Chanson arrang\u00e9e - MP3 \u00e0 regarder sur YouTube : https:\/\/youtu.be\/HzVPXdJ1TRY","rel":"","context":"Article similaire","block_context":{"text":"Article similaire","link":""},"img":{"alt_text":"","src":"https:\/\/i0.wp.com\/ganeshadreamstore.centreganesha.com\/store\/wp-content\/uploads\/2026\/03\/ils-ne-comprennent-pas.png?fit=512%2C512&ssl=1&resize=350%2C200","width":350,"height":200},"classes":[]},{"id":1705,"url":"https:\/\/ganeshadreamstore.centreganesha.com\/store\/produit\/jai-pas-fini-de-te-dire\/","url_meta":{"origin":1837,"position":4},"title":"J&rsquo;ai pas fini de te dire","author":"Centre Ganesha","date":"27 f\u00e9vrier 2026","format":false,"excerpt":"J\u2019ai pas fini de te dire\u2026 Je ne veux rien\u2026 Pas besoin de tout \u00e7a Toutes ces mani\u00e8res Pas de fleurs, pas de tombe\u2026 Qu\u2019est ce que c\u2019est Toute cette insignifiance ? O\u00f9 as-tu enregistr\u00e9 tout \u00e7a ? Qui t\u2019a mis \u00e7a dans la t\u00eate ? Tu voulais nous enterrer\u2026","rel":"","context":"Article similaire","block_context":{"text":"Article similaire","link":""},"img":{"alt_text":"","src":"https:\/\/i0.wp.com\/ganeshadreamstore.centreganesha.com\/store\/wp-content\/uploads\/2026\/02\/commencement-scaled.jpg?fit=1200%2C900&ssl=1&resize=350%2C200","width":350,"height":200,"srcset":"https:\/\/i0.wp.com\/ganeshadreamstore.centreganesha.com\/store\/wp-content\/uploads\/2026\/02\/commencement-scaled.jpg?fit=1200%2C900&ssl=1&resize=350%2C200 1x, https:\/\/i0.wp.com\/ganeshadreamstore.centreganesha.com\/store\/wp-content\/uploads\/2026\/02\/commencement-scaled.jpg?fit=1200%2C900&ssl=1&resize=525%2C300 1.5x, https:\/\/i0.wp.com\/ganeshadreamstore.centreganesha.com\/store\/wp-content\/uploads\/2026\/02\/commencement-scaled.jpg?fit=1200%2C900&ssl=1&resize=700%2C400 2x, https:\/\/i0.wp.com\/ganeshadreamstore.centreganesha.com\/store\/wp-content\/uploads\/2026\/02\/commencement-scaled.jpg?fit=1200%2C900&ssl=1&resize=1050%2C600 3x"},"classes":[]},{"id":1773,"url":"https:\/\/ganeshadreamstore.centreganesha.com\/store\/produit\/ma-petite-fille-cherie\/","url_meta":{"origin":1837,"position":5},"title":"Ma petite fille ch\u00e9rie","author":"Centre Ganesha","date":"9 mars 2026","format":false,"excerpt":"Chanson arrang\u00e9e - MP3 A regarder sur Youtube (si vous aimez, partagez et mettez un pouce...) https:\/\/youtu.be\/0w8w6IaQbyQ \u00a0 \u00a0","rel":"","context":"Article similaire","block_context":{"text":"Article similaire","link":""},"img":{"alt_text":"","src":"https:\/\/i0.wp.com\/ganeshadreamstore.centreganesha.com\/store\/wp-content\/uploads\/2026\/03\/carine.jpg?fit=332%2C374&ssl=1&resize=350%2C200","width":350,"height":200},"classes":[]}],"_links":{"self":[{"href":"https:\/\/ganeshadreamstore.centreganesha.com\/store\/wp-json\/wp\/v2\/product\/1837","targetHints":{"allow":["GET"]}}],"collection":[{"href":"https:\/\/ganeshadreamstore.centreganesha.com\/store\/wp-json\/wp\/v2\/product"}],"about":[{"href":"https:\/\/ganeshadreamstore.centreganesha.com\/store\/wp-json\/wp\/v2\/types\/product"}],"wp:featuredmedia":[{"embeddable":true,"href":"https:\/\/ganeshadreamstore.centreganesha.com\/store\/wp-json\/wp\/v2\/media\/1839"}],"wp:attachment":[{"href":"https:\/\/ganeshadreamstore.centreganesha.com\/store\/wp-json\/wp\/v2\/media?parent=1837"}],"wp:term":[{"taxonomy":"product_brand","embeddable":true,"href":"https:\/\/ganeshadreamstore.centreganesha.com\/store\/wp-json\/wp\/v2\/product_brand?post=1837"},{"taxonomy":"product_cat","embeddable":true,"href":"https:\/\/ganeshadreamstore.centreganesha.com\/store\/wp-json\/wp\/v2\/product_cat?post=1837"},{"taxonomy":"product_tag","embeddable":true,"href":"https:\/\/ganeshadreamstore.centreganesha.com\/store\/wp-json\/wp\/v2\/product_tag?post=1837"}],"curies":[{"name":"wp","href":"https:\/\/api.w.org\/{rel}","templated":true}]}}