{"id":1796,"date":"2026-03-19T09:26:20","date_gmt":"2026-03-19T08:26:20","guid":{"rendered":"https:\/\/ganeshadreamstore.centreganesha.com\/store\/?post_type=product&#038;p=1796"},"modified":"2026-03-24T10:59:30","modified_gmt":"2026-03-24T09:59:30","slug":"derriere-la-porte","status":"publish","type":"product","link":"https:\/\/ganeshadreamstore.centreganesha.com\/store\/produit\/derriere-la-porte\/","title":{"rendered":"Derri\u00e8re la porte"},"content":{"rendered":"<p>derri\u00e8re la porte ferm\u00e9e<\/p>\n<p>guette l&rsquo;oeil riv\u00e9 \u00e0 son oeilleton<\/p>\n<p>derri\u00e8re la porte de l&rsquo;autre c\u00f4t\u00e9, la vie s&rsquo;agite et la vie se m\u00e8ne<\/p>\n<p>l&rsquo;oeil fixe attend sa cueillette derri\u00e8re son mur \u00e0 feuilleton..<\/p>\n<p>derri\u00e8re la porte de l&rsquo;autre c\u00f4t\u00e9, la vie s&rsquo;agite et la vie se m\u00e8ne<\/p>\n<p>un oeil fatigu\u00e9 d&rsquo;une longue vie \u00e9prouv\u00e9e mais assouvie.<\/p>\n<p>derri\u00e8re la porte de l&rsquo;autre c\u00f4t\u00e9, la vie s&rsquo;agite et la vie se m\u00e8ne<\/p>\n<p>Souvent le silence mais aussi les cris, c&rsquo;est ce que dit cet oeil fatigu\u00e9.<\/p>\n<p>derri\u00e8re la porte de l&rsquo;autre c\u00f4t\u00e9, la vie s&rsquo;agite et la vie se m\u00e8ne<\/p>\n<p>La solitude se traduit par tant d&rsquo;attentes,<\/p>\n<p>et si quelqu&rsquo;un cognait \u00e0 la porte&#8230;.<\/p>\n<p>Un pas h\u00e9sitant, une voix inconnue,<br \/>\nUn souffle l\u00e9ger, une main tendue.<\/p>\n<p>Et soudain, l\u2019\u0153il derri\u00e8re son rideau<br \/>\nNe voit plus le vide, mais un reflet nouveau.<br \/>\nPlus de feuilleton ni de silence amer,<br \/>\nJuste un \u00ab bonjour \u00bb qui fait trembler l\u2019hiver.<\/p>\n<p>Derri\u00e8re la porte, de l\u2019autre c\u00f4t\u00e9,<br \/>\nLa vie s\u2019agite\u2026 et la vie s\u2019est mise \u00e0 deux.<br \/>\nDerri\u00e8re la porte, enfin ouverte,<br \/>\nCe n\u2019\u00e9tait pas la fin, mais le d\u00e9but d\u2019un geste.<\/p>\n<p>Peut-\u00eatre qu\u2019un jour, sans bruit, sans fracas,<br \/>\nL\u2019attente prend fin par un simple \u00ab je suis l\u00e0 \u00bb.<br \/>\nEt cet \u0153il fatigu\u00e9, us\u00e9 par le temps,<br \/>\nCligne\u2026 puis sourit, comme un enfant.<\/p>\n<p>Derri\u00e8re la porte, de l\u2019autre c\u00f4t\u00e9,<br \/>\nLa vie s\u2019agite\u2026 et la vie a choisi de rester.<\/p>\n<p>Derri\u00e8re la porte, de l\u2019autre c\u00f4t\u00e9,<br \/>\nLa vie s\u2019agite\u2026 et la vie a choisi de rester.<\/p>\n","protected":false},"excerpt":{"rendered":"<p>Chanson \u00e9crite et arrang\u00e9e par ChamanKa<\/p>\n<p>\u00e0 \u00e9couter sur Youtube (abonnez-vous \u00e0 ma cha\u00eene, un pouce fait toujours plaisir !)<\/p>\n<p>https:\/\/youtu.be\/Q2knDC0kQiE<\/p>\n","protected":false},"featured_media":1800,"template":"","meta":{"jetpack_post_was_ever_published":false,"jetpack_publicize_message":"","jetpack_publicize_feature_enabled":true,"jetpack_social_post_already_shared":true,"jetpack_social_options":{"image_generator_settings":{"template":"highway","default_image_id":0,"font":"","enabled":false},"version":2}},"product_brand":[],"product_cat":[331],"product_tag":[357,356,355,345],"class_list":{"0":"post-1796","1":"product","2":"type-product","3":"status-publish","4":"has-post-thumbnail","6":"product_cat-chansons-arrangees-mp3","7":"product_tag-chamanka","8":"product_tag-chanson","9":"product_tag-derriere-la-porte","10":"product_tag-mp3","12":"first","13":"instock","14":"downloadable","15":"virtual","16":"purchasable","17":"product-type-simple"},"jetpack_publicize_connections":[],"jetpack_sharing_enabled":true,"jetpack_likes_enabled":true,"jetpack-related-posts":[{"id":1770,"url":"https:\/\/ganeshadreamstore.centreganesha.com\/store\/produit\/le-secret\/","url_meta":{"origin":1796,"position":0},"title":"Le Secret","author":"Centre Ganesha","date":"9 mars 2026","format":false,"excerpt":"Chanson cr\u00e9\u00e9e par ChamanKa (paroles, musique et arrangement, voix synth\u00e9tiseur) - MP3 A regarder sur Youtube sans oublier de mettre un pouce si vous aimez et de vous abonner \u00e0 ma cha\u00eene : https:\/\/youtu.be\/lYQXbornfRw","rel":"","context":"Article similaire","block_context":{"text":"Article similaire","link":""},"img":{"alt_text":"","src":"https:\/\/i0.wp.com\/ganeshadreamstore.centreganesha.com\/store\/wp-content\/uploads\/2026\/03\/Le-secret.jpg?fit=1200%2C686&ssl=1&resize=350%2C200","width":350,"height":200,"srcset":"https:\/\/i0.wp.com\/ganeshadreamstore.centreganesha.com\/store\/wp-content\/uploads\/2026\/03\/Le-secret.jpg?fit=1200%2C686&ssl=1&resize=350%2C200 1x, https:\/\/i0.wp.com\/ganeshadreamstore.centreganesha.com\/store\/wp-content\/uploads\/2026\/03\/Le-secret.jpg?fit=1200%2C686&ssl=1&resize=525%2C300 1.5x, https:\/\/i0.wp.com\/ganeshadreamstore.centreganesha.com\/store\/wp-content\/uploads\/2026\/03\/Le-secret.jpg?fit=1200%2C686&ssl=1&resize=700%2C400 2x, https:\/\/i0.wp.com\/ganeshadreamstore.centreganesha.com\/store\/wp-content\/uploads\/2026\/03\/Le-secret.jpg?fit=1200%2C686&ssl=1&resize=1050%2C600 3x"},"classes":[]},{"id":1859,"url":"https:\/\/ganeshadreamstore.centreganesha.com\/store\/produit\/la-vie-secrit\/","url_meta":{"origin":1796,"position":1},"title":"La vie S&rsquo;\u00e9crit","author":"Centre Ganesha","date":"10 avril 2026","format":false,"excerpt":"Chanson compos\u00e9e (paroles, musique, arrangement, voix synth\u00e9tiseur) par ChamanKa. A regarder sur YouTube (mettez un pouce si vous aimez et abonnez-vous !) https:\/\/youtu.be\/0U5nmu8ijNk","rel":"","context":"Article similaire","block_context":{"text":"Article similaire","link":""},"img":{"alt_text":"","src":"https:\/\/i0.wp.com\/ganeshadreamstore.centreganesha.com\/store\/wp-content\/uploads\/2026\/04\/la-vie-secrit.jpg?fit=1200%2C686&ssl=1&resize=350%2C200","width":350,"height":200,"srcset":"https:\/\/i0.wp.com\/ganeshadreamstore.centreganesha.com\/store\/wp-content\/uploads\/2026\/04\/la-vie-secrit.jpg?fit=1200%2C686&ssl=1&resize=350%2C200 1x, https:\/\/i0.wp.com\/ganeshadreamstore.centreganesha.com\/store\/wp-content\/uploads\/2026\/04\/la-vie-secrit.jpg?fit=1200%2C686&ssl=1&resize=525%2C300 1.5x, https:\/\/i0.wp.com\/ganeshadreamstore.centreganesha.com\/store\/wp-content\/uploads\/2026\/04\/la-vie-secrit.jpg?fit=1200%2C686&ssl=1&resize=700%2C400 2x, https:\/\/i0.wp.com\/ganeshadreamstore.centreganesha.com\/store\/wp-content\/uploads\/2026\/04\/la-vie-secrit.jpg?fit=1200%2C686&ssl=1&resize=1050%2C600 3x"},"classes":[]},{"id":1421,"url":"https:\/\/ganeshadreamstore.centreganesha.com\/store\/produit\/fleur-de-vie-en-bois\/","url_meta":{"origin":1796,"position":2},"title":"Fleur de vie en bois","author":"Centre Ganesha","date":"26 d\u00e9cembre 2021","format":false,"excerpt":"G\u00e9om\u00e9trie sacr\u00e9e : Fleur de Vie Cette fleur de vie en bois et d\u00e9coup\u00e9e au laser vous apportera tous les bienfaits de son onde de forme. \u00c9paisseur: 5mm\u00a0 Taille: diam\u00e8tre: 14cm","rel":"","context":"Article similaire","block_context":{"text":"Article similaire","link":""},"img":{"alt_text":"","src":"https:\/\/i0.wp.com\/ganeshadreamstore.centreganesha.com\/store\/wp-content\/uploads\/2021\/12\/fleur-de-vie-en-bois.jpg?fit=346%2C346&ssl=1&resize=350%2C200","width":350,"height":200},"classes":[]},{"id":1423,"url":"https:\/\/ganeshadreamstore.centreganesha.com\/store\/produit\/pendentif-fleur-de-vie\/","url_meta":{"origin":1796,"position":3},"title":"Pendentif Fleur de vie","author":"Centre Ganesha","date":"26 d\u00e9cembre 2021","format":false,"excerpt":"Pendentif\u00a0 fleur de vie\u00a0 en acier inoxydable, taille : 32 mm X 30 mm avec sa cha\u00eene de 45 cm + 5cm 2 mod\u00e8les : couleur or ou argent","rel":"","context":"Article similaire","block_context":{"text":"Article similaire","link":""},"img":{"alt_text":"","src":"https:\/\/i0.wp.com\/ganeshadreamstore.centreganesha.com\/store\/wp-content\/uploads\/2021\/12\/fleur-de-vie-pendentif2.jpg?fit=428%2C403&ssl=1&resize=350%2C200","width":350,"height":200},"classes":[]},{"id":1711,"url":"https:\/\/ganeshadreamstore.centreganesha.com\/store\/produit\/le-couteau-rouge\/","url_meta":{"origin":1796,"position":4},"title":"Le couteau rouge","author":"Centre Ganesha","date":"28 f\u00e9vrier 2026","format":false,"excerpt":"\"Dans la faille o\u00f9 tout s\u2019ouvre, L\u00e0 o\u00f9 l\u2019\u00e2me tremble et d\u00e9couvre, Danse un couteau de nuit et de feu, Lame double, miroir de tous les dieux. Refrain : Noir, rouge, l\u2019\u00e9ternel combat, Entre cha\u00eene et vent, entre peur et \u00e9clat. L\u2019\u00e2me vacille, puis choisit son pas : Ni l\u2019un,\u2026","rel":"","context":"Article similaire","block_context":{"text":"Article similaire","link":""},"img":{"alt_text":"","src":"https:\/\/i0.wp.com\/ganeshadreamstore.centreganesha.com\/store\/wp-content\/uploads\/2026\/02\/le-couteau-rouge.jpg?fit=1200%2C686&ssl=1&resize=350%2C200","width":350,"height":200,"srcset":"https:\/\/i0.wp.com\/ganeshadreamstore.centreganesha.com\/store\/wp-content\/uploads\/2026\/02\/le-couteau-rouge.jpg?fit=1200%2C686&ssl=1&resize=350%2C200 1x, https:\/\/i0.wp.com\/ganeshadreamstore.centreganesha.com\/store\/wp-content\/uploads\/2026\/02\/le-couteau-rouge.jpg?fit=1200%2C686&ssl=1&resize=525%2C300 1.5x, https:\/\/i0.wp.com\/ganeshadreamstore.centreganesha.com\/store\/wp-content\/uploads\/2026\/02\/le-couteau-rouge.jpg?fit=1200%2C686&ssl=1&resize=700%2C400 2x, https:\/\/i0.wp.com\/ganeshadreamstore.centreganesha.com\/store\/wp-content\/uploads\/2026\/02\/le-couteau-rouge.jpg?fit=1200%2C686&ssl=1&resize=1050%2C600 3x"},"classes":[]},{"id":363,"url":"https:\/\/ganeshadreamstore.centreganesha.com\/store\/produit\/collier-arbre-de-vie-en-goutte-deau\/","url_meta":{"origin":1796,"position":5},"title":"Collier Arbre de Vie en goutte d&rsquo;eau","author":"Centre Ganesha","date":"25 d\u00e9cembre 2017","format":false,"excerpt":"Le\u00a0symbole de l'Arbre de Vie\u00a0repr\u00e9sente diff\u00e9rentes qualit\u00e9s et vertus comme la sagesse, la force, la protection, l\u2019\u00e9volution, le renouveau et la r\u00e9demption. De mani\u00e8re unanime, l'arbre de vie est l\u2019arbre qui unit le monde du ciel avec le monde de la terre. L\u2019Arbre de vie est une tr\u00e8s belle id\u00e9e\u2026","rel":"","context":"Article similaire","block_context":{"text":"Article similaire","link":""},"img":{"alt_text":"","src":"https:\/\/i0.wp.com\/ganeshadreamstore.centreganesha.com\/store\/wp-content\/uploads\/2017\/12\/collier-arbre-de-vie-goutte-d-eau.amethyste.jpg?fit=435%2C432&ssl=1&resize=350%2C200","width":350,"height":200},"classes":[]}],"_links":{"self":[{"href":"https:\/\/ganeshadreamstore.centreganesha.com\/store\/wp-json\/wp\/v2\/product\/1796","targetHints":{"allow":["GET"]}}],"collection":[{"href":"https:\/\/ganeshadreamstore.centreganesha.com\/store\/wp-json\/wp\/v2\/product"}],"about":[{"href":"https:\/\/ganeshadreamstore.centreganesha.com\/store\/wp-json\/wp\/v2\/types\/product"}],"wp:featuredmedia":[{"embeddable":true,"href":"https:\/\/ganeshadreamstore.centreganesha.com\/store\/wp-json\/wp\/v2\/media\/1800"}],"wp:attachment":[{"href":"https:\/\/ganeshadreamstore.centreganesha.com\/store\/wp-json\/wp\/v2\/media?parent=1796"}],"wp:term":[{"taxonomy":"product_brand","embeddable":true,"href":"https:\/\/ganeshadreamstore.centreganesha.com\/store\/wp-json\/wp\/v2\/product_brand?post=1796"},{"taxonomy":"product_cat","embeddable":true,"href":"https:\/\/ganeshadreamstore.centreganesha.com\/store\/wp-json\/wp\/v2\/product_cat?post=1796"},{"taxonomy":"product_tag","embeddable":true,"href":"https:\/\/ganeshadreamstore.centreganesha.com\/store\/wp-json\/wp\/v2\/product_tag?post=1796"}],"curies":[{"name":"wp","href":"https:\/\/api.w.org\/{rel}","templated":true}]}}