{"id":1791,"date":"2026-03-13T14:38:28","date_gmt":"2026-03-13T13:38:28","guid":{"rendered":"https:\/\/ganeshadreamstore.centreganesha.com\/store\/?post_type=product&#038;p=1791"},"modified":"2026-03-13T14:44:11","modified_gmt":"2026-03-13T13:44:11","slug":"exile","status":"publish","type":"product","link":"https:\/\/ganeshadreamstore.centreganesha.com\/store\/produit\/exile\/","title":{"rendered":"Exil\u00e9"},"content":{"rendered":"<p>Je suis n\u00e9e sous le ciel de France,<\/p>\n<p>O\u00f9 chaque r\u00e9gion raconte une histoire,<\/p>\n<p>Mes racines boivent \u00e0 ses rivi\u00e8res,<\/p>\n<p>Et mon c\u0153ur bat au son de ses m\u00e9moires.<\/p>\n<p>J\u2019ai grandi dans ses rues, ses champs, ses hivers,<\/p>\n<p>Dans le go\u00fbt du pain, le silence des \u00e9glises,<\/p>\n<p>Mais quand tu parles d\u2019exil, je perds mes rep\u00e8res,<\/p>\n<p>Car ton regard me dit : \u00ab Toi, tu n\u2019as pas souffert. \u00bb<\/p>\n<p>Tu as fui vers la France, les poings serr\u00e9s, l\u2019espoir au vent,<\/p>\n<p>Tu as travers\u00e9 la mer, le d\u00e9sert, le tourment,<\/p>\n<p>Tu t\u2019es dit : \u00ab Je vivrai libre \u00bb, tu as cri\u00e9 : \u00ab Je suis vivant ! \u00bb,<\/p>\n<p>Et puis un jour, tu as maudit ce sol que tu croyais aimer.<\/p>\n<p>Non pas pour ce qu\u2019il te donne mais pour ce que tu attendais,<\/p>\n<p>Tu as cri\u00e9 ta haine vers les enracin\u00e9s,<\/p>\n<p>Sans songer un instant que l\u2019exil\u00e9, c\u2019est toi<\/p>\n<p>C\u2019est toi celui qui devrait s\u2019int\u00e9grer\u2026<\/p>\n<p>&nbsp;<\/p>\n<p>Je parle fran\u00e7ais comme on respire l\u2019air,<\/p>\n<p>Sans effort, sans bruit, sans m\u00eame y penser,<\/p>\n<p>C\u2019est ma m\u00e8re, mon premier \u00e9clair,<\/p>\n<p>Le premier mot que j\u2019ai su nommer.<\/p>\n<p>Mais toi, tu le parles comme on gravit une croix,<\/p>\n<p>Dans chaque syllabe, un combat, une foi,<\/p>\n<p>Le fran\u00e7ais, c\u2019est la libert\u00e9, qui sonne \u00e0 ta porte,<\/p>\n<p>Ca ne peut pas \u00eatre lettre morte&#8230;<\/p>\n<p>On crie au \u00ab grand remplacement \u00bb,telle une insulte,<\/p>\n<p>Mais la France est-elle un sol \u00e0 d\u00e9fendre, un sang \u00e0 pr\u00e9server ?<\/p>\n<p>On parle de racines, mais on oublie que les plantes poussent<\/p>\n<p>de tous temps transport\u00e9es, dans le sol qui les accueille,<\/p>\n<p>nourries des nutriments de la terre du pays,<\/p>\n<p>arros\u00e9es des pluies c\u00e9lestes communes,<\/p>\n<p>et ainsi transform\u00e9es en de nouvelles esp\u00e8ces.<\/p>\n<p>Sans modifier la racine souche qui les a rassembl\u00e9es.<\/p>\n<p>Je suis chez moi, mais pas pour toi,<\/p>\n<p>Dans ce pays que tu as choisi.<\/p>\n<p>Toi, tu l\u2019as gagn\u00e9 par la travers\u00e9e,<\/p>\n<p>Moi, je l\u2019ai re\u00e7u par h\u00e9ritage.<\/p>\n<p>L\u2019exil n\u2019appartient pas qu\u2019\u00e0 ceux qui fuient :<\/p>\n<p>Parfois, il habite ceux qui restent.<\/p>\n<p>Moi qui suis n\u00e9 dans ses rues, toi qui les as cherch\u00e9es,<\/p>\n<p>Moi qui l\u2019aie re\u00e7ue, toi qui l\u2019a conquise,<\/p>\n<p>Nous parlons la m\u00eame langue avec des voix cass\u00e9es,<\/p>\n<p>Mais c\u2019est le m\u00eame cri qui nous unit, qui nous brise.<\/p>\n<p>Elle n\u2019est pas \u00e0 moi, ni \u00e0 toi, cette France en morceaux,<\/p>\n<p>Elle nous tient, nous blesse, nous porte, nous lie,<\/p>\n<p>Et si tu dis \u00ab chez moi \u00bb, je ne dis plus \u00ab d\u00e9place-toi \u00bb,<\/p>\n<p>Car ton exil fait partie de ma patrie.<\/p>\n<p>Je suis chez moi,<\/p>\n<p>Et toi aussi.<\/p>\n<p>Dans ce pays qu\u2019on aime, qu\u2019on hait, qu\u2019on reconstruit.<\/p>\n<p>Toi par l\u2019arrachement,<\/p>\n<p>Moi par le silence,<\/p>\n<p>Mais tous les deux,<\/p>\n<p>On respire le m\u00eame vent.<\/p>\n<p>Et si l\u2019appartenance, c\u2019est juste un mot,<\/p>\n<p>Alors faisons-en un chant :<\/p>\n<p>&nbsp;<\/p>\n<p>France tu es ma patrie.<\/p>\n<p>&nbsp;<\/p>\n<p>Je suis chez moi, toi aussi<\/p>\n","protected":false},"excerpt":{"rendered":"<p>Chanson compos\u00e9e par ChamanKa \u00e0 \u00e9couter sur Youtube :<\/p>\n<p>https:\/\/youtu.be\/zTiLiaxUjtQ<\/p>\n","protected":false},"featured_media":1793,"template":"","meta":{"jetpack_post_was_ever_published":false,"jetpack_publicize_message":"","jetpack_publicize_feature_enabled":true,"jetpack_social_post_already_shared":true,"jetpack_social_options":{"image_generator_settings":{"template":"highway","default_image_id":0,"font":"","enabled":false},"version":2}},"product_brand":[],"product_cat":[331],"product_tag":[354,345],"class_list":{"0":"post-1791","1":"product","2":"type-product","3":"status-publish","4":"has-post-thumbnail","6":"product_cat-chansons-arrangees-mp3","7":"product_tag-exile","8":"product_tag-mp3","10":"first","11":"instock","12":"downloadable","13":"virtual","14":"purchasable","15":"product-type-simple"},"jetpack_publicize_connections":[],"jetpack_sharing_enabled":true,"jetpack_likes_enabled":true,"jetpack-related-posts":[{"id":1778,"url":"https:\/\/ganeshadreamstore.centreganesha.com\/store\/produit\/elementaire-simplement\/","url_meta":{"origin":1791,"position":0},"title":"El\u00e9mentaire simplement","author":"Centre Ganesha","date":"11 mars 2026","format":false,"excerpt":"Chanson arrang\u00e9e - MP3 A regarder sur Youtube : https:\/\/youtu.be\/4itCMR1xLdY","rel":"","context":"Article similaire","block_context":{"text":"Article similaire","link":""},"img":{"alt_text":"","src":"https:\/\/i0.wp.com\/ganeshadreamstore.centreganesha.com\/store\/wp-content\/uploads\/2026\/03\/elementaire-simplement.jpg?fit=1200%2C686&ssl=1&resize=350%2C200","width":350,"height":200,"srcset":"https:\/\/i0.wp.com\/ganeshadreamstore.centreganesha.com\/store\/wp-content\/uploads\/2026\/03\/elementaire-simplement.jpg?fit=1200%2C686&ssl=1&resize=350%2C200 1x, https:\/\/i0.wp.com\/ganeshadreamstore.centreganesha.com\/store\/wp-content\/uploads\/2026\/03\/elementaire-simplement.jpg?fit=1200%2C686&ssl=1&resize=525%2C300 1.5x, https:\/\/i0.wp.com\/ganeshadreamstore.centreganesha.com\/store\/wp-content\/uploads\/2026\/03\/elementaire-simplement.jpg?fit=1200%2C686&ssl=1&resize=700%2C400 2x, https:\/\/i0.wp.com\/ganeshadreamstore.centreganesha.com\/store\/wp-content\/uploads\/2026\/03\/elementaire-simplement.jpg?fit=1200%2C686&ssl=1&resize=1050%2C600 3x"},"classes":[]},{"id":1837,"url":"https:\/\/ganeshadreamstore.centreganesha.com\/store\/produit\/limposteur\/","url_meta":{"origin":1791,"position":1},"title":"L&rsquo;imposteur","author":"Centre Ganesha","date":"24 mars 2026","format":false,"excerpt":"Chanson \u00e9crite et arrang\u00e9e par ChamanKa \u00e0 \u00e9couter sur YouTube : https:\/\/youtu.be\/r8X3Y666eBA","rel":"","context":"Article similaire","block_context":{"text":"Article similaire","link":""},"img":{"alt_text":"","src":"https:\/\/i0.wp.com\/ganeshadreamstore.centreganesha.com\/store\/wp-content\/uploads\/2026\/03\/limposteur.jpg?fit=1200%2C686&ssl=1&resize=350%2C200","width":350,"height":200,"srcset":"https:\/\/i0.wp.com\/ganeshadreamstore.centreganesha.com\/store\/wp-content\/uploads\/2026\/03\/limposteur.jpg?fit=1200%2C686&ssl=1&resize=350%2C200 1x, https:\/\/i0.wp.com\/ganeshadreamstore.centreganesha.com\/store\/wp-content\/uploads\/2026\/03\/limposteur.jpg?fit=1200%2C686&ssl=1&resize=525%2C300 1.5x, https:\/\/i0.wp.com\/ganeshadreamstore.centreganesha.com\/store\/wp-content\/uploads\/2026\/03\/limposteur.jpg?fit=1200%2C686&ssl=1&resize=700%2C400 2x, https:\/\/i0.wp.com\/ganeshadreamstore.centreganesha.com\/store\/wp-content\/uploads\/2026\/03\/limposteur.jpg?fit=1200%2C686&ssl=1&resize=1050%2C600 3x"},"classes":[]},{"id":1715,"url":"https:\/\/ganeshadreamstore.centreganesha.com\/store\/produit\/mon-petit-roi\/","url_meta":{"origin":1791,"position":2},"title":"Mon Petit Roi","author":"Centre Ganesha","date":"1 mars 2026","format":false,"excerpt":"Couplet 1 : Je vais sortir le King Charles, La laisse\u2026 mais o\u00f9 l\u2019ai-je laiss\u00e9e ? Un tour, encore un tour sans fin, Mon t\u00e9l\u00e9phone, le CD\u2026 Ce cafard qui me ronge en silence, Et ton regard qui manque d\u2019insistance. Refrain : Allez, viens, mon petit roi, On va marcher\u2026","rel":"","context":"Article similaire","block_context":{"text":"Article similaire","link":""},"img":{"alt_text":"","src":"https:\/\/i0.wp.com\/ganeshadreamstore.centreganesha.com\/store\/wp-content\/uploads\/2026\/03\/Ernest.jpg?fit=650%2C665&ssl=1&resize=350%2C200","width":350,"height":200,"srcset":"https:\/\/i0.wp.com\/ganeshadreamstore.centreganesha.com\/store\/wp-content\/uploads\/2026\/03\/Ernest.jpg?fit=650%2C665&ssl=1&resize=350%2C200 1x, https:\/\/i0.wp.com\/ganeshadreamstore.centreganesha.com\/store\/wp-content\/uploads\/2026\/03\/Ernest.jpg?fit=650%2C665&ssl=1&resize=525%2C300 1.5x"},"classes":[]},{"id":1747,"url":"https:\/\/ganeshadreamstore.centreganesha.com\/store\/produit\/les-reves-inacheves\/","url_meta":{"origin":1791,"position":3},"title":"Les r\u00eaves inachev\u00e9s","author":"Centre Ganesha","date":"7 mars 2026","format":false,"excerpt":"Chanson arrang\u00e9e - MP3 \u00e0 regarder sur youtube\u00a0 (abonnez-vous \u00e0 ma cha\u00eene et partager) : https:\/\/youtu.be\/a6DtwNLKbXU","rel":"","context":"Article similaire","block_context":{"text":"Article similaire","link":""},"img":{"alt_text":"","src":"https:\/\/i0.wp.com\/ganeshadreamstore.centreganesha.com\/store\/wp-content\/uploads\/2026\/03\/les-reves-inacheves.jpg?fit=1200%2C686&ssl=1&resize=350%2C200","width":350,"height":200,"srcset":"https:\/\/i0.wp.com\/ganeshadreamstore.centreganesha.com\/store\/wp-content\/uploads\/2026\/03\/les-reves-inacheves.jpg?fit=1200%2C686&ssl=1&resize=350%2C200 1x, https:\/\/i0.wp.com\/ganeshadreamstore.centreganesha.com\/store\/wp-content\/uploads\/2026\/03\/les-reves-inacheves.jpg?fit=1200%2C686&ssl=1&resize=525%2C300 1.5x, https:\/\/i0.wp.com\/ganeshadreamstore.centreganesha.com\/store\/wp-content\/uploads\/2026\/03\/les-reves-inacheves.jpg?fit=1200%2C686&ssl=1&resize=700%2C400 2x, https:\/\/i0.wp.com\/ganeshadreamstore.centreganesha.com\/store\/wp-content\/uploads\/2026\/03\/les-reves-inacheves.jpg?fit=1200%2C686&ssl=1&resize=1050%2C600 3x"},"classes":[]},{"id":1705,"url":"https:\/\/ganeshadreamstore.centreganesha.com\/store\/produit\/jai-pas-fini-de-te-dire\/","url_meta":{"origin":1791,"position":4},"title":"J&rsquo;ai pas fini de te dire","author":"Centre Ganesha","date":"27 f\u00e9vrier 2026","format":false,"excerpt":"J\u2019ai pas fini de te dire\u2026 Je ne veux rien\u2026 Pas besoin de tout \u00e7a Toutes ces mani\u00e8res Pas de fleurs, pas de tombe\u2026 Qu\u2019est ce que c\u2019est Toute cette insignifiance ? O\u00f9 as-tu enregistr\u00e9 tout \u00e7a ? Qui t\u2019a mis \u00e7a dans la t\u00eate ? Tu voulais nous enterrer\u2026","rel":"","context":"Article similaire","block_context":{"text":"Article similaire","link":""},"img":{"alt_text":"","src":"https:\/\/i0.wp.com\/ganeshadreamstore.centreganesha.com\/store\/wp-content\/uploads\/2026\/02\/commencement-scaled.jpg?fit=1200%2C900&ssl=1&resize=350%2C200","width":350,"height":200,"srcset":"https:\/\/i0.wp.com\/ganeshadreamstore.centreganesha.com\/store\/wp-content\/uploads\/2026\/02\/commencement-scaled.jpg?fit=1200%2C900&ssl=1&resize=350%2C200 1x, https:\/\/i0.wp.com\/ganeshadreamstore.centreganesha.com\/store\/wp-content\/uploads\/2026\/02\/commencement-scaled.jpg?fit=1200%2C900&ssl=1&resize=525%2C300 1.5x, https:\/\/i0.wp.com\/ganeshadreamstore.centreganesha.com\/store\/wp-content\/uploads\/2026\/02\/commencement-scaled.jpg?fit=1200%2C900&ssl=1&resize=700%2C400 2x, https:\/\/i0.wp.com\/ganeshadreamstore.centreganesha.com\/store\/wp-content\/uploads\/2026\/02\/commencement-scaled.jpg?fit=1200%2C900&ssl=1&resize=1050%2C600 3x"},"classes":[]},{"id":1737,"url":"https:\/\/ganeshadreamstore.centreganesha.com\/store\/produit\/ils-ne-comprennent-pas\/","url_meta":{"origin":1791,"position":5},"title":"Ils ne comprennent pas","author":"Centre Ganesha","date":"4 mars 2026","format":false,"excerpt":"Chanson arrang\u00e9e - MP3 \u00e0 regarder sur YouTube : https:\/\/youtu.be\/HzVPXdJ1TRY","rel":"","context":"Article similaire","block_context":{"text":"Article similaire","link":""},"img":{"alt_text":"","src":"https:\/\/i0.wp.com\/ganeshadreamstore.centreganesha.com\/store\/wp-content\/uploads\/2026\/03\/ils-ne-comprennent-pas.png?fit=512%2C512&ssl=1&resize=350%2C200","width":350,"height":200},"classes":[]}],"_links":{"self":[{"href":"https:\/\/ganeshadreamstore.centreganesha.com\/store\/wp-json\/wp\/v2\/product\/1791","targetHints":{"allow":["GET"]}}],"collection":[{"href":"https:\/\/ganeshadreamstore.centreganesha.com\/store\/wp-json\/wp\/v2\/product"}],"about":[{"href":"https:\/\/ganeshadreamstore.centreganesha.com\/store\/wp-json\/wp\/v2\/types\/product"}],"wp:featuredmedia":[{"embeddable":true,"href":"https:\/\/ganeshadreamstore.centreganesha.com\/store\/wp-json\/wp\/v2\/media\/1793"}],"wp:attachment":[{"href":"https:\/\/ganeshadreamstore.centreganesha.com\/store\/wp-json\/wp\/v2\/media?parent=1791"}],"wp:term":[{"taxonomy":"product_brand","embeddable":true,"href":"https:\/\/ganeshadreamstore.centreganesha.com\/store\/wp-json\/wp\/v2\/product_brand?post=1791"},{"taxonomy":"product_cat","embeddable":true,"href":"https:\/\/ganeshadreamstore.centreganesha.com\/store\/wp-json\/wp\/v2\/product_cat?post=1791"},{"taxonomy":"product_tag","embeddable":true,"href":"https:\/\/ganeshadreamstore.centreganesha.com\/store\/wp-json\/wp\/v2\/product_tag?post=1791"}],"curies":[{"name":"wp","href":"https:\/\/api.w.org\/{rel}","templated":true}]}}