{"id":1787,"date":"2026-03-13T11:42:04","date_gmt":"2026-03-13T10:42:04","guid":{"rendered":"https:\/\/ganeshadreamstore.centreganesha.com\/store\/?post_type=product&#038;p=1787"},"modified":"2026-03-13T11:42:04","modified_gmt":"2026-03-13T10:42:04","slug":"karma","status":"publish","type":"product","link":"https:\/\/ganeshadreamstore.centreganesha.com\/store\/produit\/karma\/","title":{"rendered":"Karma"},"content":{"rendered":"<p>Je suis englu\u00e9 dans des m\u00e9moires lointaines,<br \/>\nSouffles d\u2019autres vies, cha\u00eenes invisibles.<br \/>\nDans l\u2019ombre du temps, tournent les destin\u00e9es,<br \/>\nEt l\u2019\u00e2me murmure :\u00a0<em>\u00ab Tu es responsable. \u00bb<\/em><\/p>\n<p>Ombre d\u2019un monde scalaire,<br \/>\nJe plonge dans l\u2019Akasha, r\u00e9servoir des \u00e2ges.<br \/>\nUn choix oubli\u00e9, un serment solitaire\u2026<br \/>\nPourquoi suis-je venu ? Quel poids dois-je apaiser ?<\/p>\n<p>Ah, Karma\u2026<br \/>\nPas punition, mais miroir du geste pass\u00e9.<br \/>\nChaque acte s\u00e8me, chaque ombre portera<br \/>\nLa lumi\u00e8re qu\u2019on n\u2019a pas su allumer.<br \/>\nAh, Karma\u2026<br \/>\nC\u2019est l\u2019\u00e2me qui revient pour achever.<\/p>\n<p>Inconscient porteur de cicatrices anciennes,<br \/>\nJe porte les cris que je n\u2019ai pas cri\u00e9s.<br \/>\nUn vide immense, mais il se d\u00e9fait\u2026<br \/>\nCar le mental lib\u00e9r\u00e9 n\u2019a plus peur du silence.<\/p>\n<p>Le grand vide retrouv\u00e9<br \/>\nN\u2019est plus absence, mais souffle originel.<br \/>\nPas de hasard, tout est reli\u00e9,<br \/>\nEt dans ce souffle, je me reconnais.<\/p>\n<p><strong>[<\/strong><br \/>\nAh, Karma\u2026<br \/>\nPas punition, mais miroir du geste pass\u00e9.<br \/>\nChaque acte s\u00e8me, chaque ombre portera<br \/>\nLa lumi\u00e8re qu\u2019on n\u2019a pas su allumer.<br \/>\nAh, Karma\u2026<br \/>\nC\u2019est l\u2019\u00e2me qui revient pour achever.<\/p>\n<p><b>\u00a0<\/b><br \/>\nEt si ce filet de lumi\u00e8re,<br \/>\nC\u2019\u00e9tait ma propre main tendue ?<br \/>\nSi le salut n\u2019\u00e9tait qu\u2019ici,<br \/>\nDans l\u2019instant o\u00f9 je choisis ?<\/p>\n<p><b>\u00a0<\/b><br \/>\nAh, Karma\u2026<br \/>\nPas un pi\u00e8ge, mais une porte vers soi.<br \/>\nLe cycle s\u2019ach\u00e8ve quand on cesse de fuir.<br \/>\nEt dans le silence du mental lib\u00e9r\u00e9,<br \/>\nL\u2019\u00e2me enfin peut rena\u00eetre.<\/p>\n<p><u>\u00a0<\/u><\/p>\n<p>&nbsp;<\/p>\n","protected":false},"excerpt":{"rendered":"<p>Chanson compos\u00e9e par ChamanKa que vous pouvez \u00e9couter sur Youtube :<\/p>\n<p>https:\/\/youtu.be\/op4AUaFrgfs<\/p>\n","protected":false},"featured_media":1790,"template":"","meta":{"jetpack_post_was_ever_published":false,"jetpack_publicize_message":"","jetpack_publicize_feature_enabled":true,"jetpack_social_post_already_shared":true,"jetpack_social_options":{"image_generator_settings":{"template":"highway","default_image_id":0,"font":"","enabled":false},"version":2}},"product_brand":[],"product_cat":[331],"product_tag":[353,345],"class_list":{"0":"post-1787","1":"product","2":"type-product","3":"status-publish","4":"has-post-thumbnail","6":"product_cat-chansons-arrangees-mp3","7":"product_tag-karma","8":"product_tag-mp3","10":"first","11":"instock","12":"downloadable","13":"virtual","14":"purchasable","15":"product-type-simple"},"jetpack_publicize_connections":[],"jetpack_sharing_enabled":true,"jetpack_likes_enabled":true,"jetpack-related-posts":[{"id":1711,"url":"https:\/\/ganeshadreamstore.centreganesha.com\/store\/produit\/le-couteau-rouge\/","url_meta":{"origin":1787,"position":0},"title":"Le couteau rouge","author":"Centre Ganesha","date":"28 f\u00e9vrier 2026","format":false,"excerpt":"\"Dans la faille o\u00f9 tout s\u2019ouvre, L\u00e0 o\u00f9 l\u2019\u00e2me tremble et d\u00e9couvre, Danse un couteau de nuit et de feu, Lame double, miroir de tous les dieux. Refrain : Noir, rouge, l\u2019\u00e9ternel combat, Entre cha\u00eene et vent, entre peur et \u00e9clat. L\u2019\u00e2me vacille, puis choisit son pas : Ni l\u2019un,\u2026","rel":"","context":"Article similaire","block_context":{"text":"Article similaire","link":""},"img":{"alt_text":"","src":"https:\/\/i0.wp.com\/ganeshadreamstore.centreganesha.com\/store\/wp-content\/uploads\/2026\/02\/le-couteau-rouge.jpg?fit=1200%2C686&ssl=1&resize=350%2C200","width":350,"height":200,"srcset":"https:\/\/i0.wp.com\/ganeshadreamstore.centreganesha.com\/store\/wp-content\/uploads\/2026\/02\/le-couteau-rouge.jpg?fit=1200%2C686&ssl=1&resize=350%2C200 1x, https:\/\/i0.wp.com\/ganeshadreamstore.centreganesha.com\/store\/wp-content\/uploads\/2026\/02\/le-couteau-rouge.jpg?fit=1200%2C686&ssl=1&resize=525%2C300 1.5x, https:\/\/i0.wp.com\/ganeshadreamstore.centreganesha.com\/store\/wp-content\/uploads\/2026\/02\/le-couteau-rouge.jpg?fit=1200%2C686&ssl=1&resize=700%2C400 2x, https:\/\/i0.wp.com\/ganeshadreamstore.centreganesha.com\/store\/wp-content\/uploads\/2026\/02\/le-couteau-rouge.jpg?fit=1200%2C686&ssl=1&resize=1050%2C600 3x"},"classes":[]},{"id":1747,"url":"https:\/\/ganeshadreamstore.centreganesha.com\/store\/produit\/les-reves-inacheves\/","url_meta":{"origin":1787,"position":1},"title":"Les r\u00eaves inachev\u00e9s","author":"Centre Ganesha","date":"7 mars 2026","format":false,"excerpt":"Chanson arrang\u00e9e - MP3 \u00e0 regarder sur youtube\u00a0 (abonnez-vous \u00e0 ma cha\u00eene et partager) : https:\/\/youtu.be\/a6DtwNLKbXU","rel":"","context":"Article similaire","block_context":{"text":"Article similaire","link":""},"img":{"alt_text":"","src":"https:\/\/i0.wp.com\/ganeshadreamstore.centreganesha.com\/store\/wp-content\/uploads\/2026\/03\/les-reves-inacheves.jpg?fit=1200%2C686&ssl=1&resize=350%2C200","width":350,"height":200,"srcset":"https:\/\/i0.wp.com\/ganeshadreamstore.centreganesha.com\/store\/wp-content\/uploads\/2026\/03\/les-reves-inacheves.jpg?fit=1200%2C686&ssl=1&resize=350%2C200 1x, https:\/\/i0.wp.com\/ganeshadreamstore.centreganesha.com\/store\/wp-content\/uploads\/2026\/03\/les-reves-inacheves.jpg?fit=1200%2C686&ssl=1&resize=525%2C300 1.5x, https:\/\/i0.wp.com\/ganeshadreamstore.centreganesha.com\/store\/wp-content\/uploads\/2026\/03\/les-reves-inacheves.jpg?fit=1200%2C686&ssl=1&resize=700%2C400 2x, https:\/\/i0.wp.com\/ganeshadreamstore.centreganesha.com\/store\/wp-content\/uploads\/2026\/03\/les-reves-inacheves.jpg?fit=1200%2C686&ssl=1&resize=1050%2C600 3x"},"classes":[]},{"id":1791,"url":"https:\/\/ganeshadreamstore.centreganesha.com\/store\/produit\/exile\/","url_meta":{"origin":1787,"position":2},"title":"Exil\u00e9","author":"Centre Ganesha","date":"13 mars 2026","format":false,"excerpt":"Chanson compos\u00e9e par ChamanKa \u00e0 \u00e9couter sur Youtube : https:\/\/youtu.be\/zTiLiaxUjtQ","rel":"","context":"Article similaire","block_context":{"text":"Article similaire","link":""},"img":{"alt_text":"","src":"https:\/\/i0.wp.com\/ganeshadreamstore.centreganesha.com\/store\/wp-content\/uploads\/2026\/03\/exile.jpg?fit=340%2C324&ssl=1&resize=350%2C200","width":350,"height":200},"classes":[]},{"id":1859,"url":"https:\/\/ganeshadreamstore.centreganesha.com\/store\/produit\/la-vie-secrit\/","url_meta":{"origin":1787,"position":3},"title":"La vie S&rsquo;\u00e9crit","author":"Centre Ganesha","date":"10 avril 2026","format":false,"excerpt":"Chanson compos\u00e9e (paroles, musique, arrangement, voix synth\u00e9tiseur) par ChamanKa. A regarder sur YouTube (mettez un pouce si vous aimez et abonnez-vous !) https:\/\/youtu.be\/0U5nmu8ijNk","rel":"","context":"Article similaire","block_context":{"text":"Article similaire","link":""},"img":{"alt_text":"","src":"https:\/\/i0.wp.com\/ganeshadreamstore.centreganesha.com\/store\/wp-content\/uploads\/2026\/04\/la-vie-secrit.jpg?fit=1200%2C686&ssl=1&resize=350%2C200","width":350,"height":200,"srcset":"https:\/\/i0.wp.com\/ganeshadreamstore.centreganesha.com\/store\/wp-content\/uploads\/2026\/04\/la-vie-secrit.jpg?fit=1200%2C686&ssl=1&resize=350%2C200 1x, https:\/\/i0.wp.com\/ganeshadreamstore.centreganesha.com\/store\/wp-content\/uploads\/2026\/04\/la-vie-secrit.jpg?fit=1200%2C686&ssl=1&resize=525%2C300 1.5x, https:\/\/i0.wp.com\/ganeshadreamstore.centreganesha.com\/store\/wp-content\/uploads\/2026\/04\/la-vie-secrit.jpg?fit=1200%2C686&ssl=1&resize=700%2C400 2x, https:\/\/i0.wp.com\/ganeshadreamstore.centreganesha.com\/store\/wp-content\/uploads\/2026\/04\/la-vie-secrit.jpg?fit=1200%2C686&ssl=1&resize=1050%2C600 3x"},"classes":[]},{"id":1693,"url":"https:\/\/ganeshadreamstore.centreganesha.com\/store\/produit\/revoltee\/","url_meta":{"origin":1787,"position":4},"title":"R\u00e9volt\u00e9e","author":"Centre Ganesha","date":"25 f\u00e9vrier 2026","format":false,"excerpt":"\"R\u00e9volt\u00e9e je le suis Contre ces magnats pourris Dans leurs cerveaux, greff\u00e9s Toutes les exactions et s\u00e9vices maudits Pas le choix oblig\u00e9e d\u2019\u00eatre confin\u00e9e... Moi je suis le combat Moi une p\u2019tite femme comme \u00e7a Dans ma t\u00eate, des duels enflamm\u00e9s Contre qui dites moi? Contre tous ces damn\u00e9s Les\u2026","rel":"","context":"Article similaire","block_context":{"text":"Article similaire","link":""},"img":{"alt_text":"","src":"https:\/\/i0.wp.com\/ganeshadreamstore.centreganesha.com\/store\/wp-content\/uploads\/2026\/02\/revoltee.jpg?fit=612%2C408&ssl=1&resize=350%2C200","width":350,"height":200,"srcset":"https:\/\/i0.wp.com\/ganeshadreamstore.centreganesha.com\/store\/wp-content\/uploads\/2026\/02\/revoltee.jpg?fit=612%2C408&ssl=1&resize=350%2C200 1x, https:\/\/i0.wp.com\/ganeshadreamstore.centreganesha.com\/store\/wp-content\/uploads\/2026\/02\/revoltee.jpg?fit=612%2C408&ssl=1&resize=525%2C300 1.5x"},"classes":[]},{"id":1688,"url":"https:\/\/ganeshadreamstore.centreganesha.com\/store\/produit\/le-moment-decisif\/","url_meta":{"origin":1787,"position":5},"title":"Le moment d\u00e9cisif","author":"Centre Ganesha","date":"25 f\u00e9vrier 2026","format":false,"excerpt":"Le moment d\u00e9cisif : chanson sur la fin de vie accompagn\u00e9e... \"Il surveillait constamment cette perfusion, Jour apr\u00e8s jour, ressentant l'\u00e9rosion, La fin approchait, un temps ind\u00e9fini, Dans son c\u0153ur r\u00e9sonnait un appel infini. Il ne voulait pas partir, non, pas encore, Sa vie se tissait dans l'ombre, un d\u00e9cor,\u2026","rel":"","context":"Article similaire","block_context":{"text":"Article similaire","link":""},"img":{"alt_text":"","src":"https:\/\/i0.wp.com\/ganeshadreamstore.centreganesha.com\/store\/wp-content\/uploads\/2026\/02\/dom-1.jpg?fit=800%2C600&ssl=1&resize=350%2C200","width":350,"height":200,"srcset":"https:\/\/i0.wp.com\/ganeshadreamstore.centreganesha.com\/store\/wp-content\/uploads\/2026\/02\/dom-1.jpg?fit=800%2C600&ssl=1&resize=350%2C200 1x, https:\/\/i0.wp.com\/ganeshadreamstore.centreganesha.com\/store\/wp-content\/uploads\/2026\/02\/dom-1.jpg?fit=800%2C600&ssl=1&resize=525%2C300 1.5x, https:\/\/i0.wp.com\/ganeshadreamstore.centreganesha.com\/store\/wp-content\/uploads\/2026\/02\/dom-1.jpg?fit=800%2C600&ssl=1&resize=700%2C400 2x"},"classes":[]}],"_links":{"self":[{"href":"https:\/\/ganeshadreamstore.centreganesha.com\/store\/wp-json\/wp\/v2\/product\/1787","targetHints":{"allow":["GET"]}}],"collection":[{"href":"https:\/\/ganeshadreamstore.centreganesha.com\/store\/wp-json\/wp\/v2\/product"}],"about":[{"href":"https:\/\/ganeshadreamstore.centreganesha.com\/store\/wp-json\/wp\/v2\/types\/product"}],"wp:featuredmedia":[{"embeddable":true,"href":"https:\/\/ganeshadreamstore.centreganesha.com\/store\/wp-json\/wp\/v2\/media\/1790"}],"wp:attachment":[{"href":"https:\/\/ganeshadreamstore.centreganesha.com\/store\/wp-json\/wp\/v2\/media?parent=1787"}],"wp:term":[{"taxonomy":"product_brand","embeddable":true,"href":"https:\/\/ganeshadreamstore.centreganesha.com\/store\/wp-json\/wp\/v2\/product_brand?post=1787"},{"taxonomy":"product_cat","embeddable":true,"href":"https:\/\/ganeshadreamstore.centreganesha.com\/store\/wp-json\/wp\/v2\/product_cat?post=1787"},{"taxonomy":"product_tag","embeddable":true,"href":"https:\/\/ganeshadreamstore.centreganesha.com\/store\/wp-json\/wp\/v2\/product_tag?post=1787"}],"curies":[{"name":"wp","href":"https:\/\/api.w.org\/{rel}","templated":true}]}}