{"id":1773,"date":"2026-03-09T17:59:31","date_gmt":"2026-03-09T16:59:31","guid":{"rendered":"https:\/\/ganeshadreamstore.centreganesha.com\/store\/?post_type=product&#038;p=1773"},"modified":"2026-03-09T18:41:57","modified_gmt":"2026-03-09T17:41:57","slug":"ma-petite-fille-cherie","status":"publish","type":"product","link":"https:\/\/ganeshadreamstore.centreganesha.com\/store\/produit\/ma-petite-fille-cherie\/","title":{"rendered":"Ma petite fille ch\u00e9rie"},"content":{"rendered":"<p>Ma petite fille ch\u00e9rie,<\/p>\n<p>Le monde \u00e9clate en mille morceaux,<\/p>\n<p>Plus de rires vrais,<\/p>\n<p>que des \u00e9crans qui mentent,<\/p>\n<p>Plus de tradition,<\/p>\n<p>que des cha\u00eenes dor\u00e9es.<\/p>\n<p>Ob\u00e9is, consomme, tais-toi,<br \/>\nEt dispara\u00eet sans faire de bruit.<\/p>\n<p>Plus tu t\u2019effaces, plus ils sourient\u2026<\/p>\n<p><span style=\"font-size: 12pt;\">Dans leurs palais de fum\u00e9e.<\/span><\/p>\n<p><span style=\"font-size: 12pt;\">Ma petite fille, ne t\u2019oublie pas !<\/span><br \/>\n<span style=\"font-size: 12pt;\">Nourris ton \u00e2me, rallume ta voix,<\/span><br \/>\n<span style=\"font-size: 12pt;\">La femme que tu es n\u2019a pas besoin de guide,<\/span><br \/>\n<span style=\"font-size: 12pt;\">Elle na\u00eet libre, elle aime sans se perdre.<\/span><br \/>\n<span style=\"font-size: 12pt;\">Ma petite fille ch\u00e9rie\u2026<\/span><br \/>\n<span style=\"font-size: 12pt;\">Tes filles te remercieront d\u2019\u00eatre qui tu es.\u00a0<\/span><\/p>\n<p>Prends du temps pour toi, marche\u2026pieds nus dans l\u2019herbe,<br \/>\n\u00c9coute le vent raconter tes r\u00eaves oubli\u00e9s.<br \/>\nSois douce, mais pas soumise,<br \/>\nG\u00e9n\u00e9reuse, mais jamais vide.<br \/>\nCar leur joie est une cage,<br \/>\nLeur paix, une illusion.<br \/>\nToi, tu es rivi\u00e8re\u2026 feu\u2026 racine \u2014<br \/>\nNe te laisse pas casser.<\/p>\n<p>Et si tu tombes, ce n\u2019est pas ta faute,<br \/>\nC\u2019est le poids du monde<\/p>\n<p>sur des \u00e9paules trop tendres.<br \/>\nMais rel\u00e8ve-toi,<br \/>\nPas pour eux,<\/p>\n<p>Mais pour toi<br \/>\nEt Pour celles qui viendront apr\u00e8s,<br \/>\nEt qui te verront debout \u2014<br \/>\nEt qui oseront l\u2019\u00eatre.<\/p>\n<p>Ma petite fille ch\u00e9rie\u2026<br \/>\nDans le bruit du monde, \u00e9coute ta lumi\u00e8re,<br \/>\nElle ne s\u2019\u00e9teint pas\u2026<br \/>\nElle grandit.<br \/>\nEt chaque pas vers toi\u2026<br \/>\nSauve une \u00e2me.<br \/>\nSauve la tienne.<br \/>\nJamais\u2026 jamais\u2026<br \/>\nNe t\u2019oublies pas<\/p>\n<p>Tes filles te remercieront d\u2019\u00eatre qui tu es\u2026<\/p>\n","protected":false},"excerpt":{"rendered":"<p>Chanson arrang\u00e9e &#8211; MP3<\/p>\n<p>A regarder sur Youtube (si vous aimez, partagez et mettez un pouce&#8230;)<\/p>\n<p>https:\/\/youtu.be\/0w8w6IaQbyQ<\/p>\n<p>&nbsp;<\/p>\n<p>&nbsp;<\/p>\n","protected":false},"featured_media":1774,"template":"","meta":{"jetpack_post_was_ever_published":false,"jetpack_publicize_message":"","jetpack_publicize_feature_enabled":true,"jetpack_social_post_already_shared":true,"jetpack_social_options":{"image_generator_settings":{"template":"highway","default_image_id":0,"font":"","enabled":false},"version":2}},"product_brand":[],"product_cat":[331],"product_tag":[351,345],"class_list":{"0":"post-1773","1":"product","2":"type-product","3":"status-publish","4":"has-post-thumbnail","6":"product_cat-chansons-arrangees-mp3","7":"product_tag-ma-petite-fille-cherie","8":"product_tag-mp3","10":"first","11":"instock","12":"downloadable","13":"virtual","14":"purchasable","15":"product-type-simple"},"jetpack_publicize_connections":[],"jetpack_sharing_enabled":true,"jetpack_likes_enabled":true,"jetpack-related-posts":[{"id":1737,"url":"https:\/\/ganeshadreamstore.centreganesha.com\/store\/produit\/ils-ne-comprennent-pas\/","url_meta":{"origin":1773,"position":0},"title":"Ils ne comprennent pas","author":"Centre Ganesha","date":"4 mars 2026","format":false,"excerpt":"Chanson arrang\u00e9e - MP3 \u00e0 regarder sur YouTube : https:\/\/youtu.be\/HzVPXdJ1TRY","rel":"","context":"Article similaire","block_context":{"text":"Article similaire","link":""},"img":{"alt_text":"","src":"https:\/\/i0.wp.com\/ganeshadreamstore.centreganesha.com\/store\/wp-content\/uploads\/2026\/03\/ils-ne-comprennent-pas.png?fit=512%2C512&ssl=1&resize=350%2C200","width":350,"height":200},"classes":[]},{"id":1791,"url":"https:\/\/ganeshadreamstore.centreganesha.com\/store\/produit\/exile\/","url_meta":{"origin":1773,"position":1},"title":"Exil\u00e9","author":"Centre Ganesha","date":"13 mars 2026","format":false,"excerpt":"Chanson compos\u00e9e par ChamanKa \u00e0 \u00e9couter sur Youtube : https:\/\/youtu.be\/zTiLiaxUjtQ","rel":"","context":"Article similaire","block_context":{"text":"Article similaire","link":""},"img":{"alt_text":"","src":"https:\/\/i0.wp.com\/ganeshadreamstore.centreganesha.com\/store\/wp-content\/uploads\/2026\/03\/exile.jpg?fit=340%2C324&ssl=1&resize=350%2C200","width":350,"height":200},"classes":[]},{"id":1837,"url":"https:\/\/ganeshadreamstore.centreganesha.com\/store\/produit\/limposteur\/","url_meta":{"origin":1773,"position":2},"title":"L&rsquo;imposteur","author":"Centre Ganesha","date":"24 mars 2026","format":false,"excerpt":"Chanson \u00e9crite et arrang\u00e9e par ChamanKa \u00e0 \u00e9couter sur YouTube : https:\/\/youtu.be\/r8X3Y666eBA","rel":"","context":"Article similaire","block_context":{"text":"Article similaire","link":""},"img":{"alt_text":"","src":"https:\/\/i0.wp.com\/ganeshadreamstore.centreganesha.com\/store\/wp-content\/uploads\/2026\/03\/limposteur.jpg?fit=1200%2C686&ssl=1&resize=350%2C200","width":350,"height":200,"srcset":"https:\/\/i0.wp.com\/ganeshadreamstore.centreganesha.com\/store\/wp-content\/uploads\/2026\/03\/limposteur.jpg?fit=1200%2C686&ssl=1&resize=350%2C200 1x, https:\/\/i0.wp.com\/ganeshadreamstore.centreganesha.com\/store\/wp-content\/uploads\/2026\/03\/limposteur.jpg?fit=1200%2C686&ssl=1&resize=525%2C300 1.5x, https:\/\/i0.wp.com\/ganeshadreamstore.centreganesha.com\/store\/wp-content\/uploads\/2026\/03\/limposteur.jpg?fit=1200%2C686&ssl=1&resize=700%2C400 2x, https:\/\/i0.wp.com\/ganeshadreamstore.centreganesha.com\/store\/wp-content\/uploads\/2026\/03\/limposteur.jpg?fit=1200%2C686&ssl=1&resize=1050%2C600 3x"},"classes":[]},{"id":1747,"url":"https:\/\/ganeshadreamstore.centreganesha.com\/store\/produit\/les-reves-inacheves\/","url_meta":{"origin":1773,"position":3},"title":"Les r\u00eaves inachev\u00e9s","author":"Centre Ganesha","date":"7 mars 2026","format":false,"excerpt":"Chanson arrang\u00e9e - MP3 \u00e0 regarder sur youtube\u00a0 (abonnez-vous \u00e0 ma cha\u00eene et partager) : https:\/\/youtu.be\/a6DtwNLKbXU","rel":"","context":"Article similaire","block_context":{"text":"Article similaire","link":""},"img":{"alt_text":"","src":"https:\/\/i0.wp.com\/ganeshadreamstore.centreganesha.com\/store\/wp-content\/uploads\/2026\/03\/les-reves-inacheves.jpg?fit=1200%2C686&ssl=1&resize=350%2C200","width":350,"height":200,"srcset":"https:\/\/i0.wp.com\/ganeshadreamstore.centreganesha.com\/store\/wp-content\/uploads\/2026\/03\/les-reves-inacheves.jpg?fit=1200%2C686&ssl=1&resize=350%2C200 1x, https:\/\/i0.wp.com\/ganeshadreamstore.centreganesha.com\/store\/wp-content\/uploads\/2026\/03\/les-reves-inacheves.jpg?fit=1200%2C686&ssl=1&resize=525%2C300 1.5x, https:\/\/i0.wp.com\/ganeshadreamstore.centreganesha.com\/store\/wp-content\/uploads\/2026\/03\/les-reves-inacheves.jpg?fit=1200%2C686&ssl=1&resize=700%2C400 2x, https:\/\/i0.wp.com\/ganeshadreamstore.centreganesha.com\/store\/wp-content\/uploads\/2026\/03\/les-reves-inacheves.jpg?fit=1200%2C686&ssl=1&resize=1050%2C600 3x"},"classes":[]},{"id":1705,"url":"https:\/\/ganeshadreamstore.centreganesha.com\/store\/produit\/jai-pas-fini-de-te-dire\/","url_meta":{"origin":1773,"position":4},"title":"J&rsquo;ai pas fini de te dire","author":"Centre Ganesha","date":"27 f\u00e9vrier 2026","format":false,"excerpt":"J\u2019ai pas fini de te dire\u2026 Je ne veux rien\u2026 Pas besoin de tout \u00e7a Toutes ces mani\u00e8res Pas de fleurs, pas de tombe\u2026 Qu\u2019est ce que c\u2019est Toute cette insignifiance ? O\u00f9 as-tu enregistr\u00e9 tout \u00e7a ? Qui t\u2019a mis \u00e7a dans la t\u00eate ? Tu voulais nous enterrer\u2026","rel":"","context":"Article similaire","block_context":{"text":"Article similaire","link":""},"img":{"alt_text":"","src":"https:\/\/i0.wp.com\/ganeshadreamstore.centreganesha.com\/store\/wp-content\/uploads\/2026\/02\/commencement-scaled.jpg?fit=1200%2C900&ssl=1&resize=350%2C200","width":350,"height":200,"srcset":"https:\/\/i0.wp.com\/ganeshadreamstore.centreganesha.com\/store\/wp-content\/uploads\/2026\/02\/commencement-scaled.jpg?fit=1200%2C900&ssl=1&resize=350%2C200 1x, https:\/\/i0.wp.com\/ganeshadreamstore.centreganesha.com\/store\/wp-content\/uploads\/2026\/02\/commencement-scaled.jpg?fit=1200%2C900&ssl=1&resize=525%2C300 1.5x, https:\/\/i0.wp.com\/ganeshadreamstore.centreganesha.com\/store\/wp-content\/uploads\/2026\/02\/commencement-scaled.jpg?fit=1200%2C900&ssl=1&resize=700%2C400 2x, https:\/\/i0.wp.com\/ganeshadreamstore.centreganesha.com\/store\/wp-content\/uploads\/2026\/02\/commencement-scaled.jpg?fit=1200%2C900&ssl=1&resize=1050%2C600 3x"},"classes":[]},{"id":1715,"url":"https:\/\/ganeshadreamstore.centreganesha.com\/store\/produit\/mon-petit-roi\/","url_meta":{"origin":1773,"position":5},"title":"Mon Petit Roi","author":"Centre Ganesha","date":"1 mars 2026","format":false,"excerpt":"Couplet 1 : Je vais sortir le King Charles, La laisse\u2026 mais o\u00f9 l\u2019ai-je laiss\u00e9e ? Un tour, encore un tour sans fin, Mon t\u00e9l\u00e9phone, le CD\u2026 Ce cafard qui me ronge en silence, Et ton regard qui manque d\u2019insistance. Refrain : Allez, viens, mon petit roi, On va marcher\u2026","rel":"","context":"Article similaire","block_context":{"text":"Article similaire","link":""},"img":{"alt_text":"","src":"https:\/\/i0.wp.com\/ganeshadreamstore.centreganesha.com\/store\/wp-content\/uploads\/2026\/03\/Ernest.jpg?fit=650%2C665&ssl=1&resize=350%2C200","width":350,"height":200,"srcset":"https:\/\/i0.wp.com\/ganeshadreamstore.centreganesha.com\/store\/wp-content\/uploads\/2026\/03\/Ernest.jpg?fit=650%2C665&ssl=1&resize=350%2C200 1x, https:\/\/i0.wp.com\/ganeshadreamstore.centreganesha.com\/store\/wp-content\/uploads\/2026\/03\/Ernest.jpg?fit=650%2C665&ssl=1&resize=525%2C300 1.5x"},"classes":[]}],"_links":{"self":[{"href":"https:\/\/ganeshadreamstore.centreganesha.com\/store\/wp-json\/wp\/v2\/product\/1773","targetHints":{"allow":["GET"]}}],"collection":[{"href":"https:\/\/ganeshadreamstore.centreganesha.com\/store\/wp-json\/wp\/v2\/product"}],"about":[{"href":"https:\/\/ganeshadreamstore.centreganesha.com\/store\/wp-json\/wp\/v2\/types\/product"}],"wp:featuredmedia":[{"embeddable":true,"href":"https:\/\/ganeshadreamstore.centreganesha.com\/store\/wp-json\/wp\/v2\/media\/1774"}],"wp:attachment":[{"href":"https:\/\/ganeshadreamstore.centreganesha.com\/store\/wp-json\/wp\/v2\/media?parent=1773"}],"wp:term":[{"taxonomy":"product_brand","embeddable":true,"href":"https:\/\/ganeshadreamstore.centreganesha.com\/store\/wp-json\/wp\/v2\/product_brand?post=1773"},{"taxonomy":"product_cat","embeddable":true,"href":"https:\/\/ganeshadreamstore.centreganesha.com\/store\/wp-json\/wp\/v2\/product_cat?post=1773"},{"taxonomy":"product_tag","embeddable":true,"href":"https:\/\/ganeshadreamstore.centreganesha.com\/store\/wp-json\/wp\/v2\/product_tag?post=1773"}],"curies":[{"name":"wp","href":"https:\/\/api.w.org\/{rel}","templated":true}]}}