{"id":1770,"date":"2026-03-09T10:19:51","date_gmt":"2026-03-09T09:19:51","guid":{"rendered":"https:\/\/ganeshadreamstore.centreganesha.com\/store\/?post_type=product&#038;p=1770"},"modified":"2026-03-09T18:09:09","modified_gmt":"2026-03-09T17:09:09","slug":"le-secret","status":"publish","type":"product","link":"https:\/\/ganeshadreamstore.centreganesha.com\/store\/produit\/le-secret\/","title":{"rendered":"Le Secret"},"content":{"rendered":"<p>Chut ! Ne dis rien, surtout pas un mot,<br \/>\nLe vent pourrait le porter, l\u2019\u00e9cho le rapporter.<br \/>\nIls guettent dans l\u2019ombre, derri\u00e8re chaque porte,<br \/>\nUn mot de trop, et tout s\u2019emporte.<\/p>\n<p>Bouche cousue, regard baiss\u00e9,<br \/>\nM\u00eame la lune doit rester muette.<br \/>\nCe que je sais doit \u00eatre enterr\u00e9,<br \/>\nSinon, c\u2019est ma vie qu\u2019on jette.<\/p>\n<p>Chut ! Ne dis rien !<br \/>\nIls ne doivent pas savoir\u2026<br \/>\n\u00c7a ne regarde personne,<br \/>\nLe secret est bien gard\u00e9.<br \/>\nQuitte \u00e0 en mourir,<br \/>\nJe tairai jusqu\u2019\u00e0 mon dernier souffle.<br \/>\nLes murs ont des oreilles,<br \/>\nFais attention \u00e0 ce que tu dis\u2026<\/p>\n<p>Un pas de travers, une voix qui tremble,<br \/>\nEt les ombres soudain se rassemblent.<br \/>\nPas de nom, pas de trace, pas de cri,<br \/>\nM\u00eame le silence ici peut mentir.<\/p>\n<p>Je porte ce poids, nuit apr\u00e8s nuit,<br \/>\nComme un fant\u00f4me qui ne peut fuir.<br \/>\nMais tant que je vis, rien ne sortira,<br \/>\nM\u00eame si mon c\u0153ur en mourra.<\/p>\n<p>Chut ! Ne dis rien !<br \/>\nIls ne doivent pas savoir\u2026<br \/>\n\u00c7a ne regarde personne,<br \/>\nLe secret est bien gard\u00e9.<br \/>\nQuitte \u00e0 en mourir,<br \/>\nJe tairai jusqu\u2019\u00e0 mon dernier souffle.<br \/>\nLes murs ont des oreilles,<br \/>\nFais attention \u00e0 ce que tu dis\u2026<\/p>\n<p>Un jour peut-\u00eatre, la v\u00e9rit\u00e9 s\u2019envolera,<br \/>\nComme un oiseau bris\u00e9 qui reprendra.<br \/>\nMais aujourd\u2019hui, je me tais, je me cache,<br \/>\nCar parler, c\u2019est signer mon naufrage.<\/p>\n<p>Chut ! Ne dis rien !<br \/>\nIls ne doivent pas savoir\u2026<br \/>\n\u00c7a ne regarde personne,<br \/>\nLe secret est bien gard\u00e9.<br \/>\nQuitte \u00e0 en mourir,<br \/>\nJe tairai jusqu\u2019\u00e0 mon dernier souffle.<br \/>\nLes murs ont des oreilles,<br \/>\nFais attention\u2026<br \/>\nFais attention \u00e0 ce que tu dis\u2026<\/p>\n","protected":false},"excerpt":{"rendered":"<p>Chanson cr\u00e9\u00e9e par ChamanKa (paroles, musique et arrangement, voix synth\u00e9tiseur) &#8211; MP3<\/p>\n<p>A regarder sur Youtube sans oublier de mettre un pouce si vous aimez et de vous abonner \u00e0 ma cha\u00eene :<\/p>\n<p>https:\/\/youtu.be\/lYQXbornfRw<\/p>\n","protected":false},"featured_media":1772,"template":"","meta":{"jetpack_post_was_ever_published":false,"jetpack_publicize_message":"","jetpack_publicize_feature_enabled":true,"jetpack_social_post_already_shared":true,"jetpack_social_options":{"image_generator_settings":{"template":"highway","default_image_id":0,"font":"","enabled":false},"version":2}},"product_brand":[],"product_cat":[331],"product_tag":[350,345],"class_list":{"0":"post-1770","1":"product","2":"type-product","3":"status-publish","4":"has-post-thumbnail","6":"product_cat-chansons-arrangees-mp3","7":"product_tag-le-secret","8":"product_tag-mp3","10":"first","11":"instock","12":"downloadable","13":"virtual","14":"purchasable","15":"product-type-simple"},"jetpack_publicize_connections":[],"jetpack_sharing_enabled":true,"jetpack_likes_enabled":true,"jetpack-related-posts":[{"id":1791,"url":"https:\/\/ganeshadreamstore.centreganesha.com\/store\/produit\/exile\/","url_meta":{"origin":1770,"position":0},"title":"Exil\u00e9","author":"Centre Ganesha","date":"13 mars 2026","format":false,"excerpt":"Chanson compos\u00e9e par ChamanKa \u00e0 \u00e9couter sur Youtube : https:\/\/youtu.be\/zTiLiaxUjtQ","rel":"","context":"Article similaire","block_context":{"text":"Article similaire","link":""},"img":{"alt_text":"","src":"https:\/\/i0.wp.com\/ganeshadreamstore.centreganesha.com\/store\/wp-content\/uploads\/2026\/03\/exile.jpg?fit=340%2C324&ssl=1&resize=350%2C200","width":350,"height":200},"classes":[]},{"id":1737,"url":"https:\/\/ganeshadreamstore.centreganesha.com\/store\/produit\/ils-ne-comprennent-pas\/","url_meta":{"origin":1770,"position":1},"title":"Ils ne comprennent pas","author":"Centre Ganesha","date":"4 mars 2026","format":false,"excerpt":"Chanson arrang\u00e9e - MP3 \u00e0 regarder sur YouTube : https:\/\/youtu.be\/HzVPXdJ1TRY","rel":"","context":"Article similaire","block_context":{"text":"Article similaire","link":""},"img":{"alt_text":"","src":"https:\/\/i0.wp.com\/ganeshadreamstore.centreganesha.com\/store\/wp-content\/uploads\/2026\/03\/ils-ne-comprennent-pas.png?fit=512%2C512&ssl=1&resize=350%2C200","width":350,"height":200},"classes":[]},{"id":1693,"url":"https:\/\/ganeshadreamstore.centreganesha.com\/store\/produit\/revoltee\/","url_meta":{"origin":1770,"position":2},"title":"R\u00e9volt\u00e9e","author":"Centre Ganesha","date":"25 f\u00e9vrier 2026","format":false,"excerpt":"\"R\u00e9volt\u00e9e je le suis Contre ces magnats pourris Dans leurs cerveaux, greff\u00e9s Toutes les exactions et s\u00e9vices maudits Pas le choix oblig\u00e9e d\u2019\u00eatre confin\u00e9e... Moi je suis le combat Moi une p\u2019tite femme comme \u00e7a Dans ma t\u00eate, des duels enflamm\u00e9s Contre qui dites moi? Contre tous ces damn\u00e9s Les\u2026","rel":"","context":"Article similaire","block_context":{"text":"Article similaire","link":""},"img":{"alt_text":"","src":"https:\/\/i0.wp.com\/ganeshadreamstore.centreganesha.com\/store\/wp-content\/uploads\/2026\/02\/revoltee.jpg?fit=612%2C408&ssl=1&resize=350%2C200","width":350,"height":200,"srcset":"https:\/\/i0.wp.com\/ganeshadreamstore.centreganesha.com\/store\/wp-content\/uploads\/2026\/02\/revoltee.jpg?fit=612%2C408&ssl=1&resize=350%2C200 1x, https:\/\/i0.wp.com\/ganeshadreamstore.centreganesha.com\/store\/wp-content\/uploads\/2026\/02\/revoltee.jpg?fit=612%2C408&ssl=1&resize=525%2C300 1.5x"},"classes":[]},{"id":1715,"url":"https:\/\/ganeshadreamstore.centreganesha.com\/store\/produit\/mon-petit-roi\/","url_meta":{"origin":1770,"position":3},"title":"Mon Petit Roi","author":"Centre Ganesha","date":"1 mars 2026","format":false,"excerpt":"Couplet 1 : Je vais sortir le King Charles, La laisse\u2026 mais o\u00f9 l\u2019ai-je laiss\u00e9e ? Un tour, encore un tour sans fin, Mon t\u00e9l\u00e9phone, le CD\u2026 Ce cafard qui me ronge en silence, Et ton regard qui manque d\u2019insistance. Refrain : Allez, viens, mon petit roi, On va marcher\u2026","rel":"","context":"Article similaire","block_context":{"text":"Article similaire","link":""},"img":{"alt_text":"","src":"https:\/\/i0.wp.com\/ganeshadreamstore.centreganesha.com\/store\/wp-content\/uploads\/2026\/03\/Ernest.jpg?fit=650%2C665&ssl=1&resize=350%2C200","width":350,"height":200,"srcset":"https:\/\/i0.wp.com\/ganeshadreamstore.centreganesha.com\/store\/wp-content\/uploads\/2026\/03\/Ernest.jpg?fit=650%2C665&ssl=1&resize=350%2C200 1x, https:\/\/i0.wp.com\/ganeshadreamstore.centreganesha.com\/store\/wp-content\/uploads\/2026\/03\/Ernest.jpg?fit=650%2C665&ssl=1&resize=525%2C300 1.5x"},"classes":[]},{"id":1747,"url":"https:\/\/ganeshadreamstore.centreganesha.com\/store\/produit\/les-reves-inacheves\/","url_meta":{"origin":1770,"position":4},"title":"Les r\u00eaves inachev\u00e9s","author":"Centre Ganesha","date":"7 mars 2026","format":false,"excerpt":"Chanson arrang\u00e9e - MP3 \u00e0 regarder sur youtube\u00a0 (abonnez-vous \u00e0 ma cha\u00eene et partager) : https:\/\/youtu.be\/a6DtwNLKbXU","rel":"","context":"Article similaire","block_context":{"text":"Article similaire","link":""},"img":{"alt_text":"","src":"https:\/\/i0.wp.com\/ganeshadreamstore.centreganesha.com\/store\/wp-content\/uploads\/2026\/03\/les-reves-inacheves.jpg?fit=1200%2C686&ssl=1&resize=350%2C200","width":350,"height":200,"srcset":"https:\/\/i0.wp.com\/ganeshadreamstore.centreganesha.com\/store\/wp-content\/uploads\/2026\/03\/les-reves-inacheves.jpg?fit=1200%2C686&ssl=1&resize=350%2C200 1x, https:\/\/i0.wp.com\/ganeshadreamstore.centreganesha.com\/store\/wp-content\/uploads\/2026\/03\/les-reves-inacheves.jpg?fit=1200%2C686&ssl=1&resize=525%2C300 1.5x, https:\/\/i0.wp.com\/ganeshadreamstore.centreganesha.com\/store\/wp-content\/uploads\/2026\/03\/les-reves-inacheves.jpg?fit=1200%2C686&ssl=1&resize=700%2C400 2x, https:\/\/i0.wp.com\/ganeshadreamstore.centreganesha.com\/store\/wp-content\/uploads\/2026\/03\/les-reves-inacheves.jpg?fit=1200%2C686&ssl=1&resize=1050%2C600 3x"},"classes":[]},{"id":1705,"url":"https:\/\/ganeshadreamstore.centreganesha.com\/store\/produit\/jai-pas-fini-de-te-dire\/","url_meta":{"origin":1770,"position":5},"title":"J&rsquo;ai pas fini de te dire","author":"Centre Ganesha","date":"27 f\u00e9vrier 2026","format":false,"excerpt":"J\u2019ai pas fini de te dire\u2026 Je ne veux rien\u2026 Pas besoin de tout \u00e7a Toutes ces mani\u00e8res Pas de fleurs, pas de tombe\u2026 Qu\u2019est ce que c\u2019est Toute cette insignifiance ? O\u00f9 as-tu enregistr\u00e9 tout \u00e7a ? Qui t\u2019a mis \u00e7a dans la t\u00eate ? Tu voulais nous enterrer\u2026","rel":"","context":"Article similaire","block_context":{"text":"Article similaire","link":""},"img":{"alt_text":"","src":"https:\/\/i0.wp.com\/ganeshadreamstore.centreganesha.com\/store\/wp-content\/uploads\/2026\/02\/commencement-scaled.jpg?fit=1200%2C900&ssl=1&resize=350%2C200","width":350,"height":200,"srcset":"https:\/\/i0.wp.com\/ganeshadreamstore.centreganesha.com\/store\/wp-content\/uploads\/2026\/02\/commencement-scaled.jpg?fit=1200%2C900&ssl=1&resize=350%2C200 1x, https:\/\/i0.wp.com\/ganeshadreamstore.centreganesha.com\/store\/wp-content\/uploads\/2026\/02\/commencement-scaled.jpg?fit=1200%2C900&ssl=1&resize=525%2C300 1.5x, https:\/\/i0.wp.com\/ganeshadreamstore.centreganesha.com\/store\/wp-content\/uploads\/2026\/02\/commencement-scaled.jpg?fit=1200%2C900&ssl=1&resize=700%2C400 2x, https:\/\/i0.wp.com\/ganeshadreamstore.centreganesha.com\/store\/wp-content\/uploads\/2026\/02\/commencement-scaled.jpg?fit=1200%2C900&ssl=1&resize=1050%2C600 3x"},"classes":[]}],"_links":{"self":[{"href":"https:\/\/ganeshadreamstore.centreganesha.com\/store\/wp-json\/wp\/v2\/product\/1770","targetHints":{"allow":["GET"]}}],"collection":[{"href":"https:\/\/ganeshadreamstore.centreganesha.com\/store\/wp-json\/wp\/v2\/product"}],"about":[{"href":"https:\/\/ganeshadreamstore.centreganesha.com\/store\/wp-json\/wp\/v2\/types\/product"}],"wp:featuredmedia":[{"embeddable":true,"href":"https:\/\/ganeshadreamstore.centreganesha.com\/store\/wp-json\/wp\/v2\/media\/1772"}],"wp:attachment":[{"href":"https:\/\/ganeshadreamstore.centreganesha.com\/store\/wp-json\/wp\/v2\/media?parent=1770"}],"wp:term":[{"taxonomy":"product_brand","embeddable":true,"href":"https:\/\/ganeshadreamstore.centreganesha.com\/store\/wp-json\/wp\/v2\/product_brand?post=1770"},{"taxonomy":"product_cat","embeddable":true,"href":"https:\/\/ganeshadreamstore.centreganesha.com\/store\/wp-json\/wp\/v2\/product_cat?post=1770"},{"taxonomy":"product_tag","embeddable":true,"href":"https:\/\/ganeshadreamstore.centreganesha.com\/store\/wp-json\/wp\/v2\/product_tag?post=1770"}],"curies":[{"name":"wp","href":"https:\/\/api.w.org\/{rel}","templated":true}]}}