{"id":1766,"date":"2026-03-09T10:11:06","date_gmt":"2026-03-09T09:11:06","guid":{"rendered":"https:\/\/ganeshadreamstore.centreganesha.com\/store\/?post_type=product&#038;p=1766"},"modified":"2026-03-09T18:26:52","modified_gmt":"2026-03-09T17:26:52","slug":"echoes-of-the-ancestors","status":"publish","type":"product","link":"https:\/\/ganeshadreamstore.centreganesha.com\/store\/produit\/echoes-of-the-ancestors\/","title":{"rendered":"Echoes of the Ancestors"},"content":{"rendered":"<p>A \u00e9couter sur Youtube :<\/p>\n<p><span class=\"embed-youtube\" style=\"text-align:center; display: block;\"><iframe loading=\"lazy\" class=\"youtube-player\" width=\"980\" height=\"552\" src=\"https:\/\/www.youtube.com\/embed\/pmuGvxywpA4?version=3&#038;rel=1&#038;showsearch=0&#038;showinfo=1&#038;iv_load_policy=1&#038;fs=1&#038;hl=fr-FR&#038;autohide=2&#038;wmode=transparent\" allowfullscreen=\"true\" style=\"border:0;\" sandbox=\"allow-scripts allow-same-origin allow-popups allow-presentation allow-popups-to-escape-sandbox\"><\/iframe><\/span><\/p>\n","protected":false},"excerpt":{"rendered":"<p>MP3 &#8211; Musique tribale pour la transe chamanique cr\u00e9\u00e9e avec mon synth\u00e9tiseur.<\/p>\n","protected":false},"featured_media":1768,"template":"","meta":{"jetpack_post_was_ever_published":false,"jetpack_publicize_message":"","jetpack_publicize_feature_enabled":true,"jetpack_social_post_already_shared":true,"jetpack_social_options":{"image_generator_settings":{"template":"highway","default_image_id":0,"font":"","enabled":false},"version":2}},"product_brand":[],"product_cat":[331,150],"product_tag":[349,345],"class_list":{"0":"post-1766","1":"product","2":"type-product","3":"status-publish","4":"has-post-thumbnail","6":"product_cat-chansons-arrangees-mp3","7":"product_cat-objets-chamaniques","8":"product_tag-echoes-of-the-ancestors","9":"product_tag-mp3","11":"first","12":"instock","13":"downloadable","14":"virtual","15":"purchasable","16":"product-type-simple"},"jetpack_publicize_connections":[],"jetpack_sharing_enabled":true,"jetpack_likes_enabled":true,"jetpack-related-posts":[],"_links":{"self":[{"href":"https:\/\/ganeshadreamstore.centreganesha.com\/store\/wp-json\/wp\/v2\/product\/1766","targetHints":{"allow":["GET"]}}],"collection":[{"href":"https:\/\/ganeshadreamstore.centreganesha.com\/store\/wp-json\/wp\/v2\/product"}],"about":[{"href":"https:\/\/ganeshadreamstore.centreganesha.com\/store\/wp-json\/wp\/v2\/types\/product"}],"wp:featuredmedia":[{"embeddable":true,"href":"https:\/\/ganeshadreamstore.centreganesha.com\/store\/wp-json\/wp\/v2\/media\/1768"}],"wp:attachment":[{"href":"https:\/\/ganeshadreamstore.centreganesha.com\/store\/wp-json\/wp\/v2\/media?parent=1766"}],"wp:term":[{"taxonomy":"product_brand","embeddable":true,"href":"https:\/\/ganeshadreamstore.centreganesha.com\/store\/wp-json\/wp\/v2\/product_brand?post=1766"},{"taxonomy":"product_cat","embeddable":true,"href":"https:\/\/ganeshadreamstore.centreganesha.com\/store\/wp-json\/wp\/v2\/product_cat?post=1766"},{"taxonomy":"product_tag","embeddable":true,"href":"https:\/\/ganeshadreamstore.centreganesha.com\/store\/wp-json\/wp\/v2\/product_tag?post=1766"}],"curies":[{"name":"wp","href":"https:\/\/api.w.org\/{rel}","templated":true}]}}