{"id":1759,"date":"2026-03-09T09:45:27","date_gmt":"2026-03-09T08:45:27","guid":{"rendered":"https:\/\/ganeshadreamstore.centreganesha.com\/store\/?post_type=product&#038;p=1759"},"modified":"2026-03-09T18:24:29","modified_gmt":"2026-03-09T17:24:29","slug":"murmures-dorient","status":"publish","type":"product","link":"https:\/\/ganeshadreamstore.centreganesha.com\/store\/produit\/murmures-dorient\/","title":{"rendered":"Murmures d&rsquo;Orient"},"content":{"rendered":"<p>MP3<\/p>\n<p>A \u00e9couter sur Youtube :<\/p>\n<p><span class=\"embed-youtube\" style=\"text-align:center; display: block;\"><iframe loading=\"lazy\" class=\"youtube-player\" width=\"980\" height=\"552\" src=\"https:\/\/www.youtube.com\/embed\/6Iiv3nr77Eo?version=3&#038;rel=1&#038;showsearch=0&#038;showinfo=1&#038;iv_load_policy=1&#038;fs=1&#038;hl=fr-FR&#038;autohide=2&#038;wmode=transparent\" allowfullscreen=\"true\" style=\"border:0;\" sandbox=\"allow-scripts allow-same-origin allow-popups allow-presentation allow-popups-to-escape-sandbox\"><\/iframe><\/span><\/p>\n","protected":false},"excerpt":{"rendered":"<p>Musique et arrangement de ChamanKa<\/p>\n<p>Si vous aimez la musique orientale&#8230; sans fioriture. J&rsquo;ai \u00e9t\u00e9 berc\u00e9e par ce type de musique pendant mon enfance.<\/p>\n","protected":false},"featured_media":1762,"template":"","meta":{"jetpack_post_was_ever_published":false,"jetpack_publicize_message":"","jetpack_publicize_feature_enabled":true,"jetpack_social_post_already_shared":true,"jetpack_social_options":{"image_generator_settings":{"template":"highway","default_image_id":0,"font":"","enabled":false},"version":2}},"product_brand":[],"product_cat":[331],"product_tag":[345,348],"class_list":{"0":"post-1759","1":"product","2":"type-product","3":"status-publish","4":"has-post-thumbnail","6":"product_cat-chansons-arrangees-mp3","7":"product_tag-mp3","8":"product_tag-murmures-dorient","10":"first","11":"instock","12":"downloadable","13":"virtual","14":"purchasable","15":"product-type-simple"},"jetpack_publicize_connections":[],"jetpack_sharing_enabled":true,"jetpack_likes_enabled":true,"jetpack-related-posts":[{"id":1697,"url":"https:\/\/ganeshadreamstore.centreganesha.com\/store\/produit\/whispers-of-the-wild\/","url_meta":{"origin":1759,"position":0},"title":"Whispers of the Wild","author":"Centre Ganesha","date":"26 f\u00e9vrier 2026","format":false,"excerpt":"Whispers of the Wild Musique instrumentale cr\u00e9\u00e9e par ChamanKa Transe Chamanique A \u00e9couter sur youtube : https:\/\/youtu.be\/JzxgRPyhZoc","rel":"","context":"Article similaire","block_context":{"text":"Article similaire","link":""},"img":{"alt_text":"","src":"https:\/\/i0.wp.com\/ganeshadreamstore.centreganesha.com\/store\/wp-content\/uploads\/2026\/02\/whispers-of-the-wind.jpg?fit=635%2C608&ssl=1&resize=350%2C200","width":350,"height":200,"srcset":"https:\/\/i0.wp.com\/ganeshadreamstore.centreganesha.com\/store\/wp-content\/uploads\/2026\/02\/whispers-of-the-wind.jpg?fit=635%2C608&ssl=1&resize=350%2C200 1x, https:\/\/i0.wp.com\/ganeshadreamstore.centreganesha.com\/store\/wp-content\/uploads\/2026\/02\/whispers-of-the-wind.jpg?fit=635%2C608&ssl=1&resize=525%2C300 1.5x"},"classes":[]},{"id":1766,"url":"https:\/\/ganeshadreamstore.centreganesha.com\/store\/produit\/echoes-of-the-ancestors\/","url_meta":{"origin":1759,"position":1},"title":"Echoes of the Ancestors","author":"Centre Ganesha","date":"9 mars 2026","format":false,"excerpt":"MP3 - Musique tribale pour la transe chamanique cr\u00e9\u00e9e avec mon synth\u00e9tiseur.","rel":"","context":"Article similaire","block_context":{"text":"Article similaire","link":""},"img":{"alt_text":"","src":"https:\/\/i0.wp.com\/ganeshadreamstore.centreganesha.com\/store\/wp-content\/uploads\/2026\/03\/Echoes-of-the-Ancestors.jpg?fit=1200%2C686&ssl=1&resize=350%2C200","width":350,"height":200,"srcset":"https:\/\/i0.wp.com\/ganeshadreamstore.centreganesha.com\/store\/wp-content\/uploads\/2026\/03\/Echoes-of-the-Ancestors.jpg?fit=1200%2C686&ssl=1&resize=350%2C200 1x, https:\/\/i0.wp.com\/ganeshadreamstore.centreganesha.com\/store\/wp-content\/uploads\/2026\/03\/Echoes-of-the-Ancestors.jpg?fit=1200%2C686&ssl=1&resize=525%2C300 1.5x, https:\/\/i0.wp.com\/ganeshadreamstore.centreganesha.com\/store\/wp-content\/uploads\/2026\/03\/Echoes-of-the-Ancestors.jpg?fit=1200%2C686&ssl=1&resize=700%2C400 2x, https:\/\/i0.wp.com\/ganeshadreamstore.centreganesha.com\/store\/wp-content\/uploads\/2026\/03\/Echoes-of-the-Ancestors.jpg?fit=1200%2C686&ssl=1&resize=1050%2C600 3x"},"classes":[]},{"id":1810,"url":"https:\/\/ganeshadreamstore.centreganesha.com\/store\/produit\/chamanka-compil\/","url_meta":{"origin":1759,"position":2},"title":"ChamanKa Compilation 1","author":"Centre Ganesha","date":"19 mars 2026","format":false,"excerpt":"Vous pouvez cr\u00e9er votre compilation de 10 titres parmi les chansons propos\u00e9es, qui seront grav\u00e9es sur un CD. Vous recevrez celui-ci par la poste dans votre bo\u00eete aux lettres. Vous pourrez ainsi \u00e9couter votre musique dans votre lecteur de CD (cha\u00eene Hi-Fi ou sur votre ordinateur).","rel":"","context":"Article similaire","block_context":{"text":"Article similaire","link":""},"img":{"alt_text":"","src":"https:\/\/i0.wp.com\/ganeshadreamstore.centreganesha.com\/store\/wp-content\/uploads\/2026\/03\/compilation.jpg?fit=635%2C608&ssl=1&resize=350%2C200","width":350,"height":200,"srcset":"https:\/\/i0.wp.com\/ganeshadreamstore.centreganesha.com\/store\/wp-content\/uploads\/2026\/03\/compilation.jpg?fit=635%2C608&ssl=1&resize=350%2C200 1x, https:\/\/i0.wp.com\/ganeshadreamstore.centreganesha.com\/store\/wp-content\/uploads\/2026\/03\/compilation.jpg?fit=635%2C608&ssl=1&resize=525%2C300 1.5x"},"classes":[]},{"id":1688,"url":"https:\/\/ganeshadreamstore.centreganesha.com\/store\/produit\/le-moment-decisif\/","url_meta":{"origin":1759,"position":3},"title":"Le moment d\u00e9cisif","author":"Centre Ganesha","date":"25 f\u00e9vrier 2026","format":false,"excerpt":"Le moment d\u00e9cisif : chanson sur la fin de vie accompagn\u00e9e... \"Il surveillait constamment cette perfusion, Jour apr\u00e8s jour, ressentant l'\u00e9rosion, La fin approchait, un temps ind\u00e9fini, Dans son c\u0153ur r\u00e9sonnait un appel infini. Il ne voulait pas partir, non, pas encore, Sa vie se tissait dans l'ombre, un d\u00e9cor,\u2026","rel":"","context":"Article similaire","block_context":{"text":"Article similaire","link":""},"img":{"alt_text":"","src":"https:\/\/i0.wp.com\/ganeshadreamstore.centreganesha.com\/store\/wp-content\/uploads\/2026\/02\/dom-1.jpg?fit=800%2C600&ssl=1&resize=350%2C200","width":350,"height":200,"srcset":"https:\/\/i0.wp.com\/ganeshadreamstore.centreganesha.com\/store\/wp-content\/uploads\/2026\/02\/dom-1.jpg?fit=800%2C600&ssl=1&resize=350%2C200 1x, https:\/\/i0.wp.com\/ganeshadreamstore.centreganesha.com\/store\/wp-content\/uploads\/2026\/02\/dom-1.jpg?fit=800%2C600&ssl=1&resize=525%2C300 1.5x, https:\/\/i0.wp.com\/ganeshadreamstore.centreganesha.com\/store\/wp-content\/uploads\/2026\/02\/dom-1.jpg?fit=800%2C600&ssl=1&resize=700%2C400 2x"},"classes":[]},{"id":1849,"url":"https:\/\/ganeshadreamstore.centreganesha.com\/store\/produit\/gayatri-mantra\/","url_meta":{"origin":1759,"position":4},"title":"Gayatri Mantra","author":"Centre Ganesha","date":"27 mars 2026","format":false,"excerpt":"Le Gayatri Mantra -Musique et arrangement par ChamanKa A \u00e9couter sur YouTube : https:\/\/youtu.be\/QA1WbS7VIag \u00a0","rel":"","context":"Article similaire","block_context":{"text":"Article similaire","link":""},"img":{"alt_text":"","src":"https:\/\/i0.wp.com\/ganeshadreamstore.centreganesha.com\/store\/wp-content\/uploads\/2026\/03\/gayatri-yantra.png?fit=350%2C500&ssl=1&resize=350%2C200","width":350,"height":200},"classes":[]},{"id":1756,"url":"https:\/\/ganeshadreamstore.centreganesha.com\/store\/produit\/le-messager\/","url_meta":{"origin":1759,"position":5},"title":"Le messager","author":"Centre Ganesha","date":"7 mars 2026","format":false,"excerpt":"Chanson arrang\u00e9e - MP3 Paroles, musique et arrangement par ChamanKa \u00e0 regardez sur Youtube (n'oubliez pas de mettre un pouce :-D , merci) https:\/\/youtu.be\/Anoh1eqGy5c","rel":"","context":"Article similaire","block_context":{"text":"Article similaire","link":""},"img":{"alt_text":"le messager","src":"https:\/\/i0.wp.com\/ganeshadreamstore.centreganesha.com\/store\/wp-content\/uploads\/2026\/03\/le-messager.jpg?fit=612%2C449&ssl=1&resize=350%2C200","width":350,"height":200,"srcset":"https:\/\/i0.wp.com\/ganeshadreamstore.centreganesha.com\/store\/wp-content\/uploads\/2026\/03\/le-messager.jpg?fit=612%2C449&ssl=1&resize=350%2C200 1x, https:\/\/i0.wp.com\/ganeshadreamstore.centreganesha.com\/store\/wp-content\/uploads\/2026\/03\/le-messager.jpg?fit=612%2C449&ssl=1&resize=525%2C300 1.5x"},"classes":[]}],"_links":{"self":[{"href":"https:\/\/ganeshadreamstore.centreganesha.com\/store\/wp-json\/wp\/v2\/product\/1759","targetHints":{"allow":["GET"]}}],"collection":[{"href":"https:\/\/ganeshadreamstore.centreganesha.com\/store\/wp-json\/wp\/v2\/product"}],"about":[{"href":"https:\/\/ganeshadreamstore.centreganesha.com\/store\/wp-json\/wp\/v2\/types\/product"}],"wp:featuredmedia":[{"embeddable":true,"href":"https:\/\/ganeshadreamstore.centreganesha.com\/store\/wp-json\/wp\/v2\/media\/1762"}],"wp:attachment":[{"href":"https:\/\/ganeshadreamstore.centreganesha.com\/store\/wp-json\/wp\/v2\/media?parent=1759"}],"wp:term":[{"taxonomy":"product_brand","embeddable":true,"href":"https:\/\/ganeshadreamstore.centreganesha.com\/store\/wp-json\/wp\/v2\/product_brand?post=1759"},{"taxonomy":"product_cat","embeddable":true,"href":"https:\/\/ganeshadreamstore.centreganesha.com\/store\/wp-json\/wp\/v2\/product_cat?post=1759"},{"taxonomy":"product_tag","embeddable":true,"href":"https:\/\/ganeshadreamstore.centreganesha.com\/store\/wp-json\/wp\/v2\/product_tag?post=1759"}],"curies":[{"name":"wp","href":"https:\/\/api.w.org\/{rel}","templated":true}]}}