{"id":1747,"date":"2026-03-07T10:39:16","date_gmt":"2026-03-07T09:39:16","guid":{"rendered":"https:\/\/ganeshadreamstore.centreganesha.com\/store\/?post_type=product&#038;p=1747"},"modified":"2026-03-07T11:32:59","modified_gmt":"2026-03-07T10:32:59","slug":"les-reves-inacheves","status":"publish","type":"product","link":"https:\/\/ganeshadreamstore.centreganesha.com\/store\/produit\/les-reves-inacheves\/","title":{"rendered":"Les r\u00eaves inachev\u00e9s"},"content":{"rendered":"<p class=\"svelte-1fz0gqk1\" style=\"background: white;\"><span style=\"font-size: 12pt;\"><span class=\"svelte-1fz0gqk\"><span style=\"font-family: Helvetica; color: #464649;\">Ils sont venus silencieux, dans la p\u00e9nombre du soir,<\/span><\/span><span style=\"font-family: Helvetica; color: #464649;\"><br \/>\n<span class=\"svelte-1fz0gqk\">Pas un bruit, pas un cri, juste leurs regards dans le noir.<\/span><br \/>\n<span class=\"svelte-1fz0gqk\">Je les reconnais tous, l\u2019un apr\u00e8s l\u2019autre, un \u00e0 un :<\/span><br \/>\n<span class=\"svelte-1fz0gqk\">Le peintre sans tableau, le po\u00e8te sans aucun vers venu,<\/span><br \/>\n<span class=\"svelte-1fz0gqk\">La voix jamais chant\u00e9e, la danse jamais dans\u00e9e,<\/span><br \/>\n<span class=\"svelte-1fz0gqk\">L\u2019amour qu\u2019on a laiss\u00e9, la main jamais tendue,<\/span><br \/>\n<span class=\"svelte-1fz0gqk\">Le livre jamais \u00e9crit, le voyage jamais fait,<\/span><br \/>\n<span class=\"svelte-1fz0gqk\">Et ce r\u00eave d\u2019enfant qu\u2019on croyait trop parfait.<\/span><\/span><\/span><\/p>\n<p class=\"svelte-1fz0gqk1\" style=\"background: white;\"><span style=\"font-size: 12pt;\"><span class=\"svelte-1fz0gqk\"><b><span style=\"font-family: Helvetica; color: #464649;\">Refrain :<\/span><\/b><\/span><span style=\"font-family: Helvetica; color: #464649;\"><br \/>\n<span class=\"svelte-1fz0gqk\"><i>Debout autour de mon lit, les yeux pleins de douleur,<\/i><\/span><br \/>\n<span class=\"svelte-1fz0gqk\"><i>Vous me regardez mourir, sans un mot, sans une heure.<\/i><\/span><br \/>\n<span class=\"svelte-1fz0gqk\"><i>Vous murmurez : \u00ab Nous \u00e9tions \u00e0 toi, rien qu\u2019\u00e0 toi\u2026<\/i><\/span><br \/>\n<span class=\"svelte-1fz0gqk\"><i>Et seul toi pouvait nous donner une voix.<\/i><\/span><br \/>\n<span class=\"svelte-1fz0gqk\"><i>Maintenant, nous mourons. Sans bruit. Sans \u00e9clat.<\/i><\/span><br \/>\n<span class=\"svelte-1fz0gqk\"><i>Tu emportes nos vies\u2026 dans ton dernier souffle, l\u00e0. \u00bb<\/i><\/span><\/span><\/span><\/p>\n<p class=\"svelte-1fz0gqk1\" style=\"background: white;\"><span style=\"font-size: 12pt;\"><span class=\"svelte-1fz0gqk\"><span style=\"font-family: Helvetica; color: #464649;\">Il y avait ce violon pos\u00e9 dans un coin de l\u2019\u00e2me,<\/span><\/span><span style=\"font-family: Helvetica; color: #464649;\"><br \/>\n<span class=\"svelte-1fz0gqk\">Qu\u2019un jour j\u2019ai touch\u00e9, puis rang\u00e9, faute de temps, faute de flamme.<\/span><br \/>\n<span class=\"svelte-1fz0gqk\">Il y avait ce jardin que je voulais planter,<\/span><br \/>\n<span class=\"svelte-1fz0gqk\">Mais j\u2019ai toujours dit \u00ab demain \u00bb, et demain n\u2019est jamais venu.<\/span><br \/>\n<span class=\"svelte-1fz0gqk\">Les r\u00eaves ont des visages, je les vois clairement :<\/span><br \/>\n<span class=\"svelte-1fz0gqk\">Celui de l\u2019inventeur, du sage, du vaillant,<\/span><br \/>\n<span class=\"svelte-1fz0gqk\">Celui de l\u2019errant, du gu\u00e9risseur, du marin\u2026<\/span><br \/>\n<span class=\"svelte-1fz0gqk\">Tous en moi, jamais n\u00e9s. Tous morts sans un destin.\u00a0<\/span><\/span><\/span><\/p>\n<p class=\"svelte-1fz0gqk1\" style=\"background: white;\"><span style=\"font-size: 12pt;\"><span class=\"svelte-1fz0gqk\"><b><span style=\"font-family: Helvetica; color: #464649;\">Refrain :<\/span><\/b><\/span><span style=\"font-family: Helvetica; color: #464649;\"><br \/>\n<span class=\"svelte-1fz0gqk\"><i>Debout autour de mon lit, les yeux pleins de douleur,<\/i><\/span><br \/>\n<span class=\"svelte-1fz0gqk\"><i>Vous me regardez mourir, sans un mot, sans une heure.<\/i><\/span><br \/>\n<span class=\"svelte-1fz0gqk\"><i>Vous murmurez : \u00ab Nous \u00e9tions \u00e0 toi, rien qu\u2019\u00e0 toi\u2026<\/i><\/span><br \/>\n<span class=\"svelte-1fz0gqk\"><i>Et seul toi pouvait nous donner une voix.<\/i><\/span><br \/>\n<span class=\"svelte-1fz0gqk\"><i>Maintenant, nous mourons. Sans bruit. Sans \u00e9clat.<\/i><\/span><br \/>\n<span class=\"svelte-1fz0gqk\">*Tu emportes nos vies\u2026 dans ton dernier souffle, l\u00e0. \u00bb<\/span><\/span><\/span><\/p>\n<p class=\"svelte-1fz0gqk1\" style=\"background: white;\"><span style=\"font-size: 12pt;\"><span class=\"svelte-1fz0gqk\"><span style=\"font-family: Helvetica; color: #464649;\">Et s\u2019il \u00e9tait encore temps ? Non, le c\u0153ur bat trop lent\u2026<\/span><\/span><span style=\"font-family: Helvetica; color: #464649;\"><br \/>\n<span class=\"svelte-1fz0gqk\">Mais si tu m\u2019entends, toi qui vis, qui r\u00eaves, qui sens\u2026<\/span><br \/>\n<span class=\"svelte-1fz0gqk\">Ne laisse pas tes dons s\u2019endormir dans l\u2019oubli.<\/span><br \/>\n<span class=\"svelte-1fz0gqk\">Chaque r\u00eave est un feu. Allume-le. Vas-y.<\/span><br \/>\n<span class=\"svelte-1fz0gqk\">Car un jour, tu seras l\u00e0, comme moi, sans recours,<\/span><br \/>\n<span class=\"svelte-1fz0gqk\">Et tes r\u00eaves, debout, te diront : \u00ab C\u2019\u00e9tait \u00e0 toi\u2026 de nous donner le jour. \u00bb\u00a0<\/span><\/span><\/span><\/p>\n<p class=\"svelte-1fz0gqk1\" style=\"margin-bottom: .0001pt; background: white;\"><span style=\"font-size: 12pt;\"><span class=\"svelte-1fz0gqk\"><b><span style=\"font-family: Helvetica; color: #464649;\">Dernier refrain :<\/span><\/b><\/span><span style=\"font-family: Helvetica; color: #464649;\"><br \/>\n<span class=\"svelte-1fz0gqk\"><i>Debout autour de mon lit, ils s\u2019\u00e9teignent avec moi,<\/i><\/span><br \/>\n<span class=\"svelte-1fz0gqk\"><i>Pas de cri, pas de haine\u2026 juste un long adieu.<\/i><\/span><br \/>\n<span class=\"svelte-1fz0gqk\"><i>Je ferme les yeux, le c\u0153ur lourd de regrets\u2026<\/i><\/span><br \/>\n<span class=\"svelte-1fz0gqk\"><i>Et emporte avec moi\u2026 tous les mondes jamais faits.<\/i><\/span><\/span><\/span><\/p>\n","protected":false},"excerpt":{"rendered":"<p>Chanson arrang\u00e9e &#8211; MP3<\/p>\n<p>\u00e0 regarder sur youtube\u00a0 (abonnez-vous \u00e0 ma cha\u00eene et partager) :<\/p>\n<p>https:\/\/youtu.be\/a6DtwNLKbXU<\/p>\n","protected":false},"featured_media":1751,"template":"","meta":{"jetpack_post_was_ever_published":false,"jetpack_publicize_message":"","jetpack_publicize_feature_enabled":true,"jetpack_social_post_already_shared":true,"jetpack_social_options":{"image_generator_settings":{"template":"highway","default_image_id":0,"font":"","enabled":false},"version":2}},"product_brand":[],"product_cat":[331],"product_tag":[346,345],"class_list":{"0":"post-1747","1":"product","2":"type-product","3":"status-publish","4":"has-post-thumbnail","6":"product_cat-chansons-arrangees-mp3","7":"product_tag-les-reves-inacheves","8":"product_tag-mp3","10":"first","11":"instock","12":"downloadable","13":"virtual","14":"purchasable","15":"product-type-simple"},"jetpack_publicize_connections":[],"jetpack_sharing_enabled":true,"jetpack_likes_enabled":true,"jetpack-related-posts":[{"id":1756,"url":"https:\/\/ganeshadreamstore.centreganesha.com\/store\/produit\/le-messager\/","url_meta":{"origin":1747,"position":0},"title":"Le messager","author":"Centre Ganesha","date":"7 mars 2026","format":false,"excerpt":"Chanson arrang\u00e9e - MP3 Paroles, musique et arrangement par ChamanKa \u00e0 regardez sur Youtube (n'oubliez pas de mettre un pouce :-D , merci) https:\/\/youtu.be\/Anoh1eqGy5c","rel":"","context":"Article similaire","block_context":{"text":"Article similaire","link":""},"img":{"alt_text":"le messager","src":"https:\/\/i0.wp.com\/ganeshadreamstore.centreganesha.com\/store\/wp-content\/uploads\/2026\/03\/le-messager.jpg?fit=612%2C449&ssl=1&resize=350%2C200","width":350,"height":200,"srcset":"https:\/\/i0.wp.com\/ganeshadreamstore.centreganesha.com\/store\/wp-content\/uploads\/2026\/03\/le-messager.jpg?fit=612%2C449&ssl=1&resize=350%2C200 1x, https:\/\/i0.wp.com\/ganeshadreamstore.centreganesha.com\/store\/wp-content\/uploads\/2026\/03\/le-messager.jpg?fit=612%2C449&ssl=1&resize=525%2C300 1.5x"},"classes":[]},{"id":1837,"url":"https:\/\/ganeshadreamstore.centreganesha.com\/store\/produit\/limposteur\/","url_meta":{"origin":1747,"position":1},"title":"L&rsquo;imposteur","author":"Centre Ganesha","date":"24 mars 2026","format":false,"excerpt":"Chanson \u00e9crite et arrang\u00e9e par ChamanKa \u00e0 \u00e9couter sur YouTube : https:\/\/youtu.be\/r8X3Y666eBA","rel":"","context":"Article similaire","block_context":{"text":"Article similaire","link":""},"img":{"alt_text":"","src":"https:\/\/i0.wp.com\/ganeshadreamstore.centreganesha.com\/store\/wp-content\/uploads\/2026\/03\/limposteur.jpg?fit=1200%2C686&ssl=1&resize=350%2C200","width":350,"height":200,"srcset":"https:\/\/i0.wp.com\/ganeshadreamstore.centreganesha.com\/store\/wp-content\/uploads\/2026\/03\/limposteur.jpg?fit=1200%2C686&ssl=1&resize=350%2C200 1x, https:\/\/i0.wp.com\/ganeshadreamstore.centreganesha.com\/store\/wp-content\/uploads\/2026\/03\/limposteur.jpg?fit=1200%2C686&ssl=1&resize=525%2C300 1.5x, https:\/\/i0.wp.com\/ganeshadreamstore.centreganesha.com\/store\/wp-content\/uploads\/2026\/03\/limposteur.jpg?fit=1200%2C686&ssl=1&resize=700%2C400 2x, https:\/\/i0.wp.com\/ganeshadreamstore.centreganesha.com\/store\/wp-content\/uploads\/2026\/03\/limposteur.jpg?fit=1200%2C686&ssl=1&resize=1050%2C600 3x"},"classes":[]},{"id":1711,"url":"https:\/\/ganeshadreamstore.centreganesha.com\/store\/produit\/le-couteau-rouge\/","url_meta":{"origin":1747,"position":2},"title":"Le couteau rouge","author":"Centre Ganesha","date":"28 f\u00e9vrier 2026","format":false,"excerpt":"\"Dans la faille o\u00f9 tout s\u2019ouvre, L\u00e0 o\u00f9 l\u2019\u00e2me tremble et d\u00e9couvre, Danse un couteau de nuit et de feu, Lame double, miroir de tous les dieux. Refrain : Noir, rouge, l\u2019\u00e9ternel combat, Entre cha\u00eene et vent, entre peur et \u00e9clat. L\u2019\u00e2me vacille, puis choisit son pas : Ni l\u2019un,\u2026","rel":"","context":"Article similaire","block_context":{"text":"Article similaire","link":""},"img":{"alt_text":"","src":"https:\/\/i0.wp.com\/ganeshadreamstore.centreganesha.com\/store\/wp-content\/uploads\/2026\/02\/le-couteau-rouge.jpg?fit=1200%2C686&ssl=1&resize=350%2C200","width":350,"height":200,"srcset":"https:\/\/i0.wp.com\/ganeshadreamstore.centreganesha.com\/store\/wp-content\/uploads\/2026\/02\/le-couteau-rouge.jpg?fit=1200%2C686&ssl=1&resize=350%2C200 1x, https:\/\/i0.wp.com\/ganeshadreamstore.centreganesha.com\/store\/wp-content\/uploads\/2026\/02\/le-couteau-rouge.jpg?fit=1200%2C686&ssl=1&resize=525%2C300 1.5x, https:\/\/i0.wp.com\/ganeshadreamstore.centreganesha.com\/store\/wp-content\/uploads\/2026\/02\/le-couteau-rouge.jpg?fit=1200%2C686&ssl=1&resize=700%2C400 2x, https:\/\/i0.wp.com\/ganeshadreamstore.centreganesha.com\/store\/wp-content\/uploads\/2026\/02\/le-couteau-rouge.jpg?fit=1200%2C686&ssl=1&resize=1050%2C600 3x"},"classes":[]},{"id":1773,"url":"https:\/\/ganeshadreamstore.centreganesha.com\/store\/produit\/ma-petite-fille-cherie\/","url_meta":{"origin":1747,"position":3},"title":"Ma petite fille ch\u00e9rie","author":"Centre Ganesha","date":"9 mars 2026","format":false,"excerpt":"Chanson arrang\u00e9e - MP3 A regarder sur Youtube (si vous aimez, partagez et mettez un pouce...) https:\/\/youtu.be\/0w8w6IaQbyQ \u00a0 \u00a0","rel":"","context":"Article similaire","block_context":{"text":"Article similaire","link":""},"img":{"alt_text":"","src":"https:\/\/i0.wp.com\/ganeshadreamstore.centreganesha.com\/store\/wp-content\/uploads\/2026\/03\/carine.jpg?fit=332%2C374&ssl=1&resize=350%2C200","width":350,"height":200},"classes":[]},{"id":1705,"url":"https:\/\/ganeshadreamstore.centreganesha.com\/store\/produit\/jai-pas-fini-de-te-dire\/","url_meta":{"origin":1747,"position":4},"title":"J&rsquo;ai pas fini de te dire","author":"Centre Ganesha","date":"27 f\u00e9vrier 2026","format":false,"excerpt":"J\u2019ai pas fini de te dire\u2026 Je ne veux rien\u2026 Pas besoin de tout \u00e7a Toutes ces mani\u00e8res Pas de fleurs, pas de tombe\u2026 Qu\u2019est ce que c\u2019est Toute cette insignifiance ? O\u00f9 as-tu enregistr\u00e9 tout \u00e7a ? Qui t\u2019a mis \u00e7a dans la t\u00eate ? Tu voulais nous enterrer\u2026","rel":"","context":"Article similaire","block_context":{"text":"Article similaire","link":""},"img":{"alt_text":"","src":"https:\/\/i0.wp.com\/ganeshadreamstore.centreganesha.com\/store\/wp-content\/uploads\/2026\/02\/commencement-scaled.jpg?fit=1200%2C900&ssl=1&resize=350%2C200","width":350,"height":200,"srcset":"https:\/\/i0.wp.com\/ganeshadreamstore.centreganesha.com\/store\/wp-content\/uploads\/2026\/02\/commencement-scaled.jpg?fit=1200%2C900&ssl=1&resize=350%2C200 1x, https:\/\/i0.wp.com\/ganeshadreamstore.centreganesha.com\/store\/wp-content\/uploads\/2026\/02\/commencement-scaled.jpg?fit=1200%2C900&ssl=1&resize=525%2C300 1.5x, https:\/\/i0.wp.com\/ganeshadreamstore.centreganesha.com\/store\/wp-content\/uploads\/2026\/02\/commencement-scaled.jpg?fit=1200%2C900&ssl=1&resize=700%2C400 2x, https:\/\/i0.wp.com\/ganeshadreamstore.centreganesha.com\/store\/wp-content\/uploads\/2026\/02\/commencement-scaled.jpg?fit=1200%2C900&ssl=1&resize=1050%2C600 3x"},"classes":[]},{"id":1845,"url":"https:\/\/ganeshadreamstore.centreganesha.com\/store\/produit\/le-sabot-de-fee\/","url_meta":{"origin":1747,"position":5},"title":"Le sabot de F\u00e9e","author":"Centre Ganesha","date":"25 mars 2026","format":false,"excerpt":"Chanson de ChamanKa. Format MP3. A \u00e9couter sur YouTube https:\/\/youtu.be\/zxHKou95W50","rel":"","context":"Article similaire","block_context":{"text":"Article similaire","link":""},"img":{"alt_text":"","src":"https:\/\/i0.wp.com\/ganeshadreamstore.centreganesha.com\/store\/wp-content\/uploads\/2026\/03\/le-sabot-de-Fee.jpg?fit=1200%2C686&ssl=1&resize=350%2C200","width":350,"height":200,"srcset":"https:\/\/i0.wp.com\/ganeshadreamstore.centreganesha.com\/store\/wp-content\/uploads\/2026\/03\/le-sabot-de-Fee.jpg?fit=1200%2C686&ssl=1&resize=350%2C200 1x, https:\/\/i0.wp.com\/ganeshadreamstore.centreganesha.com\/store\/wp-content\/uploads\/2026\/03\/le-sabot-de-Fee.jpg?fit=1200%2C686&ssl=1&resize=525%2C300 1.5x, https:\/\/i0.wp.com\/ganeshadreamstore.centreganesha.com\/store\/wp-content\/uploads\/2026\/03\/le-sabot-de-Fee.jpg?fit=1200%2C686&ssl=1&resize=700%2C400 2x, https:\/\/i0.wp.com\/ganeshadreamstore.centreganesha.com\/store\/wp-content\/uploads\/2026\/03\/le-sabot-de-Fee.jpg?fit=1200%2C686&ssl=1&resize=1050%2C600 3x"},"classes":[]}],"_links":{"self":[{"href":"https:\/\/ganeshadreamstore.centreganesha.com\/store\/wp-json\/wp\/v2\/product\/1747","targetHints":{"allow":["GET"]}}],"collection":[{"href":"https:\/\/ganeshadreamstore.centreganesha.com\/store\/wp-json\/wp\/v2\/product"}],"about":[{"href":"https:\/\/ganeshadreamstore.centreganesha.com\/store\/wp-json\/wp\/v2\/types\/product"}],"wp:featuredmedia":[{"embeddable":true,"href":"https:\/\/ganeshadreamstore.centreganesha.com\/store\/wp-json\/wp\/v2\/media\/1751"}],"wp:attachment":[{"href":"https:\/\/ganeshadreamstore.centreganesha.com\/store\/wp-json\/wp\/v2\/media?parent=1747"}],"wp:term":[{"taxonomy":"product_brand","embeddable":true,"href":"https:\/\/ganeshadreamstore.centreganesha.com\/store\/wp-json\/wp\/v2\/product_brand?post=1747"},{"taxonomy":"product_cat","embeddable":true,"href":"https:\/\/ganeshadreamstore.centreganesha.com\/store\/wp-json\/wp\/v2\/product_cat?post=1747"},{"taxonomy":"product_tag","embeddable":true,"href":"https:\/\/ganeshadreamstore.centreganesha.com\/store\/wp-json\/wp\/v2\/product_tag?post=1747"}],"curies":[{"name":"wp","href":"https:\/\/api.w.org\/{rel}","templated":true}]}}