{"id":1743,"date":"2026-03-06T15:13:15","date_gmt":"2026-03-06T14:13:15","guid":{"rendered":"https:\/\/ganeshadreamstore.centreganesha.com\/store\/?post_type=product&#038;p=1743"},"modified":"2026-03-06T15:25:27","modified_gmt":"2026-03-06T14:25:27","slug":"folie","status":"publish","type":"product","link":"https:\/\/ganeshadreamstore.centreganesha.com\/store\/produit\/folie\/","title":{"rendered":"Folie"},"content":{"rendered":"<p>Couplet 1<br \/>\nLa folie s\u2019insinue,<br \/>\nRacine sous la peau.<br \/>\nUn silence qui ruse,<br \/>\nEt t\u2019entra\u00eene en haut\u2026<br \/>\nElle pousse, elle grimpe,<br \/>\nDans l\u2019ombre, sans bruit.<br \/>\nTu la crois \u00e9ph\u00e9m\u00e8re \u2014<br \/>\nElle te tient, elle te suit.<\/p>\n<p>Refrain<br \/>\nH\u00f4tel de la perversit\u00e9,<br \/>\nElle frappe en plein c\u0153ur.<br \/>\nSi tu baisses la garde,<br \/>\nTu n\u2019auras plus d\u2019pouvoir.<br \/>\nH\u00f4tel de la perversit\u00e9,<br \/>\nUn r\u00eave d\u00e9racin\u00e9 \u2014<br \/>\nElle avance\u2026 elle avance\u2026<br \/>\nEt te vole ta raison.<\/p>\n<p>Couplet 2<br \/>\nSes branches dans tes veines,<br \/>\nMille feux dans ses yeux.<br \/>\nTu danses dans l\u2019ar\u00e8ne,<br \/>\nSans voir le feu sacr\u00e9.<br \/>\nElle flatte ton \u00e2me,<br \/>\nTe vend des faux printemps\u2026<br \/>\nEt t\u2019offre, en guise de calme,<br \/>\nUn enfer en pr\u00e9sent.<\/p>\n<p>Pont<br \/>\nPas un cri.<br \/>\nPas un signe.<br \/>\nJuste cette ombre qui s\u2019\u00e9crit\u2026<br \/>\nDans ta t\u00eate.<br \/>\nDans ta nuit.<br \/>\nEt demain ?<br \/>\nQui restera ?<\/p>\n<p>Refrain final<\/p>\n<p>H\u00f4tel de la perversit\u00e9,<br \/>\nElle frappe en plein c\u0153ur.<br \/>\nSi tu baisses la garde,<br \/>\nTu n\u2019auras plus d\u2019pouvoir.<br \/>\nH\u00f4tel de la perversit\u00e9,<br \/>\nUn r\u00eave d\u00e9racin\u00e9 \u2014<br \/>\nElle avance\u2026 elle avance\u2026<br \/>\nEt te vole ta raison.<\/p>\n","protected":false},"excerpt":{"rendered":"<p>Chanson arrang\u00e9e &#8211; MP3<\/p>\n<p>\u00e0 regarder sur Youtube :<\/p>\n<p>https:\/\/youtu.be\/9A6ku1QCyrE<\/p>\n","protected":false},"featured_media":1746,"template":"","meta":{"jetpack_post_was_ever_published":false,"jetpack_publicize_message":"","jetpack_publicize_feature_enabled":true,"jetpack_social_post_already_shared":true,"jetpack_social_options":{"image_generator_settings":{"template":"highway","default_image_id":0,"font":"","enabled":false},"version":2}},"product_brand":[],"product_cat":[331],"product_tag":[344,345],"class_list":{"0":"post-1743","1":"product","2":"type-product","3":"status-publish","4":"has-post-thumbnail","6":"product_cat-chansons-arrangees-mp3","7":"product_tag-folie","8":"product_tag-mp3","10":"first","11":"instock","12":"downloadable","13":"virtual","14":"purchasable","15":"product-type-simple"},"jetpack_publicize_connections":[],"jetpack_sharing_enabled":true,"jetpack_likes_enabled":true,"jetpack-related-posts":[{"id":1837,"url":"https:\/\/ganeshadreamstore.centreganesha.com\/store\/produit\/limposteur\/","url_meta":{"origin":1743,"position":0},"title":"L&rsquo;imposteur","author":"Centre Ganesha","date":"24 mars 2026","format":false,"excerpt":"Chanson \u00e9crite et arrang\u00e9e par ChamanKa \u00e0 \u00e9couter sur YouTube : https:\/\/youtu.be\/r8X3Y666eBA","rel":"","context":"Article similaire","block_context":{"text":"Article similaire","link":""},"img":{"alt_text":"","src":"https:\/\/i0.wp.com\/ganeshadreamstore.centreganesha.com\/store\/wp-content\/uploads\/2026\/03\/limposteur.jpg?fit=1200%2C686&ssl=1&resize=350%2C200","width":350,"height":200,"srcset":"https:\/\/i0.wp.com\/ganeshadreamstore.centreganesha.com\/store\/wp-content\/uploads\/2026\/03\/limposteur.jpg?fit=1200%2C686&ssl=1&resize=350%2C200 1x, https:\/\/i0.wp.com\/ganeshadreamstore.centreganesha.com\/store\/wp-content\/uploads\/2026\/03\/limposteur.jpg?fit=1200%2C686&ssl=1&resize=525%2C300 1.5x, https:\/\/i0.wp.com\/ganeshadreamstore.centreganesha.com\/store\/wp-content\/uploads\/2026\/03\/limposteur.jpg?fit=1200%2C686&ssl=1&resize=700%2C400 2x, https:\/\/i0.wp.com\/ganeshadreamstore.centreganesha.com\/store\/wp-content\/uploads\/2026\/03\/limposteur.jpg?fit=1200%2C686&ssl=1&resize=1050%2C600 3x"},"classes":[]},{"id":1791,"url":"https:\/\/ganeshadreamstore.centreganesha.com\/store\/produit\/exile\/","url_meta":{"origin":1743,"position":1},"title":"Exil\u00e9","author":"Centre Ganesha","date":"13 mars 2026","format":false,"excerpt":"Chanson compos\u00e9e par ChamanKa \u00e0 \u00e9couter sur Youtube : https:\/\/youtu.be\/zTiLiaxUjtQ","rel":"","context":"Article similaire","block_context":{"text":"Article similaire","link":""},"img":{"alt_text":"","src":"https:\/\/i0.wp.com\/ganeshadreamstore.centreganesha.com\/store\/wp-content\/uploads\/2026\/03\/exile.jpg?fit=340%2C324&ssl=1&resize=350%2C200","width":350,"height":200},"classes":[]},{"id":1773,"url":"https:\/\/ganeshadreamstore.centreganesha.com\/store\/produit\/ma-petite-fille-cherie\/","url_meta":{"origin":1743,"position":2},"title":"Ma petite fille ch\u00e9rie","author":"Centre Ganesha","date":"9 mars 2026","format":false,"excerpt":"Chanson arrang\u00e9e - MP3 A regarder sur Youtube (si vous aimez, partagez et mettez un pouce...) https:\/\/youtu.be\/0w8w6IaQbyQ \u00a0 \u00a0","rel":"","context":"Article similaire","block_context":{"text":"Article similaire","link":""},"img":{"alt_text":"","src":"https:\/\/i0.wp.com\/ganeshadreamstore.centreganesha.com\/store\/wp-content\/uploads\/2026\/03\/carine.jpg?fit=332%2C374&ssl=1&resize=350%2C200","width":350,"height":200},"classes":[]},{"id":1715,"url":"https:\/\/ganeshadreamstore.centreganesha.com\/store\/produit\/mon-petit-roi\/","url_meta":{"origin":1743,"position":3},"title":"Mon Petit Roi","author":"Centre Ganesha","date":"1 mars 2026","format":false,"excerpt":"Couplet 1 : Je vais sortir le King Charles, La laisse\u2026 mais o\u00f9 l\u2019ai-je laiss\u00e9e ? Un tour, encore un tour sans fin, Mon t\u00e9l\u00e9phone, le CD\u2026 Ce cafard qui me ronge en silence, Et ton regard qui manque d\u2019insistance. Refrain : Allez, viens, mon petit roi, On va marcher\u2026","rel":"","context":"Article similaire","block_context":{"text":"Article similaire","link":""},"img":{"alt_text":"","src":"https:\/\/i0.wp.com\/ganeshadreamstore.centreganesha.com\/store\/wp-content\/uploads\/2026\/03\/Ernest.jpg?fit=650%2C665&ssl=1&resize=350%2C200","width":350,"height":200,"srcset":"https:\/\/i0.wp.com\/ganeshadreamstore.centreganesha.com\/store\/wp-content\/uploads\/2026\/03\/Ernest.jpg?fit=650%2C665&ssl=1&resize=350%2C200 1x, https:\/\/i0.wp.com\/ganeshadreamstore.centreganesha.com\/store\/wp-content\/uploads\/2026\/03\/Ernest.jpg?fit=650%2C665&ssl=1&resize=525%2C300 1.5x"},"classes":[]},{"id":1778,"url":"https:\/\/ganeshadreamstore.centreganesha.com\/store\/produit\/elementaire-simplement\/","url_meta":{"origin":1743,"position":4},"title":"El\u00e9mentaire simplement","author":"Centre Ganesha","date":"11 mars 2026","format":false,"excerpt":"Chanson arrang\u00e9e - MP3 A regarder sur Youtube : https:\/\/youtu.be\/4itCMR1xLdY","rel":"","context":"Article similaire","block_context":{"text":"Article similaire","link":""},"img":{"alt_text":"","src":"https:\/\/i0.wp.com\/ganeshadreamstore.centreganesha.com\/store\/wp-content\/uploads\/2026\/03\/elementaire-simplement.jpg?fit=1200%2C686&ssl=1&resize=350%2C200","width":350,"height":200,"srcset":"https:\/\/i0.wp.com\/ganeshadreamstore.centreganesha.com\/store\/wp-content\/uploads\/2026\/03\/elementaire-simplement.jpg?fit=1200%2C686&ssl=1&resize=350%2C200 1x, https:\/\/i0.wp.com\/ganeshadreamstore.centreganesha.com\/store\/wp-content\/uploads\/2026\/03\/elementaire-simplement.jpg?fit=1200%2C686&ssl=1&resize=525%2C300 1.5x, https:\/\/i0.wp.com\/ganeshadreamstore.centreganesha.com\/store\/wp-content\/uploads\/2026\/03\/elementaire-simplement.jpg?fit=1200%2C686&ssl=1&resize=700%2C400 2x, https:\/\/i0.wp.com\/ganeshadreamstore.centreganesha.com\/store\/wp-content\/uploads\/2026\/03\/elementaire-simplement.jpg?fit=1200%2C686&ssl=1&resize=1050%2C600 3x"},"classes":[]},{"id":1421,"url":"https:\/\/ganeshadreamstore.centreganesha.com\/store\/produit\/fleur-de-vie-en-bois\/","url_meta":{"origin":1743,"position":5},"title":"Fleur de vie en bois","author":"Centre Ganesha","date":"26 d\u00e9cembre 2021","format":false,"excerpt":"G\u00e9om\u00e9trie sacr\u00e9e : Fleur de Vie Cette fleur de vie en bois et d\u00e9coup\u00e9e au laser vous apportera tous les bienfaits de son onde de forme. \u00c9paisseur: 5mm\u00a0 Taille: diam\u00e8tre: 14cm","rel":"","context":"Article similaire","block_context":{"text":"Article similaire","link":""},"img":{"alt_text":"","src":"https:\/\/i0.wp.com\/ganeshadreamstore.centreganesha.com\/store\/wp-content\/uploads\/2021\/12\/fleur-de-vie-en-bois.jpg?fit=346%2C346&ssl=1&resize=350%2C200","width":350,"height":200},"classes":[]}],"_links":{"self":[{"href":"https:\/\/ganeshadreamstore.centreganesha.com\/store\/wp-json\/wp\/v2\/product\/1743","targetHints":{"allow":["GET"]}}],"collection":[{"href":"https:\/\/ganeshadreamstore.centreganesha.com\/store\/wp-json\/wp\/v2\/product"}],"about":[{"href":"https:\/\/ganeshadreamstore.centreganesha.com\/store\/wp-json\/wp\/v2\/types\/product"}],"wp:featuredmedia":[{"embeddable":true,"href":"https:\/\/ganeshadreamstore.centreganesha.com\/store\/wp-json\/wp\/v2\/media\/1746"}],"wp:attachment":[{"href":"https:\/\/ganeshadreamstore.centreganesha.com\/store\/wp-json\/wp\/v2\/media?parent=1743"}],"wp:term":[{"taxonomy":"product_brand","embeddable":true,"href":"https:\/\/ganeshadreamstore.centreganesha.com\/store\/wp-json\/wp\/v2\/product_brand?post=1743"},{"taxonomy":"product_cat","embeddable":true,"href":"https:\/\/ganeshadreamstore.centreganesha.com\/store\/wp-json\/wp\/v2\/product_cat?post=1743"},{"taxonomy":"product_tag","embeddable":true,"href":"https:\/\/ganeshadreamstore.centreganesha.com\/store\/wp-json\/wp\/v2\/product_tag?post=1743"}],"curies":[{"name":"wp","href":"https:\/\/api.w.org\/{rel}","templated":true}]}}