{"id":1727,"date":"2026-03-03T18:08:55","date_gmt":"2026-03-03T17:08:55","guid":{"rendered":"https:\/\/ganeshadreamstore.centreganesha.com\/store\/?post_type=product&#038;p=1727"},"modified":"2026-03-03T18:56:57","modified_gmt":"2026-03-03T17:56:57","slug":"le-voyage-de-la-vie","status":"publish","type":"product","link":"https:\/\/ganeshadreamstore.centreganesha.com\/store\/produit\/le-voyage-de-la-vie\/","title":{"rendered":"Laisse-les tomber"},"content":{"rendered":"<p><em>Le voyage de la vie<\/em><\/p>\n<p><em>Couplet 1<\/em><br \/>\nIls sont si fiers, le regard haut, l\u2019\u00e2me en feu,<br \/>\nImbus d\u2019eux-m\u00eames, mais si loin d\u2019\u00eatre sages.<br \/>\nLe monde \u00e0 leurs pieds, ils croient tout conna\u00eetre,<br \/>\nMais la sagesse, elle, ne se prend pas au pi\u00e8ge.<\/p>\n<p><em>Pr\u00e9-refrain<\/em><br \/>\nComment leur dire qu\u2019ils sont encore enfants,<br \/>\n\u00c0 sourire trop vite, \u00e0 br\u00fbler trop souvent ?<br \/>\nLeur innocence brille, mais cache bien l\u2019orage\u2026<br \/>\nSurtout, ne rien briser. Laisser faire le voyage.<\/p>\n<p><em>Refrain<\/em><br \/>\nLaisse-les tomber, laisse-les mal tourner,<br \/>\nLaisse le temps leur apprendre \u00e0 se remettre en question.<br \/>\nIls sont si s\u00fbrs d\u2019eux, mais tout ignorent,<br \/>\nUn jour, l\u2019humilit\u00e9 viendra les raisonner.<\/p>\n<p><em>Couplet 2<\/em><br \/>\nPas d\u2019anges, non, mais des c\u0153urs pleins d\u2019\u00e9clats,<br \/>\nDes r\u00eaves trop grands, des pas trop press\u00e9s.<br \/>\nIls rient fort, mais parfois sans raison,<br \/>\nLeur fiert\u00e9, leur armure, leur seule chanson.<\/p>\n<p><em>Refrain<\/em><br \/>\nLaisse-les tomber, laisse-les mal tourner,<br \/>\nLaisse le temps leur apprendre \u00e0 se remettre en question.<br \/>\nIls sont si s\u00fbrs d\u2019eux, mais tout ignorent,<br \/>\nUn jour, l\u2019humilit\u00e9 viendra les raisonner.<\/p>\n<p><em>Pont<\/em><br \/>\nPas besoin de parler, pas besoin de guider,<br \/>\nLa vie saura les secouer, les \u00e9branler.<br \/>\nQu\u2019ils tr\u00e9buchent, qu\u2019ils doutent, qu\u2019ils se rel\u00e8vent,<br \/>\nC\u2019est l\u00e0 qu\u2019ils deviendront ce qu\u2019ils doivent \u00eatre.<\/p>\n<p><em>Refrain final<\/em><br \/>\nLaisse-les tomber, laisse-les mal tourner,<br \/>\nLaisse le temps leur apprendre \u00e0 se remettre en question.<br \/>\nIls sont si s\u00fbrs d\u2019eux, mais tout ignorent,<br \/>\nUn jour, l\u2019humilit\u00e9 viendra les raisonner\u2026<\/p>\n<p>&nbsp;<\/p>\n","protected":false},"excerpt":{"rendered":"<p>Chanson arrang\u00e9e &#8211; MP3<\/p>\n<p>\u00e0 regarder sur Youtube, laissez un like et abonnez-vous \u00e0 ma cha\u00eene :<\/p>\n<p>https:\/\/youtu.be\/06pI-DstOEI<\/p>\n","protected":false},"featured_media":1729,"template":"","meta":{"jetpack_post_was_ever_published":false,"jetpack_publicize_message":"","jetpack_publicize_feature_enabled":true,"jetpack_social_post_already_shared":true,"jetpack_social_options":{"image_generator_settings":{"template":"highway","default_image_id":0,"font":"","enabled":false},"version":2}},"product_brand":[],"product_cat":[331],"product_tag":[341],"class_list":{"0":"post-1727","1":"product","2":"type-product","3":"status-publish","4":"has-post-thumbnail","6":"product_cat-chansons-arrangees-mp3","7":"product_tag-laisse-les-tomber","9":"first","10":"instock","11":"downloadable","12":"virtual","13":"purchasable","14":"product-type-simple"},"jetpack_publicize_connections":[],"jetpack_sharing_enabled":true,"jetpack_likes_enabled":true,"jetpack-related-posts":[{"id":1733,"url":"https:\/\/ganeshadreamstore.centreganesha.com\/store\/produit\/les-cigognes-sont-passees\/","url_meta":{"origin":1727,"position":0},"title":"Les cigognes sont pass\u00e9es","author":"Centre Ganesha","date":"4 mars 2026","format":false,"excerpt":"Chanson arrang\u00e9e - MP3 Paroles et musique de F. K. Adjam","rel":"","context":"Article similaire","block_context":{"text":"Article similaire","link":""},"img":{"alt_text":"","src":"https:\/\/i0.wp.com\/ganeshadreamstore.centreganesha.com\/store\/wp-content\/uploads\/2026\/03\/Les-cigognes-sont-passees.jpg?fit=738%2C676&ssl=1&resize=350%2C200","width":350,"height":200,"srcset":"https:\/\/i0.wp.com\/ganeshadreamstore.centreganesha.com\/store\/wp-content\/uploads\/2026\/03\/Les-cigognes-sont-passees.jpg?fit=738%2C676&ssl=1&resize=350%2C200 1x, https:\/\/i0.wp.com\/ganeshadreamstore.centreganesha.com\/store\/wp-content\/uploads\/2026\/03\/Les-cigognes-sont-passees.jpg?fit=738%2C676&ssl=1&resize=525%2C300 1.5x, https:\/\/i0.wp.com\/ganeshadreamstore.centreganesha.com\/store\/wp-content\/uploads\/2026\/03\/Les-cigognes-sont-passees.jpg?fit=738%2C676&ssl=1&resize=700%2C400 2x"},"classes":[]},{"id":1747,"url":"https:\/\/ganeshadreamstore.centreganesha.com\/store\/produit\/les-reves-inacheves\/","url_meta":{"origin":1727,"position":1},"title":"Les r\u00eaves inachev\u00e9s","author":"Centre Ganesha","date":"7 mars 2026","format":false,"excerpt":"Chanson arrang\u00e9e - MP3 \u00e0 regarder sur youtube\u00a0 (abonnez-vous \u00e0 ma cha\u00eene et partager) : https:\/\/youtu.be\/a6DtwNLKbXU","rel":"","context":"Article similaire","block_context":{"text":"Article similaire","link":""},"img":{"alt_text":"","src":"https:\/\/i0.wp.com\/ganeshadreamstore.centreganesha.com\/store\/wp-content\/uploads\/2026\/03\/les-reves-inacheves.jpg?fit=1200%2C686&ssl=1&resize=350%2C200","width":350,"height":200,"srcset":"https:\/\/i0.wp.com\/ganeshadreamstore.centreganesha.com\/store\/wp-content\/uploads\/2026\/03\/les-reves-inacheves.jpg?fit=1200%2C686&ssl=1&resize=350%2C200 1x, https:\/\/i0.wp.com\/ganeshadreamstore.centreganesha.com\/store\/wp-content\/uploads\/2026\/03\/les-reves-inacheves.jpg?fit=1200%2C686&ssl=1&resize=525%2C300 1.5x, https:\/\/i0.wp.com\/ganeshadreamstore.centreganesha.com\/store\/wp-content\/uploads\/2026\/03\/les-reves-inacheves.jpg?fit=1200%2C686&ssl=1&resize=700%2C400 2x, https:\/\/i0.wp.com\/ganeshadreamstore.centreganesha.com\/store\/wp-content\/uploads\/2026\/03\/les-reves-inacheves.jpg?fit=1200%2C686&ssl=1&resize=1050%2C600 3x"},"classes":[]},{"id":1737,"url":"https:\/\/ganeshadreamstore.centreganesha.com\/store\/produit\/ils-ne-comprennent-pas\/","url_meta":{"origin":1727,"position":2},"title":"Ils ne comprennent pas","author":"Centre Ganesha","date":"4 mars 2026","format":false,"excerpt":"Chanson arrang\u00e9e - MP3 \u00e0 regarder sur YouTube : https:\/\/youtu.be\/HzVPXdJ1TRY","rel":"","context":"Article similaire","block_context":{"text":"Article similaire","link":""},"img":{"alt_text":"","src":"https:\/\/i0.wp.com\/ganeshadreamstore.centreganesha.com\/store\/wp-content\/uploads\/2026\/03\/ils-ne-comprennent-pas.png?fit=512%2C512&ssl=1&resize=350%2C200","width":350,"height":200},"classes":[]},{"id":1715,"url":"https:\/\/ganeshadreamstore.centreganesha.com\/store\/produit\/mon-petit-roi\/","url_meta":{"origin":1727,"position":3},"title":"Mon Petit Roi","author":"Centre Ganesha","date":"1 mars 2026","format":false,"excerpt":"Couplet 1 : Je vais sortir le King Charles, La laisse\u2026 mais o\u00f9 l\u2019ai-je laiss\u00e9e ? Un tour, encore un tour sans fin, Mon t\u00e9l\u00e9phone, le CD\u2026 Ce cafard qui me ronge en silence, Et ton regard qui manque d\u2019insistance. Refrain : Allez, viens, mon petit roi, On va marcher\u2026","rel":"","context":"Article similaire","block_context":{"text":"Article similaire","link":""},"img":{"alt_text":"","src":"https:\/\/i0.wp.com\/ganeshadreamstore.centreganesha.com\/store\/wp-content\/uploads\/2026\/03\/Ernest.jpg?fit=650%2C665&ssl=1&resize=350%2C200","width":350,"height":200,"srcset":"https:\/\/i0.wp.com\/ganeshadreamstore.centreganesha.com\/store\/wp-content\/uploads\/2026\/03\/Ernest.jpg?fit=650%2C665&ssl=1&resize=350%2C200 1x, https:\/\/i0.wp.com\/ganeshadreamstore.centreganesha.com\/store\/wp-content\/uploads\/2026\/03\/Ernest.jpg?fit=650%2C665&ssl=1&resize=525%2C300 1.5x"},"classes":[]},{"id":1773,"url":"https:\/\/ganeshadreamstore.centreganesha.com\/store\/produit\/ma-petite-fille-cherie\/","url_meta":{"origin":1727,"position":4},"title":"Ma petite fille ch\u00e9rie","author":"Centre Ganesha","date":"9 mars 2026","format":false,"excerpt":"Chanson arrang\u00e9e - MP3 A regarder sur Youtube (si vous aimez, partagez et mettez un pouce...) https:\/\/youtu.be\/0w8w6IaQbyQ \u00a0 \u00a0","rel":"","context":"Article similaire","block_context":{"text":"Article similaire","link":""},"img":{"alt_text":"","src":"https:\/\/i0.wp.com\/ganeshadreamstore.centreganesha.com\/store\/wp-content\/uploads\/2026\/03\/carine.jpg?fit=332%2C374&ssl=1&resize=350%2C200","width":350,"height":200},"classes":[]},{"id":1837,"url":"https:\/\/ganeshadreamstore.centreganesha.com\/store\/produit\/limposteur\/","url_meta":{"origin":1727,"position":5},"title":"L&rsquo;imposteur","author":"Centre Ganesha","date":"24 mars 2026","format":false,"excerpt":"Chanson \u00e9crite et arrang\u00e9e par ChamanKa \u00e0 \u00e9couter sur YouTube : https:\/\/youtu.be\/r8X3Y666eBA","rel":"","context":"Article similaire","block_context":{"text":"Article similaire","link":""},"img":{"alt_text":"","src":"https:\/\/i0.wp.com\/ganeshadreamstore.centreganesha.com\/store\/wp-content\/uploads\/2026\/03\/limposteur.jpg?fit=1200%2C686&ssl=1&resize=350%2C200","width":350,"height":200,"srcset":"https:\/\/i0.wp.com\/ganeshadreamstore.centreganesha.com\/store\/wp-content\/uploads\/2026\/03\/limposteur.jpg?fit=1200%2C686&ssl=1&resize=350%2C200 1x, https:\/\/i0.wp.com\/ganeshadreamstore.centreganesha.com\/store\/wp-content\/uploads\/2026\/03\/limposteur.jpg?fit=1200%2C686&ssl=1&resize=525%2C300 1.5x, https:\/\/i0.wp.com\/ganeshadreamstore.centreganesha.com\/store\/wp-content\/uploads\/2026\/03\/limposteur.jpg?fit=1200%2C686&ssl=1&resize=700%2C400 2x, https:\/\/i0.wp.com\/ganeshadreamstore.centreganesha.com\/store\/wp-content\/uploads\/2026\/03\/limposteur.jpg?fit=1200%2C686&ssl=1&resize=1050%2C600 3x"},"classes":[]}],"_links":{"self":[{"href":"https:\/\/ganeshadreamstore.centreganesha.com\/store\/wp-json\/wp\/v2\/product\/1727","targetHints":{"allow":["GET"]}}],"collection":[{"href":"https:\/\/ganeshadreamstore.centreganesha.com\/store\/wp-json\/wp\/v2\/product"}],"about":[{"href":"https:\/\/ganeshadreamstore.centreganesha.com\/store\/wp-json\/wp\/v2\/types\/product"}],"wp:featuredmedia":[{"embeddable":true,"href":"https:\/\/ganeshadreamstore.centreganesha.com\/store\/wp-json\/wp\/v2\/media\/1729"}],"wp:attachment":[{"href":"https:\/\/ganeshadreamstore.centreganesha.com\/store\/wp-json\/wp\/v2\/media?parent=1727"}],"wp:term":[{"taxonomy":"product_brand","embeddable":true,"href":"https:\/\/ganeshadreamstore.centreganesha.com\/store\/wp-json\/wp\/v2\/product_brand?post=1727"},{"taxonomy":"product_cat","embeddable":true,"href":"https:\/\/ganeshadreamstore.centreganesha.com\/store\/wp-json\/wp\/v2\/product_cat?post=1727"},{"taxonomy":"product_tag","embeddable":true,"href":"https:\/\/ganeshadreamstore.centreganesha.com\/store\/wp-json\/wp\/v2\/product_tag?post=1727"}],"curies":[{"name":"wp","href":"https:\/\/api.w.org\/{rel}","templated":true}]}}