{"id":1720,"date":"2026-03-02T10:59:16","date_gmt":"2026-03-02T09:59:16","guid":{"rendered":"https:\/\/ganeshadreamstore.centreganesha.com\/store\/?post_type=product&#038;p=1720"},"modified":"2026-03-02T20:18:54","modified_gmt":"2026-03-02T19:18:54","slug":"hooponopono","status":"publish","type":"product","link":"https:\/\/ganeshadreamstore.centreganesha.com\/store\/produit\/hooponopono\/","title":{"rendered":"Ho&rsquo;oPonoPono"},"content":{"rendered":"<p>Vous pouvez la visionner sur Youtube\u2026n\u2019oubliez pas de \u00ab\u00a0liker\u00a0\u00bb si vous aimez et de vous abonner \u00e0 ma cha\u00eene pour \u00eatre inform\u00e9 des nouvelles compositions.<\/p>\n<p><strong><a href=\"https:\/\/youtu.be\/lWlDAcG-tSk\" target=\"_blank\" rel=\"noopener\">Ho&rsquo;oponopono<\/a><\/strong><\/p>\n","protected":false},"excerpt":{"rendered":"<p><strong class=\"svelte-x57wqa\"><button class=\"qa-inline-entity\"><span class=\"svelte-x57wqa\">Ho\u02bboponopono<\/span><\/button><\/strong><span class=\"svelte-x57wqa\">\u00a0est une tradition spirituelle et sociale hawa\u00efenne ancienne, signifiant litt\u00e9ralement \u00ab remettre les choses en ordre \u00bb ou \u00ab r\u00e9tablir l\u2019\u00e9quilibre \u00bb.<\/span><\/p>\n<p>Vous pouvez utiliser cet enregistrement pour vous aider \u00e0 pratiquer cette introspection<\/p>\n<ul class=\"svelte-x57wqa\">\n<li class=\"svelte-x57wqa\">\n<p class=\"svelte-x57wqa\"><strong class=\"svelte-x57wqa\"><span class=\"svelte-x57wqa\">Je suis d\u00e9sol\u00e9<\/span><\/strong><\/p>\n<\/li>\n<li class=\"svelte-x57wqa\">\n<p class=\"svelte-x57wqa\"><strong class=\"svelte-x57wqa\"><span class=\"svelte-x57wqa\">Pardonne-moi<\/span><\/strong><\/p>\n<\/li>\n<li class=\"svelte-x57wqa\">\n<p class=\"svelte-x57wqa\"><strong class=\"svelte-x57wqa\"><span class=\"svelte-x57wqa\">Merci<\/span><\/strong><\/p>\n<\/li>\n<li class=\"svelte-x57wqa\">\n<p class=\"svelte-x57wqa\"><strong class=\"svelte-x57wqa\"><span class=\"svelte-x57wqa\">Je t\u2019aime<\/span><\/strong><\/p>\n<\/li>\n<\/ul>\n","protected":false},"featured_media":1721,"template":"","meta":{"jetpack_post_was_ever_published":false,"jetpack_publicize_message":"","jetpack_publicize_feature_enabled":true,"jetpack_social_post_already_shared":true,"jetpack_social_options":{"image_generator_settings":{"template":"highway","default_image_id":0,"font":"","enabled":false},"version":2}},"product_brand":[],"product_cat":[331],"product_tag":[339],"class_list":{"0":"post-1720","1":"product","2":"type-product","3":"status-publish","4":"has-post-thumbnail","6":"product_cat-chansons-arrangees-mp3","7":"product_tag-hooponopono","9":"first","10":"instock","11":"downloadable","12":"virtual","13":"purchasable","14":"product-type-simple"},"jetpack_publicize_connections":[],"jetpack_sharing_enabled":true,"jetpack_likes_enabled":true,"jetpack-related-posts":[{"id":70,"url":"https:\/\/ganeshadreamstore.centreganesha.com\/store\/produit\/100g-de-pierres-damethyste-pour-la-guerison-ou-le-fenshui\/","url_meta":{"origin":1720,"position":0},"title":"100g de Pierres d&rsquo;amethyste pour la guerison ou le fenshui","author":"Centre Ganesha","date":"24 d\u00e9cembre 2017","format":false,"excerpt":"100gr de Pierres d'am\u00e9thyste polie pour la gu\u00e9rison ou le fenshui Les vertus de l\u2019am\u00e9thyste sont apaisantes et purifiantes.\u00a0Elle \u00e9vacue le stress, calme l\u2019insomnie et favorise la concentration et la m\u00e9ditation.\u00a0C\u2019est une pierre tr\u00e8s b\u00e9n\u00e9fique pour le mental, qui permet de trouver l\u2019\u00e9quilibre et la s\u00e9r\u00e9nit\u00e9.\u00a0L\u00e9onard de Vinci \u00e9crivait d\u2019ailleurs\u2026","rel":"","context":"Article similaire","block_context":{"text":"Article similaire","link":""},"img":{"alt_text":"","src":"https:\/\/i0.wp.com\/ganeshadreamstore.centreganesha.com\/store\/wp-content\/uploads\/2017\/12\/pierre-dam%C3%A9thyste.jpg?fit=1000%2C1002&ssl=1&resize=350%2C200","width":350,"height":200,"srcset":"https:\/\/i0.wp.com\/ganeshadreamstore.centreganesha.com\/store\/wp-content\/uploads\/2017\/12\/pierre-dam%C3%A9thyste.jpg?fit=1000%2C1002&ssl=1&resize=350%2C200 1x, https:\/\/i0.wp.com\/ganeshadreamstore.centreganesha.com\/store\/wp-content\/uploads\/2017\/12\/pierre-dam%C3%A9thyste.jpg?fit=1000%2C1002&ssl=1&resize=525%2C300 1.5x, https:\/\/i0.wp.com\/ganeshadreamstore.centreganesha.com\/store\/wp-content\/uploads\/2017\/12\/pierre-dam%C3%A9thyste.jpg?fit=1000%2C1002&ssl=1&resize=700%2C400 2x"},"classes":[]},{"id":1259,"url":"https:\/\/ganeshadreamstore.centreganesha.com\/store\/produit\/maitre-de-sa-vie\/","url_meta":{"origin":1720,"position":1},"title":"Ma\u00eetre de sa vie","author":"Centre Ganesha","date":"18 mai 2021","format":false,"excerpt":"Comment devenir le Ma\u00eetre de sa Vie\u00a0et avoir le pouvoir sur sa pens\u00e9e ? Ce cours en 10 le\u00e7ons t\u00e9l\u00e9chargeable d\u00e8s votre paiement, va vous permettre de faire un voyage int\u00e9rieur qui va transformer votre vie. D\u00e8s l'introduction, vous suivez les instructions qui vous permettrons d'acc\u00e9der \u00e0 chaque le\u00e7on. Chacune\u2026","rel":"","context":"Article similaire","block_context":{"text":"Article similaire","link":""},"img":{"alt_text":"","src":"https:\/\/i0.wp.com\/ganeshadreamstore.centreganesha.com\/store\/wp-content\/uploads\/2021\/05\/coverbook.jpg?fit=306%2C436&ssl=1&resize=350%2C200","width":350,"height":200},"classes":[]},{"id":1139,"url":"https:\/\/ganeshadreamstore.centreganesha.com\/store\/produit\/amulette-en-obsidienne-noire\/","url_meta":{"origin":1720,"position":2},"title":"Amulette en obsidienne noire","author":"Centre Ganesha","date":"8 mai 2021","format":false,"excerpt":"L\u2019obsidienne noire est r\u00e9put\u00e9e pour \u00eatre bonne pour la sant\u00e9 si elle est sur le chakra pertinent. Elle peut aider \u00e0 la digestion, r\u00e9soudre certains probl\u00e8mes digestifs, soulager les douleurs au niveau de la v\u00e9sicule biliaire, stabiliser la tension art\u00e9rielle et am\u00e9liorer la sant\u00e9 cardiaque. La pierre va vous apporter\u2026","rel":"","context":"Article similaire","block_context":{"text":"Article similaire","link":""},"img":{"alt_text":"","src":"https:\/\/i0.wp.com\/ganeshadreamstore.centreganesha.com\/store\/wp-content\/uploads\/2021\/05\/amulette-obsidienne2.jpg?fit=445%2C442&ssl=1&resize=350%2C200","width":350,"height":200},"classes":[]},{"id":1519,"url":"https:\/\/ganeshadreamstore.centreganesha.com\/store\/produit\/generateur-dondes-schumann-de-guerison\/","url_meta":{"origin":1720,"position":3},"title":"G\u00e9n\u00e9rateur d&rsquo;ondes Schumann de gu\u00e9rison","author":"Centre Ganesha","date":"5 octobre 2025","format":false,"excerpt":"G\u00e9n\u00e9rateur d'ondes de gu\u00e9rison r\u00e9glable de 0.01 Hz \u00e0 10000 Hz. Syst\u00e8me de fr\u00e9quences de bio-gu\u00e9rison.","rel":"","context":"Article similaire","block_context":{"text":"Article similaire","link":""},"img":{"alt_text":"","src":"https:\/\/i0.wp.com\/www.ganeshadreamstore.centreganesha.com\/store\/wp-content\/uploads\/2025\/10\/generateur-ondes-295x300.jpg?resize=350%2C200","width":350,"height":200},"classes":[]},{"id":567,"url":"https:\/\/ganeshadreamstore.centreganesha.com\/store\/produit\/pyramide-en-pierre-semi-precieuse\/","url_meta":{"origin":1720,"position":4},"title":"Pyramide en Pierre Semi-precieuse","author":"Centre Ganesha","date":"25 d\u00e9cembre 2017","format":false,"excerpt":"Centrez-vous et \u00e9quilibrez vos \u00e9nergies gr\u00e2ce\u00a0\u00e0 nos 8\u00a0Pyramides en Pierre Semi-pr\u00e9cieuse\u00a0 que vous pourrez charger en Energie Reiki. Lorsque vous placez une pyramide de pierre naturelle sur votre bureau,\u00a0elle engendre des changements importants dans\u00a0l'ensemble du champs \u00e9nerg\u00e9tique autour de vous. Ce changement de vibration vous permet de\u00a0rester plus concentr\u00e9\u00a0en travaillant\u2026","rel":"","context":"Article similaire","block_context":{"text":"Article similaire","link":""},"img":{"alt_text":"","src":"https:\/\/i0.wp.com\/ganeshadreamstore.centreganesha.com\/store\/wp-content\/uploads\/2017\/12\/pyramide-lapis-lazuli.jpg?fit=1000%2C960&ssl=1&resize=350%2C200","width":350,"height":200,"srcset":"https:\/\/i0.wp.com\/ganeshadreamstore.centreganesha.com\/store\/wp-content\/uploads\/2017\/12\/pyramide-lapis-lazuli.jpg?fit=1000%2C960&ssl=1&resize=350%2C200 1x, https:\/\/i0.wp.com\/ganeshadreamstore.centreganesha.com\/store\/wp-content\/uploads\/2017\/12\/pyramide-lapis-lazuli.jpg?fit=1000%2C960&ssl=1&resize=525%2C300 1.5x, https:\/\/i0.wp.com\/ganeshadreamstore.centreganesha.com\/store\/wp-content\/uploads\/2017\/12\/pyramide-lapis-lazuli.jpg?fit=1000%2C960&ssl=1&resize=700%2C400 2x"},"classes":[]},{"id":459,"url":"https:\/\/ganeshadreamstore.centreganesha.com\/store\/produit\/les-mugs-de-ganesh-inedits\/","url_meta":{"origin":1720,"position":5},"title":"Les Mugs de Ganesh in\u00e9dits","author":"Centre Ganesha","date":"25 d\u00e9cembre 2017","format":false,"excerpt":"Mug en c\u00e9ramique blanche avec anse en forme de C en \u00e9dition limit\u00e9e, originale et exclusive. Illustr\u00e9e sur 2 faces pour que les droitiers et les gauchers puissent profiter du motif. Capacit\u00e9 de 325 ml 95 millim\u00e8tres de hauteur, 82 millim\u00e8tres de diam\u00e8tre, lavable au lave-vaisselle. 2 mod\u00e8les au choix\u2026","rel":"","context":"Article similaire","block_context":{"text":"Article similaire","link":""},"img":{"alt_text":"","src":"https:\/\/i0.wp.com\/ganeshadreamstore.centreganesha.com\/store\/wp-content\/uploads\/2017\/12\/mug-kundalini.jpg?fit=413%2C389&ssl=1&resize=350%2C200","width":350,"height":200},"classes":[]}],"_links":{"self":[{"href":"https:\/\/ganeshadreamstore.centreganesha.com\/store\/wp-json\/wp\/v2\/product\/1720","targetHints":{"allow":["GET"]}}],"collection":[{"href":"https:\/\/ganeshadreamstore.centreganesha.com\/store\/wp-json\/wp\/v2\/product"}],"about":[{"href":"https:\/\/ganeshadreamstore.centreganesha.com\/store\/wp-json\/wp\/v2\/types\/product"}],"wp:featuredmedia":[{"embeddable":true,"href":"https:\/\/ganeshadreamstore.centreganesha.com\/store\/wp-json\/wp\/v2\/media\/1721"}],"wp:attachment":[{"href":"https:\/\/ganeshadreamstore.centreganesha.com\/store\/wp-json\/wp\/v2\/media?parent=1720"}],"wp:term":[{"taxonomy":"product_brand","embeddable":true,"href":"https:\/\/ganeshadreamstore.centreganesha.com\/store\/wp-json\/wp\/v2\/product_brand?post=1720"},{"taxonomy":"product_cat","embeddable":true,"href":"https:\/\/ganeshadreamstore.centreganesha.com\/store\/wp-json\/wp\/v2\/product_cat?post=1720"},{"taxonomy":"product_tag","embeddable":true,"href":"https:\/\/ganeshadreamstore.centreganesha.com\/store\/wp-json\/wp\/v2\/product_tag?post=1720"}],"curies":[{"name":"wp","href":"https:\/\/api.w.org\/{rel}","templated":true}]}}