{"id":1715,"date":"2026-03-01T10:44:15","date_gmt":"2026-03-01T09:44:15","guid":{"rendered":"https:\/\/ganeshadreamstore.centreganesha.com\/store\/?post_type=product&#038;p=1715"},"modified":"2026-03-02T11:03:39","modified_gmt":"2026-03-02T10:03:39","slug":"mon-petit-roi","status":"publish","type":"product","link":"https:\/\/ganeshadreamstore.centreganesha.com\/store\/produit\/mon-petit-roi\/","title":{"rendered":"Mon Petit Roi"},"content":{"rendered":"<p>Chanson arrang\u00e9e &#8211; MP3<\/p>\n","protected":false},"excerpt":{"rendered":"<p><strong>Couplet 1 :<\/strong><br \/>\nJe vais sortir le King Charles,<br \/>\nLa laisse\u2026 mais o\u00f9 l\u2019ai-je laiss\u00e9e ?<br \/>\nUn tour, encore un tour sans fin,<br \/>\nMon t\u00e9l\u00e9phone, le CD\u2026<br \/>\nCe cafard qui me ronge en silence,<br \/>\nEt ton regard qui manque d\u2019insistance.<\/p>\n<p><strong>Refrain :<\/strong><br \/>\nAllez, viens, mon petit roi,<br \/>\nOn va marcher sous le froid.<br \/>\nM\u00eame si le c\u0153ur est bas,<br \/>\nTu me tires vers le ciel, pas \u00e0 pas.<br \/>\nDans la brume et la gr\u00eale qui danse,<br \/>\nTu es ma seule constance.<\/p>\n<p><strong>Couplet 2 :<\/strong><br \/>\nJe m\u2019assois, tu grattes la porte,<br \/>\nTu grognes, tu veux sortir dehors.<br \/>\nJe pense \u00e0 ton sourire perdu,<br \/>\n\u00c0 ce vide que rien n\u2019a rempli.<br \/>\nMais toi, tu sais, tu attends, fid\u00e8le,<br \/>\nComme une flamme dans mon ciel p\u00e2le.<\/p>\n<p><strong>Refrain :<\/strong><br \/>\nAllez, viens, mon petit roi,<br \/>\nOn va marcher sous le froid.<br \/>\nM\u00eame si le c\u0153ur est bas,<br \/>\nTu me tires vers le ciel, pas \u00e0 pas.<br \/>\nDans la brume et la gr\u00eale qui danse,<br \/>\nTu es ma seule constance.<\/p>\n<p><strong>Pont :<\/strong><br \/>\nJ\u2019ai retrouv\u00e9 la laisse\u2026 enfin.<br \/>\nEt ton regard brille de s\u00e9r\u00e9nit\u00e9.<br \/>\nOn part, tous les deux, dans le vent,<br \/>\nToi, mon silence\u2026 et mon chant.<\/p>\n<p><strong>Refrain final :<\/strong><br \/>\nAllez, viens, mon petit roi,<br \/>\nLe monde est gris, mais on y va, toi et moi.<br \/>\nM\u00eame si la nuit est l\u00e0,<br \/>\nTu marches pr\u00e8s, et \u00e7a me rassure, \u00e7a me sauve.<br \/>\nDans la temp\u00eate ou le silence,<br \/>\nTu es mon amour\u2026 mon King Charles. \u00a0\u00bb<\/p>\n<p>&nbsp;<\/p>\n<p>&nbsp;<\/p>\n<p>Vous pouvez la visionner sur Youtube&#8230;n&rsquo;oubliez pas de \u00ab\u00a0liker\u00a0\u00bb si vous aimez et de vous abonner \u00e0 ma cha\u00eene pour \u00eatre inform\u00e9 des nouvelles compositions.<\/p>\n<p>https:\/\/youtu.be\/aCcwvklhhK8<\/p>\n","protected":false},"featured_media":1718,"template":"","meta":{"jetpack_post_was_ever_published":false,"jetpack_publicize_message":"","jetpack_publicize_feature_enabled":true,"jetpack_social_post_already_shared":true,"jetpack_social_options":{"image_generator_settings":{"template":"highway","default_image_id":0,"font":"","enabled":false},"version":2}},"product_brand":[],"product_cat":[331],"product_tag":[336],"class_list":{"0":"post-1715","1":"product","2":"type-product","3":"status-publish","4":"has-post-thumbnail","6":"product_cat-chansons-arrangees-mp3","7":"product_tag-mon-petit-roi","9":"first","10":"instock","11":"downloadable","12":"virtual","13":"purchasable","14":"product-type-simple"},"jetpack_publicize_connections":[],"jetpack_sharing_enabled":true,"jetpack_likes_enabled":true,"jetpack-related-posts":[{"id":1845,"url":"https:\/\/ganeshadreamstore.centreganesha.com\/store\/produit\/le-sabot-de-fee\/","url_meta":{"origin":1715,"position":0},"title":"Le sabot de F\u00e9e","author":"Centre Ganesha","date":"25 mars 2026","format":false,"excerpt":"Chanson de ChamanKa. Format MP3. A \u00e9couter sur YouTube https:\/\/youtu.be\/zxHKou95W50","rel":"","context":"Article similaire","block_context":{"text":"Article similaire","link":""},"img":{"alt_text":"","src":"https:\/\/i0.wp.com\/ganeshadreamstore.centreganesha.com\/store\/wp-content\/uploads\/2026\/03\/le-sabot-de-Fee.jpg?fit=1200%2C686&ssl=1&resize=350%2C200","width":350,"height":200,"srcset":"https:\/\/i0.wp.com\/ganeshadreamstore.centreganesha.com\/store\/wp-content\/uploads\/2026\/03\/le-sabot-de-Fee.jpg?fit=1200%2C686&ssl=1&resize=350%2C200 1x, https:\/\/i0.wp.com\/ganeshadreamstore.centreganesha.com\/store\/wp-content\/uploads\/2026\/03\/le-sabot-de-Fee.jpg?fit=1200%2C686&ssl=1&resize=525%2C300 1.5x, https:\/\/i0.wp.com\/ganeshadreamstore.centreganesha.com\/store\/wp-content\/uploads\/2026\/03\/le-sabot-de-Fee.jpg?fit=1200%2C686&ssl=1&resize=700%2C400 2x, https:\/\/i0.wp.com\/ganeshadreamstore.centreganesha.com\/store\/wp-content\/uploads\/2026\/03\/le-sabot-de-Fee.jpg?fit=1200%2C686&ssl=1&resize=1050%2C600 3x"},"classes":[]},{"id":1747,"url":"https:\/\/ganeshadreamstore.centreganesha.com\/store\/produit\/les-reves-inacheves\/","url_meta":{"origin":1715,"position":1},"title":"Les r\u00eaves inachev\u00e9s","author":"Centre Ganesha","date":"7 mars 2026","format":false,"excerpt":"Chanson arrang\u00e9e - MP3 \u00e0 regarder sur youtube\u00a0 (abonnez-vous \u00e0 ma cha\u00eene et partager) : https:\/\/youtu.be\/a6DtwNLKbXU","rel":"","context":"Article similaire","block_context":{"text":"Article similaire","link":""},"img":{"alt_text":"","src":"https:\/\/i0.wp.com\/ganeshadreamstore.centreganesha.com\/store\/wp-content\/uploads\/2026\/03\/les-reves-inacheves.jpg?fit=1200%2C686&ssl=1&resize=350%2C200","width":350,"height":200,"srcset":"https:\/\/i0.wp.com\/ganeshadreamstore.centreganesha.com\/store\/wp-content\/uploads\/2026\/03\/les-reves-inacheves.jpg?fit=1200%2C686&ssl=1&resize=350%2C200 1x, https:\/\/i0.wp.com\/ganeshadreamstore.centreganesha.com\/store\/wp-content\/uploads\/2026\/03\/les-reves-inacheves.jpg?fit=1200%2C686&ssl=1&resize=525%2C300 1.5x, https:\/\/i0.wp.com\/ganeshadreamstore.centreganesha.com\/store\/wp-content\/uploads\/2026\/03\/les-reves-inacheves.jpg?fit=1200%2C686&ssl=1&resize=700%2C400 2x, https:\/\/i0.wp.com\/ganeshadreamstore.centreganesha.com\/store\/wp-content\/uploads\/2026\/03\/les-reves-inacheves.jpg?fit=1200%2C686&ssl=1&resize=1050%2C600 3x"},"classes":[]},{"id":1791,"url":"https:\/\/ganeshadreamstore.centreganesha.com\/store\/produit\/exile\/","url_meta":{"origin":1715,"position":2},"title":"Exil\u00e9","author":"Centre Ganesha","date":"13 mars 2026","format":false,"excerpt":"Chanson compos\u00e9e par ChamanKa \u00e0 \u00e9couter sur Youtube : https:\/\/youtu.be\/zTiLiaxUjtQ","rel":"","context":"Article similaire","block_context":{"text":"Article similaire","link":""},"img":{"alt_text":"","src":"https:\/\/i0.wp.com\/ganeshadreamstore.centreganesha.com\/store\/wp-content\/uploads\/2026\/03\/exile.jpg?fit=340%2C324&ssl=1&resize=350%2C200","width":350,"height":200},"classes":[]},{"id":1743,"url":"https:\/\/ganeshadreamstore.centreganesha.com\/store\/produit\/folie\/","url_meta":{"origin":1715,"position":3},"title":"Folie","author":"Centre Ganesha","date":"6 mars 2026","format":false,"excerpt":"Chanson arrang\u00e9e - MP3 \u00e0 regarder sur Youtube : https:\/\/youtu.be\/9A6ku1QCyrE","rel":"","context":"Article similaire","block_context":{"text":"Article similaire","link":""},"img":{"alt_text":"","src":"https:\/\/i0.wp.com\/ganeshadreamstore.centreganesha.com\/store\/wp-content\/uploads\/2026\/03\/Folie.jpg?fit=1200%2C686&ssl=1&resize=350%2C200","width":350,"height":200,"srcset":"https:\/\/i0.wp.com\/ganeshadreamstore.centreganesha.com\/store\/wp-content\/uploads\/2026\/03\/Folie.jpg?fit=1200%2C686&ssl=1&resize=350%2C200 1x, https:\/\/i0.wp.com\/ganeshadreamstore.centreganesha.com\/store\/wp-content\/uploads\/2026\/03\/Folie.jpg?fit=1200%2C686&ssl=1&resize=525%2C300 1.5x, https:\/\/i0.wp.com\/ganeshadreamstore.centreganesha.com\/store\/wp-content\/uploads\/2026\/03\/Folie.jpg?fit=1200%2C686&ssl=1&resize=700%2C400 2x, https:\/\/i0.wp.com\/ganeshadreamstore.centreganesha.com\/store\/wp-content\/uploads\/2026\/03\/Folie.jpg?fit=1200%2C686&ssl=1&resize=1050%2C600 3x"},"classes":[]},{"id":1737,"url":"https:\/\/ganeshadreamstore.centreganesha.com\/store\/produit\/ils-ne-comprennent-pas\/","url_meta":{"origin":1715,"position":4},"title":"Ils ne comprennent pas","author":"Centre Ganesha","date":"4 mars 2026","format":false,"excerpt":"Chanson arrang\u00e9e - MP3 \u00e0 regarder sur YouTube : https:\/\/youtu.be\/HzVPXdJ1TRY","rel":"","context":"Article similaire","block_context":{"text":"Article similaire","link":""},"img":{"alt_text":"","src":"https:\/\/i0.wp.com\/ganeshadreamstore.centreganesha.com\/store\/wp-content\/uploads\/2026\/03\/ils-ne-comprennent-pas.png?fit=512%2C512&ssl=1&resize=350%2C200","width":350,"height":200},"classes":[]},{"id":1837,"url":"https:\/\/ganeshadreamstore.centreganesha.com\/store\/produit\/limposteur\/","url_meta":{"origin":1715,"position":5},"title":"L&rsquo;imposteur","author":"Centre Ganesha","date":"24 mars 2026","format":false,"excerpt":"Chanson \u00e9crite et arrang\u00e9e par ChamanKa \u00e0 \u00e9couter sur YouTube : https:\/\/youtu.be\/r8X3Y666eBA","rel":"","context":"Article similaire","block_context":{"text":"Article similaire","link":""},"img":{"alt_text":"","src":"https:\/\/i0.wp.com\/ganeshadreamstore.centreganesha.com\/store\/wp-content\/uploads\/2026\/03\/limposteur.jpg?fit=1200%2C686&ssl=1&resize=350%2C200","width":350,"height":200,"srcset":"https:\/\/i0.wp.com\/ganeshadreamstore.centreganesha.com\/store\/wp-content\/uploads\/2026\/03\/limposteur.jpg?fit=1200%2C686&ssl=1&resize=350%2C200 1x, https:\/\/i0.wp.com\/ganeshadreamstore.centreganesha.com\/store\/wp-content\/uploads\/2026\/03\/limposteur.jpg?fit=1200%2C686&ssl=1&resize=525%2C300 1.5x, https:\/\/i0.wp.com\/ganeshadreamstore.centreganesha.com\/store\/wp-content\/uploads\/2026\/03\/limposteur.jpg?fit=1200%2C686&ssl=1&resize=700%2C400 2x, https:\/\/i0.wp.com\/ganeshadreamstore.centreganesha.com\/store\/wp-content\/uploads\/2026\/03\/limposteur.jpg?fit=1200%2C686&ssl=1&resize=1050%2C600 3x"},"classes":[]}],"_links":{"self":[{"href":"https:\/\/ganeshadreamstore.centreganesha.com\/store\/wp-json\/wp\/v2\/product\/1715","targetHints":{"allow":["GET"]}}],"collection":[{"href":"https:\/\/ganeshadreamstore.centreganesha.com\/store\/wp-json\/wp\/v2\/product"}],"about":[{"href":"https:\/\/ganeshadreamstore.centreganesha.com\/store\/wp-json\/wp\/v2\/types\/product"}],"wp:featuredmedia":[{"embeddable":true,"href":"https:\/\/ganeshadreamstore.centreganesha.com\/store\/wp-json\/wp\/v2\/media\/1718"}],"wp:attachment":[{"href":"https:\/\/ganeshadreamstore.centreganesha.com\/store\/wp-json\/wp\/v2\/media?parent=1715"}],"wp:term":[{"taxonomy":"product_brand","embeddable":true,"href":"https:\/\/ganeshadreamstore.centreganesha.com\/store\/wp-json\/wp\/v2\/product_brand?post=1715"},{"taxonomy":"product_cat","embeddable":true,"href":"https:\/\/ganeshadreamstore.centreganesha.com\/store\/wp-json\/wp\/v2\/product_cat?post=1715"},{"taxonomy":"product_tag","embeddable":true,"href":"https:\/\/ganeshadreamstore.centreganesha.com\/store\/wp-json\/wp\/v2\/product_tag?post=1715"}],"curies":[{"name":"wp","href":"https:\/\/api.w.org\/{rel}","templated":true}]}}