{"id":1711,"date":"2026-02-28T22:09:55","date_gmt":"2026-02-28T21:09:55","guid":{"rendered":"https:\/\/ganeshadreamstore.centreganesha.com\/store\/?post_type=product&#038;p=1711"},"modified":"2026-03-02T11:05:23","modified_gmt":"2026-03-02T10:05:23","slug":"le-couteau-rouge","status":"publish","type":"product","link":"https:\/\/ganeshadreamstore.centreganesha.com\/store\/produit\/le-couteau-rouge\/","title":{"rendered":"Le couteau rouge"},"content":{"rendered":"<p>Chanson arrang\u00e9e, compos\u00e9e par ChamanKa- MP3<\/p>\n","protected":false},"excerpt":{"rendered":"<p>\u00ab\u00a0Dans la faille o\u00f9 tout s\u2019ouvre,<br \/>\nL\u00e0 o\u00f9 l\u2019\u00e2me tremble et d\u00e9couvre,<br \/>\nDanse un couteau de nuit et de feu,<br \/>\nLame double, miroir de tous les dieux.<\/p>\n<p><strong>Refrain :<\/strong><br \/>\nNoir, rouge, l\u2019\u00e9ternel combat,<br \/>\nEntre cha\u00eene et vent, entre peur et \u00e9clat.<br \/>\nL\u2019\u00e2me vacille, puis choisit son pas :<br \/>\nNi l\u2019un, ni l\u2019autre \u2014 mais tout \u00e0 la fois, \u00e0 jamais.<\/p>\n<p>La face noire, pesante, loyale,<br \/>\n\u00c9rige des murs dans l\u2019ombre du rituel.<br \/>\nElle dit : \u00ab Reste, ob\u00e9is, sois sage \u00bb,<br \/>\nMais son silence \u00e9touffe l\u2019orage.<\/p>\n<p>La face rouge, vive, sans loi,<br \/>\nBr\u00fble les ponts, appelle \u00e0 la joie.<br \/>\nElle crie : \u00ab Ose, fuis, sois flamme ! \u00bb,<br \/>\nMais son souffle lasse, son c\u0153ur s\u2019enflamme.<\/p>\n<p><strong>Refrain :<\/strong><br \/>\nNoir, rouge, l\u2019\u00e9ternel combat,<br \/>\nEntre cha\u00eene et vent, entre peur et \u00e9clat.<br \/>\nL\u2019\u00e2me vacille, puis choisit son pas :<br \/>\nNi l\u2019un, ni l\u2019autre \u2014 mais tout \u00e0 la fois, \u00e0 jamais.<\/p>\n<p>Et le corps ? Il vibre, il saigne, il chante,<br \/>\nTendu comme un arc entre deux courants.<br \/>\nTrop de r\u00e8gle, il se brise ; trop de feu, il s\u2019\u00e9teint \u2014<br \/>\nMais dans l\u2019\u00e9quilibre, l\u2019\u00eatre rena\u00eet.<\/p>\n<p><strong>Refrain final :<\/strong><br \/>\nNoir, rouge, l\u2019\u00e9ternel combat,<br \/>\nEntre ombre et lumi\u00e8re, entre peur et \u00e9clat.<br \/>\nCe n\u2019est pas choix, c\u2019est danse, c\u2019est tr\u00eave :<br \/>\nLa vie, entre deux, s\u2019allume et s\u2019ach\u00e8ve.\u00a0\u00bb<\/p>\n<p>Vous pouvez l&rsquo;\u00e9couter sur youtube et mettre un \u00ab\u00a0like\u00a0\u00bb si vous aimez<\/p>\n<p>https:\/\/youtu.be\/9joonc3MfSI<\/p>\n","protected":false},"featured_media":1713,"template":"","meta":{"jetpack_post_was_ever_published":false,"jetpack_publicize_message":"","jetpack_publicize_feature_enabled":true,"jetpack_social_post_already_shared":true,"jetpack_social_options":{"image_generator_settings":{"template":"highway","default_image_id":0,"font":"","enabled":false},"version":2}},"product_brand":[],"product_cat":[331],"product_tag":[338],"class_list":{"0":"post-1711","1":"product","2":"type-product","3":"status-publish","4":"has-post-thumbnail","6":"product_cat-chansons-arrangees-mp3","7":"product_tag-le-couteau-rouge","9":"first","10":"instock","11":"downloadable","12":"virtual","13":"purchasable","14":"product-type-simple"},"jetpack_publicize_connections":[],"jetpack_sharing_enabled":true,"jetpack_likes_enabled":true,"jetpack-related-posts":[{"id":1747,"url":"https:\/\/ganeshadreamstore.centreganesha.com\/store\/produit\/les-reves-inacheves\/","url_meta":{"origin":1711,"position":0},"title":"Les r\u00eaves inachev\u00e9s","author":"Centre Ganesha","date":"7 mars 2026","format":false,"excerpt":"Chanson arrang\u00e9e - MP3 \u00e0 regarder sur youtube\u00a0 (abonnez-vous \u00e0 ma cha\u00eene et partager) : https:\/\/youtu.be\/a6DtwNLKbXU","rel":"","context":"Article similaire","block_context":{"text":"Article similaire","link":""},"img":{"alt_text":"","src":"https:\/\/i0.wp.com\/ganeshadreamstore.centreganesha.com\/store\/wp-content\/uploads\/2026\/03\/les-reves-inacheves.jpg?fit=1200%2C686&ssl=1&resize=350%2C200","width":350,"height":200,"srcset":"https:\/\/i0.wp.com\/ganeshadreamstore.centreganesha.com\/store\/wp-content\/uploads\/2026\/03\/les-reves-inacheves.jpg?fit=1200%2C686&ssl=1&resize=350%2C200 1x, https:\/\/i0.wp.com\/ganeshadreamstore.centreganesha.com\/store\/wp-content\/uploads\/2026\/03\/les-reves-inacheves.jpg?fit=1200%2C686&ssl=1&resize=525%2C300 1.5x, https:\/\/i0.wp.com\/ganeshadreamstore.centreganesha.com\/store\/wp-content\/uploads\/2026\/03\/les-reves-inacheves.jpg?fit=1200%2C686&ssl=1&resize=700%2C400 2x, https:\/\/i0.wp.com\/ganeshadreamstore.centreganesha.com\/store\/wp-content\/uploads\/2026\/03\/les-reves-inacheves.jpg?fit=1200%2C686&ssl=1&resize=1050%2C600 3x"},"classes":[]},{"id":1688,"url":"https:\/\/ganeshadreamstore.centreganesha.com\/store\/produit\/le-moment-decisif\/","url_meta":{"origin":1711,"position":1},"title":"Le moment d\u00e9cisif","author":"Centre Ganesha","date":"25 f\u00e9vrier 2026","format":false,"excerpt":"Le moment d\u00e9cisif : chanson sur la fin de vie accompagn\u00e9e... \"Il surveillait constamment cette perfusion, Jour apr\u00e8s jour, ressentant l'\u00e9rosion, La fin approchait, un temps ind\u00e9fini, Dans son c\u0153ur r\u00e9sonnait un appel infini. Il ne voulait pas partir, non, pas encore, Sa vie se tissait dans l'ombre, un d\u00e9cor,\u2026","rel":"","context":"Article similaire","block_context":{"text":"Article similaire","link":""},"img":{"alt_text":"","src":"https:\/\/i0.wp.com\/ganeshadreamstore.centreganesha.com\/store\/wp-content\/uploads\/2026\/02\/dom-1.jpg?fit=800%2C600&ssl=1&resize=350%2C200","width":350,"height":200,"srcset":"https:\/\/i0.wp.com\/ganeshadreamstore.centreganesha.com\/store\/wp-content\/uploads\/2026\/02\/dom-1.jpg?fit=800%2C600&ssl=1&resize=350%2C200 1x, https:\/\/i0.wp.com\/ganeshadreamstore.centreganesha.com\/store\/wp-content\/uploads\/2026\/02\/dom-1.jpg?fit=800%2C600&ssl=1&resize=525%2C300 1.5x, https:\/\/i0.wp.com\/ganeshadreamstore.centreganesha.com\/store\/wp-content\/uploads\/2026\/02\/dom-1.jpg?fit=800%2C600&ssl=1&resize=700%2C400 2x"},"classes":[]},{"id":1859,"url":"https:\/\/ganeshadreamstore.centreganesha.com\/store\/produit\/la-vie-secrit\/","url_meta":{"origin":1711,"position":2},"title":"La vie S&rsquo;\u00e9crit","author":"Centre Ganesha","date":"10 avril 2026","format":false,"excerpt":"Chanson compos\u00e9e (paroles, musique, arrangement, voix synth\u00e9tiseur) par ChamanKa. A regarder sur YouTube (mettez un pouce si vous aimez et abonnez-vous !) https:\/\/youtu.be\/0U5nmu8ijNk","rel":"","context":"Article similaire","block_context":{"text":"Article similaire","link":""},"img":{"alt_text":"","src":"https:\/\/i0.wp.com\/ganeshadreamstore.centreganesha.com\/store\/wp-content\/uploads\/2026\/04\/la-vie-secrit.jpg?fit=1200%2C686&ssl=1&resize=350%2C200","width":350,"height":200,"srcset":"https:\/\/i0.wp.com\/ganeshadreamstore.centreganesha.com\/store\/wp-content\/uploads\/2026\/04\/la-vie-secrit.jpg?fit=1200%2C686&ssl=1&resize=350%2C200 1x, https:\/\/i0.wp.com\/ganeshadreamstore.centreganesha.com\/store\/wp-content\/uploads\/2026\/04\/la-vie-secrit.jpg?fit=1200%2C686&ssl=1&resize=525%2C300 1.5x, https:\/\/i0.wp.com\/ganeshadreamstore.centreganesha.com\/store\/wp-content\/uploads\/2026\/04\/la-vie-secrit.jpg?fit=1200%2C686&ssl=1&resize=700%2C400 2x, https:\/\/i0.wp.com\/ganeshadreamstore.centreganesha.com\/store\/wp-content\/uploads\/2026\/04\/la-vie-secrit.jpg?fit=1200%2C686&ssl=1&resize=1050%2C600 3x"},"classes":[]},{"id":1796,"url":"https:\/\/ganeshadreamstore.centreganesha.com\/store\/produit\/derriere-la-porte\/","url_meta":{"origin":1711,"position":3},"title":"Derri\u00e8re la porte","author":"Centre Ganesha","date":"19 mars 2026","format":false,"excerpt":"Chanson \u00e9crite et arrang\u00e9e par ChamanKa \u00e0 \u00e9couter sur Youtube (abonnez-vous \u00e0 ma cha\u00eene, un pouce fait toujours plaisir !) https:\/\/youtu.be\/Q2knDC0kQiE","rel":"","context":"Article similaire","block_context":{"text":"Article similaire","link":""},"img":{"alt_text":"","src":"https:\/\/i0.wp.com\/ganeshadreamstore.centreganesha.com\/store\/wp-content\/uploads\/2026\/03\/Derriere-la-porte0.jpg?fit=1200%2C686&ssl=1&resize=350%2C200","width":350,"height":200,"srcset":"https:\/\/i0.wp.com\/ganeshadreamstore.centreganesha.com\/store\/wp-content\/uploads\/2026\/03\/Derriere-la-porte0.jpg?fit=1200%2C686&ssl=1&resize=350%2C200 1x, https:\/\/i0.wp.com\/ganeshadreamstore.centreganesha.com\/store\/wp-content\/uploads\/2026\/03\/Derriere-la-porte0.jpg?fit=1200%2C686&ssl=1&resize=525%2C300 1.5x, https:\/\/i0.wp.com\/ganeshadreamstore.centreganesha.com\/store\/wp-content\/uploads\/2026\/03\/Derriere-la-porte0.jpg?fit=1200%2C686&ssl=1&resize=700%2C400 2x, https:\/\/i0.wp.com\/ganeshadreamstore.centreganesha.com\/store\/wp-content\/uploads\/2026\/03\/Derriere-la-porte0.jpg?fit=1200%2C686&ssl=1&resize=1050%2C600 3x"},"classes":[]},{"id":1787,"url":"https:\/\/ganeshadreamstore.centreganesha.com\/store\/produit\/karma\/","url_meta":{"origin":1711,"position":4},"title":"Karma","author":"Centre Ganesha","date":"13 mars 2026","format":false,"excerpt":"Chanson compos\u00e9e par ChamanKa que vous pouvez \u00e9couter sur Youtube : https:\/\/youtu.be\/op4AUaFrgfs","rel":"","context":"Article similaire","block_context":{"text":"Article similaire","link":""},"img":{"alt_text":"","src":"https:\/\/i0.wp.com\/ganeshadreamstore.centreganesha.com\/store\/wp-content\/uploads\/2026\/03\/karma.jpg?fit=1200%2C686&ssl=1&resize=350%2C200","width":350,"height":200,"srcset":"https:\/\/i0.wp.com\/ganeshadreamstore.centreganesha.com\/store\/wp-content\/uploads\/2026\/03\/karma.jpg?fit=1200%2C686&ssl=1&resize=350%2C200 1x, https:\/\/i0.wp.com\/ganeshadreamstore.centreganesha.com\/store\/wp-content\/uploads\/2026\/03\/karma.jpg?fit=1200%2C686&ssl=1&resize=525%2C300 1.5x, https:\/\/i0.wp.com\/ganeshadreamstore.centreganesha.com\/store\/wp-content\/uploads\/2026\/03\/karma.jpg?fit=1200%2C686&ssl=1&resize=700%2C400 2x, https:\/\/i0.wp.com\/ganeshadreamstore.centreganesha.com\/store\/wp-content\/uploads\/2026\/03\/karma.jpg?fit=1200%2C686&ssl=1&resize=1050%2C600 3x"},"classes":[]},{"id":1727,"url":"https:\/\/ganeshadreamstore.centreganesha.com\/store\/produit\/le-voyage-de-la-vie\/","url_meta":{"origin":1711,"position":5},"title":"Laisse-les tomber","author":"Centre Ganesha","date":"3 mars 2026","format":false,"excerpt":"Chanson arrang\u00e9e - MP3 \u00e0 regarder sur Youtube, laissez un like et abonnez-vous \u00e0 ma cha\u00eene : https:\/\/youtu.be\/06pI-DstOEI","rel":"","context":"Article similaire","block_context":{"text":"Article similaire","link":""},"img":{"alt_text":"","src":"https:\/\/i0.wp.com\/ganeshadreamstore.centreganesha.com\/store\/wp-content\/uploads\/2026\/03\/le-voyage-de-la-vie.jpg?fit=1200%2C686&ssl=1&resize=350%2C200","width":350,"height":200,"srcset":"https:\/\/i0.wp.com\/ganeshadreamstore.centreganesha.com\/store\/wp-content\/uploads\/2026\/03\/le-voyage-de-la-vie.jpg?fit=1200%2C686&ssl=1&resize=350%2C200 1x, https:\/\/i0.wp.com\/ganeshadreamstore.centreganesha.com\/store\/wp-content\/uploads\/2026\/03\/le-voyage-de-la-vie.jpg?fit=1200%2C686&ssl=1&resize=525%2C300 1.5x, https:\/\/i0.wp.com\/ganeshadreamstore.centreganesha.com\/store\/wp-content\/uploads\/2026\/03\/le-voyage-de-la-vie.jpg?fit=1200%2C686&ssl=1&resize=700%2C400 2x, https:\/\/i0.wp.com\/ganeshadreamstore.centreganesha.com\/store\/wp-content\/uploads\/2026\/03\/le-voyage-de-la-vie.jpg?fit=1200%2C686&ssl=1&resize=1050%2C600 3x"},"classes":[]}],"_links":{"self":[{"href":"https:\/\/ganeshadreamstore.centreganesha.com\/store\/wp-json\/wp\/v2\/product\/1711","targetHints":{"allow":["GET"]}}],"collection":[{"href":"https:\/\/ganeshadreamstore.centreganesha.com\/store\/wp-json\/wp\/v2\/product"}],"about":[{"href":"https:\/\/ganeshadreamstore.centreganesha.com\/store\/wp-json\/wp\/v2\/types\/product"}],"wp:featuredmedia":[{"embeddable":true,"href":"https:\/\/ganeshadreamstore.centreganesha.com\/store\/wp-json\/wp\/v2\/media\/1713"}],"wp:attachment":[{"href":"https:\/\/ganeshadreamstore.centreganesha.com\/store\/wp-json\/wp\/v2\/media?parent=1711"}],"wp:term":[{"taxonomy":"product_brand","embeddable":true,"href":"https:\/\/ganeshadreamstore.centreganesha.com\/store\/wp-json\/wp\/v2\/product_brand?post=1711"},{"taxonomy":"product_cat","embeddable":true,"href":"https:\/\/ganeshadreamstore.centreganesha.com\/store\/wp-json\/wp\/v2\/product_cat?post=1711"},{"taxonomy":"product_tag","embeddable":true,"href":"https:\/\/ganeshadreamstore.centreganesha.com\/store\/wp-json\/wp\/v2\/product_tag?post=1711"}],"curies":[{"name":"wp","href":"https:\/\/api.w.org\/{rel}","templated":true}]}}