{"id":1705,"date":"2026-02-27T21:08:11","date_gmt":"2026-02-27T20:08:11","guid":{"rendered":"https:\/\/ganeshadreamstore.centreganesha.com\/store\/?post_type=product&#038;p=1705"},"modified":"2026-02-27T21:22:42","modified_gmt":"2026-02-27T20:22:42","slug":"jai-pas-fini-de-te-dire","status":"publish","type":"product","link":"https:\/\/ganeshadreamstore.centreganesha.com\/store\/produit\/jai-pas-fini-de-te-dire\/","title":{"rendered":"J&rsquo;ai pas fini de te dire"},"content":{"rendered":"<p>Chanson Format MP3<\/p>\n<p>A regarder sur youtube :<\/p>\n<p><span class=\"embed-youtube\" style=\"text-align:center; display: block;\"><iframe loading=\"lazy\" class=\"youtube-player\" width=\"980\" height=\"552\" src=\"https:\/\/www.youtube.com\/embed\/sEpBgwStBvc?version=3&#038;rel=1&#038;showsearch=0&#038;showinfo=1&#038;iv_load_policy=1&#038;fs=1&#038;hl=fr-FR&#038;autohide=2&#038;wmode=transparent\" allowfullscreen=\"true\" style=\"border:0;\" sandbox=\"allow-scripts allow-same-origin allow-popups allow-presentation allow-popups-to-escape-sandbox\"><\/iframe><\/span><\/p>\n","protected":false},"excerpt":{"rendered":"<p>J\u2019ai pas fini de te dire\u2026<\/p>\n<p>Je ne veux rien\u2026<br \/>\nPas besoin de tout \u00e7a<br \/>\nToutes ces mani\u00e8res<br \/>\nPas de fleurs, pas de tombe\u2026<\/p>\n<p>Qu\u2019est ce que c\u2019est<br \/>\nToute cette insignifiance ?<br \/>\nO\u00f9 as-tu enregistr\u00e9 tout \u00e7a ?<br \/>\nQui t\u2019a mis \u00e7a dans la t\u00eate ?<\/p>\n<p>Tu voulais nous enterrer comme des chiens,<br \/>\nComme des riens\u2026<\/p>\n<p>Toi, Tu n\u2019es pas rien\u2026<br \/>\nTu laisses dans le c\u0153ur des gens<br \/>\nPlein de sentiments.<\/p>\n<p>M\u00eame si tu manifestais de la distance,<br \/>\nDe la retenue et des pr\u00e9f\u00e9rences marqu\u00e9es.<\/p>\n<p>Tu nous as transmis de n\u2019\u00eatre rien<br \/>\nEt nous avons longtemps cru<br \/>\nQue c\u2019\u00e9tait vrai.<\/p>\n<p>Et en m\u00eame temps, tu nous louais<br \/>\nAupr\u00e8s des autres<br \/>\nSans que l\u2019on sache.<\/p>\n<p>Qu\u2019il a \u00e9t\u00e9 long ce chemin de retrouvailles pour soi<br \/>\nQu\u2019il a \u00e9t\u00e9 long\u2026 ce chemin vers soi<\/p>\n<p>Mais nous n\u2019avons jamais eu gr\u00e2ce \u00e0 tes yeux<\/p>\n<p>Jamais assez bien !<br \/>\nToujours trop de travers !<\/p>\n<p>Tu as pourtant fini par nous dire<br \/>\nEn tout dernier recours<\/p>\n<p>\u00ab je t\u2019aime \u00bb<\/p>\n<p>Je pense sinc\u00e8rement<br \/>\nQue tu nous a dit r\u00e9ellement<br \/>\nCe que tu n\u2019as jamais su nous dire\u2026<br \/>\nCe que tu n\u2019as jamais pu nous dire\u2026<\/p>\n<p>Merci de l\u2019avoir fait,<br \/>\nToi qui n\u2019avait plus de mots pour dire les choses.<\/p>\n<p>J\u2019ai pas fini de te dire<br \/>\nTout ce que j\u2019ai sur le c\u0153ur<br \/>\nMais je continuerai \u00e0 t\u2019appeler<\/p>\n<p>Maman\u00a0\u00bb<\/p>\n<p>&nbsp;<\/p>\n","protected":false},"featured_media":1708,"template":"","meta":{"jetpack_post_was_ever_published":false,"jetpack_publicize_message":"","jetpack_publicize_feature_enabled":true,"jetpack_social_post_already_shared":true,"jetpack_social_options":{"image_generator_settings":{"template":"highway","default_image_id":0,"font":"","enabled":false},"version":2}},"product_brand":[],"product_cat":[331],"product_tag":[335],"class_list":{"0":"post-1705","1":"product","2":"type-product","3":"status-publish","4":"has-post-thumbnail","6":"product_cat-chansons-arrangees-mp3","7":"product_tag-jai-pas-fini-de-te-dire","9":"first","10":"instock","11":"downloadable","12":"virtual","13":"purchasable","14":"product-type-simple"},"jetpack_publicize_connections":[],"jetpack_sharing_enabled":true,"jetpack_likes_enabled":true,"jetpack-related-posts":[{"id":1737,"url":"https:\/\/ganeshadreamstore.centreganesha.com\/store\/produit\/ils-ne-comprennent-pas\/","url_meta":{"origin":1705,"position":0},"title":"Ils ne comprennent pas","author":"Centre Ganesha","date":"4 mars 2026","format":false,"excerpt":"Chanson arrang\u00e9e - MP3 \u00e0 regarder sur YouTube : https:\/\/youtu.be\/HzVPXdJ1TRY","rel":"","context":"Article similaire","block_context":{"text":"Article similaire","link":""},"img":{"alt_text":"","src":"https:\/\/i0.wp.com\/ganeshadreamstore.centreganesha.com\/store\/wp-content\/uploads\/2026\/03\/ils-ne-comprennent-pas.png?fit=512%2C512&ssl=1&resize=350%2C200","width":350,"height":200},"classes":[]},{"id":1791,"url":"https:\/\/ganeshadreamstore.centreganesha.com\/store\/produit\/exile\/","url_meta":{"origin":1705,"position":1},"title":"Exil\u00e9","author":"Centre Ganesha","date":"13 mars 2026","format":false,"excerpt":"Chanson compos\u00e9e par ChamanKa \u00e0 \u00e9couter sur Youtube : https:\/\/youtu.be\/zTiLiaxUjtQ","rel":"","context":"Article similaire","block_context":{"text":"Article similaire","link":""},"img":{"alt_text":"","src":"https:\/\/i0.wp.com\/ganeshadreamstore.centreganesha.com\/store\/wp-content\/uploads\/2026\/03\/exile.jpg?fit=340%2C324&ssl=1&resize=350%2C200","width":350,"height":200},"classes":[]},{"id":1747,"url":"https:\/\/ganeshadreamstore.centreganesha.com\/store\/produit\/les-reves-inacheves\/","url_meta":{"origin":1705,"position":2},"title":"Les r\u00eaves inachev\u00e9s","author":"Centre Ganesha","date":"7 mars 2026","format":false,"excerpt":"Chanson arrang\u00e9e - MP3 \u00e0 regarder sur youtube\u00a0 (abonnez-vous \u00e0 ma cha\u00eene et partager) : https:\/\/youtu.be\/a6DtwNLKbXU","rel":"","context":"Article similaire","block_context":{"text":"Article similaire","link":""},"img":{"alt_text":"","src":"https:\/\/i0.wp.com\/ganeshadreamstore.centreganesha.com\/store\/wp-content\/uploads\/2026\/03\/les-reves-inacheves.jpg?fit=1200%2C686&ssl=1&resize=350%2C200","width":350,"height":200,"srcset":"https:\/\/i0.wp.com\/ganeshadreamstore.centreganesha.com\/store\/wp-content\/uploads\/2026\/03\/les-reves-inacheves.jpg?fit=1200%2C686&ssl=1&resize=350%2C200 1x, https:\/\/i0.wp.com\/ganeshadreamstore.centreganesha.com\/store\/wp-content\/uploads\/2026\/03\/les-reves-inacheves.jpg?fit=1200%2C686&ssl=1&resize=525%2C300 1.5x, https:\/\/i0.wp.com\/ganeshadreamstore.centreganesha.com\/store\/wp-content\/uploads\/2026\/03\/les-reves-inacheves.jpg?fit=1200%2C686&ssl=1&resize=700%2C400 2x, https:\/\/i0.wp.com\/ganeshadreamstore.centreganesha.com\/store\/wp-content\/uploads\/2026\/03\/les-reves-inacheves.jpg?fit=1200%2C686&ssl=1&resize=1050%2C600 3x"},"classes":[]},{"id":1770,"url":"https:\/\/ganeshadreamstore.centreganesha.com\/store\/produit\/le-secret\/","url_meta":{"origin":1705,"position":3},"title":"Le Secret","author":"Centre Ganesha","date":"9 mars 2026","format":false,"excerpt":"Chanson cr\u00e9\u00e9e par ChamanKa (paroles, musique et arrangement, voix synth\u00e9tiseur) - MP3 A regarder sur Youtube sans oublier de mettre un pouce si vous aimez et de vous abonner \u00e0 ma cha\u00eene : https:\/\/youtu.be\/lYQXbornfRw","rel":"","context":"Article similaire","block_context":{"text":"Article similaire","link":""},"img":{"alt_text":"","src":"https:\/\/i0.wp.com\/ganeshadreamstore.centreganesha.com\/store\/wp-content\/uploads\/2026\/03\/Le-secret.jpg?fit=1200%2C686&ssl=1&resize=350%2C200","width":350,"height":200,"srcset":"https:\/\/i0.wp.com\/ganeshadreamstore.centreganesha.com\/store\/wp-content\/uploads\/2026\/03\/Le-secret.jpg?fit=1200%2C686&ssl=1&resize=350%2C200 1x, https:\/\/i0.wp.com\/ganeshadreamstore.centreganesha.com\/store\/wp-content\/uploads\/2026\/03\/Le-secret.jpg?fit=1200%2C686&ssl=1&resize=525%2C300 1.5x, https:\/\/i0.wp.com\/ganeshadreamstore.centreganesha.com\/store\/wp-content\/uploads\/2026\/03\/Le-secret.jpg?fit=1200%2C686&ssl=1&resize=700%2C400 2x, https:\/\/i0.wp.com\/ganeshadreamstore.centreganesha.com\/store\/wp-content\/uploads\/2026\/03\/Le-secret.jpg?fit=1200%2C686&ssl=1&resize=1050%2C600 3x"},"classes":[]},{"id":1837,"url":"https:\/\/ganeshadreamstore.centreganesha.com\/store\/produit\/limposteur\/","url_meta":{"origin":1705,"position":4},"title":"L&rsquo;imposteur","author":"Centre Ganesha","date":"24 mars 2026","format":false,"excerpt":"Chanson \u00e9crite et arrang\u00e9e par ChamanKa \u00e0 \u00e9couter sur YouTube : https:\/\/youtu.be\/r8X3Y666eBA","rel":"","context":"Article similaire","block_context":{"text":"Article similaire","link":""},"img":{"alt_text":"","src":"https:\/\/i0.wp.com\/ganeshadreamstore.centreganesha.com\/store\/wp-content\/uploads\/2026\/03\/limposteur.jpg?fit=1200%2C686&ssl=1&resize=350%2C200","width":350,"height":200,"srcset":"https:\/\/i0.wp.com\/ganeshadreamstore.centreganesha.com\/store\/wp-content\/uploads\/2026\/03\/limposteur.jpg?fit=1200%2C686&ssl=1&resize=350%2C200 1x, https:\/\/i0.wp.com\/ganeshadreamstore.centreganesha.com\/store\/wp-content\/uploads\/2026\/03\/limposteur.jpg?fit=1200%2C686&ssl=1&resize=525%2C300 1.5x, https:\/\/i0.wp.com\/ganeshadreamstore.centreganesha.com\/store\/wp-content\/uploads\/2026\/03\/limposteur.jpg?fit=1200%2C686&ssl=1&resize=700%2C400 2x, https:\/\/i0.wp.com\/ganeshadreamstore.centreganesha.com\/store\/wp-content\/uploads\/2026\/03\/limposteur.jpg?fit=1200%2C686&ssl=1&resize=1050%2C600 3x"},"classes":[]},{"id":1715,"url":"https:\/\/ganeshadreamstore.centreganesha.com\/store\/produit\/mon-petit-roi\/","url_meta":{"origin":1705,"position":5},"title":"Mon Petit Roi","author":"Centre Ganesha","date":"1 mars 2026","format":false,"excerpt":"Couplet 1 : Je vais sortir le King Charles, La laisse\u2026 mais o\u00f9 l\u2019ai-je laiss\u00e9e ? Un tour, encore un tour sans fin, Mon t\u00e9l\u00e9phone, le CD\u2026 Ce cafard qui me ronge en silence, Et ton regard qui manque d\u2019insistance. Refrain : Allez, viens, mon petit roi, On va marcher\u2026","rel":"","context":"Article similaire","block_context":{"text":"Article similaire","link":""},"img":{"alt_text":"","src":"https:\/\/i0.wp.com\/ganeshadreamstore.centreganesha.com\/store\/wp-content\/uploads\/2026\/03\/Ernest.jpg?fit=650%2C665&ssl=1&resize=350%2C200","width":350,"height":200,"srcset":"https:\/\/i0.wp.com\/ganeshadreamstore.centreganesha.com\/store\/wp-content\/uploads\/2026\/03\/Ernest.jpg?fit=650%2C665&ssl=1&resize=350%2C200 1x, https:\/\/i0.wp.com\/ganeshadreamstore.centreganesha.com\/store\/wp-content\/uploads\/2026\/03\/Ernest.jpg?fit=650%2C665&ssl=1&resize=525%2C300 1.5x"},"classes":[]}],"_links":{"self":[{"href":"https:\/\/ganeshadreamstore.centreganesha.com\/store\/wp-json\/wp\/v2\/product\/1705","targetHints":{"allow":["GET"]}}],"collection":[{"href":"https:\/\/ganeshadreamstore.centreganesha.com\/store\/wp-json\/wp\/v2\/product"}],"about":[{"href":"https:\/\/ganeshadreamstore.centreganesha.com\/store\/wp-json\/wp\/v2\/types\/product"}],"wp:featuredmedia":[{"embeddable":true,"href":"https:\/\/ganeshadreamstore.centreganesha.com\/store\/wp-json\/wp\/v2\/media\/1708"}],"wp:attachment":[{"href":"https:\/\/ganeshadreamstore.centreganesha.com\/store\/wp-json\/wp\/v2\/media?parent=1705"}],"wp:term":[{"taxonomy":"product_brand","embeddable":true,"href":"https:\/\/ganeshadreamstore.centreganesha.com\/store\/wp-json\/wp\/v2\/product_brand?post=1705"},{"taxonomy":"product_cat","embeddable":true,"href":"https:\/\/ganeshadreamstore.centreganesha.com\/store\/wp-json\/wp\/v2\/product_cat?post=1705"},{"taxonomy":"product_tag","embeddable":true,"href":"https:\/\/ganeshadreamstore.centreganesha.com\/store\/wp-json\/wp\/v2\/product_tag?post=1705"}],"curies":[{"name":"wp","href":"https:\/\/api.w.org\/{rel}","templated":true}]}}