{"id":1688,"date":"2026-02-25T12:48:36","date_gmt":"2026-02-25T11:48:36","guid":{"rendered":"https:\/\/ganeshadreamstore.centreganesha.com\/store\/?post_type=product&#038;p=1688"},"modified":"2026-02-26T12:18:47","modified_gmt":"2026-02-26T11:18:47","slug":"le-moment-decisif","status":"publish","type":"product","link":"https:\/\/ganeshadreamstore.centreganesha.com\/store\/produit\/le-moment-decisif\/","title":{"rendered":"Le moment d\u00e9cisif"},"content":{"rendered":"<p>\u00ab\u00a0Le moment d\u00e9cisif\u00a0\u00bb<\/p>\n<p>Paroles et musique de Fran\u00e7oise Kav\u00e9ri Adjam<\/p>\n<p>A \u00e9couter sur youtube<\/p>\n<p><span class=\"embed-youtube\" style=\"text-align:center; display: block;\"><iframe loading=\"lazy\" class=\"youtube-player\" width=\"980\" height=\"552\" src=\"https:\/\/www.youtube.com\/embed\/cjRYxEjRDN0?version=3&#038;rel=1&#038;showsearch=0&#038;showinfo=1&#038;iv_load_policy=1&#038;fs=1&#038;hl=fr-FR&#038;autohide=2&#038;wmode=transparent\" allowfullscreen=\"true\" style=\"border:0;\" sandbox=\"allow-scripts allow-same-origin allow-popups allow-presentation allow-popups-to-escape-sandbox\"><\/iframe><\/span><\/p>\n","protected":false},"excerpt":{"rendered":"<p>Le moment d\u00e9cisif : chanson sur la fin de vie accompagn\u00e9e&#8230; \u00ab\u00a0Il surveillait constamment cette perfusion, Jour apr\u00e8s jour, ressentant l&rsquo;\u00e9rosion, La fin approchait, un temps ind\u00e9fini, Dans son c\u0153ur r\u00e9sonnait un appel infini. Il ne voulait pas partir, non, pas encore, Sa vie se tissait dans l&rsquo;ombre, un d\u00e9cor, Mais il savait que ceux qui prenaient soin de lui, D\u00e9cideraient du moment, comme un fruit m\u00fbri. Oh, cette perfusion, inqui\u00e9tante comme le vent, Chaque changement, une question lancinante, Quand viendra l&rsquo;heure, quand cette souffrance se tait, Quand la vie s&rsquo;efface, quand rien n&rsquo;est rest\u00e9. La douleur le poussait \u00e0 la bordure, Des nuits sans sommeil, une torture obscur\u00e9e, L&rsquo;air lui manquait, une \u00e9treinte suffocante, Chaque souffle, un combat, une danse h\u00e9sitante. Mais mourir, ah non, il ne le souhaitait pas, Son projet c&rsquo;\u00e9tait vivre, \u00e0 travers tout \u00e7a, Quand il viendrait te voir, chez toi, oh si vrai, Il esp\u00e9rait encore, voir de nouveaux levers. Oh, cette perfusion, inqui\u00e9tante comme le vent, Chaque changement, une question lancinante, Quand viendra l&rsquo;heure, quand cette souffrance se tait, Quand la vie s&rsquo;efface, quand rien n&rsquo;est rest\u00e9. Alors quand, doutera-t-il de son souffle ? Quand s&rsquo;\u00e9loignera-t-il de ses espoirs flous ? Dans la profondeur de son \u00eatre, un silence, Oubliant de surveiller, trouvant sa d\u00e9livrance. Alors quelqu&rsquo;un dira avec douceur, \u00ab C\u2019est le moment, fin douce de la douleur, \u00bb \u00c9toile dans la nuit, un nez vers l\u2019horizon, Lib\u00e9r\u00e9e enfin des cha\u00eenes de la prison. S\u2019\u00e9cartant de la vie, un soupir de paix, Emport\u00e9 par l\u2019ombre, quitt\u00e9 sans regrets, Mourir pour vivre, simplement un passage, Accueillant l\u2019au-del\u00e0, avec tout son h\u00e9ritage. Oh, cette perfusion, inqui\u00e9tante comme le vent, Chaque changement, une question lancinante, Quand viendra l&rsquo;heure, l&rsquo;apaisement s&rsquo;\u00e9veille, Dans le chuchotement de l&rsquo;\u00e2me, l\u2019\u00e9ternel sommeil.\u00a0\u00bb Paroles et musique de Fran\u00e7oise Kav\u00e9ri Adjam<\/p>\n","protected":false},"featured_media":1691,"template":"","meta":{"jetpack_post_was_ever_published":false,"jetpack_publicize_message":"","jetpack_publicize_feature_enabled":true,"jetpack_social_post_already_shared":true,"jetpack_social_options":{"image_generator_settings":{"template":"highway","default_image_id":0,"font":"","enabled":false},"version":2}},"product_brand":[],"product_cat":[331],"product_tag":[332],"class_list":{"0":"post-1688","1":"product","2":"type-product","3":"status-publish","4":"has-post-thumbnail","6":"product_cat-chansons-arrangees-mp3","7":"product_tag-le-moment-decisif","8":"product_shipping_class-mp3","10":"first","11":"instock","12":"downloadable","13":"virtual","14":"purchasable","15":"product-type-simple"},"jetpack_publicize_connections":[],"jetpack_sharing_enabled":true,"jetpack_likes_enabled":true,"jetpack-related-posts":[{"id":1756,"url":"https:\/\/ganeshadreamstore.centreganesha.com\/store\/produit\/le-messager\/","url_meta":{"origin":1688,"position":0},"title":"Le messager","author":"Centre Ganesha","date":"7 mars 2026","format":false,"excerpt":"Chanson arrang\u00e9e - MP3 Paroles, musique et arrangement par ChamanKa \u00e0 regardez sur Youtube (n'oubliez pas de mettre un pouce :-D , merci) https:\/\/youtu.be\/Anoh1eqGy5c","rel":"","context":"Article similaire","block_context":{"text":"Article similaire","link":""},"img":{"alt_text":"le messager","src":"https:\/\/i0.wp.com\/ganeshadreamstore.centreganesha.com\/store\/wp-content\/uploads\/2026\/03\/le-messager.jpg?fit=612%2C449&ssl=1&resize=350%2C200","width":350,"height":200,"srcset":"https:\/\/i0.wp.com\/ganeshadreamstore.centreganesha.com\/store\/wp-content\/uploads\/2026\/03\/le-messager.jpg?fit=612%2C449&ssl=1&resize=350%2C200 1x, https:\/\/i0.wp.com\/ganeshadreamstore.centreganesha.com\/store\/wp-content\/uploads\/2026\/03\/le-messager.jpg?fit=612%2C449&ssl=1&resize=525%2C300 1.5x"},"classes":[]},{"id":1859,"url":"https:\/\/ganeshadreamstore.centreganesha.com\/store\/produit\/la-vie-secrit\/","url_meta":{"origin":1688,"position":1},"title":"La vie S&rsquo;\u00e9crit","author":"Centre Ganesha","date":"10 avril 2026","format":false,"excerpt":"Chanson compos\u00e9e (paroles, musique, arrangement, voix synth\u00e9tiseur) par ChamanKa. A regarder sur YouTube (mettez un pouce si vous aimez et abonnez-vous !) https:\/\/youtu.be\/0U5nmu8ijNk","rel":"","context":"Article similaire","block_context":{"text":"Article similaire","link":""},"img":{"alt_text":"","src":"https:\/\/i0.wp.com\/ganeshadreamstore.centreganesha.com\/store\/wp-content\/uploads\/2026\/04\/la-vie-secrit.jpg?fit=1200%2C686&ssl=1&resize=350%2C200","width":350,"height":200,"srcset":"https:\/\/i0.wp.com\/ganeshadreamstore.centreganesha.com\/store\/wp-content\/uploads\/2026\/04\/la-vie-secrit.jpg?fit=1200%2C686&ssl=1&resize=350%2C200 1x, https:\/\/i0.wp.com\/ganeshadreamstore.centreganesha.com\/store\/wp-content\/uploads\/2026\/04\/la-vie-secrit.jpg?fit=1200%2C686&ssl=1&resize=525%2C300 1.5x, https:\/\/i0.wp.com\/ganeshadreamstore.centreganesha.com\/store\/wp-content\/uploads\/2026\/04\/la-vie-secrit.jpg?fit=1200%2C686&ssl=1&resize=700%2C400 2x, https:\/\/i0.wp.com\/ganeshadreamstore.centreganesha.com\/store\/wp-content\/uploads\/2026\/04\/la-vie-secrit.jpg?fit=1200%2C686&ssl=1&resize=1050%2C600 3x"},"classes":[]},{"id":1101,"url":"https:\/\/ganeshadreamstore.centreganesha.com\/store\/produit\/tasse-en-cuivre-pour-votre-sante-et-votre-immunite\/","url_meta":{"origin":1688,"position":2},"title":"Tasse en cuivre pour votre sant\u00e9 et votre immunit\u00e9.","author":"Centre Ganesha","date":"6 mai 2021","format":false,"excerpt":"Voici Pourquoi Vous Devriez Boire Dans Une Tasse En Cuivre Le cuivre est un oligo\u00e9l\u00e9ment qui se retrouve apr\u00e8s son ingestion dans le foie, le c\u0153ur, le muscle squelettique, etc. Ce min\u00e9ral a de nombreux bienfaits sur la sant\u00e9\u00a0: nettoie les reins, lutte contre les bact\u00e9ries nocives, ralentit le vieillissement,\u2026","rel":"","context":"Article similaire","block_context":{"text":"Article similaire","link":""},"img":{"alt_text":"","src":"https:\/\/i0.wp.com\/ganeshadreamstore.centreganesha.com\/store\/wp-content\/uploads\/2021\/05\/tasse-cuivre.jpg?fit=443%2C430&ssl=1&resize=350%2C200","width":350,"height":200},"classes":[]},{"id":1421,"url":"https:\/\/ganeshadreamstore.centreganesha.com\/store\/produit\/fleur-de-vie-en-bois\/","url_meta":{"origin":1688,"position":3},"title":"Fleur de vie en bois","author":"Centre Ganesha","date":"26 d\u00e9cembre 2021","format":false,"excerpt":"G\u00e9om\u00e9trie sacr\u00e9e : Fleur de Vie Cette fleur de vie en bois et d\u00e9coup\u00e9e au laser vous apportera tous les bienfaits de son onde de forme. \u00c9paisseur: 5mm\u00a0 Taille: diam\u00e8tre: 14cm","rel":"","context":"Article similaire","block_context":{"text":"Article similaire","link":""},"img":{"alt_text":"","src":"https:\/\/i0.wp.com\/ganeshadreamstore.centreganesha.com\/store\/wp-content\/uploads\/2021\/12\/fleur-de-vie-en-bois.jpg?fit=346%2C346&ssl=1&resize=350%2C200","width":350,"height":200},"classes":[]},{"id":1423,"url":"https:\/\/ganeshadreamstore.centreganesha.com\/store\/produit\/pendentif-fleur-de-vie\/","url_meta":{"origin":1688,"position":4},"title":"Pendentif Fleur de vie","author":"Centre Ganesha","date":"26 d\u00e9cembre 2021","format":false,"excerpt":"Pendentif\u00a0 fleur de vie\u00a0 en acier inoxydable, taille : 32 mm X 30 mm avec sa cha\u00eene de 45 cm + 5cm 2 mod\u00e8les : couleur or ou argent","rel":"","context":"Article similaire","block_context":{"text":"Article similaire","link":""},"img":{"alt_text":"","src":"https:\/\/i0.wp.com\/ganeshadreamstore.centreganesha.com\/store\/wp-content\/uploads\/2021\/12\/fleur-de-vie-pendentif2.jpg?fit=428%2C403&ssl=1&resize=350%2C200","width":350,"height":200},"classes":[]},{"id":1791,"url":"https:\/\/ganeshadreamstore.centreganesha.com\/store\/produit\/exile\/","url_meta":{"origin":1688,"position":5},"title":"Exil\u00e9","author":"Centre Ganesha","date":"13 mars 2026","format":false,"excerpt":"Chanson compos\u00e9e par ChamanKa \u00e0 \u00e9couter sur Youtube : https:\/\/youtu.be\/zTiLiaxUjtQ","rel":"","context":"Article similaire","block_context":{"text":"Article similaire","link":""},"img":{"alt_text":"","src":"https:\/\/i0.wp.com\/ganeshadreamstore.centreganesha.com\/store\/wp-content\/uploads\/2026\/03\/exile.jpg?fit=340%2C324&ssl=1&resize=350%2C200","width":350,"height":200},"classes":[]}],"_links":{"self":[{"href":"https:\/\/ganeshadreamstore.centreganesha.com\/store\/wp-json\/wp\/v2\/product\/1688","targetHints":{"allow":["GET"]}}],"collection":[{"href":"https:\/\/ganeshadreamstore.centreganesha.com\/store\/wp-json\/wp\/v2\/product"}],"about":[{"href":"https:\/\/ganeshadreamstore.centreganesha.com\/store\/wp-json\/wp\/v2\/types\/product"}],"wp:featuredmedia":[{"embeddable":true,"href":"https:\/\/ganeshadreamstore.centreganesha.com\/store\/wp-json\/wp\/v2\/media\/1691"}],"wp:attachment":[{"href":"https:\/\/ganeshadreamstore.centreganesha.com\/store\/wp-json\/wp\/v2\/media?parent=1688"}],"wp:term":[{"taxonomy":"product_brand","embeddable":true,"href":"https:\/\/ganeshadreamstore.centreganesha.com\/store\/wp-json\/wp\/v2\/product_brand?post=1688"},{"taxonomy":"product_cat","embeddable":true,"href":"https:\/\/ganeshadreamstore.centreganesha.com\/store\/wp-json\/wp\/v2\/product_cat?post=1688"},{"taxonomy":"product_tag","embeddable":true,"href":"https:\/\/ganeshadreamstore.centreganesha.com\/store\/wp-json\/wp\/v2\/product_tag?post=1688"}],"curies":[{"name":"wp","href":"https:\/\/api.w.org\/{rel}","templated":true}]}}