{"id":1543,"date":"2025-11-15T13:35:48","date_gmt":"2025-11-15T12:35:48","guid":{"rendered":"https:\/\/www.ganeshadreamstore.centreganesha.com\/store\/?post_type=product&#038;p=1543"},"modified":"2025-11-15T13:36:51","modified_gmt":"2025-11-15T12:36:51","slug":"le-livre-perdu-des-plantes-medicinales","status":"publish","type":"product","link":"https:\/\/ganeshadreamstore.centreganesha.com\/store\/produit\/le-livre-perdu-des-plantes-medicinales\/","title":{"rendered":"Le livre perdu des plantes m\u00e9dicinales"},"content":{"rendered":"","protected":false},"excerpt":{"rendered":"<p>Le pouvoir de gu\u00e9rison de la m\u00e9decine v\u00e9g\u00e9tale. Un condens\u00e9 complet des plantes m\u00e9dicinales indispensables \u00e0 utiliser et la mani\u00e8re de les utiliser.<\/p>\n<p>Tout le monde devrait avoir ce livre dans sa biblioth\u00e8que.<\/p>\n","protected":false},"featured_media":1546,"template":"","meta":{"jetpack_post_was_ever_published":false,"jetpack_publicize_message":"","jetpack_publicize_feature_enabled":true,"jetpack_social_post_already_shared":true,"jetpack_social_options":{"image_generator_settings":{"template":"highway","default_image_id":0,"font":"","enabled":false},"version":2}},"product_brand":[],"product_cat":[22,145],"product_tag":[324],"class_list":{"0":"post-1543","1":"product","2":"type-product","3":"status-publish","4":"has-post-thumbnail","6":"product_cat-livres","7":"product_cat-sante","8":"product_tag-plantes-medicinales","10":"first","11":"instock","12":"downloadable","13":"shipping-taxable","14":"purchasable","15":"product-type-simple"},"jetpack_publicize_connections":[],"jetpack_sharing_enabled":true,"jetpack_likes_enabled":true,"jetpack-related-posts":[{"id":978,"url":"https:\/\/ganeshadreamstore.centreganesha.com\/store\/produit\/rouleau-de-massage-des-pieds\/","url_meta":{"origin":1543,"position":0},"title":"Rouleau de massage des pieds","author":"Centre Ganesha","date":"4 mai 2021","format":false,"excerpt":"Rouleau de Massage des pieds, outil de Massage des tissus profonds, soulage le Stress, active les zones r\u00e9flexes des pieds. Masseur de pieds en bois,\u00a0 simple mais tr\u00e8s efficace. Fabriqu\u00e9 en bois massif, il suffit de rouler votre pied sur le rouleau et de laisser les diff\u00e9rentes cr\u00eates masser profond\u00e9ment\u2026","rel":"","context":"Article similaire","block_context":{"text":"Article similaire","link":""},"img":{"alt_text":"","src":"https:\/\/i0.wp.com\/ganeshadreamstore.centreganesha.com\/store\/wp-content\/uploads\/2021\/05\/masseur.jpg?fit=432%2C413&ssl=1&resize=350%2C200","width":350,"height":200},"classes":[]},{"id":1132,"url":"https:\/\/ganeshadreamstore.centreganesha.com\/store\/produit\/pyramide-en-orgonite\/","url_meta":{"origin":1543,"position":1},"title":"Pyramide en orgonite","author":"Centre Ganesha","date":"8 mai 2021","format":false,"excerpt":"2 mod\u00e8les : Pyramide\u00a0 arbre de vie, Pyramide OM 50mm, p\u00e9ridot et Malachite","rel":"","context":"Article similaire","block_context":{"text":"Article similaire","link":""},"img":{"alt_text":"","src":"https:\/\/i0.wp.com\/ganeshadreamstore.centreganesha.com\/store\/wp-content\/uploads\/2021\/05\/pyramide-orgonite5.jpg?fit=409%2C407&ssl=1&resize=350%2C200","width":350,"height":200},"classes":[]},{"id":1519,"url":"https:\/\/ganeshadreamstore.centreganesha.com\/store\/produit\/generateur-dondes-schumann-de-guerison\/","url_meta":{"origin":1543,"position":2},"title":"G\u00e9n\u00e9rateur d&rsquo;ondes Schumann de gu\u00e9rison","author":"Centre Ganesha","date":"5 octobre 2025","format":false,"excerpt":"G\u00e9n\u00e9rateur d'ondes de gu\u00e9rison r\u00e9glable de 0.01 Hz \u00e0 10000 Hz. Syst\u00e8me de fr\u00e9quences de bio-gu\u00e9rison.","rel":"","context":"Article similaire","block_context":{"text":"Article similaire","link":""},"img":{"alt_text":"","src":"https:\/\/i0.wp.com\/www.ganeshadreamstore.centreganesha.com\/store\/wp-content\/uploads\/2025\/10\/generateur-ondes-295x300.jpg?resize=350%2C200","width":350,"height":200},"classes":[]},{"id":1791,"url":"https:\/\/ganeshadreamstore.centreganesha.com\/store\/produit\/exile\/","url_meta":{"origin":1543,"position":3},"title":"Exil\u00e9","author":"Centre Ganesha","date":"13 mars 2026","format":false,"excerpt":"Chanson compos\u00e9e par ChamanKa \u00e0 \u00e9couter sur Youtube : https:\/\/youtu.be\/zTiLiaxUjtQ","rel":"","context":"Article similaire","block_context":{"text":"Article similaire","link":""},"img":{"alt_text":"","src":"https:\/\/i0.wp.com\/ganeshadreamstore.centreganesha.com\/store\/wp-content\/uploads\/2026\/03\/exile.jpg?fit=340%2C324&ssl=1&resize=350%2C200","width":350,"height":200},"classes":[]},{"id":1106,"url":"https:\/\/ganeshadreamstore.centreganesha.com\/store\/produit\/sauge-blanche\/","url_meta":{"origin":1543,"position":4},"title":"Sauge blanche","author":"Centre Ganesha","date":"6 mai 2021","format":false,"excerpt":"9 cm de long paquet de 40g","rel":"","context":"Article similaire","block_context":{"text":"Article similaire","link":""},"img":{"alt_text":"","src":"https:\/\/i0.wp.com\/ganeshadreamstore.centreganesha.com\/store\/wp-content\/uploads\/2021\/05\/sauge-blanche2.jpg?fit=442%2C442&ssl=1&resize=350%2C200","width":350,"height":200},"classes":[]},{"id":1471,"url":"https:\/\/ganeshadreamstore.centreganesha.com\/store\/produit\/semelles-magnetiques\/","url_meta":{"origin":1543,"position":5},"title":"Semelles magn\u00e9tiques","author":"Centre Ganesha","date":"9 mars 2023","format":false,"excerpt":"Semelles en silicone munis de 8 aimants\u00a0 magn\u00e9tiques sous forme de pierres de refroidissement, douces et lisses tr\u00e8s confortables.","rel":"","context":"Article similaire","block_context":{"text":"Article similaire","link":""},"img":{"alt_text":"","src":"https:\/\/i0.wp.com\/ganeshadreamstore.centreganesha.com\/store\/wp-content\/uploads\/2023\/03\/semelle-magnetique2.jpg?fit=572%2C700&ssl=1&resize=350%2C200","width":350,"height":200,"srcset":"https:\/\/i0.wp.com\/ganeshadreamstore.centreganesha.com\/store\/wp-content\/uploads\/2023\/03\/semelle-magnetique2.jpg?fit=572%2C700&ssl=1&resize=350%2C200 1x, https:\/\/i0.wp.com\/ganeshadreamstore.centreganesha.com\/store\/wp-content\/uploads\/2023\/03\/semelle-magnetique2.jpg?fit=572%2C700&ssl=1&resize=525%2C300 1.5x"},"classes":[]}],"_links":{"self":[{"href":"https:\/\/ganeshadreamstore.centreganesha.com\/store\/wp-json\/wp\/v2\/product\/1543","targetHints":{"allow":["GET"]}}],"collection":[{"href":"https:\/\/ganeshadreamstore.centreganesha.com\/store\/wp-json\/wp\/v2\/product"}],"about":[{"href":"https:\/\/ganeshadreamstore.centreganesha.com\/store\/wp-json\/wp\/v2\/types\/product"}],"wp:featuredmedia":[{"embeddable":true,"href":"https:\/\/ganeshadreamstore.centreganesha.com\/store\/wp-json\/wp\/v2\/media\/1546"}],"wp:attachment":[{"href":"https:\/\/ganeshadreamstore.centreganesha.com\/store\/wp-json\/wp\/v2\/media?parent=1543"}],"wp:term":[{"taxonomy":"product_brand","embeddable":true,"href":"https:\/\/ganeshadreamstore.centreganesha.com\/store\/wp-json\/wp\/v2\/product_brand?post=1543"},{"taxonomy":"product_cat","embeddable":true,"href":"https:\/\/ganeshadreamstore.centreganesha.com\/store\/wp-json\/wp\/v2\/product_cat?post=1543"},{"taxonomy":"product_tag","embeddable":true,"href":"https:\/\/ganeshadreamstore.centreganesha.com\/store\/wp-json\/wp\/v2\/product_tag?post=1543"}],"curies":[{"name":"wp","href":"https:\/\/api.w.org\/{rel}","templated":true}]}}