{"id":1519,"date":"2025-10-05T18:47:31","date_gmt":"2025-10-05T16:47:31","guid":{"rendered":"https:\/\/www.ganeshadreamstore.centreganesha.com\/store\/?post_type=product&#038;p=1519"},"modified":"2026-02-06T15:05:33","modified_gmt":"2026-02-06T14:05:33","slug":"generateur-dondes-schumann-de-guerison","status":"publish","type":"product","link":"https:\/\/ganeshadreamstore.centreganesha.com\/store\/produit\/generateur-dondes-schumann-de-guerison\/","title":{"rendered":"G\u00e9n\u00e9rateur d&rsquo;ondes Schumann de gu\u00e9rison"},"content":{"rendered":"<p>Cet appareil est un <strong>g\u00e9n\u00e9rateur d&rsquo;ondes Schumann<\/strong> (7,83 Hz), c&rsquo;est un syst\u00e8me de <strong>fr\u00e9quences de bio-gu\u00e9rison<\/strong>.<\/p>\n<p>Livr\u00e9 dans sa coque acrylique, vous pouvez\u00a0 r\u00e8gler sa fr\u00e9quence\u00a0 de 0.01 Hz \u00e0 10000 Hz ce qui va vous permettre de g\u00e9n\u00e9rer des <strong>ondes gu\u00e9risseuses<\/strong> pr\u00e9cises pour :<\/p>\n<ul>\n<li>am\u00e9liorer votre <strong>qualit\u00e9 de vie<\/strong>,<\/li>\n<li>am\u00e9liorer votre <strong>sommeil<\/strong>,<\/li>\n<li>r\u00e9duire votre<strong> stress<\/strong>,<\/li>\n<li>augmenter votre <strong>cr\u00e9ativit\u00e9<\/strong>,<\/li>\n<li>r\u00e9\u00e9quilibrer vos \u00e9nergies&#8230;<\/li>\n<\/ul>\n<h4>Comment \u00e7a marche ?<\/h4>\n<p>C&rsquo;est un outil de <strong>bien-\u00eatre<\/strong> qui \u00e9met de v\u00e9ritables signaux <strong>basses fr\u00e9quences<\/strong>, ceux que l&rsquo;on retrouve dans la nature et non sur votre t\u00e9l\u00e9phone.<\/p>\n<p>Notre monde moderne sur-stimule le cerveau : \u00e9crans, bruits, <strong>stress<\/strong>&#8230; autant de pics de dopamine artificiels qui \u00e9puisent notre syst\u00e8me nerveux.<\/p>\n<p>Ce <strong>g\u00e9n\u00e9rateur d&rsquo;ondes<\/strong> fait l&rsquo;inverse, il diffuse des <strong>fr\u00e9quences basses<\/strong> et apaisantes (comme la <strong>r\u00e9sonance de Schumann<\/strong> de 7,83 Hz) qui aident votre esprit \u00e0 ralentir, \u00e0 se recentrer et \u00e0 se r\u00e9initialiser. Consid\u00e9rez-le comme une pause naturelle pour votre syst\u00e8me nerveux, un signal qui murmure : \u00ab\u00a0vous pouvez vous d\u00e9tendre maintenant.\u00a0\u00bb<\/p>\n<h4>Livr\u00e9 avec :<\/h4>\n<ul>\n<li>Sa bo\u00eete de rangement<\/li>\n<li>son cable USB<\/li>\n<li>un petit haut-parleur<\/li>\n<li>une carte memo des fr\u00e9quences courantes<\/li>\n<li>et un petit livret d&rsquo;utilisation<\/li>\n<\/ul>\n<h4>Comment l&rsquo;utiliser ?<\/h4>\n<ol>\n<li>Branchez-le via le cable USB fourni,<\/li>\n<li>Choisissez une fr\u00e9quence (id\u00e9alement, commencez par 7,83 Hz ou 528 Hz, en utilisant le tableau des ondes joint.)<\/li>\n<li>Placez-le dans la pi\u00e8ce de votre choix, principalement o\u00f9 vous vous trouvez, pour activer le mode PEMF (champs \u00e9lectromagn\u00e9tiques puls\u00e9s)<\/li>\n<\/ol>\n<p><img data-recalc-dims=\"1\" loading=\"lazy\" decoding=\"async\" data-attachment-id=\"1520\" data-permalink=\"https:\/\/ganeshadreamstore.centreganesha.com\/store\/?attachment_id=1520\" data-orig-file=\"https:\/\/i0.wp.com\/ganeshadreamstore.centreganesha.com\/store\/wp-content\/uploads\/2025\/10\/generateur-ondes.jpg?fit=324%2C329&amp;ssl=1\" data-orig-size=\"324,329\" data-comments-opened=\"1\" data-image-meta=\"{&quot;aperture&quot;:&quot;0&quot;,&quot;credit&quot;:&quot;Utilisateur&quot;,&quot;camera&quot;:&quot;&quot;,&quot;caption&quot;:&quot;&quot;,&quot;created_timestamp&quot;:&quot;1759669698&quot;,&quot;copyright&quot;:&quot;&quot;,&quot;focal_length&quot;:&quot;0&quot;,&quot;iso&quot;:&quot;0&quot;,&quot;shutter_speed&quot;:&quot;0&quot;,&quot;title&quot;:&quot;&quot;,&quot;orientation&quot;:&quot;0&quot;}\" data-image-title=\"generateur ondes\" data-image-description=\"\" data-image-caption=\"\" data-large-file=\"https:\/\/i0.wp.com\/ganeshadreamstore.centreganesha.com\/store\/wp-content\/uploads\/2025\/10\/generateur-ondes.jpg?fit=324%2C329&amp;ssl=1\" class=\"alignnone size-medium wp-image-1520\" src=\"https:\/\/i0.wp.com\/www.ganeshadreamstore.centreganesha.com\/store\/wp-content\/uploads\/2025\/10\/generateur-ondes-295x300.jpg?resize=295%2C300\" alt=\"\" width=\"295\" height=\"300\" srcset=\"https:\/\/i0.wp.com\/ganeshadreamstore.centreganesha.com\/store\/wp-content\/uploads\/2025\/10\/generateur-ondes.jpg?resize=295%2C300&amp;ssl=1 295w, https:\/\/i0.wp.com\/ganeshadreamstore.centreganesha.com\/store\/wp-content\/uploads\/2025\/10\/generateur-ondes.jpg?w=324&amp;ssl=1 324w\" sizes=\"auto, (max-width: 295px) 100vw, 295px\" \/><\/p>\n<p>Pour de meilleurs r\u00e9sultats, <strong>pratiquez de\u00a0 \u00e0 10 \u00e0 20 minutes<\/strong> par jour.<\/p>\n<p>Apr\u00e8s le travail, pour rel\u00e2cher le pression.<\/p>\n<p>Avant le coucher, pour pr\u00e9parer un sommeil profond.<\/p>\n<p>Pendant la m\u00e9ditation ou l&rsquo;\u00e9criture, pour calmer et recentrer l&rsquo;esprit.<\/p>\n<p>Aucune application. Aucun bruit parasite. Juste un outil simple pour cultiver votre pr\u00e9sence.<\/p>\n","protected":false},"excerpt":{"rendered":"<p>G\u00e9n\u00e9rateur d&rsquo;ondes de gu\u00e9rison r\u00e9glable de 0.01 Hz \u00e0 10000 Hz.<\/p>\n<p>Syst\u00e8me de fr\u00e9quences de bio-gu\u00e9rison.<\/p>\n","protected":false},"featured_media":1521,"template":"","meta":{"jetpack_post_was_ever_published":false,"jetpack_publicize_message":"","jetpack_publicize_feature_enabled":true,"jetpack_social_post_already_shared":true,"jetpack_social_options":{"image_generator_settings":{"template":"highway","default_image_id":0,"font":"","enabled":false},"version":2}},"product_brand":[],"product_cat":[24,145],"product_tag":[323,318,320,321,319,322],"class_list":{"0":"post-1519","1":"product","2":"type-product","3":"status-publish","4":"has-post-thumbnail","6":"product_cat-esoterisme-et-magnetisme","7":"product_cat-sante","8":"product_tag-frequences-basses","9":"product_tag-generateur-dondes","10":"product_tag-ondes-de-guerison","11":"product_tag-ondes-guerisseuses","12":"product_tag-ondes-schumann","13":"product_tag-stress","15":"first","16":"instock","17":"shipping-taxable","18":"purchasable","19":"product-type-simple"},"jetpack_publicize_connections":[],"jetpack_sharing_enabled":true,"jetpack_likes_enabled":true,"jetpack-related-posts":[{"id":82,"url":"https:\/\/ganeshadreamstore.centreganesha.com\/store\/produit\/batons-de-cristal-de-roche-pour-la-guerison-ou-le-fenshui\/","url_meta":{"origin":1519,"position":0},"title":"B\u00e2tons de cristal de roche pour la gu\u00e9rison ou le fenshui","author":"Centre Ganesha","date":"24 d\u00e9cembre 2017","format":false,"excerpt":"100 gr de b\u00e2tons de cristal de roche pour vous permettre d'harmoniser votre environnement ou votre sant\u00e9. Le b\u00e2ton de gu\u00e9rison est un \u00a0v\u00e9ritable amplificateur, \u00e9metteur et r\u00e9cepteur d'ondes \u00e9lectromagn\u00e9tiques, il vous aide \u00e0 vous connecter avec votre \u00eatre int\u00e9rieur ,\u00e0 \u00a0amplifier la m\u00e9ditation et la r\u00e9ceptivit\u00e9 psychique. V\u00e9ritable antenne\u2026","rel":"","context":"Article similaire","block_context":{"text":"Article similaire","link":""},"img":{"alt_text":"","src":"https:\/\/i0.wp.com\/ganeshadreamstore.centreganesha.com\/store\/wp-content\/uploads\/2017\/12\/b%C3%A2tons-de-cristal-de-roche.jpg?fit=495%2C494&ssl=1&resize=350%2C200","width":350,"height":200},"classes":[]},{"id":907,"url":"https:\/\/ganeshadreamstore.centreganesha.com\/store\/produit\/collier-7-chakras-en-orgonite\/","url_meta":{"origin":1519,"position":1},"title":"COLLIER 7 CHAKRAS EN ORGONITE","author":"Centre Ganesha","date":"15 d\u00e9cembre 2019","format":false,"excerpt":"COMME VOUS LE SAVEZ, LA 5G PEUT AFFECTER LA STRUCTURE DE L'ADN. IMPRESSIONNANT, N'EST-CE PAS ? Le nouveau collier de protection EMF \u00e9met de puissantes vibrations de l'orgone qui bloquent la pollution \u00e9lectromagn\u00e9tique des tours t\u00e9l\u00e9phoniques, smartphones, WiFi, 4G et bient\u00f4t 5G.... Invisible, inodore et intangible, c'est ce qui rend\u2026","rel":"","context":"Article similaire","block_context":{"text":"Article similaire","link":""},"img":{"alt_text":"","src":"https:\/\/i0.wp.com\/ganeshadreamstore.centreganesha.com\/store\/wp-content\/uploads\/2019\/12\/collier-7-chakras-orgonite2.jpg?fit=506%2C472&ssl=1&resize=350%2C200","width":350,"height":200},"classes":[]},{"id":70,"url":"https:\/\/ganeshadreamstore.centreganesha.com\/store\/produit\/100g-de-pierres-damethyste-pour-la-guerison-ou-le-fenshui\/","url_meta":{"origin":1519,"position":2},"title":"100g de Pierres d&rsquo;amethyste pour la guerison ou le fenshui","author":"Centre Ganesha","date":"24 d\u00e9cembre 2017","format":false,"excerpt":"100gr de Pierres d'am\u00e9thyste polie pour la gu\u00e9rison ou le fenshui Les vertus de l\u2019am\u00e9thyste sont apaisantes et purifiantes.\u00a0Elle \u00e9vacue le stress, calme l\u2019insomnie et favorise la concentration et la m\u00e9ditation.\u00a0C\u2019est une pierre tr\u00e8s b\u00e9n\u00e9fique pour le mental, qui permet de trouver l\u2019\u00e9quilibre et la s\u00e9r\u00e9nit\u00e9.\u00a0L\u00e9onard de Vinci \u00e9crivait d\u2019ailleurs\u2026","rel":"","context":"Article similaire","block_context":{"text":"Article similaire","link":""},"img":{"alt_text":"","src":"https:\/\/i0.wp.com\/ganeshadreamstore.centreganesha.com\/store\/wp-content\/uploads\/2017\/12\/pierre-dam%C3%A9thyste.jpg?fit=1000%2C1002&ssl=1&resize=350%2C200","width":350,"height":200,"srcset":"https:\/\/i0.wp.com\/ganeshadreamstore.centreganesha.com\/store\/wp-content\/uploads\/2017\/12\/pierre-dam%C3%A9thyste.jpg?fit=1000%2C1002&ssl=1&resize=350%2C200 1x, https:\/\/i0.wp.com\/ganeshadreamstore.centreganesha.com\/store\/wp-content\/uploads\/2017\/12\/pierre-dam%C3%A9thyste.jpg?fit=1000%2C1002&ssl=1&resize=525%2C300 1.5x, https:\/\/i0.wp.com\/ganeshadreamstore.centreganesha.com\/store\/wp-content\/uploads\/2017\/12\/pierre-dam%C3%A9thyste.jpg?fit=1000%2C1002&ssl=1&resize=700%2C400 2x"},"classes":[]},{"id":260,"url":"https:\/\/ganeshadreamstore.centreganesha.com\/store\/produit\/bracelet-magnetique-en-titane-noir-homme\/","url_meta":{"origin":1519,"position":3},"title":"Bracelet magnetique en titane noir homme","author":"Centre Ganesha","date":"25 d\u00e9cembre 2017","format":false,"excerpt":"Affirmez votre \u00e9l\u00e9gance masculine avec ce\u00a0bracelet magn\u00e9tique en titane\u00a0noir ! Vous appr\u00e9cierez sa robustesse, sa l\u00e9g\u00e8ret\u00e9 et sa classe. Les bracelets magn\u00e9tiques ont trois actions essentielles : - Ils vous apportent un\u00a0bien-\u00eatre g\u00e9n\u00e9ral\u00a0et un\u00a0calme int\u00e9rieur, apaisant votre stress - Ils r\u00e9gularisent votre terrain et vous\u00a0donnent une \u00e9nergie positive - Ils\u2026","rel":"","context":"Article similaire","block_context":{"text":"Article similaire","link":""},"img":{"alt_text":"","src":"https:\/\/i0.wp.com\/ganeshadreamstore.centreganesha.com\/store\/wp-content\/uploads\/2017\/12\/bracelet-magn%C3%A9tique-homme.jpg?fit=1000%2C1000&ssl=1&resize=350%2C200","width":350,"height":200,"srcset":"https:\/\/i0.wp.com\/ganeshadreamstore.centreganesha.com\/store\/wp-content\/uploads\/2017\/12\/bracelet-magn%C3%A9tique-homme.jpg?fit=1000%2C1000&ssl=1&resize=350%2C200 1x, https:\/\/i0.wp.com\/ganeshadreamstore.centreganesha.com\/store\/wp-content\/uploads\/2017\/12\/bracelet-magn%C3%A9tique-homme.jpg?fit=1000%2C1000&ssl=1&resize=525%2C300 1.5x, https:\/\/i0.wp.com\/ganeshadreamstore.centreganesha.com\/store\/wp-content\/uploads\/2017\/12\/bracelet-magn%C3%A9tique-homme.jpg?fit=1000%2C1000&ssl=1&resize=700%2C400 2x"},"classes":[]},{"id":246,"url":"https:\/\/ganeshadreamstore.centreganesha.com\/store\/produit\/bracelet-magnetique-aux-pierres-roses-pour-femme\/","url_meta":{"origin":1519,"position":4},"title":"Bracelet magnetique aux pierres roses pour femme","author":"Centre Ganesha","date":"25 d\u00e9cembre 2017","format":false,"excerpt":"Ce magnifique\u00a0bracelet magn\u00e9tique femme\u00a0de magn\u00e9toth\u00e9rapie \u00a0se coordonne avec toutes vos tenues ! Un beau bracelet de m\u00e9decine naturelle aux\u00a0pierres mauves\u00a0en zirconium. Chaque maillon pr\u00e9sente en contact avec la peau, des aimants de samarium d\u00e9livrent 1200 Gauss sur votre corps pour votre bien \u00eatre. \u00a0","rel":"","context":"Article similaire","block_context":{"text":"Article similaire","link":""},"img":{"alt_text":"","src":"https:\/\/i0.wp.com\/ganeshadreamstore.centreganesha.com\/store\/wp-content\/uploads\/2017\/12\/bracelet-magn%C3%A9tique-femme-rose4.jpg?fit=772%2C621&ssl=1&resize=350%2C200","width":350,"height":200,"srcset":"https:\/\/i0.wp.com\/ganeshadreamstore.centreganesha.com\/store\/wp-content\/uploads\/2017\/12\/bracelet-magn%C3%A9tique-femme-rose4.jpg?fit=772%2C621&ssl=1&resize=350%2C200 1x, https:\/\/i0.wp.com\/ganeshadreamstore.centreganesha.com\/store\/wp-content\/uploads\/2017\/12\/bracelet-magn%C3%A9tique-femme-rose4.jpg?fit=772%2C621&ssl=1&resize=525%2C300 1.5x, https:\/\/i0.wp.com\/ganeshadreamstore.centreganesha.com\/store\/wp-content\/uploads\/2017\/12\/bracelet-magn%C3%A9tique-femme-rose4.jpg?fit=772%2C621&ssl=1&resize=700%2C400 2x"},"classes":[]},{"id":270,"url":"https:\/\/ganeshadreamstore.centreganesha.com\/store\/produit\/bracelet-magnetique-pour-femme\/","url_meta":{"origin":1519,"position":5},"title":"Bracelet magn\u00e9tique pour femme","author":"Centre Ganesha","date":"25 d\u00e9cembre 2017","format":false,"excerpt":"Ce magnifique\u00a0bracelet magn\u00e9tique femme\u00a0de magn\u00e9toth\u00e9rapie \u00a0se coordonne avec toutes vos tenues! Un beau bracelet de m\u00e9decine naturelle. Chaque maillon pr\u00e9sente en contact avec la peau, des aimants de samarium d\u00e9livrent 1200 Gauss sur votre corps pour votre bien \u00eatre. Les bracelets magn\u00e9tiques ont trois actions essentielles : - Ils vous\u2026","rel":"","context":"Article similaire","block_context":{"text":"Article similaire","link":""},"img":{"alt_text":"","src":"https:\/\/i0.wp.com\/ganeshadreamstore.centreganesha.com\/store\/wp-content\/uploads\/2017\/12\/bracelet-magn%C3%A9tique.jpg?fit=1000%2C1000&ssl=1&resize=350%2C200","width":350,"height":200,"srcset":"https:\/\/i0.wp.com\/ganeshadreamstore.centreganesha.com\/store\/wp-content\/uploads\/2017\/12\/bracelet-magn%C3%A9tique.jpg?fit=1000%2C1000&ssl=1&resize=350%2C200 1x, https:\/\/i0.wp.com\/ganeshadreamstore.centreganesha.com\/store\/wp-content\/uploads\/2017\/12\/bracelet-magn%C3%A9tique.jpg?fit=1000%2C1000&ssl=1&resize=525%2C300 1.5x, https:\/\/i0.wp.com\/ganeshadreamstore.centreganesha.com\/store\/wp-content\/uploads\/2017\/12\/bracelet-magn%C3%A9tique.jpg?fit=1000%2C1000&ssl=1&resize=700%2C400 2x"},"classes":[]}],"_links":{"self":[{"href":"https:\/\/ganeshadreamstore.centreganesha.com\/store\/wp-json\/wp\/v2\/product\/1519","targetHints":{"allow":["GET"]}}],"collection":[{"href":"https:\/\/ganeshadreamstore.centreganesha.com\/store\/wp-json\/wp\/v2\/product"}],"about":[{"href":"https:\/\/ganeshadreamstore.centreganesha.com\/store\/wp-json\/wp\/v2\/types\/product"}],"wp:featuredmedia":[{"embeddable":true,"href":"https:\/\/ganeshadreamstore.centreganesha.com\/store\/wp-json\/wp\/v2\/media\/1521"}],"wp:attachment":[{"href":"https:\/\/ganeshadreamstore.centreganesha.com\/store\/wp-json\/wp\/v2\/media?parent=1519"}],"wp:term":[{"taxonomy":"product_brand","embeddable":true,"href":"https:\/\/ganeshadreamstore.centreganesha.com\/store\/wp-json\/wp\/v2\/product_brand?post=1519"},{"taxonomy":"product_cat","embeddable":true,"href":"https:\/\/ganeshadreamstore.centreganesha.com\/store\/wp-json\/wp\/v2\/product_cat?post=1519"},{"taxonomy":"product_tag","embeddable":true,"href":"https:\/\/ganeshadreamstore.centreganesha.com\/store\/wp-json\/wp\/v2\/product_tag?post=1519"}],"curies":[{"name":"wp","href":"https:\/\/api.w.org\/{rel}","templated":true}]}}