{"id":1471,"date":"2023-03-09T17:06:47","date_gmt":"2023-03-09T16:06:47","guid":{"rendered":"https:\/\/www.ganeshadreamstore.centreganesha.com\/store\/?post_type=product&#038;p=1471"},"modified":"2023-03-09T17:06:47","modified_gmt":"2023-03-09T16:06:47","slug":"semelles-magnetiques","status":"publish","type":"product","link":"https:\/\/ganeshadreamstore.centreganesha.com\/store\/produit\/semelles-magnetiques\/","title":{"rendered":"Semelles magn\u00e9tiques"},"content":{"rendered":"<h4><span style=\"text-decoration: underline;\">Comment les semelles magn\u00e9tiques\u00a0 peuvent vous aider<\/span><\/h4>\n<section id=\"13047914\" class=\"js-cluster-wrapper zpa-text-line-063-v2 zpa-text-line-063 zpa-block-stacking--ltr zpa-block-valign--top zpa-is-new-structure zp ba-67327750\" data-id=\"67327750\">\n<div class=\"js-cluster zpa-container zp cac-67327750\">\n<div class=\"flex-row\">\n<div class=\"xs-12 zpa-flex--column\">\n<div data-block-wrapper=\"\">\n<div class=\"zpa-word-wrap disable-internal-link zp ba-67327749\" data-id=\"67327749\">\n<p class=\"zp ts-regular-1 tsl-1\">Travailler \u00e0 partir des pieds<\/p>\n<\/div>\n<\/div>\n<\/div>\n<\/div>\n<\/div>\n<\/section>\n<section id=\"13047916\" class=\"js-cluster-wrapper zpa-plain-text-002-v1-dynamic zpa-plain-text-002 zpa-block-valign--top zpa-block-stacking--ltr zpa-is-new-structure zp ba-13047916\" data-id=\"13047916\">\n<div class=\"js-cluster zp cac-13047916 zpa-container\">\n<div class=\"flex-row center-xs\" data-dynamic-row=\"\">\n<div class=\"zpa-flex--column xs-12\" data-dynamic-column=\"\">\n<div class=\"zpa-word-wrap disable-internal-link zp ea-3729637\">\n<p class=\"zp ts-regular-1 tsl-2\">D\u00e9couverte par des m\u00e9decins antiques d\u00e8s 2330 avant J.-C., la plante des pieds est connect\u00e9e \u00e0 l&rsquo;ensemble du corps humain par un r\u00e9seau de nerfs. Les points de pression sur la plante des pieds activent ces voies neuronales connect\u00e9es \u00e0 des syst\u00e8mes et organes sp\u00e9cifiques.<\/p>\n<\/div>\n<\/div>\n<\/div>\n<\/div>\n<\/section>\n<section id=\"13047846\" class=\"js-cluster-wrapper zpa-plain-image-001-v2 zpa-plain-image-001 zpa-block-stacking--ltr zpa-block-valign--top zpa-is-new-structure zp ba-67326720\" data-id=\"67326720\" data-zp-crm-btn-popup=\"\">\n<div class=\"js-cluster zpa-container zp cac-67326720\">\n<div class=\"flex-row\">\n<div class=\"xs-12 zpa-flex--column\">\n<div class=\"zpa-image-container zp ba-67326721\" data-id=\"67326721\"><a class=\"zpa-disabled-when-link-empty zpa-lazyloaded\" data-expand=\"-1\"><img data-recalc-dims=\"1\" loading=\"lazy\" decoding=\"async\" class=\"zpa-img-fluid zp ba-67326722 zpa-lazyloaded\" src=\"https:\/\/i0.wp.com\/cdn05.zipify.com\/sSU1CtDQZ0Mt4wmGsUn1F2irkgg%3D\/fit-in\/2048x0\/1c91758bae8749d3a785bf6feffc5a08\/foot.webp?resize=980%2C588&#038;ssl=1\" sizes=\"auto, 100vw,2048px,1940px,1680px,1536px,1376px,1080px,840px,540px\" srcset=\"https:\/\/cdn05.zipify.com\/7hMjC2_iqcEZx5O9lsTS7FZ3ljw=\/fit-in\/540x0\/1c91758bae8749d3a785bf6feffc5a08\/foot.webp 540w, https:\/\/cdn05.zipify.com\/EVCyVZWSADYbbUOuH56ndAg3MgM=\/fit-in\/840x0\/1c91758bae8749d3a785bf6feffc5a08\/foot.webp 840w, https:\/\/cdn05.zipify.com\/lnza196hDC0VM013imq504GVI2k=\/fit-in\/1080x0\/1c91758bae8749d3a785bf6feffc5a08\/foot.webp 1080w, https:\/\/cdn05.zipify.com\/NUlz9uXUeW4kr0BAKIoNpqDVdzw=\/fit-in\/1376x0\/1c91758bae8749d3a785bf6feffc5a08\/foot.webp 1376w, https:\/\/cdn05.zipify.com\/Hm4x_9b_tbyHkYj-NKN5Lk7eUN0=\/fit-in\/1536x0\/1c91758bae8749d3a785bf6feffc5a08\/foot.webp 1536w, https:\/\/cdn05.zipify.com\/8CBRWhgeWXNkKZZxY2jKgniYRSM=\/fit-in\/1680x0\/1c91758bae8749d3a785bf6feffc5a08\/foot.webp 1680w, https:\/\/cdn05.zipify.com\/LjFE3O2aNgKQ-bSq3FJksuBq3io=\/fit-in\/1940x0\/1c91758bae8749d3a785bf6feffc5a08\/foot.webp 1940w, https:\/\/cdn05.zipify.com\/sSU1CtDQZ0Mt4wmGsUn1F2irkgg=\/fit-in\/2048x0\/1c91758bae8749d3a785bf6feffc5a08\/foot.webp 2048w\" width=\"980\" height=\"588\" data-width=\"1000\" data-height=\"600\" data-lowsrc=\"https:\/\/cdn05.zipify.com\/4SvGYL1gDHnQMZN6HlroG-C9AWc=\/fit-in\/540x0\/filters:quality(4):blur(9)\/1c91758bae8749d3a785bf6feffc5a08\/foot.webp\" data-parent-fit=\"contain\" data-srcset=\"https:\/\/cdn05.zipify.com\/7hMjC2_iqcEZx5O9lsTS7FZ3ljw=\/fit-in\/540x0\/1c91758bae8749d3a785bf6feffc5a08\/foot.webp 540w, https:\/\/cdn05.zipify.com\/EVCyVZWSADYbbUOuH56ndAg3MgM=\/fit-in\/840x0\/1c91758bae8749d3a785bf6feffc5a08\/foot.webp 840w, https:\/\/cdn05.zipify.com\/lnza196hDC0VM013imq504GVI2k=\/fit-in\/1080x0\/1c91758bae8749d3a785bf6feffc5a08\/foot.webp 1080w, https:\/\/cdn05.zipify.com\/NUlz9uXUeW4kr0BAKIoNpqDVdzw=\/fit-in\/1376x0\/1c91758bae8749d3a785bf6feffc5a08\/foot.webp 1376w, https:\/\/cdn05.zipify.com\/Hm4x_9b_tbyHkYj-NKN5Lk7eUN0=\/fit-in\/1536x0\/1c91758bae8749d3a785bf6feffc5a08\/foot.webp 1536w, https:\/\/cdn05.zipify.com\/8CBRWhgeWXNkKZZxY2jKgniYRSM=\/fit-in\/1680x0\/1c91758bae8749d3a785bf6feffc5a08\/foot.webp 1680w, https:\/\/cdn05.zipify.com\/LjFE3O2aNgKQ-bSq3FJksuBq3io=\/fit-in\/1940x0\/1c91758bae8749d3a785bf6feffc5a08\/foot.webp 1940w, https:\/\/cdn05.zipify.com\/sSU1CtDQZ0Mt4wmGsUn1F2irkgg=\/fit-in\/2048x0\/1c91758bae8749d3a785bf6feffc5a08\/foot.webp 2048w\" data-src=\"https:\/\/cdn05.zipify.com\/sSU1CtDQZ0Mt4wmGsUn1F2irkgg=\/fit-in\/2048x0\/1c91758bae8749d3a785bf6feffc5a08\/foot.webp\" data-id=\"67326722\" data-old-image=\"true\" \/><\/a><\/div>\n<\/div>\n<\/div>\n<\/div>\n<\/section>\n<section id=\"13047842\" class=\"js-cluster-wrapper zpa-plain-text-002-v1-dynamic zpa-plain-text-002 zpa-block-valign--top zpa-block-stacking--ltr zpa-is-new-structure zp ba-13047842\" data-id=\"13047842\">\n<div class=\"js-cluster zp cac-13047842 zpa-container\">\n<div class=\"flex-row center-xs\" data-dynamic-row=\"\">\n<div class=\"zpa-flex--column xs-12\" data-dynamic-column=\"\">\n<div class=\"zpa-word-wrap disable-internal-link zp ea-3729573\">\n<p class=\"zp ts-regular-1 tsl-1\">Des recherches r\u00e9centes sur ces points de pression ont montr\u00e9 leur capacit\u00e9 \u00e0 engendrer des changements physiologiques et biochimiques dans le corps.<\/p>\n<p class=\"zp ts-regular-1 tsl-3\">L&rsquo;acupression s&rsquo;est av\u00e9r\u00e9e \u00eatre un traitement non invasif capable de favoriser l&rsquo;augmentation de la circulation sanguine dans les muscles bless\u00e9s. Cela renforce la capacit\u00e9 du corps \u00e0 \u00e9liminer les toxines des blessures et \u00e0 apporter les nutriments n\u00e9cessaires \u00e0 l&rsquo;auto-gu\u00e9rison.<\/p>\n<p class=\"zp ts-regular-1 tsl-5\">Elle est \u00e9galement capable d&rsquo;aider le syst\u00e8me lymphatique du corps \u00e0 \u00e9liminer les d\u00e9chets et l&rsquo;acide lactique des tissus musculaires. Cette d\u00e9marche permet d&rsquo;acc\u00e9l\u00e9rer la gu\u00e9rison et le renforcement des muscles bless\u00e9s.<\/p>\n<\/div>\n<\/div>\n<\/div>\n<\/div>\n<\/section>\n<section id=\"13047917\" class=\"js-cluster-wrapper zpa-text-line-063-v2 zpa-text-line-063 zpa-block-stacking--ltr zpa-block-valign--top zpa-is-new-structure zp ba-67327780\" data-id=\"67327780\">\n<div class=\"js-cluster zpa-container zp cac-67327780\">\n<div class=\"flex-row\">\n<div class=\"xs-12 zpa-flex--column\">\n<div data-block-wrapper=\"\">\n<div class=\"zpa-word-wrap disable-internal-link zp ba-67327779\" data-id=\"67327779\">\n<p class=\"zp ts-regular-1 tsl-1\">La th\u00e9rapie magn\u00e9tique : La meilleure th\u00e9rapie pour le syst\u00e8me nerveux<\/p>\n<\/div>\n<\/div>\n<\/div>\n<\/div>\n<\/div>\n<\/section>\n<section id=\"13047918\" class=\"js-cluster-wrapper zpa-plain-image-001-v1-dynamic zpa-plain-image-001 zpa-block-valign--top zpa-block-stacking--ltr zpa-is-new-structure zp ba-13047918\" data-id=\"13047918\" data-zp-crm-btn-popup=\"\">\n<div class=\"js-cluster zp cac-13047918 zpa-container\">\n<div class=\"flex-row center-xs\" data-dynamic-row=\"\">\n<div class=\"zpa-flex--column xs-12\" data-dynamic-column=\"\"><\/div>\n<\/div>\n<\/div>\n<\/section>\n<p><img data-recalc-dims=\"1\" loading=\"lazy\" decoding=\"async\" data-attachment-id=\"1474\" data-permalink=\"https:\/\/ganeshadreamstore.centreganesha.com\/store\/?attachment_id=1474\" data-orig-file=\"https:\/\/i0.wp.com\/ganeshadreamstore.centreganesha.com\/store\/wp-content\/uploads\/2023\/03\/semelle-magnetique3.jpg?fit=939%2C529&amp;ssl=1\" data-orig-size=\"939,529\" data-comments-opened=\"1\" data-image-meta=\"{&quot;aperture&quot;:&quot;0&quot;,&quot;credit&quot;:&quot;Utilisateur&quot;,&quot;camera&quot;:&quot;&quot;,&quot;caption&quot;:&quot;&quot;,&quot;created_timestamp&quot;:&quot;1678378943&quot;,&quot;copyright&quot;:&quot;&quot;,&quot;focal_length&quot;:&quot;0&quot;,&quot;iso&quot;:&quot;0&quot;,&quot;shutter_speed&quot;:&quot;0&quot;,&quot;title&quot;:&quot;&quot;,&quot;orientation&quot;:&quot;0&quot;}\" data-image-title=\"semelle magnetique3\" data-image-description=\"\" data-image-caption=\"\" data-large-file=\"https:\/\/i0.wp.com\/ganeshadreamstore.centreganesha.com\/store\/wp-content\/uploads\/2023\/03\/semelle-magnetique3.jpg?fit=939%2C529&amp;ssl=1\" class=\"alignnone  wp-image-1474\" src=\"https:\/\/i0.wp.com\/www.ganeshadreamstore.centreganesha.com\/store\/wp-content\/uploads\/2023\/03\/semelle-magnetique3-300x169.jpg?resize=777%2C391\" alt=\"\" width=\"777\" height=\"391\" \/><\/p>\n<ul>\n<li class=\"zp ts-regular-1 tsl-1\">Favorisent la circulation sanguine<\/li>\n<\/ul>\n<p class=\"zp ts-regular-1 tsl-2\">En stimulant les points d&rsquo;accupression, la circulation sanguine est am\u00e9lior\u00e9e, ce qui permet une meilleure oxyg\u00e9nation des cellules et renforce les capacit\u00e9s naturelles de gu\u00e9rison de l&rsquo;organisme.<\/p>\n<ul>\n<li class=\"zp ts-regular-1 tsl-4\">Renforcent les muscles<\/li>\n<\/ul>\n<p class=\"zp ts-regular-1 tsl-5\">Favorisent une croissance saine du tissu musculaire en acc\u00e9l\u00e9rant l&rsquo;\u00e9limination de l&rsquo;acide lactique dans les muscles.<\/p>\n<ul>\n<li class=\"zp ts-regular-1 tsl-7\">Redonnent de l&rsquo;\u00e9nergie au corps<\/li>\n<\/ul>\n<p class=\"zp ts-regular-1 tsl-8\">En \u00e9quilibrant les champs \u00e9lectromagn\u00e9tiques naturels des cellules, elles sont capables d&rsquo;augmenter l&rsquo;\u00e9nergie.<\/p>\n<ul>\n<li class=\"zp ts-regular-1 tsl-10\">Soulagement th\u00e9rapeutique de la douleur<\/li>\n<\/ul>\n<p class=\"zp ts-regular-1 tsl-11\">Gr\u00e2ce \u00e0 leur fr\u00e9quence magn\u00e9tique unique, les aimants sont capables de communiquer avec le tissu musculaire et les cellules nerveuses pour soulager.<\/p>\n<p class=\"zp ts-regular-1 tsl-13\">Confortables et durables<\/p>\n<p class=\"zp ts-regular-1 tsl-14\">Fabriqu\u00e9es \u00e0 partir de mat\u00e9riaux de haute qualit\u00e9, ces semelles sont capables d&rsquo;apporter du confort \u00e0 n&rsquo;importe quelle chaussure.<\/p>\n<h4 class=\"zp ts-regular-1 tsl-1\"><span style=\"text-decoration: underline;\">Comment les utiliser<\/span><\/h4>\n<ol class=\"zp ts-regular-1 zpa-text__list zpa-text__list--decimal tsl-4\">\n<li class=\"zp tsl-5\">\n<p class=\"zp ts-regular-1 tsl-6\">Mesurez la taille du pied sur les semelles magn\u00e9tiques avant de d\u00e9couper la semelle, en laissant une distance convenable entre vos pieds et les bords de la semelle.<\/p>\n<\/li>\n<li class=\"zp tsl-8\">\n<p class=\"zp ts-regular-1 tsl-9\">Placez les semelles magn\u00e9tiques dans les chaussures et mesurez \u00e0 nouveau pour assurer un confort maximal.<\/p>\n<\/li>\n<li class=\"zp tsl-11\">\n<p class=\"zp ts-regular-1 tsl-12\">Une fois que le positionnement est confirm\u00e9, nous recommandons de coller les semelles magn\u00e9tiques afin de s&rsquo;assurer qu&rsquo;elles ne soient pas d\u00e9plac\u00e9es lors des mouvements.<\/p>\n<p class=\"zp ts-regular-1 tsl-14\"><span style=\"text-decoration: underline;\">Remarque<\/span> : il est conseill\u00e9 de porter les semelles magn\u00e9tiques pendant au moins 9 heures par jour, m\u00eame en position assise, pour assurer la connexion aux aimants. Il est recommand\u00e9 aux utilisateurs d&rsquo;avoir des semelles pour CHAQUE chaussure afin de s&rsquo;assurer que les semelles magn\u00e9tiques ne soient pas d\u00e9plac\u00e9es inutilement.<\/p>\n<\/li>\n<\/ol>\n<h4>Les semelles magn\u00e9tiques conviennent pour des pieds \u00e0 partir de la taille 35 jusqu&rsquo;au 41.<\/h4>\n","protected":false},"excerpt":{"rendered":"<p><span data-spm-anchor-id=\"a2g0o.detail.1000023.i2.75e644f8JAbLOV\">Semelles en silicone munis de 8 aimants\u00a0 magn\u00e9tiques sous forme de pierres de refroidissement, douces et lisses tr\u00e8s confortables.<\/span><\/p>\n","protected":false},"featured_media":1473,"template":"","meta":{"jetpack_post_was_ever_published":false,"jetpack_publicize_message":"","jetpack_publicize_feature_enabled":true,"jetpack_social_post_already_shared":true,"jetpack_social_options":{"image_generator_settings":{"template":"highway","default_image_id":0,"font":"","enabled":false},"version":2}},"product_brand":[],"product_cat":[145],"product_tag":[301,302,298,297,299,300],"class_list":{"0":"post-1471","1":"product","2":"type-product","3":"status-publish","4":"has-post-thumbnail","6":"product_cat-sante","7":"product_tag-accupression","8":"product_tag-guerison","9":"product_tag-magnetique","10":"product_tag-semelles","11":"product_tag-semelles-magnetiques","12":"product_tag-therapie-magnetique","14":"first","15":"instock","16":"sale","17":"shipping-taxable","18":"purchasable","19":"product-type-simple"},"jetpack_publicize_connections":[],"jetpack_sharing_enabled":true,"jetpack_likes_enabled":true,"jetpack-related-posts":[{"id":254,"url":"https:\/\/ganeshadreamstore.centreganesha.com\/store\/produit\/bracelet-magnetique-en-cuivre-antique\/","url_meta":{"origin":1471,"position":0},"title":"Bracelet magn\u00e9tique en cuivre antique","author":"Centre Ganesha","date":"25 d\u00e9cembre 2017","format":false,"excerpt":"Ce bracelet magn\u00e9tique en cuivre antique allie raffinement\u00a0et source d\u2019\u00e9quilibre. Les 6 aimants int\u00e9gr\u00e9s \"1400 gauss\"\u00a0sont de la nouvelle g\u00e9n\u00e9ration d\u2019aimants permanents (terres rares, non d\u00e9saimantable)","rel":"","context":"Article similaire","block_context":{"text":"Article similaire","link":""},"img":{"alt_text":"","src":"https:\/\/i0.wp.com\/ganeshadreamstore.centreganesha.com\/store\/wp-content\/uploads\/2017\/12\/bracelet-magnetique-channah3.jpg?fit=794%2C700&ssl=1&resize=350%2C200","width":350,"height":200,"srcset":"https:\/\/i0.wp.com\/ganeshadreamstore.centreganesha.com\/store\/wp-content\/uploads\/2017\/12\/bracelet-magnetique-channah3.jpg?fit=794%2C700&ssl=1&resize=350%2C200 1x, https:\/\/i0.wp.com\/ganeshadreamstore.centreganesha.com\/store\/wp-content\/uploads\/2017\/12\/bracelet-magnetique-channah3.jpg?fit=794%2C700&ssl=1&resize=525%2C300 1.5x, https:\/\/i0.wp.com\/ganeshadreamstore.centreganesha.com\/store\/wp-content\/uploads\/2017\/12\/bracelet-magnetique-channah3.jpg?fit=794%2C700&ssl=1&resize=700%2C400 2x"},"classes":[]},{"id":246,"url":"https:\/\/ganeshadreamstore.centreganesha.com\/store\/produit\/bracelet-magnetique-aux-pierres-roses-pour-femme\/","url_meta":{"origin":1471,"position":1},"title":"Bracelet magnetique aux pierres roses pour femme","author":"Centre Ganesha","date":"25 d\u00e9cembre 2017","format":false,"excerpt":"Ce magnifique\u00a0bracelet magn\u00e9tique femme\u00a0de magn\u00e9toth\u00e9rapie \u00a0se coordonne avec toutes vos tenues ! Un beau bracelet de m\u00e9decine naturelle aux\u00a0pierres mauves\u00a0en zirconium. Chaque maillon pr\u00e9sente en contact avec la peau, des aimants de samarium d\u00e9livrent 1200 Gauss sur votre corps pour votre bien \u00eatre. \u00a0","rel":"","context":"Article similaire","block_context":{"text":"Article similaire","link":""},"img":{"alt_text":"","src":"https:\/\/i0.wp.com\/ganeshadreamstore.centreganesha.com\/store\/wp-content\/uploads\/2017\/12\/bracelet-magn%C3%A9tique-femme-rose4.jpg?fit=772%2C621&ssl=1&resize=350%2C200","width":350,"height":200,"srcset":"https:\/\/i0.wp.com\/ganeshadreamstore.centreganesha.com\/store\/wp-content\/uploads\/2017\/12\/bracelet-magn%C3%A9tique-femme-rose4.jpg?fit=772%2C621&ssl=1&resize=350%2C200 1x, https:\/\/i0.wp.com\/ganeshadreamstore.centreganesha.com\/store\/wp-content\/uploads\/2017\/12\/bracelet-magn%C3%A9tique-femme-rose4.jpg?fit=772%2C621&ssl=1&resize=525%2C300 1.5x, https:\/\/i0.wp.com\/ganeshadreamstore.centreganesha.com\/store\/wp-content\/uploads\/2017\/12\/bracelet-magn%C3%A9tique-femme-rose4.jpg?fit=772%2C621&ssl=1&resize=700%2C400 2x"},"classes":[]},{"id":270,"url":"https:\/\/ganeshadreamstore.centreganesha.com\/store\/produit\/bracelet-magnetique-pour-femme\/","url_meta":{"origin":1471,"position":2},"title":"Bracelet magn\u00e9tique pour femme","author":"Centre Ganesha","date":"25 d\u00e9cembre 2017","format":false,"excerpt":"Ce magnifique\u00a0bracelet magn\u00e9tique femme\u00a0de magn\u00e9toth\u00e9rapie \u00a0se coordonne avec toutes vos tenues! Un beau bracelet de m\u00e9decine naturelle. Chaque maillon pr\u00e9sente en contact avec la peau, des aimants de samarium d\u00e9livrent 1200 Gauss sur votre corps pour votre bien \u00eatre. Les bracelets magn\u00e9tiques ont trois actions essentielles : - Ils vous\u2026","rel":"","context":"Article similaire","block_context":{"text":"Article similaire","link":""},"img":{"alt_text":"","src":"https:\/\/i0.wp.com\/ganeshadreamstore.centreganesha.com\/store\/wp-content\/uploads\/2017\/12\/bracelet-magn%C3%A9tique.jpg?fit=1000%2C1000&ssl=1&resize=350%2C200","width":350,"height":200,"srcset":"https:\/\/i0.wp.com\/ganeshadreamstore.centreganesha.com\/store\/wp-content\/uploads\/2017\/12\/bracelet-magn%C3%A9tique.jpg?fit=1000%2C1000&ssl=1&resize=350%2C200 1x, https:\/\/i0.wp.com\/ganeshadreamstore.centreganesha.com\/store\/wp-content\/uploads\/2017\/12\/bracelet-magn%C3%A9tique.jpg?fit=1000%2C1000&ssl=1&resize=525%2C300 1.5x, https:\/\/i0.wp.com\/ganeshadreamstore.centreganesha.com\/store\/wp-content\/uploads\/2017\/12\/bracelet-magn%C3%A9tique.jpg?fit=1000%2C1000&ssl=1&resize=700%2C400 2x"},"classes":[]},{"id":260,"url":"https:\/\/ganeshadreamstore.centreganesha.com\/store\/produit\/bracelet-magnetique-en-titane-noir-homme\/","url_meta":{"origin":1471,"position":3},"title":"Bracelet magnetique en titane noir homme","author":"Centre Ganesha","date":"25 d\u00e9cembre 2017","format":false,"excerpt":"Affirmez votre \u00e9l\u00e9gance masculine avec ce\u00a0bracelet magn\u00e9tique en titane\u00a0noir ! Vous appr\u00e9cierez sa robustesse, sa l\u00e9g\u00e8ret\u00e9 et sa classe. Les bracelets magn\u00e9tiques ont trois actions essentielles : - Ils vous apportent un\u00a0bien-\u00eatre g\u00e9n\u00e9ral\u00a0et un\u00a0calme int\u00e9rieur, apaisant votre stress - Ils r\u00e9gularisent votre terrain et vous\u00a0donnent une \u00e9nergie positive - Ils\u2026","rel":"","context":"Article similaire","block_context":{"text":"Article similaire","link":""},"img":{"alt_text":"","src":"https:\/\/i0.wp.com\/ganeshadreamstore.centreganesha.com\/store\/wp-content\/uploads\/2017\/12\/bracelet-magn%C3%A9tique-homme.jpg?fit=1000%2C1000&ssl=1&resize=350%2C200","width":350,"height":200,"srcset":"https:\/\/i0.wp.com\/ganeshadreamstore.centreganesha.com\/store\/wp-content\/uploads\/2017\/12\/bracelet-magn%C3%A9tique-homme.jpg?fit=1000%2C1000&ssl=1&resize=350%2C200 1x, https:\/\/i0.wp.com\/ganeshadreamstore.centreganesha.com\/store\/wp-content\/uploads\/2017\/12\/bracelet-magn%C3%A9tique-homme.jpg?fit=1000%2C1000&ssl=1&resize=525%2C300 1.5x, https:\/\/i0.wp.com\/ganeshadreamstore.centreganesha.com\/store\/wp-content\/uploads\/2017\/12\/bracelet-magn%C3%A9tique-homme.jpg?fit=1000%2C1000&ssl=1&resize=700%2C400 2x"},"classes":[]}],"_links":{"self":[{"href":"https:\/\/ganeshadreamstore.centreganesha.com\/store\/wp-json\/wp\/v2\/product\/1471","targetHints":{"allow":["GET"]}}],"collection":[{"href":"https:\/\/ganeshadreamstore.centreganesha.com\/store\/wp-json\/wp\/v2\/product"}],"about":[{"href":"https:\/\/ganeshadreamstore.centreganesha.com\/store\/wp-json\/wp\/v2\/types\/product"}],"wp:featuredmedia":[{"embeddable":true,"href":"https:\/\/ganeshadreamstore.centreganesha.com\/store\/wp-json\/wp\/v2\/media\/1473"}],"wp:attachment":[{"href":"https:\/\/ganeshadreamstore.centreganesha.com\/store\/wp-json\/wp\/v2\/media?parent=1471"}],"wp:term":[{"taxonomy":"product_brand","embeddable":true,"href":"https:\/\/ganeshadreamstore.centreganesha.com\/store\/wp-json\/wp\/v2\/product_brand?post=1471"},{"taxonomy":"product_cat","embeddable":true,"href":"https:\/\/ganeshadreamstore.centreganesha.com\/store\/wp-json\/wp\/v2\/product_cat?post=1471"},{"taxonomy":"product_tag","embeddable":true,"href":"https:\/\/ganeshadreamstore.centreganesha.com\/store\/wp-json\/wp\/v2\/product_tag?post=1471"}],"curies":[{"name":"wp","href":"https:\/\/api.w.org\/{rel}","templated":true}]}}