{"id":1431,"date":"2022-01-20T17:50:49","date_gmt":"2022-01-20T16:50:49","guid":{"rendered":"https:\/\/www.ganeshadreamstore.centreganesha.com\/store\/?post_type=product&#038;p=1431"},"modified":"2025-11-28T09:38:42","modified_gmt":"2025-11-28T08:38:42","slug":"collier-de-protection-reiki-shokure-en-orgonite","status":"publish","type":"product","link":"https:\/\/ganeshadreamstore.centreganesha.com\/store\/produit\/collier-de-protection-reiki-shokure-en-orgonite\/","title":{"rendered":"Collier de protection Reiki ShoKuR\u00e9 en orgonite"},"content":{"rendered":"<h3 class=\"p1\">COMME VOUS LE SAVEZ, LA 5G PEUT AFFECTER LA STRUCTURE DE L\u2019ADN.<\/h3>\n<h4 class=\"p1\">IMPRESSIONNANT, N\u2019EST-CE PAS ?<\/h4>\n<p class=\"p1\">Le nouveau collier de protection EMF \u00e9met de puissantes vibrations de l\u2019orgone qui bloquent la pollution \u00e9lectromagn\u00e9tique des tours t\u00e9l\u00e9phoniques, smartphones, WiFi, 4G et bient\u00f4t 5G\u2026.<\/p>\n<p class=\"p1\">Invisible, inodore et intangible, c\u2019est ce qui rend cet ennemi encore plus dangereux. De nombreuses \u00e9tudes l\u2019ont confirm\u00e9, la pollution \u00e9lectromagn\u00e9tique a des effets catastrophiques sur l\u2019organisme allant des troubles de l\u2019attention, des troubles du sommeil aux pertes de m\u00e9moire, au cancer dans certains cas\u2026.<\/p>\n<p>&nbsp;<\/p>\n<div>\n<div class=\"_1t_p clearfix\">\n<div class=\"_41ud\">\n<div class=\"clearfix _o46 _3erg _29_7 direction_ltr text_align_ltr\">\n<div id=\"js_kp\" class=\"_3058 _ui9 _hh7 _6ybn _s1- _52mr _3oh-\" data-tooltip-content=\"9:49 AM\" data-hover=\"tooltip\" data-tooltip-position=\"left\">\n<div>\n<div class=\"_1t_p clearfix\">\n<div class=\"_41ud\">\n<div class=\"clearfix _o46 _3erg _29_7 direction_ltr text_align_ltr\">\n<div id=\"js_kp\" class=\"_3058 _ui9 _hh7 _6ybn _s1- _52mr _3oh-\" data-tooltip-content=\"9:49 AM\" data-hover=\"tooltip\" data-tooltip-position=\"left\">\n<p class=\"p1\">L\u2019orgonite est une solution efficace et naturelle pour se prot\u00e9ger contre l\u2019une des plus grandes pollutions du 21\u00e8me si\u00e8cle\u2026.<\/p>\n<p class=\"p1\">B\u00e9n\u00e9fices direct :<\/p>\n<\/div>\n<\/div>\n<\/div>\n<\/div>\n<\/div>\n<\/div>\n<\/div>\n<\/div>\n<\/div>\n<\/div>\n<div>\n<ul>\n<li>Am\u00e9liorer la qualit\u00e9 du sommeil<\/li>\n<li>Meilleure concentration<\/li>\n<li>Meilleure compr\u00e9hension de l\u2019\u00e9tat \u00e9motionnel<\/li>\n<li>Am\u00e9liorer la compassion et l\u2019interaction<\/li>\n<\/ul>\n<\/div>\n","protected":false},"excerpt":{"rendered":"<h1 class=\"product-title-text\" data-spm-anchor-id=\"a2g0o.detail.1000016.i3.1b742355UcfvKy\">Collier de protection Reiki ShoKuR\u00e9 en orgonite avec son cordonnet r\u00e9glable.<\/h1>\n","protected":false},"featured_media":1433,"template":"","meta":{"jetpack_post_was_ever_published":false,"jetpack_publicize_message":"","jetpack_publicize_feature_enabled":true,"jetpack_social_post_already_shared":true,"jetpack_social_options":{"image_generator_settings":{"template":"highway","default_image_id":0,"font":"","enabled":false},"version":2}},"product_brand":[],"product_cat":[18],"product_tag":[92,137,216,292,293],"class_list":{"0":"post-1431","1":"product","2":"type-product","3":"status-publish","4":"has-post-thumbnail","6":"product_cat-bijoux","7":"product_tag-collier","8":"product_tag-orgonite","9":"product_tag-protection","10":"product_tag-reiki","11":"product_tag-shokure","13":"first","14":"instock","15":"sale","16":"shipping-taxable","17":"purchasable","18":"product-type-simple"},"jetpack_publicize_connections":[],"jetpack_sharing_enabled":true,"jetpack_likes_enabled":true,"jetpack-related-posts":[{"id":916,"url":"https:\/\/ganeshadreamstore.centreganesha.com\/store\/produit\/collier-de-protection-reiki-en-orgonite-et-son-primordial-om\/","url_meta":{"origin":1431,"position":0},"title":"Collier de protection Reiki en orgonite et Son primordial OM","author":"Centre Ganesha","date":"15 d\u00e9cembre 2019","format":false,"excerpt":"COMME VOUS LE SAVEZ, LA 5G PEUT AFFECTER LA STRUCTURE DE L'ADN. IMPRESSIONNANT, N'EST-CE PAS ? Le nouveau collier de protection EMF \u00e9met de puissantes vibrations de l'orgone qui bloquent la pollution \u00e9lectromagn\u00e9tique des tours t\u00e9l\u00e9phoniques, smartphones, WiFi, 4G et bient\u00f4t 5G.... Invisible, inodore et intangible, c'est ce qui rend\u2026","rel":"","context":"Article similaire","block_context":{"text":"Article similaire","link":""},"img":{"alt_text":"","src":"https:\/\/i0.wp.com\/ganeshadreamstore.centreganesha.com\/store\/wp-content\/uploads\/2019\/12\/collier-reiki-orgonite.jpg?fit=445%2C448&ssl=1&resize=350%2C200","width":350,"height":200},"classes":[]},{"id":911,"url":"https:\/\/ganeshadreamstore.centreganesha.com\/store\/produit\/collier-de-protection-avec-pierres-et-orgonite-incluses-sous-resine-12-pans\/","url_meta":{"origin":1431,"position":1},"title":"Collier de protection avec pierres et orgonite incluses sous r\u00e9sine 12 pans","author":"Centre Ganesha","date":"15 d\u00e9cembre 2019","format":false,"excerpt":"COMME VOUS LE SAVEZ, LA 5G PEUT AFFECTER LA STRUCTURE DE L'ADN. IMPRESSIONNANT, N'EST-CE PAS ? Le nouveau collier de protection EMF \u00e9met de puissantes vibrations de l'orgone qui bloquent la pollution \u00e9lectromagn\u00e9tique des tours t\u00e9l\u00e9phoniques, smartphones, WiFi, 4G et bient\u00f4t 5G.... Invisible, inodore et intangible, c'est ce qui rend\u2026","rel":"","context":"Article similaire","block_context":{"text":"Article similaire","link":""},"img":{"alt_text":"","src":"https:\/\/i0.wp.com\/ganeshadreamstore.centreganesha.com\/store\/wp-content\/uploads\/2019\/12\/collier-pendentif-orgonite2.jpg?fit=438%2C444&ssl=1&resize=350%2C200","width":350,"height":200},"classes":[]},{"id":907,"url":"https:\/\/ganeshadreamstore.centreganesha.com\/store\/produit\/collier-7-chakras-en-orgonite\/","url_meta":{"origin":1431,"position":2},"title":"COLLIER 7 CHAKRAS EN ORGONITE","author":"Centre Ganesha","date":"15 d\u00e9cembre 2019","format":false,"excerpt":"COMME VOUS LE SAVEZ, LA 5G PEUT AFFECTER LA STRUCTURE DE L'ADN. IMPRESSIONNANT, N'EST-CE PAS ? Le nouveau collier de protection EMF \u00e9met de puissantes vibrations de l'orgone qui bloquent la pollution \u00e9lectromagn\u00e9tique des tours t\u00e9l\u00e9phoniques, smartphones, WiFi, 4G et bient\u00f4t 5G.... Invisible, inodore et intangible, c'est ce qui rend\u2026","rel":"","context":"Article similaire","block_context":{"text":"Article similaire","link":""},"img":{"alt_text":"","src":"https:\/\/i0.wp.com\/ganeshadreamstore.centreganesha.com\/store\/wp-content\/uploads\/2019\/12\/collier-7-chakras-orgonite2.jpg?fit=506%2C472&ssl=1&resize=350%2C200","width":350,"height":200},"classes":[]},{"id":1132,"url":"https:\/\/ganeshadreamstore.centreganesha.com\/store\/produit\/pyramide-en-orgonite\/","url_meta":{"origin":1431,"position":3},"title":"Pyramide en orgonite","author":"Centre Ganesha","date":"8 mai 2021","format":false,"excerpt":"2 mod\u00e8les : Pyramide\u00a0 arbre de vie, Pyramide OM 50mm, p\u00e9ridot et Malachite","rel":"","context":"Article similaire","block_context":{"text":"Article similaire","link":""},"img":{"alt_text":"","src":"https:\/\/i0.wp.com\/ganeshadreamstore.centreganesha.com\/store\/wp-content\/uploads\/2021\/05\/pyramide-orgonite5.jpg?fit=409%2C407&ssl=1&resize=350%2C200","width":350,"height":200},"classes":[]},{"id":390,"url":"https:\/\/ganeshadreamstore.centreganesha.com\/store\/produit\/collier-elephant-et-son-bebe-en-obsidienne\/","url_meta":{"origin":1431,"position":4},"title":"Collier Elephant et son bebe en obsidienne","author":"Centre Ganesha","date":"25 d\u00e9cembre 2017","format":false,"excerpt":"Ce collier de\u00a0m\u00e8re \u00e9l\u00e9phant avec son b\u00e9b\u00e9 en obsidienne noire\u00a0est \u00e0 porter pour la protection. Dans de nombreuses cultures,\u00a0l'\u00e9l\u00e9phant\u00a0est un symbole de force,\u00a0d'inspiration constante, d'honneur, de stabilit\u00e9 et de patience. Dans le bouddhisme,\u00a0l'\u00e9l\u00e9phant\u00a0est v\u00e9n\u00e9r\u00e9 pour ces qualit\u00e9s, et il est souvent repr\u00e9sent\u00e9 avec ou comme Bouddha lorsqu'il atteint l'illumination. Dans\u2026","rel":"","context":"Article similaire","block_context":{"text":"Article similaire","link":""},"img":{"alt_text":"","src":"https:\/\/i0.wp.com\/ganeshadreamstore.centreganesha.com\/store\/wp-content\/uploads\/2017\/12\/collier-elephant-et-bebe2.jpg?fit=620%2C588&ssl=1&resize=350%2C200","width":350,"height":200,"srcset":"https:\/\/i0.wp.com\/ganeshadreamstore.centreganesha.com\/store\/wp-content\/uploads\/2017\/12\/collier-elephant-et-bebe2.jpg?fit=620%2C588&ssl=1&resize=350%2C200 1x, https:\/\/i0.wp.com\/ganeshadreamstore.centreganesha.com\/store\/wp-content\/uploads\/2017\/12\/collier-elephant-et-bebe2.jpg?fit=620%2C588&ssl=1&resize=525%2C300 1.5x"},"classes":[]},{"id":830,"url":"https:\/\/ganeshadreamstore.centreganesha.com\/store\/produit\/medaillon-du-sri-yantra\/","url_meta":{"origin":1431,"position":5},"title":"M\u00e9daillon du Sri Yantra","author":"Centre Ganesha","date":"17 janvier 2018","format":false,"excerpt":"Le Shri Yantra est l'un des Yantras les plus puissants au monde symbolisant la cr\u00e9ation de l'Univers. Am\u00e9liorez votre prosp\u00e9rit\u00e9\u00a0avec la puissance de la g\u00e9om\u00e9trie sacr\u00e9e. Pendentif en Orgonite pour hommes et femmes, collier \u00e0 g\u00e9om\u00e9trie sacr\u00e9e, 7 chakras en cristal, \u0153il de tigre.","rel":"","context":"Article similaire","block_context":{"text":"Article similaire","link":""},"img":{"alt_text":"","src":"https:\/\/i0.wp.com\/ganeshadreamstore.centreganesha.com\/store\/wp-content\/uploads\/2018\/01\/medaille-sri-yantra.jpg?fit=744%2C657&ssl=1&resize=350%2C200","width":350,"height":200,"srcset":"https:\/\/i0.wp.com\/ganeshadreamstore.centreganesha.com\/store\/wp-content\/uploads\/2018\/01\/medaille-sri-yantra.jpg?fit=744%2C657&ssl=1&resize=350%2C200 1x, https:\/\/i0.wp.com\/ganeshadreamstore.centreganesha.com\/store\/wp-content\/uploads\/2018\/01\/medaille-sri-yantra.jpg?fit=744%2C657&ssl=1&resize=525%2C300 1.5x, https:\/\/i0.wp.com\/ganeshadreamstore.centreganesha.com\/store\/wp-content\/uploads\/2018\/01\/medaille-sri-yantra.jpg?fit=744%2C657&ssl=1&resize=700%2C400 2x"},"classes":[]}],"_links":{"self":[{"href":"https:\/\/ganeshadreamstore.centreganesha.com\/store\/wp-json\/wp\/v2\/product\/1431","targetHints":{"allow":["GET"]}}],"collection":[{"href":"https:\/\/ganeshadreamstore.centreganesha.com\/store\/wp-json\/wp\/v2\/product"}],"about":[{"href":"https:\/\/ganeshadreamstore.centreganesha.com\/store\/wp-json\/wp\/v2\/types\/product"}],"wp:featuredmedia":[{"embeddable":true,"href":"https:\/\/ganeshadreamstore.centreganesha.com\/store\/wp-json\/wp\/v2\/media\/1433"}],"wp:attachment":[{"href":"https:\/\/ganeshadreamstore.centreganesha.com\/store\/wp-json\/wp\/v2\/media?parent=1431"}],"wp:term":[{"taxonomy":"product_brand","embeddable":true,"href":"https:\/\/ganeshadreamstore.centreganesha.com\/store\/wp-json\/wp\/v2\/product_brand?post=1431"},{"taxonomy":"product_cat","embeddable":true,"href":"https:\/\/ganeshadreamstore.centreganesha.com\/store\/wp-json\/wp\/v2\/product_cat?post=1431"},{"taxonomy":"product_tag","embeddable":true,"href":"https:\/\/ganeshadreamstore.centreganesha.com\/store\/wp-json\/wp\/v2\/product_tag?post=1431"}],"curies":[{"name":"wp","href":"https:\/\/api.w.org\/{rel}","templated":true}]}}